{"id":18365,"date":"2019-08-27T23:12:14","date_gmt":"2019-08-27T23:12:14","guid":{"rendered":"http:\/\/www.editionhotels.com\/weho\/meeting\/"},"modified":"2020-02-27T13:02:49","modified_gmt":"2020-02-27T13:02:49","slug":"meeting","status":"publish","type":"page","link":"https:\/\/www.editionhotels.com\/es\/weho\/meeting\/","title":{"rendered":"Meeting"},"content":{"rendered":"<p>El sal\u00f3n para eventos especiales de 6500 pies cuadrados (604 m2) del hotel The West Hollywood EDITION es un lugar ideal para reuniones, eventos y conferencias. Una serie de salas de reuniones flexibles puede albergar tanto una conferencia tradicional como reuniones de negocios m\u00e1s \u00edntimas. Las distintas salas de reuniones pueden combinarse para crear un sal\u00f3n m\u00e1s grande y formal.<\/p>\n<p>&nbsp;<\/p>\n<p><a href=\"https:\/\/www.editionhotels.com\/wp-content\/uploads\/2019\/08\/Floorplan-Brochure1.pdf\">Ver gr\u00e1fico de capacidad aqu\u00ed<\/a><\/p>\n","protected":false},"excerpt":{"rendered":"<p>El sal\u00f3n para eventos especiales de 6500 pies cuadrados (604 m2) del hotel The West Hollywood EDITION es un lugar ideal para reuniones, eventos y conferencias. Una serie de salas [&hellip;]<\/p>\n","protected":false},"author":21,"featured_media":17013,"parent":5232,"menu_order":169,"comment_status":"closed","ping_status":"closed","template":"","meta":{"_acf_changed":false,"footnotes":""},"class_list":["post-18365","page","type-page","status-publish","has-post-thumbnail","hentry"],"acf":[],"yoast_head":"<!-- This site is optimized with the Yoast SEO plugin v27.0 - https:\/\/yoast.com\/product\/yoast-seo-wordpress\/ -->\n<title>Meeting | EDITION Hotels<\/title>\n<meta name=\"robots\" content=\"index, follow, max-snippet:-1, max-image-preview:large, max-video-preview:-1\" \/>\n<link rel=\"canonical\" href=\"https:\/\/www.editionhotels.com\/es\/weho\/meeting\/\" \/>\n<meta property=\"og:locale\" content=\"es_ES\" \/>\n<meta property=\"og:type\" content=\"article\" \/>\n<meta property=\"og:title\" content=\"Meeting | EDITION Hotels\" \/>\n<meta property=\"og:description\" content=\"El sal\u00f3n para eventos especiales de 6500 pies cuadrados (604 m2) del hotel The West Hollywood EDITION es un lugar ideal para reuniones, eventos y conferencias. Una serie de salas [&hellip;]\" \/>\n<meta property=\"og:url\" content=\"https:\/\/www.editionhotels.com\/es\/weho\/meeting\/\" \/>\n<meta property=\"og:site_name\" content=\"EDITION Hotels\" \/>\n<meta property=\"article:publisher\" content=\"https:\/\/www.facebook.com\/EDITIONHotels\" \/>\n<meta property=\"article:modified_time\" content=\"2020-02-27T13:02:49+00:00\" \/>\n<meta property=\"og:image\" content=\"https:\/\/www.editionhotels.com\/wp-content\/uploads\/2020\/01\/SOCIAL-SPACE.jpg\" \/>\n\t<meta property=\"og:image:width\" content=\"1867\" \/>\n\t<meta property=\"og:image:height\" content=\"1400\" \/>\n\t<meta property=\"og:image:type\" content=\"image\/jpeg\" \/>\n<meta name=\"twitter:card\" content=\"summary_large_image\" \/>\n<script type=\"application\/ld+json\" class=\"yoast-schema-graph\">{\"@context\":\"https:\/\/schema.org\",\"@graph\":[{\"@type\":\"WebPage\",\"@id\":\"https:\/\/www.editionhotels.com\/es\/weho\/meeting\/\",\"url\":\"https:\/\/www.editionhotels.com\/es\/weho\/meeting\/\",\"name\":\"Meeting | EDITION Hotels\",\"isPartOf\":{\"@id\":\"https:\/\/www.editionhotels.com\/#website\"},\"primaryImageOfPage\":{\"@id\":\"https:\/\/www.editionhotels.com\/es\/weho\/meeting\/#primaryimage\"},\"image\":{\"@id\":\"https:\/\/www.editionhotels.com\/es\/weho\/meeting\/#primaryimage\"},\"thumbnailUrl\":\"https:\/\/www.editionhotels.com\/wp-content\/uploads\/2020\/01\/SOCIAL-SPACE.jpg\",\"datePublished\":\"2019-08-27T23:12:14+00:00\",\"dateModified\":\"2020-02-27T13:02:49+00:00\",\"breadcrumb\":{\"@id\":\"https:\/\/www.editionhotels.com\/es\/weho\/meeting\/#breadcrumb\"},\"inLanguage\":\"es-ee\",\"potentialAction\":[{\"@type\":\"ReadAction\",\"target\":[\"https:\/\/www.editionhotels.com\/es\/weho\/meeting\/\"]}]},{\"@type\":\"ImageObject\",\"inLanguage\":\"es-ee\",\"@id\":\"https:\/\/www.editionhotels.com\/es\/weho\/meeting\/#primaryimage\",\"url\":\"https:\/\/www.editionhotels.com\/wp-content\/uploads\/2020\/01\/SOCIAL-SPACE.jpg\",\"contentUrl\":\"https:\/\/www.editionhotels.com\/wp-content\/uploads\/2020\/01\/SOCIAL-SPACE.jpg\",\"width\":1867,\"height\":1400},{\"@type\":\"BreadcrumbList\",\"@id\":\"https:\/\/www.editionhotels.com\/es\/weho\/meeting\/#breadcrumb\",\"itemListElement\":[{\"@type\":\"ListItem\",\"position\":1,\"name\":\"Home\",\"item\":\"https:\/\/www.editionhotels.com\/\"},{\"@type\":\"ListItem\",\"position\":2,\"name\":\"West Hollywood\",\"item\":\"https:\/\/www.editionhotels.com\/es\/weho\/\"},{\"@type\":\"ListItem\",\"position\":3,\"name\":\"Meeting\"}]},{\"@type\":\"WebSite\",\"@id\":\"https:\/\/www.editionhotels.com\/#website\",\"url\":\"https:\/\/www.editionhotels.com\/\",\"name\":\"EDITION Hotels\",\"description\":\"A Unique Collection of Luxury Boutique Hotels\",\"publisher\":{\"@id\":\"https:\/\/www.editionhotels.com\/#organization\"},\"potentialAction\":[{\"@type\":\"SearchAction\",\"target\":{\"@type\":\"EntryPoint\",\"urlTemplate\":\"https:\/\/www.editionhotels.com\/?s={search_term_string}\"},\"query-input\":{\"@type\":\"PropertyValueSpecification\",\"valueRequired\":true,\"valueName\":\"search_term_string\"}}],\"inLanguage\":\"es-ee\"},{\"@type\":\"Organization\",\"@id\":\"https:\/\/www.editionhotels.com\/#organization\",\"name\":\"EDITION Hotels\",\"url\":\"https:\/\/www.editionhotels.com\/\",\"logo\":{\"@type\":\"ImageObject\",\"inLanguage\":\"es-ee\",\"@id\":\"https:\/\/www.editionhotels.com\/#\/schema\/logo\/image\/\",\"url\":\"https:\/\/www.editionhotels.com\/wp-content\/uploads\/2016\/09\/edition-text-logo-black.png\",\"contentUrl\":\"https:\/\/www.editionhotels.com\/wp-content\/uploads\/2016\/09\/edition-text-logo-black.png\",\"width\":1000,\"height\":185,\"caption\":\"EDITION Hotels\"},\"image\":{\"@id\":\"https:\/\/www.editionhotels.com\/#\/schema\/logo\/image\/\"},\"sameAs\":[\"https:\/\/www.facebook.com\/EDITIONHotels\"],\"description\":\"An unexpected and refreshing collection of individualized, customized, one-of-kind hotels that redefines the codes of traditional luxury.\",\"parentOrganization\":{\"@type\":\"Organization\",\"name\":\"Marriott International\",\"url\":\"https:\/\/www.marriott.com\/default.mi\"}}]}<\/script>\n<!-- \/ Yoast SEO plugin. -->","yoast_head_json":{"title":"Meeting | EDITION Hotels","robots":{"index":"index","follow":"follow","max-snippet":"max-snippet:-1","max-image-preview":"max-image-preview:large","max-video-preview":"max-video-preview:-1"},"canonical":"https:\/\/www.editionhotels.com\/es\/weho\/meeting\/","og_locale":"es_ES","og_type":"article","og_title":"Meeting | EDITION Hotels","og_description":"El sal\u00f3n para eventos especiales de 6500 pies cuadrados (604 m2) del hotel The West Hollywood EDITION es un lugar ideal para reuniones, eventos y conferencias. Una serie de salas [&hellip;]","og_url":"https:\/\/www.editionhotels.com\/es\/weho\/meeting\/","og_site_name":"EDITION Hotels","article_publisher":"https:\/\/www.facebook.com\/EDITIONHotels","article_modified_time":"2020-02-27T13:02:49+00:00","og_image":[{"width":1867,"height":1400,"url":"https:\/\/www.editionhotels.com\/wp-content\/uploads\/2020\/01\/SOCIAL-SPACE.jpg","type":"image\/jpeg"}],"twitter_card":"summary_large_image","schema":{"@context":"https:\/\/schema.org","@graph":[{"@type":"WebPage","@id":"https:\/\/www.editionhotels.com\/es\/weho\/meeting\/","url":"https:\/\/www.editionhotels.com\/es\/weho\/meeting\/","name":"Meeting | EDITION Hotels","isPartOf":{"@id":"https:\/\/www.editionhotels.com\/#website"},"primaryImageOfPage":{"@id":"https:\/\/www.editionhotels.com\/es\/weho\/meeting\/#primaryimage"},"image":{"@id":"https:\/\/www.editionhotels.com\/es\/weho\/meeting\/#primaryimage"},"thumbnailUrl":"https:\/\/www.editionhotels.com\/wp-content\/uploads\/2020\/01\/SOCIAL-SPACE.jpg","datePublished":"2019-08-27T23:12:14+00:00","dateModified":"2020-02-27T13:02:49+00:00","breadcrumb":{"@id":"https:\/\/www.editionhotels.com\/es\/weho\/meeting\/#breadcrumb"},"inLanguage":"es-ee","potentialAction":[{"@type":"ReadAction","target":["https:\/\/www.editionhotels.com\/es\/weho\/meeting\/"]}]},{"@type":"ImageObject","inLanguage":"es-ee","@id":"https:\/\/www.editionhotels.com\/es\/weho\/meeting\/#primaryimage","url":"https:\/\/www.editionhotels.com\/wp-content\/uploads\/2020\/01\/SOCIAL-SPACE.jpg","contentUrl":"https:\/\/www.editionhotels.com\/wp-content\/uploads\/2020\/01\/SOCIAL-SPACE.jpg","width":1867,"height":1400},{"@type":"BreadcrumbList","@id":"https:\/\/www.editionhotels.com\/es\/weho\/meeting\/#breadcrumb","itemListElement":[{"@type":"ListItem","position":1,"name":"Home","item":"https:\/\/www.editionhotels.com\/"},{"@type":"ListItem","position":2,"name":"West Hollywood","item":"https:\/\/www.editionhotels.com\/es\/weho\/"},{"@type":"ListItem","position":3,"name":"Meeting"}]},{"@type":"WebSite","@id":"https:\/\/www.editionhotels.com\/#website","url":"https:\/\/www.editionhotels.com\/","name":"EDITION Hotels","description":"A Unique Collection of Luxury Boutique Hotels","publisher":{"@id":"https:\/\/www.editionhotels.com\/#organization"},"potentialAction":[{"@type":"SearchAction","target":{"@type":"EntryPoint","urlTemplate":"https:\/\/www.editionhotels.com\/?s={search_term_string}"},"query-input":{"@type":"PropertyValueSpecification","valueRequired":true,"valueName":"search_term_string"}}],"inLanguage":"es-ee"},{"@type":"Organization","@id":"https:\/\/www.editionhotels.com\/#organization","name":"EDITION Hotels","url":"https:\/\/www.editionhotels.com\/","logo":{"@type":"ImageObject","inLanguage":"es-ee","@id":"https:\/\/www.editionhotels.com\/#\/schema\/logo\/image\/","url":"https:\/\/www.editionhotels.com\/wp-content\/uploads\/2016\/09\/edition-text-logo-black.png","contentUrl":"https:\/\/www.editionhotels.com\/wp-content\/uploads\/2016\/09\/edition-text-logo-black.png","width":1000,"height":185,"caption":"EDITION Hotels"},"image":{"@id":"https:\/\/www.editionhotels.com\/#\/schema\/logo\/image\/"},"sameAs":["https:\/\/www.facebook.com\/EDITIONHotels"],"description":"An unexpected and refreshing collection of individualized, customized, one-of-kind hotels that redefines the codes of traditional luxury.","parentOrganization":{"@type":"Organization","name":"Marriott International","url":"https:\/\/www.marriott.com\/default.mi"}}]}},"_links":{"self":[{"href":"https:\/\/www.editionhotels.com\/es\/wp-json\/wp\/v2\/pages\/18365","targetHints":{"allow":["GET"]}}],"collection":[{"href":"https:\/\/www.editionhotels.com\/es\/wp-json\/wp\/v2\/pages"}],"about":[{"href":"https:\/\/www.editionhotels.com\/es\/wp-json\/wp\/v2\/types\/page"}],"author":[{"embeddable":true,"href":"https:\/\/www.editionhotels.com\/es\/wp-json\/wp\/v2\/users\/21"}],"replies":[{"embeddable":true,"href":"https:\/\/www.editionhotels.com\/es\/wp-json\/wp\/v2\/comments?post=18365"}],"version-history":[{"count":0,"href":"https:\/\/www.editionhotels.com\/es\/wp-json\/wp\/v2\/pages\/18365\/revisions"}],"up":[{"embeddable":true,"href":"https:\/\/www.editionhotels.com\/es\/wp-json\/wp\/v2\/pages\/5232"}],"wp:featuredmedia":[{"embeddable":true,"href":"https:\/\/www.editionhotels.com\/es\/wp-json\/wp\/v2\/media\/17013"}],"wp:attachment":[{"href":"https:\/\/www.editionhotels.com\/es\/wp-json\/wp\/v2\/media?parent=18365"}],"curies":[{"name":"wp","href":"https:\/\/api.w.org\/{rel}","templated":true}]}}