{"id":18375,"date":"2019-01-25T20:59:58","date_gmt":"2019-01-25T20:59:58","guid":{"rendered":"http:\/\/www.editionhotels.com\/weho\/services-amenities\/"},"modified":"2024-06-04T21:18:37","modified_gmt":"2024-06-04T21:18:37","slug":"services-amenities-8","status":"publish","type":"page","link":"https:\/\/www.editionhotels.com\/es\/weho\/services-amenities-8\/","title":{"rendered":"Servicios y comodidades"},"content":{"rendered":"<div class=\"info-section\">\n<div class=\"contact\">\n<h3 class=\"navigation-text\">Para m\u00e1s informaci\u00f3n<\/h3>\n<div class=\"info-detail\">\n<p>Tel\u00e9fono +1 310 953 9.899 &#8211; Correo electr\u00f3nico: <a href=\"mailto:info.weho@editionhotels.com\">info.weho@editionhotels.com<\/a><\/p>\n<\/div>\n<\/div>\n<div class=\"share-link link\">Compartir<\/div>\n<\/div>\n<div class=\"services\">\n<div class=\"service-list\">\n<dl>\n<dt>Servicios para hu\u00e9spedes<\/dt>\n<dd>\n<ul>\n<li class=\"li1\">140 habitaciones y 48 suites \u00fanicas<\/li>\n<li class=\"li1\">2 penthouses<\/li>\n<li class=\"li1\">Restaurante exclusivo<\/li>\n<li class=\"li1\">Men\u00fas personalizados de banquetes para eventos privados, almuerzos, fiestas con cenas y reuniones de negocios<\/li>\n<li class=\"li1\">Servicio de limpieza de habitaci\u00f3n dos veces al d\u00eda<\/li>\n<li class=\"li1\">Servicio de Concierge<\/li>\n<li class=\"li1\">Uso gratis del gimnasio abierto las 24 horas<\/li>\n<li class=\"li1\">Servicios de spa de uso exclusivo para los hu\u00e9spedes del hotel<\/li>\n<li class=\"li1\">Piscina en la azotea<\/li>\n<li class=\"li1\">Acceso inal\u00e1mbrico a Internet de alta velocidad gratis en todo el hotel<\/li>\n<li class=\"li1\">Sala de juntas ejecutivas, sala de reuniones y espacio para eventos privados<\/li>\n<li class=\"li1\">Servicios audiovisuales de vanguardia disponibles para eventos privados<\/li>\n<li class=\"li1\">Personal multiling\u00fce<\/li>\n<li class=\"li1\">Personal para estacionar<\/li>\n<li class=\"li1\">Cajas de seguridad, ubicadas en recepci\u00f3n<\/li>\n<\/ul>\n<\/dd>\n<\/dl>\n<\/div>\n<div class=\"service-list\">\n<dl>\n<dt>Servicios ejecutivos<\/dt>\n<dd>\n<ul>\n<li>M\u00e1s de 605 m\u00b2 de espacio para eventos y reuniones<\/li>\n<li class=\"li1\">Espacios para eventos con sala de juntas ejecutiva, estudio con salas de reuniones, sal\u00f3n y teatro con sal\u00f3n<\/li>\n<li class=\"li1\">Pizarras digitales y rotafolios electr\u00f3nicos disponibles<\/li>\n<li class=\"li1\">Video conferencias<\/li>\n<li class=\"li1\">iPads, computadoras port\u00e1tiles, Polycom y pantallas LED disponibles<\/li>\n<li class=\"li1\">Servicios de autom\u00f3vil ejecutivo disponibles<\/li>\n<li class=\"li1\">Personal de secretar\u00eda multiling\u00fce disponible las 24 horas<\/li>\n<li class=\"li1\">Equipo audiovisual de vanguardia<\/li>\n<li class=\"li1\">Acceso inal\u00e1mbrico a Internet de alta velocidad gratis en todo el hotel<\/li>\n<\/ul>\n<\/dd>\n<\/dl>\n<\/div>\n<div class=\"service-list\">\n<dl>\n<dt>Gimnasio<\/dt>\n<dd>\n<ul>\n<li class=\"li1\">Gimnasio con equipo de vanguardia con m\u00e1quinas de entrenamiento cardiovascular y televisor con pantalla plana personal<\/li>\n<li class=\"li1\">Sesiones con entrenador personal disponibles por solicitud<\/li>\n<li class=\"li1\">Pesas<\/li>\n<li class=\"li1\">Zona de estiramientos<\/li>\n<li class=\"li1\">Toallas gratis<\/li>\n<li class=\"li1\">Auriculares y refrescos<\/li>\n<li class=\"li1\">Abierto las 24 horas del d\u00eda<\/li>\n<\/ul>\n<\/dd>\n<\/dl>\n<\/div>\n<div class=\"service-list\">\n<dl>\n<dt>Spa<\/dt>\n<dd>\n<ul>\n<li class=\"li1\">Varias salas de tratamiento y de vapor<\/li>\n<li class=\"li1\">Amplia colecci\u00f3n de productos de spa de lujo a la venta<\/li>\n<\/ul>\n<\/dd>\n<\/dl>\n<\/div>\n<div class=\"service-list\">\n<dl>\n<dt>Instalaciones para personas con necesidades especiales<\/dt>\n<dd>\n<ul>\n<li>Instalaciones para personas con necesidades especiales de movilidad disponibles en algunos tipos de habitaci\u00f3n<\/li>\n<li>Puede consultar informaci\u00f3n adicional sobre instalaciones para personas con necesidades especiales <a href=\"https:\/\/www.marriott.com\/hotels\/fact-sheet\/travel\/laxeb-the-west-hollywood-edition\/#accessibility\" target=\"blank\" rel=\"noopener noreferrer\">aqu\u00ed<\/a><\/li>\n<\/ul>\n<\/dd>\n<\/dl>\n<\/div>\n<\/div>\n","protected":false},"excerpt":{"rendered":"<p>Para m\u00e1s informaci\u00f3n Tel\u00e9fono +1 310 953 9.899 &#8211; Correo electr\u00f3nico: info.weho@editionhotels.com Compartir Servicios para hu\u00e9spedes 140 habitaciones y 48 suites \u00fanicas 2 penthouses Restaurante exclusivo Men\u00fas personalizados de banquetes [&hellip;]<\/p>\n","protected":false},"author":45,"featured_media":0,"parent":5232,"menu_order":183,"comment_status":"closed","ping_status":"closed","template":"templates\/page-services.php","meta":{"_acf_changed":false,"footnotes":""},"class_list":["post-18375","page","type-page","status-publish","hentry"],"acf":[],"yoast_head":"<!-- This site is optimized with the Yoast SEO plugin v27.0 - https:\/\/yoast.com\/product\/yoast-seo-wordpress\/ -->\n<title>Servicios y comodidades | The West Hollywood EDITION<\/title>\n<meta name=\"robots\" content=\"index, follow, max-snippet:-1, max-image-preview:large, max-video-preview:-1\" \/>\n<link rel=\"canonical\" href=\"https:\/\/www.editionhotels.com\/es\/weho\/services-amenities-8\/\" \/>\n<meta property=\"og:locale\" content=\"es_ES\" \/>\n<meta property=\"og:type\" content=\"article\" \/>\n<meta property=\"og:title\" content=\"Servicios y comodidades | The West Hollywood EDITION\" \/>\n<meta property=\"og:description\" content=\"Para m\u00e1s informaci\u00f3n Tel\u00e9fono +1 310 953 9.899 &#8211; Correo electr\u00f3nico: info.weho@editionhotels.com Compartir Servicios para hu\u00e9spedes 140 habitaciones y 48 suites \u00fanicas 2 penthouses Restaurante exclusivo Men\u00fas personalizados de banquetes [&hellip;]\" \/>\n<meta property=\"og:url\" content=\"https:\/\/www.editionhotels.com\/es\/weho\/services-amenities-8\/\" \/>\n<meta property=\"og:site_name\" content=\"EDITION Hotels\" \/>\n<meta property=\"article:publisher\" content=\"https:\/\/www.facebook.com\/EDITIONHotels\" \/>\n<meta property=\"article:modified_time\" content=\"2024-06-04T21:18:37+00:00\" \/>\n<meta name=\"twitter:card\" content=\"summary_large_image\" \/>\n<meta name=\"twitter:label1\" content=\"Est. reading time\" \/>\n\t<meta name=\"twitter:data1\" content=\"2 minutes\" \/>\n<script type=\"application\/ld+json\" class=\"yoast-schema-graph\">{\"@context\":\"https:\/\/schema.org\",\"@graph\":[{\"@type\":\"WebPage\",\"@id\":\"https:\/\/www.editionhotels.com\/es\/weho\/services-amenities-8\/\",\"url\":\"https:\/\/www.editionhotels.com\/es\/weho\/services-amenities-8\/\",\"name\":\"Servicios y comodidades | The West Hollywood EDITION\",\"isPartOf\":{\"@id\":\"https:\/\/www.editionhotels.com\/#website\"},\"datePublished\":\"2019-01-25T20:59:58+00:00\",\"dateModified\":\"2024-06-04T21:18:37+00:00\",\"breadcrumb\":{\"@id\":\"https:\/\/www.editionhotels.com\/es\/weho\/services-amenities-8\/#breadcrumb\"},\"inLanguage\":\"es-ee\",\"potentialAction\":[{\"@type\":\"ReadAction\",\"target\":[\"https:\/\/www.editionhotels.com\/es\/weho\/services-amenities-8\/\"]}]},{\"@type\":\"BreadcrumbList\",\"@id\":\"https:\/\/www.editionhotels.com\/es\/weho\/services-amenities-8\/#breadcrumb\",\"itemListElement\":[{\"@type\":\"ListItem\",\"position\":1,\"name\":\"Home\",\"item\":\"https:\/\/www.editionhotels.com\/\"},{\"@type\":\"ListItem\",\"position\":2,\"name\":\"West Hollywood\",\"item\":\"https:\/\/www.editionhotels.com\/es\/weho\/\"},{\"@type\":\"ListItem\",\"position\":3,\"name\":\"Servicios y comodidades\"}]},{\"@type\":\"WebSite\",\"@id\":\"https:\/\/www.editionhotels.com\/#website\",\"url\":\"https:\/\/www.editionhotels.com\/\",\"name\":\"EDITION Hotels\",\"description\":\"A Unique Collection of Luxury Boutique Hotels\",\"publisher\":{\"@id\":\"https:\/\/www.editionhotels.com\/#organization\"},\"potentialAction\":[{\"@type\":\"SearchAction\",\"target\":{\"@type\":\"EntryPoint\",\"urlTemplate\":\"https:\/\/www.editionhotels.com\/?s={search_term_string}\"},\"query-input\":{\"@type\":\"PropertyValueSpecification\",\"valueRequired\":true,\"valueName\":\"search_term_string\"}}],\"inLanguage\":\"es-ee\"},{\"@type\":\"Organization\",\"@id\":\"https:\/\/www.editionhotels.com\/#organization\",\"name\":\"EDITION Hotels\",\"url\":\"https:\/\/www.editionhotels.com\/\",\"logo\":{\"@type\":\"ImageObject\",\"inLanguage\":\"es-ee\",\"@id\":\"https:\/\/www.editionhotels.com\/#\/schema\/logo\/image\/\",\"url\":\"https:\/\/www.editionhotels.com\/wp-content\/uploads\/2016\/09\/edition-text-logo-black.png\",\"contentUrl\":\"https:\/\/www.editionhotels.com\/wp-content\/uploads\/2016\/09\/edition-text-logo-black.png\",\"width\":1000,\"height\":185,\"caption\":\"EDITION Hotels\"},\"image\":{\"@id\":\"https:\/\/www.editionhotels.com\/#\/schema\/logo\/image\/\"},\"sameAs\":[\"https:\/\/www.facebook.com\/EDITIONHotels\"],\"description\":\"An unexpected and refreshing collection of individualized, customized, one-of-kind hotels that redefines the codes of traditional luxury.\",\"parentOrganization\":{\"@type\":\"Organization\",\"name\":\"Marriott International\",\"url\":\"https:\/\/www.marriott.com\/default.mi\"}}]}<\/script>\n<!-- \/ Yoast SEO plugin. -->","yoast_head_json":{"title":"Servicios y comodidades | The West Hollywood EDITION","robots":{"index":"index","follow":"follow","max-snippet":"max-snippet:-1","max-image-preview":"max-image-preview:large","max-video-preview":"max-video-preview:-1"},"canonical":"https:\/\/www.editionhotels.com\/es\/weho\/services-amenities-8\/","og_locale":"es_ES","og_type":"article","og_title":"Servicios y comodidades | The West Hollywood EDITION","og_description":"Para m\u00e1s informaci\u00f3n Tel\u00e9fono +1 310 953 9.899 &#8211; Correo electr\u00f3nico: info.weho@editionhotels.com Compartir Servicios para hu\u00e9spedes 140 habitaciones y 48 suites \u00fanicas 2 penthouses Restaurante exclusivo Men\u00fas personalizados de banquetes [&hellip;]","og_url":"https:\/\/www.editionhotels.com\/es\/weho\/services-amenities-8\/","og_site_name":"EDITION Hotels","article_publisher":"https:\/\/www.facebook.com\/EDITIONHotels","article_modified_time":"2024-06-04T21:18:37+00:00","twitter_card":"summary_large_image","twitter_misc":{"Est. reading time":"2 minutes"},"schema":{"@context":"https:\/\/schema.org","@graph":[{"@type":"WebPage","@id":"https:\/\/www.editionhotels.com\/es\/weho\/services-amenities-8\/","url":"https:\/\/www.editionhotels.com\/es\/weho\/services-amenities-8\/","name":"Servicios y comodidades | The West Hollywood EDITION","isPartOf":{"@id":"https:\/\/www.editionhotels.com\/#website"},"datePublished":"2019-01-25T20:59:58+00:00","dateModified":"2024-06-04T21:18:37+00:00","breadcrumb":{"@id":"https:\/\/www.editionhotels.com\/es\/weho\/services-amenities-8\/#breadcrumb"},"inLanguage":"es-ee","potentialAction":[{"@type":"ReadAction","target":["https:\/\/www.editionhotels.com\/es\/weho\/services-amenities-8\/"]}]},{"@type":"BreadcrumbList","@id":"https:\/\/www.editionhotels.com\/es\/weho\/services-amenities-8\/#breadcrumb","itemListElement":[{"@type":"ListItem","position":1,"name":"Home","item":"https:\/\/www.editionhotels.com\/"},{"@type":"ListItem","position":2,"name":"West Hollywood","item":"https:\/\/www.editionhotels.com\/es\/weho\/"},{"@type":"ListItem","position":3,"name":"Servicios y comodidades"}]},{"@type":"WebSite","@id":"https:\/\/www.editionhotels.com\/#website","url":"https:\/\/www.editionhotels.com\/","name":"EDITION Hotels","description":"A Unique Collection of Luxury Boutique Hotels","publisher":{"@id":"https:\/\/www.editionhotels.com\/#organization"},"potentialAction":[{"@type":"SearchAction","target":{"@type":"EntryPoint","urlTemplate":"https:\/\/www.editionhotels.com\/?s={search_term_string}"},"query-input":{"@type":"PropertyValueSpecification","valueRequired":true,"valueName":"search_term_string"}}],"inLanguage":"es-ee"},{"@type":"Organization","@id":"https:\/\/www.editionhotels.com\/#organization","name":"EDITION Hotels","url":"https:\/\/www.editionhotels.com\/","logo":{"@type":"ImageObject","inLanguage":"es-ee","@id":"https:\/\/www.editionhotels.com\/#\/schema\/logo\/image\/","url":"https:\/\/www.editionhotels.com\/wp-content\/uploads\/2016\/09\/edition-text-logo-black.png","contentUrl":"https:\/\/www.editionhotels.com\/wp-content\/uploads\/2016\/09\/edition-text-logo-black.png","width":1000,"height":185,"caption":"EDITION Hotels"},"image":{"@id":"https:\/\/www.editionhotels.com\/#\/schema\/logo\/image\/"},"sameAs":["https:\/\/www.facebook.com\/EDITIONHotels"],"description":"An unexpected and refreshing collection of individualized, customized, one-of-kind hotels that redefines the codes of traditional luxury.","parentOrganization":{"@type":"Organization","name":"Marriott International","url":"https:\/\/www.marriott.com\/default.mi"}}]}},"_links":{"self":[{"href":"https:\/\/www.editionhotels.com\/es\/wp-json\/wp\/v2\/pages\/18375","targetHints":{"allow":["GET"]}}],"collection":[{"href":"https:\/\/www.editionhotels.com\/es\/wp-json\/wp\/v2\/pages"}],"about":[{"href":"https:\/\/www.editionhotels.com\/es\/wp-json\/wp\/v2\/types\/page"}],"author":[{"embeddable":true,"href":"https:\/\/www.editionhotels.com\/es\/wp-json\/wp\/v2\/users\/45"}],"replies":[{"embeddable":true,"href":"https:\/\/www.editionhotels.com\/es\/wp-json\/wp\/v2\/comments?post=18375"}],"version-history":[{"count":0,"href":"https:\/\/www.editionhotels.com\/es\/wp-json\/wp\/v2\/pages\/18375\/revisions"}],"up":[{"embeddable":true,"href":"https:\/\/www.editionhotels.com\/es\/wp-json\/wp\/v2\/pages\/5232"}],"wp:attachment":[{"href":"https:\/\/www.editionhotels.com\/es\/wp-json\/wp\/v2\/media?parent=18375"}],"curies":[{"name":"wp","href":"https:\/\/api.w.org\/{rel}","templated":true}]}}