{"id":22020,"date":"2020-01-23T09:13:44","date_gmt":"2020-01-23T09:13:44","guid":{"rendered":"http:\/\/www.editionhotels.com\/?page_id=22020"},"modified":"2026-03-30T17:27:17","modified_gmt":"2026-03-30T17:27:17","slug":"rome","status":"publish","type":"page","link":"https:\/\/www.editionhotels.com\/es\/rome\/","title":{"rendered":"Rome"},"content":{"rendered":"<p data-pm-slice=\"0 0 []\">El primer hotel EDITION en Italia cuenta con 91 habitaciones y suites. The Rome EDITION ofrece un exclusivo restaurante con mesas\u00a0al aire libre que enamorar\u00e1 a locales y visitantes con su cocina y experiencia gastron\u00f3mica, un Punch Room Bar con c\u00f3cteles excepcionalmente elaborados y una terraza en la azotea donde los hu\u00e9spedes podr\u00e1n elegir entre un refrigerio de temporada, una bebida con vista a la ciudad, una reuni\u00f3n privada con amigos o todo lo anterior.<\/p>\n<p>Gracias a su ubicaci\u00f3n c\u00e9ntrica, a pocos pasos de la Via Veneto y de la Fuente del Trit\u00f3n de Bernini en la Piazza Barberini, The Rome EDITION se encuentra a pocos pasos de todo lo que ofrece la ciudad, como la Plaza de Espa\u00f1a, la Fontana di Trevi, la Villa y Museo Borghese,\u00a0y todas las dem\u00e1s maravillas que hacen de Roma un destino imperdible. Una combinaci\u00f3n de lujo moderno e historia, el hotel se encuentra en un impresionante edificio hist\u00f3rico dise\u00f1ado por Cesare Pascoletti junto con el arquitecto Marcello Piacentini, uno de los m\u00e1s afamados arquitectos italianos del racionalismo de principios de los a\u00f1os 20.<\/p>\n","protected":false},"excerpt":{"rendered":"<p>El primer hotel EDITION en Italia cuenta con 91 habitaciones y suites. The Rome EDITION ofrece un exclusivo restaurante con mesas\u00a0al aire libre que enamorar\u00e1 a locales y visitantes con [&hellip;]<\/p>\n","protected":false},"author":21,"featured_media":891415,"parent":0,"menu_order":47,"comment_status":"closed","ping_status":"closed","template":"templates\/page-branch.php","meta":{"_acf_changed":false,"footnotes":""},"class_list":["post-22020","page","type-page","status-publish","has-post-thumbnail","hentry"],"acf":[],"yoast_head":"<!-- This site is optimized with the Yoast SEO plugin v27.0 - https:\/\/yoast.com\/product\/yoast-seo-wordpress\/ -->\n<title>The Rome EDITION | EDITION Hotels<\/title>\n<meta name=\"robots\" content=\"index, follow, max-snippet:-1, max-image-preview:large, max-video-preview:-1\" \/>\n<link rel=\"canonical\" href=\"https:\/\/www.editionhotels.com\/es\/rome\/\" \/>\n<meta property=\"og:locale\" content=\"es_ES\" \/>\n<meta property=\"og:type\" content=\"article\" \/>\n<meta property=\"og:title\" content=\"The Rome EDITION | EDITION Hotels\" \/>\n<meta property=\"og:description\" content=\"El primer hotel EDITION en Italia cuenta con 91 habitaciones y suites. The Rome EDITION ofrece un exclusivo restaurante con mesas\u00a0al aire libre que enamorar\u00e1 a locales y visitantes con [&hellip;]\" \/>\n<meta property=\"og:url\" content=\"https:\/\/www.editionhotels.com\/es\/rome\/\" \/>\n<meta property=\"og:site_name\" content=\"EDITION Hotels\" \/>\n<meta property=\"article:publisher\" content=\"https:\/\/www.facebook.com\/EDITIONHotels\" \/>\n<meta property=\"article:modified_time\" content=\"2026-03-30T17:27:17+00:00\" \/>\n<meta property=\"og:image\" content=\"https:\/\/www.editionhotels.com\/wp-content\/uploads\/2025\/10\/Lobby-02.jpg\" \/>\n\t<meta property=\"og:image:width\" content=\"1680\" \/>\n\t<meta property=\"og:image:height\" content=\"1260\" \/>\n\t<meta property=\"og:image:type\" content=\"image\/jpeg\" \/>\n<meta name=\"twitter:card\" content=\"summary_large_image\" \/>\n<meta name=\"twitter:label1\" content=\"Est. reading time\" \/>\n\t<meta name=\"twitter:data1\" content=\"1 minute\" \/>\n<script type=\"application\/ld+json\" class=\"yoast-schema-graph\">{\"@context\":\"https:\/\/schema.org\",\"@graph\":[{\"@type\":\"WebPage\",\"@id\":\"https:\/\/www.editionhotels.com\/es\/rome\/\",\"url\":\"https:\/\/www.editionhotels.com\/es\/rome\/\",\"name\":\"The Rome EDITION | EDITION Hotels\",\"isPartOf\":{\"@id\":\"https:\/\/www.editionhotels.com\/#website\"},\"primaryImageOfPage\":{\"@id\":\"https:\/\/www.editionhotels.com\/es\/rome\/#primaryimage\"},\"image\":{\"@id\":\"https:\/\/www.editionhotels.com\/es\/rome\/#primaryimage\"},\"thumbnailUrl\":\"https:\/\/www.editionhotels.com\/wp-content\/uploads\/2025\/10\/Lobby-02.jpg\",\"datePublished\":\"2020-01-23T09:13:44+00:00\",\"dateModified\":\"2026-03-30T17:27:17+00:00\",\"breadcrumb\":{\"@id\":\"https:\/\/www.editionhotels.com\/es\/rome\/#breadcrumb\"},\"inLanguage\":\"es-ee\",\"potentialAction\":[{\"@type\":\"ReadAction\",\"target\":[\"https:\/\/www.editionhotels.com\/es\/rome\/\"]}]},{\"@type\":\"ImageObject\",\"inLanguage\":\"es-ee\",\"@id\":\"https:\/\/www.editionhotels.com\/es\/rome\/#primaryimage\",\"url\":\"https:\/\/www.editionhotels.com\/wp-content\/uploads\/2025\/10\/Lobby-02.jpg\",\"contentUrl\":\"https:\/\/www.editionhotels.com\/wp-content\/uploads\/2025\/10\/Lobby-02.jpg\",\"width\":1680,\"height\":1260},{\"@type\":\"BreadcrumbList\",\"@id\":\"https:\/\/www.editionhotels.com\/es\/rome\/#breadcrumb\",\"itemListElement\":[{\"@type\":\"ListItem\",\"position\":1,\"name\":\"Home\",\"item\":\"https:\/\/www.editionhotels.com\/\"},{\"@type\":\"ListItem\",\"position\":2,\"name\":\"Rome\"}]},{\"@type\":\"WebSite\",\"@id\":\"https:\/\/www.editionhotels.com\/#website\",\"url\":\"https:\/\/www.editionhotels.com\/\",\"name\":\"EDITION Hotels\",\"description\":\"A Unique Collection of Luxury Boutique Hotels\",\"publisher\":{\"@id\":\"https:\/\/www.editionhotels.com\/#organization\"},\"potentialAction\":[{\"@type\":\"SearchAction\",\"target\":{\"@type\":\"EntryPoint\",\"urlTemplate\":\"https:\/\/www.editionhotels.com\/?s={search_term_string}\"},\"query-input\":{\"@type\":\"PropertyValueSpecification\",\"valueRequired\":true,\"valueName\":\"search_term_string\"}}],\"inLanguage\":\"es-ee\"},{\"@type\":\"Organization\",\"@id\":\"https:\/\/www.editionhotels.com\/#organization\",\"name\":\"EDITION Hotels\",\"url\":\"https:\/\/www.editionhotels.com\/\",\"logo\":{\"@type\":\"ImageObject\",\"inLanguage\":\"es-ee\",\"@id\":\"https:\/\/www.editionhotels.com\/#\/schema\/logo\/image\/\",\"url\":\"https:\/\/www.editionhotels.com\/wp-content\/uploads\/2016\/09\/edition-text-logo-black.png\",\"contentUrl\":\"https:\/\/www.editionhotels.com\/wp-content\/uploads\/2016\/09\/edition-text-logo-black.png\",\"width\":1000,\"height\":185,\"caption\":\"EDITION Hotels\"},\"image\":{\"@id\":\"https:\/\/www.editionhotels.com\/#\/schema\/logo\/image\/\"},\"sameAs\":[\"https:\/\/www.facebook.com\/EDITIONHotels\"],\"description\":\"An unexpected and refreshing collection of individualized, customized, one-of-kind hotels that redefines the codes of traditional luxury.\",\"parentOrganization\":{\"@type\":\"Organization\",\"name\":\"Marriott International\",\"url\":\"https:\/\/www.marriott.com\/default.mi\"}}]}<\/script>\n<!-- \/ Yoast SEO plugin. -->","yoast_head_json":{"title":"The Rome EDITION | EDITION Hotels","robots":{"index":"index","follow":"follow","max-snippet":"max-snippet:-1","max-image-preview":"max-image-preview:large","max-video-preview":"max-video-preview:-1"},"canonical":"https:\/\/www.editionhotels.com\/es\/rome\/","og_locale":"es_ES","og_type":"article","og_title":"The Rome EDITION | EDITION Hotels","og_description":"El primer hotel EDITION en Italia cuenta con 91 habitaciones y suites. The Rome EDITION ofrece un exclusivo restaurante con mesas\u00a0al aire libre que enamorar\u00e1 a locales y visitantes con [&hellip;]","og_url":"https:\/\/www.editionhotels.com\/es\/rome\/","og_site_name":"EDITION Hotels","article_publisher":"https:\/\/www.facebook.com\/EDITIONHotels","article_modified_time":"2026-03-30T17:27:17+00:00","og_image":[{"width":1680,"height":1260,"url":"https:\/\/www.editionhotels.com\/wp-content\/uploads\/2025\/10\/Lobby-02.jpg","type":"image\/jpeg"}],"twitter_card":"summary_large_image","twitter_misc":{"Est. reading time":"1 minute"},"schema":{"@context":"https:\/\/schema.org","@graph":[{"@type":"WebPage","@id":"https:\/\/www.editionhotels.com\/es\/rome\/","url":"https:\/\/www.editionhotels.com\/es\/rome\/","name":"The Rome EDITION | EDITION Hotels","isPartOf":{"@id":"https:\/\/www.editionhotels.com\/#website"},"primaryImageOfPage":{"@id":"https:\/\/www.editionhotels.com\/es\/rome\/#primaryimage"},"image":{"@id":"https:\/\/www.editionhotels.com\/es\/rome\/#primaryimage"},"thumbnailUrl":"https:\/\/www.editionhotels.com\/wp-content\/uploads\/2025\/10\/Lobby-02.jpg","datePublished":"2020-01-23T09:13:44+00:00","dateModified":"2026-03-30T17:27:17+00:00","breadcrumb":{"@id":"https:\/\/www.editionhotels.com\/es\/rome\/#breadcrumb"},"inLanguage":"es-ee","potentialAction":[{"@type":"ReadAction","target":["https:\/\/www.editionhotels.com\/es\/rome\/"]}]},{"@type":"ImageObject","inLanguage":"es-ee","@id":"https:\/\/www.editionhotels.com\/es\/rome\/#primaryimage","url":"https:\/\/www.editionhotels.com\/wp-content\/uploads\/2025\/10\/Lobby-02.jpg","contentUrl":"https:\/\/www.editionhotels.com\/wp-content\/uploads\/2025\/10\/Lobby-02.jpg","width":1680,"height":1260},{"@type":"BreadcrumbList","@id":"https:\/\/www.editionhotels.com\/es\/rome\/#breadcrumb","itemListElement":[{"@type":"ListItem","position":1,"name":"Home","item":"https:\/\/www.editionhotels.com\/"},{"@type":"ListItem","position":2,"name":"Rome"}]},{"@type":"WebSite","@id":"https:\/\/www.editionhotels.com\/#website","url":"https:\/\/www.editionhotels.com\/","name":"EDITION Hotels","description":"A Unique Collection of Luxury Boutique Hotels","publisher":{"@id":"https:\/\/www.editionhotels.com\/#organization"},"potentialAction":[{"@type":"SearchAction","target":{"@type":"EntryPoint","urlTemplate":"https:\/\/www.editionhotels.com\/?s={search_term_string}"},"query-input":{"@type":"PropertyValueSpecification","valueRequired":true,"valueName":"search_term_string"}}],"inLanguage":"es-ee"},{"@type":"Organization","@id":"https:\/\/www.editionhotels.com\/#organization","name":"EDITION Hotels","url":"https:\/\/www.editionhotels.com\/","logo":{"@type":"ImageObject","inLanguage":"es-ee","@id":"https:\/\/www.editionhotels.com\/#\/schema\/logo\/image\/","url":"https:\/\/www.editionhotels.com\/wp-content\/uploads\/2016\/09\/edition-text-logo-black.png","contentUrl":"https:\/\/www.editionhotels.com\/wp-content\/uploads\/2016\/09\/edition-text-logo-black.png","width":1000,"height":185,"caption":"EDITION Hotels"},"image":{"@id":"https:\/\/www.editionhotels.com\/#\/schema\/logo\/image\/"},"sameAs":["https:\/\/www.facebook.com\/EDITIONHotels"],"description":"An unexpected and refreshing collection of individualized, customized, one-of-kind hotels that redefines the codes of traditional luxury.","parentOrganization":{"@type":"Organization","name":"Marriott International","url":"https:\/\/www.marriott.com\/default.mi"}}]}},"_links":{"self":[{"href":"https:\/\/www.editionhotels.com\/es\/wp-json\/wp\/v2\/pages\/22020","targetHints":{"allow":["GET"]}}],"collection":[{"href":"https:\/\/www.editionhotels.com\/es\/wp-json\/wp\/v2\/pages"}],"about":[{"href":"https:\/\/www.editionhotels.com\/es\/wp-json\/wp\/v2\/types\/page"}],"author":[{"embeddable":true,"href":"https:\/\/www.editionhotels.com\/es\/wp-json\/wp\/v2\/users\/21"}],"replies":[{"embeddable":true,"href":"https:\/\/www.editionhotels.com\/es\/wp-json\/wp\/v2\/comments?post=22020"}],"version-history":[{"count":0,"href":"https:\/\/www.editionhotels.com\/es\/wp-json\/wp\/v2\/pages\/22020\/revisions"}],"wp:featuredmedia":[{"embeddable":true,"href":"https:\/\/www.editionhotels.com\/es\/wp-json\/wp\/v2\/media\/891415"}],"wp:attachment":[{"href":"https:\/\/www.editionhotels.com\/es\/wp-json\/wp\/v2\/media?parent=22020"}],"curies":[{"name":"wp","href":"https:\/\/api.w.org\/{rel}","templated":true}]}}