{"id":22039,"date":"2016-01-19T18:44:43","date_gmt":"2016-01-19T18:44:43","guid":{"rendered":"http:\/\/www.editionhotels.com\/londres\/meeting\/"},"modified":"2026-04-20T16:15:52","modified_gmt":"2026-04-20T16:15:52","slug":"meeting","status":"publish","type":"page","link":"https:\/\/www.editionhotels.com\/es\/londres\/meeting\/","title":{"rendered":"Meeting"},"content":{"rendered":"<p class=\"p1\">Los espacios contempor\u00e1neos para eventos de The London EDITION han sido escenario para todo tipo de eventos, desde estrenos cinematogr\u00e1ficos y lanzamientos de productos, hasta reuniones de la junta y cenas de inversionistas. Cada espacio refleja la est\u00e9tica moderna del hotel y nuestra ubicaci\u00f3n en Soho, e incluye una colecci\u00f3n de estudios para reuniones con bastante luz, un penthouse, un comedor privado y el club nocturno BASEMENT. Los men\u00fas de banquetes fueron dise\u00f1ados por el chef Jason Atherton, de Berners Tavern, galardonado con una estrella Michelin.<\/p>\n<p>&nbsp;<\/p>\n<p>Conozca las promociones <a href=\"https:\/\/www.editionhotels.com\/wp-content\/uploads\/2026\/04\/Group-Offer-2026-_-Inspire-Connect-.pdf\">para grupos<\/a> disponibles a partir de 10 habitaciones o m\u00e1s.<\/p>\n<div class=\"actions\" style=\"margin-bottom: -35px;\"><a class=\"action-heavy link-button\" href=\"https:\/\/www.editionhotels.com\/wp-content\/uploads\/2024\/09\/FESTIVE-BROCHURE_2024.pdf\">DOWNLOAD FESTIVE BROCHURE<\/a><\/div>\n","protected":false},"excerpt":{"rendered":"<p>Los espacios contempor\u00e1neos para eventos de The London EDITION han sido escenario para todo tipo de eventos, desde estrenos cinematogr\u00e1ficos y lanzamientos de productos, hasta reuniones de la junta y [&hellip;]<\/p>\n","protected":false},"author":21,"featured_media":0,"parent":5351,"menu_order":94,"comment_status":"closed","ping_status":"closed","template":"page-events.php","meta":{"_acf_changed":false,"footnotes":""},"class_list":["post-22039","page","type-page","status-publish","hentry"],"acf":[],"yoast_head":"<!-- This site is optimized with the Yoast SEO plugin v27.0 - https:\/\/yoast.com\/product\/yoast-seo-wordpress\/ -->\n<title>Meeting | EDITION Hotels<\/title>\n<meta name=\"robots\" content=\"index, follow, max-snippet:-1, max-image-preview:large, max-video-preview:-1\" \/>\n<link rel=\"canonical\" href=\"https:\/\/www.editionhotels.com\/es\/londres\/meeting\/\" \/>\n<meta property=\"og:locale\" content=\"es_ES\" \/>\n<meta property=\"og:type\" content=\"article\" \/>\n<meta property=\"og:title\" content=\"Meeting | EDITION Hotels\" \/>\n<meta property=\"og:description\" content=\"Los espacios contempor\u00e1neos para eventos de The London EDITION han sido escenario para todo tipo de eventos, desde estrenos cinematogr\u00e1ficos y lanzamientos de productos, hasta reuniones de la junta y [&hellip;]\" \/>\n<meta property=\"og:url\" content=\"https:\/\/www.editionhotels.com\/es\/londres\/meeting\/\" \/>\n<meta property=\"og:site_name\" content=\"EDITION Hotels\" \/>\n<meta property=\"article:publisher\" content=\"https:\/\/www.facebook.com\/EDITIONHotels\" \/>\n<meta property=\"article:modified_time\" content=\"2026-04-20T16:15:52+00:00\" \/>\n<meta name=\"twitter:card\" content=\"summary_large_image\" \/>\n<meta name=\"twitter:label1\" content=\"Est. reading time\" \/>\n\t<meta name=\"twitter:data1\" content=\"1 minute\" \/>\n<script type=\"application\/ld+json\" class=\"yoast-schema-graph\">{\"@context\":\"https:\/\/schema.org\",\"@graph\":[{\"@type\":\"WebPage\",\"@id\":\"https:\/\/www.editionhotels.com\/es\/londres\/meeting\/\",\"url\":\"https:\/\/www.editionhotels.com\/es\/londres\/meeting\/\",\"name\":\"Meeting | EDITION Hotels\",\"isPartOf\":{\"@id\":\"https:\/\/www.editionhotels.com\/#website\"},\"datePublished\":\"2016-01-19T18:44:43+00:00\",\"dateModified\":\"2026-04-20T16:15:52+00:00\",\"breadcrumb\":{\"@id\":\"https:\/\/www.editionhotels.com\/es\/londres\/meeting\/#breadcrumb\"},\"inLanguage\":\"es-ee\",\"potentialAction\":[{\"@type\":\"ReadAction\",\"target\":[\"https:\/\/www.editionhotels.com\/es\/londres\/meeting\/\"]}]},{\"@type\":\"BreadcrumbList\",\"@id\":\"https:\/\/www.editionhotels.com\/es\/londres\/meeting\/#breadcrumb\",\"itemListElement\":[{\"@type\":\"ListItem\",\"position\":1,\"name\":\"Home\",\"item\":\"https:\/\/www.editionhotels.com\/\"},{\"@type\":\"ListItem\",\"position\":2,\"name\":\"Londres\",\"item\":\"https:\/\/www.editionhotels.com\/es\/londres\/\"},{\"@type\":\"ListItem\",\"position\":3,\"name\":\"Meeting\"}]},{\"@type\":\"WebSite\",\"@id\":\"https:\/\/www.editionhotels.com\/#website\",\"url\":\"https:\/\/www.editionhotels.com\/\",\"name\":\"EDITION Hotels\",\"description\":\"A Unique Collection of Luxury Boutique Hotels\",\"publisher\":{\"@id\":\"https:\/\/www.editionhotels.com\/#organization\"},\"potentialAction\":[{\"@type\":\"SearchAction\",\"target\":{\"@type\":\"EntryPoint\",\"urlTemplate\":\"https:\/\/www.editionhotels.com\/?s={search_term_string}\"},\"query-input\":{\"@type\":\"PropertyValueSpecification\",\"valueRequired\":true,\"valueName\":\"search_term_string\"}}],\"inLanguage\":\"es-ee\"},{\"@type\":\"Organization\",\"@id\":\"https:\/\/www.editionhotels.com\/#organization\",\"name\":\"EDITION Hotels\",\"url\":\"https:\/\/www.editionhotels.com\/\",\"logo\":{\"@type\":\"ImageObject\",\"inLanguage\":\"es-ee\",\"@id\":\"https:\/\/www.editionhotels.com\/#\/schema\/logo\/image\/\",\"url\":\"https:\/\/www.editionhotels.com\/wp-content\/uploads\/2016\/09\/edition-text-logo-black.png\",\"contentUrl\":\"https:\/\/www.editionhotels.com\/wp-content\/uploads\/2016\/09\/edition-text-logo-black.png\",\"width\":1000,\"height\":185,\"caption\":\"EDITION Hotels\"},\"image\":{\"@id\":\"https:\/\/www.editionhotels.com\/#\/schema\/logo\/image\/\"},\"sameAs\":[\"https:\/\/www.facebook.com\/EDITIONHotels\"],\"description\":\"An unexpected and refreshing collection of individualized, customized, one-of-kind hotels that redefines the codes of traditional luxury.\",\"parentOrganization\":{\"@type\":\"Organization\",\"name\":\"Marriott International\",\"url\":\"https:\/\/www.marriott.com\/default.mi\"}}]}<\/script>\n<!-- \/ Yoast SEO plugin. -->","yoast_head_json":{"title":"Meeting | EDITION Hotels","robots":{"index":"index","follow":"follow","max-snippet":"max-snippet:-1","max-image-preview":"max-image-preview:large","max-video-preview":"max-video-preview:-1"},"canonical":"https:\/\/www.editionhotels.com\/es\/londres\/meeting\/","og_locale":"es_ES","og_type":"article","og_title":"Meeting | EDITION Hotels","og_description":"Los espacios contempor\u00e1neos para eventos de The London EDITION han sido escenario para todo tipo de eventos, desde estrenos cinematogr\u00e1ficos y lanzamientos de productos, hasta reuniones de la junta y [&hellip;]","og_url":"https:\/\/www.editionhotels.com\/es\/londres\/meeting\/","og_site_name":"EDITION Hotels","article_publisher":"https:\/\/www.facebook.com\/EDITIONHotels","article_modified_time":"2026-04-20T16:15:52+00:00","twitter_card":"summary_large_image","twitter_misc":{"Est. reading time":"1 minute"},"schema":{"@context":"https:\/\/schema.org","@graph":[{"@type":"WebPage","@id":"https:\/\/www.editionhotels.com\/es\/londres\/meeting\/","url":"https:\/\/www.editionhotels.com\/es\/londres\/meeting\/","name":"Meeting | EDITION Hotels","isPartOf":{"@id":"https:\/\/www.editionhotels.com\/#website"},"datePublished":"2016-01-19T18:44:43+00:00","dateModified":"2026-04-20T16:15:52+00:00","breadcrumb":{"@id":"https:\/\/www.editionhotels.com\/es\/londres\/meeting\/#breadcrumb"},"inLanguage":"es-ee","potentialAction":[{"@type":"ReadAction","target":["https:\/\/www.editionhotels.com\/es\/londres\/meeting\/"]}]},{"@type":"BreadcrumbList","@id":"https:\/\/www.editionhotels.com\/es\/londres\/meeting\/#breadcrumb","itemListElement":[{"@type":"ListItem","position":1,"name":"Home","item":"https:\/\/www.editionhotels.com\/"},{"@type":"ListItem","position":2,"name":"Londres","item":"https:\/\/www.editionhotels.com\/es\/londres\/"},{"@type":"ListItem","position":3,"name":"Meeting"}]},{"@type":"WebSite","@id":"https:\/\/www.editionhotels.com\/#website","url":"https:\/\/www.editionhotels.com\/","name":"EDITION Hotels","description":"A Unique Collection of Luxury Boutique Hotels","publisher":{"@id":"https:\/\/www.editionhotels.com\/#organization"},"potentialAction":[{"@type":"SearchAction","target":{"@type":"EntryPoint","urlTemplate":"https:\/\/www.editionhotels.com\/?s={search_term_string}"},"query-input":{"@type":"PropertyValueSpecification","valueRequired":true,"valueName":"search_term_string"}}],"inLanguage":"es-ee"},{"@type":"Organization","@id":"https:\/\/www.editionhotels.com\/#organization","name":"EDITION Hotels","url":"https:\/\/www.editionhotels.com\/","logo":{"@type":"ImageObject","inLanguage":"es-ee","@id":"https:\/\/www.editionhotels.com\/#\/schema\/logo\/image\/","url":"https:\/\/www.editionhotels.com\/wp-content\/uploads\/2016\/09\/edition-text-logo-black.png","contentUrl":"https:\/\/www.editionhotels.com\/wp-content\/uploads\/2016\/09\/edition-text-logo-black.png","width":1000,"height":185,"caption":"EDITION Hotels"},"image":{"@id":"https:\/\/www.editionhotels.com\/#\/schema\/logo\/image\/"},"sameAs":["https:\/\/www.facebook.com\/EDITIONHotels"],"description":"An unexpected and refreshing collection of individualized, customized, one-of-kind hotels that redefines the codes of traditional luxury.","parentOrganization":{"@type":"Organization","name":"Marriott International","url":"https:\/\/www.marriott.com\/default.mi"}}]}},"_links":{"self":[{"href":"https:\/\/www.editionhotels.com\/es\/wp-json\/wp\/v2\/pages\/22039","targetHints":{"allow":["GET"]}}],"collection":[{"href":"https:\/\/www.editionhotels.com\/es\/wp-json\/wp\/v2\/pages"}],"about":[{"href":"https:\/\/www.editionhotels.com\/es\/wp-json\/wp\/v2\/types\/page"}],"author":[{"embeddable":true,"href":"https:\/\/www.editionhotels.com\/es\/wp-json\/wp\/v2\/users\/21"}],"replies":[{"embeddable":true,"href":"https:\/\/www.editionhotels.com\/es\/wp-json\/wp\/v2\/comments?post=22039"}],"version-history":[{"count":0,"href":"https:\/\/www.editionhotels.com\/es\/wp-json\/wp\/v2\/pages\/22039\/revisions"}],"up":[{"embeddable":true,"href":"https:\/\/www.editionhotels.com\/es\/wp-json\/wp\/v2\/pages\/5351"}],"wp:attachment":[{"href":"https:\/\/www.editionhotels.com\/es\/wp-json\/wp\/v2\/media?parent=22039"}],"curies":[{"name":"wp","href":"https:\/\/api.w.org\/{rel}","templated":true}]}}