{"id":22080,"date":"2019-12-24T19:39:37","date_gmt":"2019-12-24T19:39:37","guid":{"rendered":"http:\/\/www.editionhotels.com\/times-square\/meeting\/"},"modified":"2025-10-01T14:38:29","modified_gmt":"2025-10-01T14:38:29","slug":"meeting","status":"publish","type":"page","link":"https:\/\/www.editionhotels.com\/es\/times-square\/meeting\/","title":{"rendered":"Private Events"},"content":{"rendered":"<p>Intimate events. Lavish affairs. Professional functions. Unforgettable impressions. No matter the occasion, The Times Square EDITION delivers exceptional experiences in keeping with the hotel\u2019s modern aesthetic and reflective of its dynamic location. Over 17,000 square feet of event space offer unique settings for any event, supported by cutting-edge audiovisual technology and feature catering menus from Michelin-starred Chef John Fraser.<\/p>\n","protected":false},"excerpt":{"rendered":"<p>Intimate events. Lavish affairs. Professional functions. Unforgettable impressions. No matter the occasion, The Times Square EDITION delivers exceptional experiences in keeping with the hotel\u2019s modern aesthetic and reflective of its [&hellip;]<\/p>\n","protected":false},"author":21,"featured_media":6748,"parent":5231,"menu_order":210,"comment_status":"closed","ping_status":"closed","template":"","meta":{"_acf_changed":false,"footnotes":""},"class_list":["post-22080","page","type-page","status-publish","has-post-thumbnail","hentry"],"acf":[],"yoast_head":"<!-- This site is optimized with the Yoast SEO plugin v27.0 - https:\/\/yoast.com\/product\/yoast-seo-wordpress\/ -->\n<title>Private Events | EDITION Hotels<\/title>\n<meta name=\"robots\" content=\"index, follow, max-snippet:-1, max-image-preview:large, max-video-preview:-1\" \/>\n<link rel=\"canonical\" href=\"https:\/\/www.editionhotels.com\/es\/times-square\/meeting\/\" \/>\n<meta property=\"og:locale\" content=\"es_ES\" \/>\n<meta property=\"og:type\" content=\"article\" \/>\n<meta property=\"og:title\" content=\"Private Events | EDITION Hotels\" \/>\n<meta property=\"og:description\" content=\"Intimate events. Lavish affairs. Professional functions. Unforgettable impressions. No matter the occasion, The Times Square EDITION delivers exceptional experiences in keeping with the hotel\u2019s modern aesthetic and reflective of its [&hellip;]\" \/>\n<meta property=\"og:url\" content=\"https:\/\/www.editionhotels.com\/es\/times-square\/meeting\/\" \/>\n<meta property=\"og:site_name\" content=\"EDITION Hotels\" \/>\n<meta property=\"article:publisher\" content=\"https:\/\/www.facebook.com\/EDITIONHotels\" \/>\n<meta property=\"article:modified_time\" content=\"2025-10-01T14:38:29+00:00\" \/>\n<meta property=\"og:image\" content=\"https:\/\/www.editionhotels.com\/wp-content\/uploads\/2018\/12\/Pre-Function.jpg\" \/>\n\t<meta property=\"og:image:width\" content=\"7000\" \/>\n\t<meta property=\"og:image:height\" content=\"5245\" \/>\n\t<meta property=\"og:image:type\" content=\"image\/jpeg\" \/>\n<meta name=\"twitter:card\" content=\"summary_large_image\" \/>\n<script type=\"application\/ld+json\" class=\"yoast-schema-graph\">{\"@context\":\"https:\/\/schema.org\",\"@graph\":[{\"@type\":\"WebPage\",\"@id\":\"https:\/\/www.editionhotels.com\/es\/times-square\/meeting\/\",\"url\":\"https:\/\/www.editionhotels.com\/es\/times-square\/meeting\/\",\"name\":\"Private Events | EDITION Hotels\",\"isPartOf\":{\"@id\":\"https:\/\/www.editionhotels.com\/#website\"},\"primaryImageOfPage\":{\"@id\":\"https:\/\/www.editionhotels.com\/es\/times-square\/meeting\/#primaryimage\"},\"image\":{\"@id\":\"https:\/\/www.editionhotels.com\/es\/times-square\/meeting\/#primaryimage\"},\"thumbnailUrl\":\"https:\/\/www.editionhotels.com\/wp-content\/uploads\/2018\/12\/Pre-Function.jpg\",\"datePublished\":\"2019-12-24T19:39:37+00:00\",\"dateModified\":\"2025-10-01T14:38:29+00:00\",\"breadcrumb\":{\"@id\":\"https:\/\/www.editionhotels.com\/es\/times-square\/meeting\/#breadcrumb\"},\"inLanguage\":\"es-ee\",\"potentialAction\":[{\"@type\":\"ReadAction\",\"target\":[\"https:\/\/www.editionhotels.com\/es\/times-square\/meeting\/\"]}]},{\"@type\":\"ImageObject\",\"inLanguage\":\"es-ee\",\"@id\":\"https:\/\/www.editionhotels.com\/es\/times-square\/meeting\/#primaryimage\",\"url\":\"https:\/\/www.editionhotels.com\/wp-content\/uploads\/2018\/12\/Pre-Function.jpg\",\"contentUrl\":\"https:\/\/www.editionhotels.com\/wp-content\/uploads\/2018\/12\/Pre-Function.jpg\",\"width\":7000,\"height\":5245,\"caption\":\"Este espacio para eventos privado tambi\u00e9n cuenta con un espacio de recepci\u00f3n antes de los eventos con dos suites nupciales y un Majlis, as\u00ed como una sala de juntas ejecutiva, salas de reuniones y un centro de negocios.\"},{\"@type\":\"BreadcrumbList\",\"@id\":\"https:\/\/www.editionhotels.com\/es\/times-square\/meeting\/#breadcrumb\",\"itemListElement\":[{\"@type\":\"ListItem\",\"position\":1,\"name\":\"Home\",\"item\":\"https:\/\/www.editionhotels.com\/\"},{\"@type\":\"ListItem\",\"position\":2,\"name\":\"Times Square\",\"item\":\"https:\/\/www.editionhotels.com\/es\/times-square\/\"},{\"@type\":\"ListItem\",\"position\":3,\"name\":\"Private Events\"}]},{\"@type\":\"WebSite\",\"@id\":\"https:\/\/www.editionhotels.com\/#website\",\"url\":\"https:\/\/www.editionhotels.com\/\",\"name\":\"EDITION Hotels\",\"description\":\"A Unique Collection of Luxury Boutique Hotels\",\"publisher\":{\"@id\":\"https:\/\/www.editionhotels.com\/#organization\"},\"potentialAction\":[{\"@type\":\"SearchAction\",\"target\":{\"@type\":\"EntryPoint\",\"urlTemplate\":\"https:\/\/www.editionhotels.com\/?s={search_term_string}\"},\"query-input\":{\"@type\":\"PropertyValueSpecification\",\"valueRequired\":true,\"valueName\":\"search_term_string\"}}],\"inLanguage\":\"es-ee\"},{\"@type\":\"Organization\",\"@id\":\"https:\/\/www.editionhotels.com\/#organization\",\"name\":\"EDITION Hotels\",\"url\":\"https:\/\/www.editionhotels.com\/\",\"logo\":{\"@type\":\"ImageObject\",\"inLanguage\":\"es-ee\",\"@id\":\"https:\/\/www.editionhotels.com\/#\/schema\/logo\/image\/\",\"url\":\"https:\/\/www.editionhotels.com\/wp-content\/uploads\/2016\/09\/edition-text-logo-black.png\",\"contentUrl\":\"https:\/\/www.editionhotels.com\/wp-content\/uploads\/2016\/09\/edition-text-logo-black.png\",\"width\":1000,\"height\":185,\"caption\":\"EDITION Hotels\"},\"image\":{\"@id\":\"https:\/\/www.editionhotels.com\/#\/schema\/logo\/image\/\"},\"sameAs\":[\"https:\/\/www.facebook.com\/EDITIONHotels\"],\"description\":\"An unexpected and refreshing collection of individualized, customized, one-of-kind hotels that redefines the codes of traditional luxury.\",\"parentOrganization\":{\"@type\":\"Organization\",\"name\":\"Marriott International\",\"url\":\"https:\/\/www.marriott.com\/default.mi\"}}]}<\/script>\n<!-- \/ Yoast SEO plugin. -->","yoast_head_json":{"title":"Private Events | EDITION Hotels","robots":{"index":"index","follow":"follow","max-snippet":"max-snippet:-1","max-image-preview":"max-image-preview:large","max-video-preview":"max-video-preview:-1"},"canonical":"https:\/\/www.editionhotels.com\/es\/times-square\/meeting\/","og_locale":"es_ES","og_type":"article","og_title":"Private Events | EDITION Hotels","og_description":"Intimate events. Lavish affairs. Professional functions. Unforgettable impressions. No matter the occasion, The Times Square EDITION delivers exceptional experiences in keeping with the hotel\u2019s modern aesthetic and reflective of its [&hellip;]","og_url":"https:\/\/www.editionhotels.com\/es\/times-square\/meeting\/","og_site_name":"EDITION Hotels","article_publisher":"https:\/\/www.facebook.com\/EDITIONHotels","article_modified_time":"2025-10-01T14:38:29+00:00","og_image":[{"width":7000,"height":5245,"url":"https:\/\/www.editionhotels.com\/wp-content\/uploads\/2018\/12\/Pre-Function.jpg","type":"image\/jpeg"}],"twitter_card":"summary_large_image","schema":{"@context":"https:\/\/schema.org","@graph":[{"@type":"WebPage","@id":"https:\/\/www.editionhotels.com\/es\/times-square\/meeting\/","url":"https:\/\/www.editionhotels.com\/es\/times-square\/meeting\/","name":"Private Events | EDITION Hotels","isPartOf":{"@id":"https:\/\/www.editionhotels.com\/#website"},"primaryImageOfPage":{"@id":"https:\/\/www.editionhotels.com\/es\/times-square\/meeting\/#primaryimage"},"image":{"@id":"https:\/\/www.editionhotels.com\/es\/times-square\/meeting\/#primaryimage"},"thumbnailUrl":"https:\/\/www.editionhotels.com\/wp-content\/uploads\/2018\/12\/Pre-Function.jpg","datePublished":"2019-12-24T19:39:37+00:00","dateModified":"2025-10-01T14:38:29+00:00","breadcrumb":{"@id":"https:\/\/www.editionhotels.com\/es\/times-square\/meeting\/#breadcrumb"},"inLanguage":"es-ee","potentialAction":[{"@type":"ReadAction","target":["https:\/\/www.editionhotels.com\/es\/times-square\/meeting\/"]}]},{"@type":"ImageObject","inLanguage":"es-ee","@id":"https:\/\/www.editionhotels.com\/es\/times-square\/meeting\/#primaryimage","url":"https:\/\/www.editionhotels.com\/wp-content\/uploads\/2018\/12\/Pre-Function.jpg","contentUrl":"https:\/\/www.editionhotels.com\/wp-content\/uploads\/2018\/12\/Pre-Function.jpg","width":7000,"height":5245,"caption":"Este espacio para eventos privado tambi\u00e9n cuenta con un espacio de recepci\u00f3n antes de los eventos con dos suites nupciales y un Majlis, as\u00ed como una sala de juntas ejecutiva, salas de reuniones y un centro de negocios."},{"@type":"BreadcrumbList","@id":"https:\/\/www.editionhotels.com\/es\/times-square\/meeting\/#breadcrumb","itemListElement":[{"@type":"ListItem","position":1,"name":"Home","item":"https:\/\/www.editionhotels.com\/"},{"@type":"ListItem","position":2,"name":"Times Square","item":"https:\/\/www.editionhotels.com\/es\/times-square\/"},{"@type":"ListItem","position":3,"name":"Private Events"}]},{"@type":"WebSite","@id":"https:\/\/www.editionhotels.com\/#website","url":"https:\/\/www.editionhotels.com\/","name":"EDITION Hotels","description":"A Unique Collection of Luxury Boutique Hotels","publisher":{"@id":"https:\/\/www.editionhotels.com\/#organization"},"potentialAction":[{"@type":"SearchAction","target":{"@type":"EntryPoint","urlTemplate":"https:\/\/www.editionhotels.com\/?s={search_term_string}"},"query-input":{"@type":"PropertyValueSpecification","valueRequired":true,"valueName":"search_term_string"}}],"inLanguage":"es-ee"},{"@type":"Organization","@id":"https:\/\/www.editionhotels.com\/#organization","name":"EDITION Hotels","url":"https:\/\/www.editionhotels.com\/","logo":{"@type":"ImageObject","inLanguage":"es-ee","@id":"https:\/\/www.editionhotels.com\/#\/schema\/logo\/image\/","url":"https:\/\/www.editionhotels.com\/wp-content\/uploads\/2016\/09\/edition-text-logo-black.png","contentUrl":"https:\/\/www.editionhotels.com\/wp-content\/uploads\/2016\/09\/edition-text-logo-black.png","width":1000,"height":185,"caption":"EDITION Hotels"},"image":{"@id":"https:\/\/www.editionhotels.com\/#\/schema\/logo\/image\/"},"sameAs":["https:\/\/www.facebook.com\/EDITIONHotels"],"description":"An unexpected and refreshing collection of individualized, customized, one-of-kind hotels that redefines the codes of traditional luxury.","parentOrganization":{"@type":"Organization","name":"Marriott International","url":"https:\/\/www.marriott.com\/default.mi"}}]}},"_links":{"self":[{"href":"https:\/\/www.editionhotels.com\/es\/wp-json\/wp\/v2\/pages\/22080","targetHints":{"allow":["GET"]}}],"collection":[{"href":"https:\/\/www.editionhotels.com\/es\/wp-json\/wp\/v2\/pages"}],"about":[{"href":"https:\/\/www.editionhotels.com\/es\/wp-json\/wp\/v2\/types\/page"}],"author":[{"embeddable":true,"href":"https:\/\/www.editionhotels.com\/es\/wp-json\/wp\/v2\/users\/21"}],"replies":[{"embeddable":true,"href":"https:\/\/www.editionhotels.com\/es\/wp-json\/wp\/v2\/comments?post=22080"}],"version-history":[{"count":0,"href":"https:\/\/www.editionhotels.com\/es\/wp-json\/wp\/v2\/pages\/22080\/revisions"}],"up":[{"embeddable":true,"href":"https:\/\/www.editionhotels.com\/es\/wp-json\/wp\/v2\/pages\/5231"}],"wp:featuredmedia":[{"embeddable":true,"href":"https:\/\/www.editionhotels.com\/es\/wp-json\/wp\/v2\/media\/6748"}],"wp:attachment":[{"href":"https:\/\/www.editionhotels.com\/es\/wp-json\/wp\/v2\/media?parent=22080"}],"curies":[{"name":"wp","href":"https:\/\/api.w.org\/{rel}","templated":true}]}}