{"id":22147,"date":"2016-01-29T15:00:21","date_gmt":"2016-01-29T15:00:21","guid":{"rendered":"http:\/\/www.editionhotels.com\/miami-beach\/services-and-amenities\/"},"modified":"2024-07-23T14:49:27","modified_gmt":"2024-07-23T14:49:27","slug":"services-and-amenities-4","status":"publish","type":"page","link":"https:\/\/www.editionhotels.com\/es\/miami-beach\/services-and-amenities\/","title":{"rendered":"Servicios y comodidades"},"content":{"rendered":"<div class=\"info-section\">\n<div class=\"contact\">\n<h3 class=\"navigation-text\">Para m\u00e1s informaci\u00f3n<\/h3>\n<div class=\"info-detail\">Tel\u00e9fono +1 786 257 4500<\/div>\n<\/div>\n<div class=\"share-link link\">Compartir<\/div>\n<\/div>\n<div class=\"services\">\n<div class=\"service-list\">\n<dl>\n<dt>Servicios para hu\u00e9spedes<\/dt>\n<dd>\n<p class=\"p1\">\u2022 294 habitaciones y suites \u00fanicas, algunas con terrazas amuebladas extragrandes<\/p>\n<p class=\"p1\">\u2022 28 habitaciones en bungal\u00f3s privados con espacios al aire libre privados, algunos con dos pisos, piscina profunda y terrazas con vista a la playa<\/p>\n<p class=\"p1\">\u2022 Penthouse \u00fanico de 214 metros cuadrados rodeado por una terraza<\/p>\n<p class=\"p1\">\u2022 Restaurante exclusivo, Matador Room, de Jean-Georges Vongerichten<\/p>\n<p class=\"p1\">\u2022 Men\u00fas personalizados de banquetes para eventos privados, almuerzos, fiestas con cenas y reuniones de negocios<\/p>\n<p class=\"p1\">\u2022 Servicio a la habitaci\u00f3n de 6:00 a 2:00 h.<\/p>\n<p class=\"p1\">\u2022 Servicio de concierge<\/p>\n<p class=\"p1\">\u2022 Uso del gimnasio gratis las 24 horas<\/p>\n<p class=\"p1\">\u2022 Acceso inal\u00e1mbrico a Internet de alta velocidad gratis en todo el hotel<\/p>\n<p class=\"p1\">\u2022 Sala de juntas ejecutivas, sala de reuniones y espacio para eventos privados.<\/p>\n<p class=\"p1\">\u2022 Servicios audiovisuales de vanguardia disponibles para eventos privados<\/p>\n<p class=\"p1\">\u2022 Personal multiling\u00fce<\/p>\n<\/dd>\n<\/dl>\n<\/div>\n<div class=\"service-list\">\n<dl>\n<dt>Comodidades con pedido previo<\/dt>\n<dd>\n<ul>\n<li>Si desea mejorar a\u00fan m\u00e1s su visita, puede adquirir las siguientes comodidades: <a href=\"https:\/\/www.themiamieditionamenities.com\/\" target=\"_blank\" rel=\"noopener\">The Miami Beach EDITION<\/a><\/li>\n<\/ul>\n<\/dd>\n<\/dl>\n<\/div>\n<div class=\"service-list\">\n<dl>\n<dt>Servicios ejecutivos<\/dt>\n<dd>\n<p class=\"p1\">\u2022 Sala de juntas ejecutivas, sala de reuniones y espacio para eventos privados.<\/p>\n<p class=\"p1\">\u2022 Pizarras digitales y rotafolios electr\u00f3nicos disponibles<\/p>\n<p class=\"p1\">\u2022 iPads, computadoras port\u00e1tiles y tel\u00e9fonos m\u00f3viles disponibles<\/p>\n<p class=\"p1\">\u2022 Videoconferencias<\/p>\n<p class=\"p1\">\u2022 Servicios de autom\u00f3vil ejecutivo disponibles<\/p>\n<p class=\"p1\">\u2022 Servicios de mayordomo ejecutivo disponibles<\/p>\n<p class=\"p1\">\u2022 Personal de secretar\u00eda multiling\u00fce disponible las 24 horas<\/p>\n<p class=\"p1\">\u2022 Equipos audiovisuales de vanguardia<\/p>\n<p class=\"p1\">\u2022 Acceso inal\u00e1mbrico a Internet de alta velocidad gratis en todo el hotel<\/p>\n<\/dd>\n<\/dl>\n<\/div>\n<div class=\"service-list\">\n<dl>\n<dt>Gimnasio<\/dt>\n<dd>\u2022 Gimnasio con equipo de vanguardia con m\u00e1quinas de entrenamiento cardiovascular y televisor con pantalla plana personal<\/p>\n<p>\u2022 Sesiones con entrenador personal disponibles por solicitud<\/p>\n<p>\u2022 Pesas<\/p>\n<p>\u2022 Zona de estiramientos<\/p>\n<p>\u2022 Toallas gratis<\/p>\n<p>\u2022 Auriculares y refrescos<\/p>\n<p>\u2022 Abierto las 24 horas del d\u00eda<\/dd>\n<\/dl>\n<\/div>\n<div class=\"service-list\">\n<dl>\n<dt>Servicios de spa<\/dt>\n<dd>\u2022 9 salas de tratamiento<\/p>\n<p>\u2022 Mesa de hammam personalizada<\/p>\n<p>\u2022 Salas de vapor<\/p>\n<p>\u2022 Lounge de relajaci\u00f3n profunda con tratamientos con ondas bi\u00f3ticas<\/p>\n<p>\u2022 Servicios de peluquer\u00eda, maquillaje y u\u00f1as<\/p>\n<p>\u2022 Amplia colecci\u00f3n de productos de spa de lujo a la venta<\/dd>\n<\/dl>\n<\/div>\n<div class=\"service-list\">\n<dl>\n<dt>Servicios de paqueter\u00eda<\/dt>\n<dd>Los hu\u00e9spedes pueden recibir paquetes en The Miami Beach EDITION con un cargo de 6 USD por cada uno. Por los paquetes recibidos antes de la llegada se cobrar\u00e1n 6 USD por d\u00eda hasta el d\u00eda de la llegada del hu\u00e9sped.<\/dd>\n<\/dl>\n<\/div>\n<div class=\"service-list\">\n<dl>\n<dt>INSTALACIONES PARA PERSONAS CON NECESIDADES ESPECIALES<\/dt>\n<dt><\/dt>\n<dd>\u2022 Instalaciones para personas con necesidades especiales de movilidad disponibles en algunos tipos de habitaci\u00f3n<\/p>\n<p>Puede consultar informaci\u00f3n adicional sobre instalaciones para personas con necesidades especiales <a href=\"https:\/\/www.marriott.com\/hotels\/fact-sheet\/travel\/miaeb-the-miami-beach-edition\/#accessibility\" target=\"_blank\" rel=\"noopener\">aqu\u00ed<\/a><\/dd>\n<\/dl>\n<\/div>\n<\/div>\n","protected":false},"excerpt":{"rendered":"<p>Para m\u00e1s informaci\u00f3n Tel\u00e9fono +1 786 257 4500 Compartir Servicios para hu\u00e9spedes \u2022 294 habitaciones y suites \u00fanicas, algunas con terrazas amuebladas extragrandes \u2022 28 habitaciones en bungal\u00f3s privados con [&hellip;]<\/p>\n","protected":false},"author":21,"featured_media":0,"parent":5369,"menu_order":371,"comment_status":"closed","ping_status":"closed","template":"templates\/page-services.php","meta":{"_acf_changed":false,"footnotes":""},"class_list":["post-22147","page","type-page","status-publish","hentry"],"acf":[],"yoast_head":"<!-- This site is optimized with the Yoast SEO plugin v27.0 - https:\/\/yoast.com\/product\/yoast-seo-wordpress\/ -->\n<title>The Miami Beach EDITION | Servicios y comodidades de lujo en Miami<\/title>\n<meta name=\"description\" content=\"The Miami Beach EDITION ofrece servicios personalizados y una amplia variedad de comodidades, que incluyen un spa de servicio completo y restaurantes de Jean-Georges Vongerichten.\" \/>\n<meta name=\"robots\" content=\"index, follow, max-snippet:-1, max-image-preview:large, max-video-preview:-1\" \/>\n<link rel=\"canonical\" href=\"https:\/\/www.editionhotels.com\/es\/miami-beach\/services-and-amenities\/\" \/>\n<meta property=\"og:locale\" content=\"es_ES\" \/>\n<meta property=\"og:type\" content=\"article\" \/>\n<meta property=\"og:title\" content=\"The Miami Beach EDITION | Servicios y comodidades de lujo en Miami\" \/>\n<meta property=\"og:description\" content=\"The Miami Beach EDITION ofrece servicios personalizados y una amplia variedad de comodidades, que incluyen un spa de servicio completo y restaurantes de Jean-Georges Vongerichten.\" \/>\n<meta property=\"og:url\" content=\"https:\/\/www.editionhotels.com\/es\/miami-beach\/services-and-amenities\/\" \/>\n<meta property=\"og:site_name\" content=\"EDITION Hotels\" \/>\n<meta property=\"article:publisher\" content=\"https:\/\/www.facebook.com\/EDITIONHotels\" \/>\n<meta property=\"article:modified_time\" content=\"2024-07-23T14:49:27+00:00\" \/>\n<meta name=\"twitter:card\" content=\"summary_large_image\" \/>\n<meta name=\"twitter:label1\" content=\"Est. reading time\" \/>\n\t<meta name=\"twitter:data1\" content=\"2 minutes\" \/>\n<script type=\"application\/ld+json\" class=\"yoast-schema-graph\">{\"@context\":\"https:\/\/schema.org\",\"@graph\":[{\"@type\":\"WebPage\",\"@id\":\"https:\/\/www.editionhotels.com\/es\/miami-beach\/services-and-amenities\/\",\"url\":\"https:\/\/www.editionhotels.com\/es\/miami-beach\/services-and-amenities\/\",\"name\":\"The Miami Beach EDITION | Servicios y comodidades de lujo en Miami\",\"isPartOf\":{\"@id\":\"https:\/\/www.editionhotels.com\/#website\"},\"datePublished\":\"2016-01-29T15:00:21+00:00\",\"dateModified\":\"2024-07-23T14:49:27+00:00\",\"description\":\"The Miami Beach EDITION ofrece servicios personalizados y una amplia variedad de comodidades, que incluyen un spa de servicio completo y restaurantes de Jean-Georges Vongerichten.\",\"breadcrumb\":{\"@id\":\"https:\/\/www.editionhotels.com\/es\/miami-beach\/services-and-amenities\/#breadcrumb\"},\"inLanguage\":\"es-ee\",\"potentialAction\":[{\"@type\":\"ReadAction\",\"target\":[\"https:\/\/www.editionhotels.com\/es\/miami-beach\/services-and-amenities\/\"]}]},{\"@type\":\"BreadcrumbList\",\"@id\":\"https:\/\/www.editionhotels.com\/es\/miami-beach\/services-and-amenities\/#breadcrumb\",\"itemListElement\":[{\"@type\":\"ListItem\",\"position\":1,\"name\":\"Home\",\"item\":\"https:\/\/www.editionhotels.com\/\"},{\"@type\":\"ListItem\",\"position\":2,\"name\":\"Miami Beach\",\"item\":\"https:\/\/www.editionhotels.com\/es\/miami-beach\/\"},{\"@type\":\"ListItem\",\"position\":3,\"name\":\"Servicios y comodidades\"}]},{\"@type\":\"WebSite\",\"@id\":\"https:\/\/www.editionhotels.com\/#website\",\"url\":\"https:\/\/www.editionhotels.com\/\",\"name\":\"EDITION Hotels\",\"description\":\"A Unique Collection of Luxury Boutique Hotels\",\"publisher\":{\"@id\":\"https:\/\/www.editionhotels.com\/#organization\"},\"potentialAction\":[{\"@type\":\"SearchAction\",\"target\":{\"@type\":\"EntryPoint\",\"urlTemplate\":\"https:\/\/www.editionhotels.com\/?s={search_term_string}\"},\"query-input\":{\"@type\":\"PropertyValueSpecification\",\"valueRequired\":true,\"valueName\":\"search_term_string\"}}],\"inLanguage\":\"es-ee\"},{\"@type\":\"Organization\",\"@id\":\"https:\/\/www.editionhotels.com\/#organization\",\"name\":\"EDITION Hotels\",\"url\":\"https:\/\/www.editionhotels.com\/\",\"logo\":{\"@type\":\"ImageObject\",\"inLanguage\":\"es-ee\",\"@id\":\"https:\/\/www.editionhotels.com\/#\/schema\/logo\/image\/\",\"url\":\"https:\/\/www.editionhotels.com\/wp-content\/uploads\/2016\/09\/edition-text-logo-black.png\",\"contentUrl\":\"https:\/\/www.editionhotels.com\/wp-content\/uploads\/2016\/09\/edition-text-logo-black.png\",\"width\":1000,\"height\":185,\"caption\":\"EDITION Hotels\"},\"image\":{\"@id\":\"https:\/\/www.editionhotels.com\/#\/schema\/logo\/image\/\"},\"sameAs\":[\"https:\/\/www.facebook.com\/EDITIONHotels\"],\"description\":\"An unexpected and refreshing collection of individualized, customized, one-of-kind hotels that redefines the codes of traditional luxury.\",\"parentOrganization\":{\"@type\":\"Organization\",\"name\":\"Marriott International\",\"url\":\"https:\/\/www.marriott.com\/default.mi\"}}]}<\/script>\n<!-- \/ Yoast SEO plugin. -->","yoast_head_json":{"title":"The Miami Beach EDITION | Servicios y comodidades de lujo en Miami","description":"The Miami Beach EDITION ofrece servicios personalizados y una amplia variedad de comodidades, que incluyen un spa de servicio completo y restaurantes de Jean-Georges Vongerichten.","robots":{"index":"index","follow":"follow","max-snippet":"max-snippet:-1","max-image-preview":"max-image-preview:large","max-video-preview":"max-video-preview:-1"},"canonical":"https:\/\/www.editionhotels.com\/es\/miami-beach\/services-and-amenities\/","og_locale":"es_ES","og_type":"article","og_title":"The Miami Beach EDITION | Servicios y comodidades de lujo en Miami","og_description":"The Miami Beach EDITION ofrece servicios personalizados y una amplia variedad de comodidades, que incluyen un spa de servicio completo y restaurantes de Jean-Georges Vongerichten.","og_url":"https:\/\/www.editionhotels.com\/es\/miami-beach\/services-and-amenities\/","og_site_name":"EDITION Hotels","article_publisher":"https:\/\/www.facebook.com\/EDITIONHotels","article_modified_time":"2024-07-23T14:49:27+00:00","twitter_card":"summary_large_image","twitter_misc":{"Est. reading time":"2 minutes"},"schema":{"@context":"https:\/\/schema.org","@graph":[{"@type":"WebPage","@id":"https:\/\/www.editionhotels.com\/es\/miami-beach\/services-and-amenities\/","url":"https:\/\/www.editionhotels.com\/es\/miami-beach\/services-and-amenities\/","name":"The Miami Beach EDITION | Servicios y comodidades de lujo en Miami","isPartOf":{"@id":"https:\/\/www.editionhotels.com\/#website"},"datePublished":"2016-01-29T15:00:21+00:00","dateModified":"2024-07-23T14:49:27+00:00","description":"The Miami Beach EDITION ofrece servicios personalizados y una amplia variedad de comodidades, que incluyen un spa de servicio completo y restaurantes de Jean-Georges Vongerichten.","breadcrumb":{"@id":"https:\/\/www.editionhotels.com\/es\/miami-beach\/services-and-amenities\/#breadcrumb"},"inLanguage":"es-ee","potentialAction":[{"@type":"ReadAction","target":["https:\/\/www.editionhotels.com\/es\/miami-beach\/services-and-amenities\/"]}]},{"@type":"BreadcrumbList","@id":"https:\/\/www.editionhotels.com\/es\/miami-beach\/services-and-amenities\/#breadcrumb","itemListElement":[{"@type":"ListItem","position":1,"name":"Home","item":"https:\/\/www.editionhotels.com\/"},{"@type":"ListItem","position":2,"name":"Miami Beach","item":"https:\/\/www.editionhotels.com\/es\/miami-beach\/"},{"@type":"ListItem","position":3,"name":"Servicios y comodidades"}]},{"@type":"WebSite","@id":"https:\/\/www.editionhotels.com\/#website","url":"https:\/\/www.editionhotels.com\/","name":"EDITION Hotels","description":"A Unique Collection of Luxury Boutique Hotels","publisher":{"@id":"https:\/\/www.editionhotels.com\/#organization"},"potentialAction":[{"@type":"SearchAction","target":{"@type":"EntryPoint","urlTemplate":"https:\/\/www.editionhotels.com\/?s={search_term_string}"},"query-input":{"@type":"PropertyValueSpecification","valueRequired":true,"valueName":"search_term_string"}}],"inLanguage":"es-ee"},{"@type":"Organization","@id":"https:\/\/www.editionhotels.com\/#organization","name":"EDITION Hotels","url":"https:\/\/www.editionhotels.com\/","logo":{"@type":"ImageObject","inLanguage":"es-ee","@id":"https:\/\/www.editionhotels.com\/#\/schema\/logo\/image\/","url":"https:\/\/www.editionhotels.com\/wp-content\/uploads\/2016\/09\/edition-text-logo-black.png","contentUrl":"https:\/\/www.editionhotels.com\/wp-content\/uploads\/2016\/09\/edition-text-logo-black.png","width":1000,"height":185,"caption":"EDITION Hotels"},"image":{"@id":"https:\/\/www.editionhotels.com\/#\/schema\/logo\/image\/"},"sameAs":["https:\/\/www.facebook.com\/EDITIONHotels"],"description":"An unexpected and refreshing collection of individualized, customized, one-of-kind hotels that redefines the codes of traditional luxury.","parentOrganization":{"@type":"Organization","name":"Marriott International","url":"https:\/\/www.marriott.com\/default.mi"}}]}},"_links":{"self":[{"href":"https:\/\/www.editionhotels.com\/es\/wp-json\/wp\/v2\/pages\/22147","targetHints":{"allow":["GET"]}}],"collection":[{"href":"https:\/\/www.editionhotels.com\/es\/wp-json\/wp\/v2\/pages"}],"about":[{"href":"https:\/\/www.editionhotels.com\/es\/wp-json\/wp\/v2\/types\/page"}],"author":[{"embeddable":true,"href":"https:\/\/www.editionhotels.com\/es\/wp-json\/wp\/v2\/users\/21"}],"replies":[{"embeddable":true,"href":"https:\/\/www.editionhotels.com\/es\/wp-json\/wp\/v2\/comments?post=22147"}],"version-history":[{"count":0,"href":"https:\/\/www.editionhotels.com\/es\/wp-json\/wp\/v2\/pages\/22147\/revisions"}],"up":[{"embeddable":true,"href":"https:\/\/www.editionhotels.com\/es\/wp-json\/wp\/v2\/pages\/5369"}],"wp:attachment":[{"href":"https:\/\/www.editionhotels.com\/es\/wp-json\/wp\/v2\/media?parent=22147"}],"curies":[{"name":"wp","href":"https:\/\/api.w.org\/{rel}","templated":true}]}}