{"id":22162,"date":"2018-12-04T02:48:35","date_gmt":"2018-12-04T02:48:35","guid":{"rendered":"http:\/\/www.editionhotels.com\/barcelona\/services-amenities-2\/"},"modified":"2025-04-29T16:31:55","modified_gmt":"2025-04-29T16:31:55","slug":"services-amenities-2","status":"publish","type":"page","link":"https:\/\/www.editionhotels.com\/es\/barcelona\/services-amenities-2\/","title":{"rendered":"Servicios y comodidades"},"content":{"rendered":"<div class=\"info-section\">\n<div class=\"contact\">\n<h3 class=\"navigation-text\">Para m\u00e1s informaci\u00f3n<\/h3>\n<div class=\"info-detail\">\n<p>Tel\u00e9fono <a href=\"tel:+0034-93-626-33-30\">+0034 93 626 33 30<\/a> o\u00a0<a href=\"mailto:info.bcn@editionhotels.com\">info.bcn@editionhotels.com<\/a><\/p>\n<\/div>\n<\/div>\n<div class=\"share-link link\">Compartir<\/div>\n<\/div>\n<div class=\"services\">\n<div class=\"service-list\">\n<dl>\n<dt>SERVICIOS PARA HU\u00c9SPEDES<\/dt>\n<dd>\n<ul>\n<li>100 habitaciones y suites sofisticadas, que incluyen 2 penthouses con impresionante vista de la ciudad desde las terrazas privadas totalmente amuebladas.<\/li>\n<li>Bar y lounge en la azotea con piscina al aire libre e impresionante vista a la ciudad<\/li>\n<li>El restaurante Veraz sirve deliciosos desayunos y gastronom\u00eda basada en el producto<\/li>\n<li>Bar de c\u00f3cteles personalizados Punch Room<\/li>\n<li>Men\u00fas personalizados de banquetes para eventos privados, encuentros sociales, almuerzos, fiestas con cenas y reuniones de negocios<\/li>\n<li>Servicio a la habitaci\u00f3n las 24 horas<\/li>\n<li>Servicio de Concierge<\/li>\n<li>Servicio de limpieza de habitaciones dos veces al d\u00eda<\/li>\n<li>Servicio de lavander\u00eda, limpieza en seco y planchado<\/li>\n<li>SERVICIO DE LUSTRADO DE ZAPATOS<\/li>\n<li>Acceso WiFi de alta velocidad gratis en todo el hotel<\/li>\n<li>Uso gratis del gimnasio abierto las 24 horas<\/li>\n<li>Peri\u00f3dicos de su elecci\u00f3n entregados en la puerta de su habitaci\u00f3n (por solicitud)<\/li>\n<li>Servicio de personal para estacionar<\/li>\n<li>Personal multiling\u00fce<\/li>\n<\/ul>\n<\/dd>\n<\/dl>\n<\/div>\n<div class=\"service-list\">\n<dl>\n<dt>PISCINA<\/dt>\n<dd>\n<ul>\n<li>Piscina profunda urbana al aire libre con vista panor\u00e1mica ubicada en la azotea, abierto de 11:00h a 20:00h<\/li>\n<\/ul>\n<\/dd>\n<\/dl>\n<\/div>\n<div class=\"service-list\">\n<dl>\n<dt>Gimnasio<\/dt>\n<dd>\n<ul>\n<li>Gimnasio con equipo de vanguardia con m\u00e1quinas de entrenamiento cardiovascular y televisor con pantalla plana personal<\/li>\n<li>Pesas<\/li>\n<li>Zona de estiramientos<\/li>\n<li>Toallas y agua gratis<\/li>\n<li>Abierto las 24 horas del d\u00eda<\/li>\n<\/ul>\n<\/dd>\n<\/dl>\n<\/div>\n<div class=\"service-list\">\n<dl>\n<dt>NI\u00d1OS Y FAMILIA<\/dt>\n<dd>\n<ul>\n<li>Disponemos de varias habitaciones y suites comunicadas, ideales para una escapada \u00fanica en familia en el coraz\u00f3n de Barcelona.<\/li>\n<li>Habitaciones comunicadas para hasta 8 hu\u00e9spedes, confirmadas en el momento de la reserva; es posible ocupar todo el piso si se pide con antelaci\u00f3n.<\/li>\n<li>Para obtener m\u00e1s informaci\u00f3n, comun\u00edcate con nuestro equipo al +34 93 626 33 30 o al correo electr\u00f3nico en\u00a0<a href=\"mailto:Reservations.bcn@editionhotels.com\">reservas.bcn@editionhotels.com<\/a><\/li>\n<\/ul>\n<\/dd>\n<\/dl>\n<\/div>\n<div class=\"service-list\">\n<dl>\n<dt>INSTALACIONES PARA PERSONAS CON NECESIDADES ESPECIALES<\/dt>\n<dd>\n<ul>\n<li>Instalaciones para personas con necesidades especiales de movilidad disponibles en algunos tipos de habitaci\u00f3n<\/li>\n<li>Puede consultar informaci\u00f3n adicional sobre instalaciones para personas con necesidades especiales <a href=\"https:\/\/www.marriott.com\/hotels\/fact-sheet\/travel\/bcneb-the-barcelona-edition\/#accessibility\" target=\"_blank\" rel=\"noopener noreferrer\">aqu\u00ed<\/a><\/li>\n<\/ul>\n<\/dd>\n<\/dl>\n<dl>\n<dt>RECREACI\u00d3N<\/dt>\n<dd>\n<ul>\n<li>El hotel se encuentra a pocos pasos de m\u00e1s de 15 lugares de inter\u00e9s emblem\u00e1ticos e hist\u00f3ricos de Barcelona, \u200b\u200bde modo que no es necesario usar transporte para descubrir los secretos mejor guardados de Barcelona, adem\u00e1s de restaurantes y tiendas.<\/li>\n<\/ul>\n<\/dd>\n<\/dl>\n<\/div>\n<\/div>\n","protected":false},"excerpt":{"rendered":"<p>Para m\u00e1s informaci\u00f3n Tel\u00e9fono +0034 93 626 33 30 o\u00a0info.bcn@editionhotels.com Compartir SERVICIOS PARA HU\u00c9SPEDES 100 habitaciones y suites sofisticadas, que incluyen 2 penthouses con impresionante vista de la ciudad desde [&hellip;]<\/p>\n","protected":false},"author":45,"featured_media":0,"parent":4818,"menu_order":413,"comment_status":"closed","ping_status":"closed","template":"templates\/page-services.php","meta":{"_acf_changed":false,"footnotes":""},"class_list":["post-22162","page","type-page","status-publish","hentry"],"acf":[],"yoast_head":"<!-- This site is optimized with the Yoast SEO plugin v27.0 - https:\/\/yoast.com\/product\/yoast-seo-wordpress\/ -->\n<title>The Barcelona EDITION | Alojamiento de lujo en Barcelona, Espa\u00f1a<\/title>\n<meta name=\"description\" content=\"The Barcelona EDITION es un hotel estilo boutique en Barcelona, Espa\u00f1a, que ofrece alojamientos elegantes, comodidades de lujo y una ubicaci\u00f3n excepcional en el centro de la ciudad.\" \/>\n<meta name=\"robots\" content=\"index, follow, max-snippet:-1, max-image-preview:large, max-video-preview:-1\" \/>\n<link rel=\"canonical\" href=\"https:\/\/www.editionhotels.com\/es\/barcelona\/services-amenities-2\/\" \/>\n<meta property=\"og:locale\" content=\"es_ES\" \/>\n<meta property=\"og:type\" content=\"article\" \/>\n<meta property=\"og:title\" content=\"The Barcelona EDITION | Alojamiento de lujo en Barcelona, Espa\u00f1a\" \/>\n<meta property=\"og:description\" content=\"The Barcelona EDITION es un hotel estilo boutique en Barcelona, Espa\u00f1a, que ofrece alojamientos elegantes, comodidades de lujo y una ubicaci\u00f3n excepcional en el centro de la ciudad.\" \/>\n<meta property=\"og:url\" content=\"https:\/\/www.editionhotels.com\/es\/barcelona\/services-amenities-2\/\" \/>\n<meta property=\"og:site_name\" content=\"EDITION Hotels\" \/>\n<meta property=\"article:publisher\" content=\"https:\/\/www.facebook.com\/EDITIONHotels\" \/>\n<meta property=\"article:modified_time\" content=\"2025-04-29T16:31:55+00:00\" \/>\n<meta name=\"twitter:card\" content=\"summary_large_image\" \/>\n<meta name=\"twitter:label1\" content=\"Est. reading time\" \/>\n\t<meta name=\"twitter:data1\" content=\"2 minutes\" \/>\n<script type=\"application\/ld+json\" class=\"yoast-schema-graph\">{\"@context\":\"https:\/\/schema.org\",\"@graph\":[{\"@type\":\"WebPage\",\"@id\":\"https:\/\/www.editionhotels.com\/es\/barcelona\/services-amenities-2\/\",\"url\":\"https:\/\/www.editionhotels.com\/es\/barcelona\/services-amenities-2\/\",\"name\":\"The Barcelona EDITION | Alojamiento de lujo en Barcelona, Espa\u00f1a\",\"isPartOf\":{\"@id\":\"https:\/\/www.editionhotels.com\/#website\"},\"datePublished\":\"2018-12-04T02:48:35+00:00\",\"dateModified\":\"2025-04-29T16:31:55+00:00\",\"description\":\"The Barcelona EDITION es un hotel estilo boutique en Barcelona, Espa\u00f1a, que ofrece alojamientos elegantes, comodidades de lujo y una ubicaci\u00f3n excepcional en el centro de la ciudad.\",\"breadcrumb\":{\"@id\":\"https:\/\/www.editionhotels.com\/es\/barcelona\/services-amenities-2\/#breadcrumb\"},\"inLanguage\":\"es-ee\",\"potentialAction\":[{\"@type\":\"ReadAction\",\"target\":[\"https:\/\/www.editionhotels.com\/es\/barcelona\/services-amenities-2\/\"]}]},{\"@type\":\"BreadcrumbList\",\"@id\":\"https:\/\/www.editionhotels.com\/es\/barcelona\/services-amenities-2\/#breadcrumb\",\"itemListElement\":[{\"@type\":\"ListItem\",\"position\":1,\"name\":\"Home\",\"item\":\"https:\/\/www.editionhotels.com\/\"},{\"@type\":\"ListItem\",\"position\":2,\"name\":\"Barcelona\",\"item\":\"https:\/\/www.editionhotels.com\/es\/barcelona\/\"},{\"@type\":\"ListItem\",\"position\":3,\"name\":\"Servicios y comodidades\"}]},{\"@type\":\"WebSite\",\"@id\":\"https:\/\/www.editionhotels.com\/#website\",\"url\":\"https:\/\/www.editionhotels.com\/\",\"name\":\"EDITION Hotels\",\"description\":\"A Unique Collection of Luxury Boutique Hotels\",\"publisher\":{\"@id\":\"https:\/\/www.editionhotels.com\/#organization\"},\"potentialAction\":[{\"@type\":\"SearchAction\",\"target\":{\"@type\":\"EntryPoint\",\"urlTemplate\":\"https:\/\/www.editionhotels.com\/?s={search_term_string}\"},\"query-input\":{\"@type\":\"PropertyValueSpecification\",\"valueRequired\":true,\"valueName\":\"search_term_string\"}}],\"inLanguage\":\"es-ee\"},{\"@type\":\"Organization\",\"@id\":\"https:\/\/www.editionhotels.com\/#organization\",\"name\":\"EDITION Hotels\",\"url\":\"https:\/\/www.editionhotels.com\/\",\"logo\":{\"@type\":\"ImageObject\",\"inLanguage\":\"es-ee\",\"@id\":\"https:\/\/www.editionhotels.com\/#\/schema\/logo\/image\/\",\"url\":\"https:\/\/www.editionhotels.com\/wp-content\/uploads\/2016\/09\/edition-text-logo-black.png\",\"contentUrl\":\"https:\/\/www.editionhotels.com\/wp-content\/uploads\/2016\/09\/edition-text-logo-black.png\",\"width\":1000,\"height\":185,\"caption\":\"EDITION Hotels\"},\"image\":{\"@id\":\"https:\/\/www.editionhotels.com\/#\/schema\/logo\/image\/\"},\"sameAs\":[\"https:\/\/www.facebook.com\/EDITIONHotels\"],\"description\":\"An unexpected and refreshing collection of individualized, customized, one-of-kind hotels that redefines the codes of traditional luxury.\",\"parentOrganization\":{\"@type\":\"Organization\",\"name\":\"Marriott International\",\"url\":\"https:\/\/www.marriott.com\/default.mi\"}}]}<\/script>\n<!-- \/ Yoast SEO plugin. -->","yoast_head_json":{"title":"The Barcelona EDITION | Alojamiento de lujo en Barcelona, Espa\u00f1a","description":"The Barcelona EDITION es un hotel estilo boutique en Barcelona, Espa\u00f1a, que ofrece alojamientos elegantes, comodidades de lujo y una ubicaci\u00f3n excepcional en el centro de la ciudad.","robots":{"index":"index","follow":"follow","max-snippet":"max-snippet:-1","max-image-preview":"max-image-preview:large","max-video-preview":"max-video-preview:-1"},"canonical":"https:\/\/www.editionhotels.com\/es\/barcelona\/services-amenities-2\/","og_locale":"es_ES","og_type":"article","og_title":"The Barcelona EDITION | Alojamiento de lujo en Barcelona, Espa\u00f1a","og_description":"The Barcelona EDITION es un hotel estilo boutique en Barcelona, Espa\u00f1a, que ofrece alojamientos elegantes, comodidades de lujo y una ubicaci\u00f3n excepcional en el centro de la ciudad.","og_url":"https:\/\/www.editionhotels.com\/es\/barcelona\/services-amenities-2\/","og_site_name":"EDITION Hotels","article_publisher":"https:\/\/www.facebook.com\/EDITIONHotels","article_modified_time":"2025-04-29T16:31:55+00:00","twitter_card":"summary_large_image","twitter_misc":{"Est. reading time":"2 minutes"},"schema":{"@context":"https:\/\/schema.org","@graph":[{"@type":"WebPage","@id":"https:\/\/www.editionhotels.com\/es\/barcelona\/services-amenities-2\/","url":"https:\/\/www.editionhotels.com\/es\/barcelona\/services-amenities-2\/","name":"The Barcelona EDITION | Alojamiento de lujo en Barcelona, Espa\u00f1a","isPartOf":{"@id":"https:\/\/www.editionhotels.com\/#website"},"datePublished":"2018-12-04T02:48:35+00:00","dateModified":"2025-04-29T16:31:55+00:00","description":"The Barcelona EDITION es un hotel estilo boutique en Barcelona, Espa\u00f1a, que ofrece alojamientos elegantes, comodidades de lujo y una ubicaci\u00f3n excepcional en el centro de la ciudad.","breadcrumb":{"@id":"https:\/\/www.editionhotels.com\/es\/barcelona\/services-amenities-2\/#breadcrumb"},"inLanguage":"es-ee","potentialAction":[{"@type":"ReadAction","target":["https:\/\/www.editionhotels.com\/es\/barcelona\/services-amenities-2\/"]}]},{"@type":"BreadcrumbList","@id":"https:\/\/www.editionhotels.com\/es\/barcelona\/services-amenities-2\/#breadcrumb","itemListElement":[{"@type":"ListItem","position":1,"name":"Home","item":"https:\/\/www.editionhotels.com\/"},{"@type":"ListItem","position":2,"name":"Barcelona","item":"https:\/\/www.editionhotels.com\/es\/barcelona\/"},{"@type":"ListItem","position":3,"name":"Servicios y comodidades"}]},{"@type":"WebSite","@id":"https:\/\/www.editionhotels.com\/#website","url":"https:\/\/www.editionhotels.com\/","name":"EDITION Hotels","description":"A Unique Collection of Luxury Boutique Hotels","publisher":{"@id":"https:\/\/www.editionhotels.com\/#organization"},"potentialAction":[{"@type":"SearchAction","target":{"@type":"EntryPoint","urlTemplate":"https:\/\/www.editionhotels.com\/?s={search_term_string}"},"query-input":{"@type":"PropertyValueSpecification","valueRequired":true,"valueName":"search_term_string"}}],"inLanguage":"es-ee"},{"@type":"Organization","@id":"https:\/\/www.editionhotels.com\/#organization","name":"EDITION Hotels","url":"https:\/\/www.editionhotels.com\/","logo":{"@type":"ImageObject","inLanguage":"es-ee","@id":"https:\/\/www.editionhotels.com\/#\/schema\/logo\/image\/","url":"https:\/\/www.editionhotels.com\/wp-content\/uploads\/2016\/09\/edition-text-logo-black.png","contentUrl":"https:\/\/www.editionhotels.com\/wp-content\/uploads\/2016\/09\/edition-text-logo-black.png","width":1000,"height":185,"caption":"EDITION Hotels"},"image":{"@id":"https:\/\/www.editionhotels.com\/#\/schema\/logo\/image\/"},"sameAs":["https:\/\/www.facebook.com\/EDITIONHotels"],"description":"An unexpected and refreshing collection of individualized, customized, one-of-kind hotels that redefines the codes of traditional luxury.","parentOrganization":{"@type":"Organization","name":"Marriott International","url":"https:\/\/www.marriott.com\/default.mi"}}]}},"_links":{"self":[{"href":"https:\/\/www.editionhotels.com\/es\/wp-json\/wp\/v2\/pages\/22162","targetHints":{"allow":["GET"]}}],"collection":[{"href":"https:\/\/www.editionhotels.com\/es\/wp-json\/wp\/v2\/pages"}],"about":[{"href":"https:\/\/www.editionhotels.com\/es\/wp-json\/wp\/v2\/types\/page"}],"author":[{"embeddable":true,"href":"https:\/\/www.editionhotels.com\/es\/wp-json\/wp\/v2\/users\/45"}],"replies":[{"embeddable":true,"href":"https:\/\/www.editionhotels.com\/es\/wp-json\/wp\/v2\/comments?post=22162"}],"version-history":[{"count":0,"href":"https:\/\/www.editionhotels.com\/es\/wp-json\/wp\/v2\/pages\/22162\/revisions"}],"up":[{"embeddable":true,"href":"https:\/\/www.editionhotels.com\/es\/wp-json\/wp\/v2\/pages\/4818"}],"wp:attachment":[{"href":"https:\/\/www.editionhotels.com\/es\/wp-json\/wp\/v2\/media?parent=22162"}],"curies":[{"name":"wp","href":"https:\/\/api.w.org\/{rel}","templated":true}]}}