{"id":22165,"date":"2018-09-28T23:09:59","date_gmt":"2018-09-28T23:09:59","guid":{"rendered":"http:\/\/www.editionhotels.com\/barcelona\/home-away-from-home\/"},"modified":"2020-08-26T02:31:12","modified_gmt":"2020-08-26T02:31:12","slug":"home-away-from-home","status":"publish","type":"page","link":"https:\/\/www.editionhotels.com\/es\/barcelona\/home-away-from-home\/","title":{"rendered":"TU HOGAR LEJOS DE CASA"},"content":{"rendered":"<p class=\"p1\">Cada una de las 100 habitaciones est\u00e1 adornada con paneles de nogal que evocan las contraventanas que dominan las<span class=\"Apple-converted-space\">\u00a0 <\/span>estrechas fachadas de las calles del casco antiguo y suelos de parquet de roble blanqueado en forma de espiga. Nuestras habitaciones y suites son sofisticadas y c\u00e1lidas, con mobiliario exclusivamente dise\u00f1ado para el hotel de la mano de L\u00e1zaro Rosa-Viol\u00e1n, compuesto por piezas \u00fanicas hechas a medida como los cabeceros artesanales de cuero espa\u00f1ol repujado. Las telas que visten la habitaci\u00f3n y la lencer\u00eda de alta gama italiana han sido cuidadosamente seleccionadas para que nuestros hu\u00e9spedes se sientan en casa. La sensaci\u00f3n de calma se extiende a nuestros ba\u00f1os de m\u00e1rmol blanco Sivec presididos por nuestro ic\u00f3nico espejo dorado, una pieza inconfundible de The Barcelona EDITION. Las suites y los impresionantes \u00e1ticos marcan la pauta del lujo en Barcelona \u200b\u200by ofrecen unas vistas panor\u00e1micas impresionantes. Las suites penthouse del \u00e1tico disponen de magn\u00edficas terrazas mediterr\u00e1neas privadas totalmente equipadas para relajarse bajo el sol de la Cuidad Condal o disfrutar de una agradable cena con vistas al mar de tejados del coraz\u00f3n de Barcelona.<\/p>\n","protected":false},"excerpt":{"rendered":"<p>Cada una de las 100 habitaciones est\u00e1 adornada con paneles de nogal que evocan las contraventanas que dominan las\u00a0 estrechas fachadas de las calles del casco antiguo y suelos de [&hellip;]<\/p>\n","protected":false},"author":45,"featured_media":10616,"parent":4818,"menu_order":420,"comment_status":"closed","ping_status":"closed","template":"","meta":{"_acf_changed":false,"footnotes":""},"class_list":["post-22165","page","type-page","status-publish","has-post-thumbnail","hentry"],"acf":[],"yoast_head":"<!-- This site is optimized with the Yoast SEO plugin v27.0 - https:\/\/yoast.com\/product\/yoast-seo-wordpress\/ -->\n<title>TU HOGAR LEJOS DE CASA | EDITION Hotels<\/title>\n<meta name=\"robots\" content=\"index, follow, max-snippet:-1, max-image-preview:large, max-video-preview:-1\" \/>\n<link rel=\"canonical\" href=\"https:\/\/www.editionhotels.com\/es\/barcelona\/home-away-from-home\/\" \/>\n<meta property=\"og:locale\" content=\"es_ES\" \/>\n<meta property=\"og:type\" content=\"article\" \/>\n<meta property=\"og:title\" content=\"TU HOGAR LEJOS DE CASA | EDITION Hotels\" \/>\n<meta property=\"og:description\" content=\"Cada una de las 100 habitaciones est\u00e1 adornada con paneles de nogal que evocan las contraventanas que dominan las\u00a0 estrechas fachadas de las calles del casco antiguo y suelos de [&hellip;]\" \/>\n<meta property=\"og:url\" content=\"https:\/\/www.editionhotels.com\/es\/barcelona\/home-away-from-home\/\" \/>\n<meta property=\"og:site_name\" content=\"EDITION Hotels\" \/>\n<meta property=\"article:publisher\" content=\"https:\/\/www.facebook.com\/EDITIONHotels\" \/>\n<meta property=\"article:modified_time\" content=\"2020-08-26T02:31:12+00:00\" \/>\n<meta property=\"og:image\" content=\"https:\/\/www.editionhotels.com\/wp-content\/uploads\/2018\/09\/EDT_BCN2_04_RGB_V3.jpg\" \/>\n\t<meta property=\"og:image:width\" content=\"1867\" \/>\n\t<meta property=\"og:image:height\" content=\"1327\" \/>\n\t<meta property=\"og:image:type\" content=\"image\/jpeg\" \/>\n<meta name=\"twitter:card\" content=\"summary_large_image\" \/>\n<meta name=\"twitter:label1\" content=\"Est. reading time\" \/>\n\t<meta name=\"twitter:data1\" content=\"1 minute\" \/>\n<script type=\"application\/ld+json\" class=\"yoast-schema-graph\">{\"@context\":\"https:\/\/schema.org\",\"@graph\":[{\"@type\":\"WebPage\",\"@id\":\"https:\/\/www.editionhotels.com\/es\/barcelona\/home-away-from-home\/\",\"url\":\"https:\/\/www.editionhotels.com\/es\/barcelona\/home-away-from-home\/\",\"name\":\"TU HOGAR LEJOS DE CASA | EDITION Hotels\",\"isPartOf\":{\"@id\":\"https:\/\/www.editionhotels.com\/#website\"},\"primaryImageOfPage\":{\"@id\":\"https:\/\/www.editionhotels.com\/es\/barcelona\/home-away-from-home\/#primaryimage\"},\"image\":{\"@id\":\"https:\/\/www.editionhotels.com\/es\/barcelona\/home-away-from-home\/#primaryimage\"},\"thumbnailUrl\":\"https:\/\/www.editionhotels.com\/wp-content\/uploads\/2018\/09\/EDT_BCN2_04_RGB_V3.jpg\",\"datePublished\":\"2018-09-28T23:09:59+00:00\",\"dateModified\":\"2020-08-26T02:31:12+00:00\",\"breadcrumb\":{\"@id\":\"https:\/\/www.editionhotels.com\/es\/barcelona\/home-away-from-home\/#breadcrumb\"},\"inLanguage\":\"es-ee\",\"potentialAction\":[{\"@type\":\"ReadAction\",\"target\":[\"https:\/\/www.editionhotels.com\/es\/barcelona\/home-away-from-home\/\"]}]},{\"@type\":\"ImageObject\",\"inLanguage\":\"es-ee\",\"@id\":\"https:\/\/www.editionhotels.com\/es\/barcelona\/home-away-from-home\/#primaryimage\",\"url\":\"https:\/\/www.editionhotels.com\/wp-content\/uploads\/2018\/09\/EDT_BCN2_04_RGB_V3.jpg\",\"contentUrl\":\"https:\/\/www.editionhotels.com\/wp-content\/uploads\/2018\/09\/EDT_BCN2_04_RGB_V3.jpg\",\"width\":1867,\"height\":1327,\"caption\":\"The Loft Suite adds a bit more space with its view\"},{\"@type\":\"BreadcrumbList\",\"@id\":\"https:\/\/www.editionhotels.com\/es\/barcelona\/home-away-from-home\/#breadcrumb\",\"itemListElement\":[{\"@type\":\"ListItem\",\"position\":1,\"name\":\"Home\",\"item\":\"https:\/\/www.editionhotels.com\/\"},{\"@type\":\"ListItem\",\"position\":2,\"name\":\"Barcelona\",\"item\":\"https:\/\/www.editionhotels.com\/es\/barcelona\/\"},{\"@type\":\"ListItem\",\"position\":3,\"name\":\"TU HOGAR LEJOS DE CASA\"}]},{\"@type\":\"WebSite\",\"@id\":\"https:\/\/www.editionhotels.com\/#website\",\"url\":\"https:\/\/www.editionhotels.com\/\",\"name\":\"EDITION Hotels\",\"description\":\"A Unique Collection of Luxury Boutique Hotels\",\"publisher\":{\"@id\":\"https:\/\/www.editionhotels.com\/#organization\"},\"potentialAction\":[{\"@type\":\"SearchAction\",\"target\":{\"@type\":\"EntryPoint\",\"urlTemplate\":\"https:\/\/www.editionhotels.com\/?s={search_term_string}\"},\"query-input\":{\"@type\":\"PropertyValueSpecification\",\"valueRequired\":true,\"valueName\":\"search_term_string\"}}],\"inLanguage\":\"es-ee\"},{\"@type\":\"Organization\",\"@id\":\"https:\/\/www.editionhotels.com\/#organization\",\"name\":\"EDITION Hotels\",\"url\":\"https:\/\/www.editionhotels.com\/\",\"logo\":{\"@type\":\"ImageObject\",\"inLanguage\":\"es-ee\",\"@id\":\"https:\/\/www.editionhotels.com\/#\/schema\/logo\/image\/\",\"url\":\"https:\/\/www.editionhotels.com\/wp-content\/uploads\/2016\/09\/edition-text-logo-black.png\",\"contentUrl\":\"https:\/\/www.editionhotels.com\/wp-content\/uploads\/2016\/09\/edition-text-logo-black.png\",\"width\":1000,\"height\":185,\"caption\":\"EDITION Hotels\"},\"image\":{\"@id\":\"https:\/\/www.editionhotels.com\/#\/schema\/logo\/image\/\"},\"sameAs\":[\"https:\/\/www.facebook.com\/EDITIONHotels\"],\"description\":\"An unexpected and refreshing collection of individualized, customized, one-of-kind hotels that redefines the codes of traditional luxury.\",\"parentOrganization\":{\"@type\":\"Organization\",\"name\":\"Marriott International\",\"url\":\"https:\/\/www.marriott.com\/default.mi\"}}]}<\/script>\n<!-- \/ Yoast SEO plugin. -->","yoast_head_json":{"title":"TU HOGAR LEJOS DE CASA | EDITION Hotels","robots":{"index":"index","follow":"follow","max-snippet":"max-snippet:-1","max-image-preview":"max-image-preview:large","max-video-preview":"max-video-preview:-1"},"canonical":"https:\/\/www.editionhotels.com\/es\/barcelona\/home-away-from-home\/","og_locale":"es_ES","og_type":"article","og_title":"TU HOGAR LEJOS DE CASA | EDITION Hotels","og_description":"Cada una de las 100 habitaciones est\u00e1 adornada con paneles de nogal que evocan las contraventanas que dominan las\u00a0 estrechas fachadas de las calles del casco antiguo y suelos de [&hellip;]","og_url":"https:\/\/www.editionhotels.com\/es\/barcelona\/home-away-from-home\/","og_site_name":"EDITION Hotels","article_publisher":"https:\/\/www.facebook.com\/EDITIONHotels","article_modified_time":"2020-08-26T02:31:12+00:00","og_image":[{"width":1867,"height":1327,"url":"https:\/\/www.editionhotels.com\/wp-content\/uploads\/2018\/09\/EDT_BCN2_04_RGB_V3.jpg","type":"image\/jpeg"}],"twitter_card":"summary_large_image","twitter_misc":{"Est. reading time":"1 minute"},"schema":{"@context":"https:\/\/schema.org","@graph":[{"@type":"WebPage","@id":"https:\/\/www.editionhotels.com\/es\/barcelona\/home-away-from-home\/","url":"https:\/\/www.editionhotels.com\/es\/barcelona\/home-away-from-home\/","name":"TU HOGAR LEJOS DE CASA | EDITION Hotels","isPartOf":{"@id":"https:\/\/www.editionhotels.com\/#website"},"primaryImageOfPage":{"@id":"https:\/\/www.editionhotels.com\/es\/barcelona\/home-away-from-home\/#primaryimage"},"image":{"@id":"https:\/\/www.editionhotels.com\/es\/barcelona\/home-away-from-home\/#primaryimage"},"thumbnailUrl":"https:\/\/www.editionhotels.com\/wp-content\/uploads\/2018\/09\/EDT_BCN2_04_RGB_V3.jpg","datePublished":"2018-09-28T23:09:59+00:00","dateModified":"2020-08-26T02:31:12+00:00","breadcrumb":{"@id":"https:\/\/www.editionhotels.com\/es\/barcelona\/home-away-from-home\/#breadcrumb"},"inLanguage":"es-ee","potentialAction":[{"@type":"ReadAction","target":["https:\/\/www.editionhotels.com\/es\/barcelona\/home-away-from-home\/"]}]},{"@type":"ImageObject","inLanguage":"es-ee","@id":"https:\/\/www.editionhotels.com\/es\/barcelona\/home-away-from-home\/#primaryimage","url":"https:\/\/www.editionhotels.com\/wp-content\/uploads\/2018\/09\/EDT_BCN2_04_RGB_V3.jpg","contentUrl":"https:\/\/www.editionhotels.com\/wp-content\/uploads\/2018\/09\/EDT_BCN2_04_RGB_V3.jpg","width":1867,"height":1327,"caption":"The Loft Suite adds a bit more space with its view"},{"@type":"BreadcrumbList","@id":"https:\/\/www.editionhotels.com\/es\/barcelona\/home-away-from-home\/#breadcrumb","itemListElement":[{"@type":"ListItem","position":1,"name":"Home","item":"https:\/\/www.editionhotels.com\/"},{"@type":"ListItem","position":2,"name":"Barcelona","item":"https:\/\/www.editionhotels.com\/es\/barcelona\/"},{"@type":"ListItem","position":3,"name":"TU HOGAR LEJOS DE CASA"}]},{"@type":"WebSite","@id":"https:\/\/www.editionhotels.com\/#website","url":"https:\/\/www.editionhotels.com\/","name":"EDITION Hotels","description":"A Unique Collection of Luxury Boutique Hotels","publisher":{"@id":"https:\/\/www.editionhotels.com\/#organization"},"potentialAction":[{"@type":"SearchAction","target":{"@type":"EntryPoint","urlTemplate":"https:\/\/www.editionhotels.com\/?s={search_term_string}"},"query-input":{"@type":"PropertyValueSpecification","valueRequired":true,"valueName":"search_term_string"}}],"inLanguage":"es-ee"},{"@type":"Organization","@id":"https:\/\/www.editionhotels.com\/#organization","name":"EDITION Hotels","url":"https:\/\/www.editionhotels.com\/","logo":{"@type":"ImageObject","inLanguage":"es-ee","@id":"https:\/\/www.editionhotels.com\/#\/schema\/logo\/image\/","url":"https:\/\/www.editionhotels.com\/wp-content\/uploads\/2016\/09\/edition-text-logo-black.png","contentUrl":"https:\/\/www.editionhotels.com\/wp-content\/uploads\/2016\/09\/edition-text-logo-black.png","width":1000,"height":185,"caption":"EDITION Hotels"},"image":{"@id":"https:\/\/www.editionhotels.com\/#\/schema\/logo\/image\/"},"sameAs":["https:\/\/www.facebook.com\/EDITIONHotels"],"description":"An unexpected and refreshing collection of individualized, customized, one-of-kind hotels that redefines the codes of traditional luxury.","parentOrganization":{"@type":"Organization","name":"Marriott International","url":"https:\/\/www.marriott.com\/default.mi"}}]}},"_links":{"self":[{"href":"https:\/\/www.editionhotels.com\/es\/wp-json\/wp\/v2\/pages\/22165","targetHints":{"allow":["GET"]}}],"collection":[{"href":"https:\/\/www.editionhotels.com\/es\/wp-json\/wp\/v2\/pages"}],"about":[{"href":"https:\/\/www.editionhotels.com\/es\/wp-json\/wp\/v2\/types\/page"}],"author":[{"embeddable":true,"href":"https:\/\/www.editionhotels.com\/es\/wp-json\/wp\/v2\/users\/45"}],"replies":[{"embeddable":true,"href":"https:\/\/www.editionhotels.com\/es\/wp-json\/wp\/v2\/comments?post=22165"}],"version-history":[{"count":0,"href":"https:\/\/www.editionhotels.com\/es\/wp-json\/wp\/v2\/pages\/22165\/revisions"}],"up":[{"embeddable":true,"href":"https:\/\/www.editionhotels.com\/es\/wp-json\/wp\/v2\/pages\/4818"}],"wp:featuredmedia":[{"embeddable":true,"href":"https:\/\/www.editionhotels.com\/es\/wp-json\/wp\/v2\/media\/10616"}],"wp:attachment":[{"href":"https:\/\/www.editionhotels.com\/es\/wp-json\/wp\/v2\/media?parent=22165"}],"curies":[{"name":"wp","href":"https:\/\/api.w.org\/{rel}","templated":true}]}}