{"id":22202,"date":"2018-05-15T21:13:25","date_gmt":"2018-05-15T21:13:25","guid":{"rendered":"http:\/\/www.editionhotels.com\/bodrum\/getting-here\/from-milas-airport\/"},"modified":"2024-08-22T22:37:15","modified_gmt":"2024-08-22T22:37:15","slug":"from-milas-airport","status":"publish","type":"page","link":"https:\/\/www.editionhotels.com\/es\/bodrum\/getting-here\/from-milas-airport\/","title":{"rendered":"Desde el aeropuerto de Milas"},"content":{"rendered":"<h2><strong>Desde el aeropuerto de Milas<\/strong><\/h2>\n<p><em>Private Car:<\/em><\/p>\n<p>Transportation with a sophisticated touch; the cost of a private car to\/from Bodrum\/Milas Airport (BJV) is one way \u20ac150 + %18 VAT, up to 4 people for Mercedes Vito or \u20ac180 + %18 VAT, up to 2 people for BMW IX or \u20ac185 + %18 VAT up to 8 people for Mercedes Sprinter and take approximately forty-five minutes of travel time. A private car can be arranged by the hotel concierge by calling +90 252 311 3131 prior to your arrival\/departure.<\/p>\n<p><em>Taxi:<\/em><\/p>\n<p>Taxis are available at the airport on a first-come, first-served basis. This will cost you approximately \u20ac30 each way and will take approximately forty-five minutes of travel time. Tips and tolls may be additional.<\/p>\n<p><em>Driving:<\/em><\/p>\n<p>Start out going from Milas-Bodrum Havaalan\u0131 to Mu\u011fla Bodrum Yolu \/ D330 in Akyol Mahallesi. Follow north towards the entrance. Take the 4th exit from the roundabout to Milas Bodrum Havaalan\u0131 \u00c7\u0131k\u0131\u015f\u0131. Continue on the right and exit onto Mu\u011fla Bodrum Yolu \/ D330. Follow to R\u0131za Anter Caddesi and enter Mugla Bodrum Yolu \/ D330. Continue to follow Mugla Bodrum Yolu \/ D330 and exit R\u0131za Anter Caddesi. Take the In\u00f6n\u00fc Caddesi and turn right onto Frank Azma\u011f\u0131 Caddesi. Turn left to take Beykoz Caddesi and continue to follow. Turn right onto Balyek Caddesi. Hotel is on the right.<\/p>\n<p><em>Parking:<\/em><\/p>\n<p>Parking service is free of charge.<\/p>\n","protected":false},"excerpt":{"rendered":"<p>Desde el aeropuerto de Milas Private Car: Transportation with a sophisticated touch; the cost of a private car to\/from Bodrum\/Milas Airport (BJV) is one way \u20ac150 + %18 VAT, up [&hellip;]<\/p>\n","protected":false},"author":45,"featured_media":0,"parent":22201,"menu_order":515,"comment_status":"closed","ping_status":"closed","template":"","meta":{"_acf_changed":false,"footnotes":""},"class_list":["post-22202","page","type-page","status-publish","hentry"],"acf":[],"yoast_head":"<!-- This site is optimized with the Yoast SEO plugin v27.0 - https:\/\/yoast.com\/product\/yoast-seo-wordpress\/ -->\n<title>Desde el aeropuerto de Milas | EDITION Hotels<\/title>\n<meta name=\"robots\" content=\"index, follow, max-snippet:-1, max-image-preview:large, max-video-preview:-1\" \/>\n<link rel=\"canonical\" href=\"https:\/\/www.editionhotels.com\/es\/bodrum\/getting-here\/from-milas-airport\/\" \/>\n<meta property=\"og:locale\" content=\"es_ES\" \/>\n<meta property=\"og:type\" content=\"article\" \/>\n<meta property=\"og:title\" content=\"Desde el aeropuerto de Milas | EDITION Hotels\" \/>\n<meta property=\"og:description\" content=\"Desde el aeropuerto de Milas Private Car: Transportation with a sophisticated touch; the cost of a private car to\/from Bodrum\/Milas Airport (BJV) is one way \u20ac150 + %18 VAT, up [&hellip;]\" \/>\n<meta property=\"og:url\" content=\"https:\/\/www.editionhotels.com\/es\/bodrum\/getting-here\/from-milas-airport\/\" \/>\n<meta property=\"og:site_name\" content=\"EDITION Hotels\" \/>\n<meta property=\"article:publisher\" content=\"https:\/\/www.facebook.com\/EDITIONHotels\" \/>\n<meta property=\"article:modified_time\" content=\"2024-08-22T22:37:15+00:00\" \/>\n<meta name=\"twitter:card\" content=\"summary_large_image\" \/>\n<meta name=\"twitter:label1\" content=\"Est. reading time\" \/>\n\t<meta name=\"twitter:data1\" content=\"1 minute\" \/>\n<script type=\"application\/ld+json\" class=\"yoast-schema-graph\">{\"@context\":\"https:\/\/schema.org\",\"@graph\":[{\"@type\":\"WebPage\",\"@id\":\"https:\/\/www.editionhotels.com\/es\/bodrum\/getting-here\/from-milas-airport\/\",\"url\":\"https:\/\/www.editionhotels.com\/es\/bodrum\/getting-here\/from-milas-airport\/\",\"name\":\"Desde el aeropuerto de Milas | EDITION Hotels\",\"isPartOf\":{\"@id\":\"https:\/\/www.editionhotels.com\/#website\"},\"datePublished\":\"2018-05-15T21:13:25+00:00\",\"dateModified\":\"2024-08-22T22:37:15+00:00\",\"breadcrumb\":{\"@id\":\"https:\/\/www.editionhotels.com\/es\/bodrum\/getting-here\/from-milas-airport\/#breadcrumb\"},\"inLanguage\":\"es-ee\",\"potentialAction\":[{\"@type\":\"ReadAction\",\"target\":[\"https:\/\/www.editionhotels.com\/es\/bodrum\/getting-here\/from-milas-airport\/\"]}]},{\"@type\":\"BreadcrumbList\",\"@id\":\"https:\/\/www.editionhotels.com\/es\/bodrum\/getting-here\/from-milas-airport\/#breadcrumb\",\"itemListElement\":[{\"@type\":\"ListItem\",\"position\":1,\"name\":\"Home\",\"item\":\"https:\/\/www.editionhotels.com\/\"},{\"@type\":\"ListItem\",\"position\":2,\"name\":\"Bodrum\",\"item\":\"https:\/\/www.editionhotels.com\/es\/bodrum\/\"},{\"@type\":\"ListItem\",\"position\":3,\"name\":\"Getting Here\",\"item\":\"https:\/\/www.editionhotels.com\/es\/bodrum\/getting-here\/\"},{\"@type\":\"ListItem\",\"position\":4,\"name\":\"Desde el aeropuerto de Milas\"}]},{\"@type\":\"WebSite\",\"@id\":\"https:\/\/www.editionhotels.com\/#website\",\"url\":\"https:\/\/www.editionhotels.com\/\",\"name\":\"EDITION Hotels\",\"description\":\"A Unique Collection of Luxury Boutique Hotels\",\"publisher\":{\"@id\":\"https:\/\/www.editionhotels.com\/#organization\"},\"potentialAction\":[{\"@type\":\"SearchAction\",\"target\":{\"@type\":\"EntryPoint\",\"urlTemplate\":\"https:\/\/www.editionhotels.com\/?s={search_term_string}\"},\"query-input\":{\"@type\":\"PropertyValueSpecification\",\"valueRequired\":true,\"valueName\":\"search_term_string\"}}],\"inLanguage\":\"es-ee\"},{\"@type\":\"Organization\",\"@id\":\"https:\/\/www.editionhotels.com\/#organization\",\"name\":\"EDITION Hotels\",\"url\":\"https:\/\/www.editionhotels.com\/\",\"logo\":{\"@type\":\"ImageObject\",\"inLanguage\":\"es-ee\",\"@id\":\"https:\/\/www.editionhotels.com\/#\/schema\/logo\/image\/\",\"url\":\"https:\/\/www.editionhotels.com\/wp-content\/uploads\/2016\/09\/edition-text-logo-black.png\",\"contentUrl\":\"https:\/\/www.editionhotels.com\/wp-content\/uploads\/2016\/09\/edition-text-logo-black.png\",\"width\":1000,\"height\":185,\"caption\":\"EDITION Hotels\"},\"image\":{\"@id\":\"https:\/\/www.editionhotels.com\/#\/schema\/logo\/image\/\"},\"sameAs\":[\"https:\/\/www.facebook.com\/EDITIONHotels\"],\"description\":\"An unexpected and refreshing collection of individualized, customized, one-of-kind hotels that redefines the codes of traditional luxury.\",\"parentOrganization\":{\"@type\":\"Organization\",\"name\":\"Marriott International\",\"url\":\"https:\/\/www.marriott.com\/default.mi\"}}]}<\/script>\n<!-- \/ Yoast SEO plugin. -->","yoast_head_json":{"title":"Desde el aeropuerto de Milas | EDITION Hotels","robots":{"index":"index","follow":"follow","max-snippet":"max-snippet:-1","max-image-preview":"max-image-preview:large","max-video-preview":"max-video-preview:-1"},"canonical":"https:\/\/www.editionhotels.com\/es\/bodrum\/getting-here\/from-milas-airport\/","og_locale":"es_ES","og_type":"article","og_title":"Desde el aeropuerto de Milas | EDITION Hotels","og_description":"Desde el aeropuerto de Milas Private Car: Transportation with a sophisticated touch; the cost of a private car to\/from Bodrum\/Milas Airport (BJV) is one way \u20ac150 + %18 VAT, up [&hellip;]","og_url":"https:\/\/www.editionhotels.com\/es\/bodrum\/getting-here\/from-milas-airport\/","og_site_name":"EDITION Hotels","article_publisher":"https:\/\/www.facebook.com\/EDITIONHotels","article_modified_time":"2024-08-22T22:37:15+00:00","twitter_card":"summary_large_image","twitter_misc":{"Est. reading time":"1 minute"},"schema":{"@context":"https:\/\/schema.org","@graph":[{"@type":"WebPage","@id":"https:\/\/www.editionhotels.com\/es\/bodrum\/getting-here\/from-milas-airport\/","url":"https:\/\/www.editionhotels.com\/es\/bodrum\/getting-here\/from-milas-airport\/","name":"Desde el aeropuerto de Milas | EDITION Hotels","isPartOf":{"@id":"https:\/\/www.editionhotels.com\/#website"},"datePublished":"2018-05-15T21:13:25+00:00","dateModified":"2024-08-22T22:37:15+00:00","breadcrumb":{"@id":"https:\/\/www.editionhotels.com\/es\/bodrum\/getting-here\/from-milas-airport\/#breadcrumb"},"inLanguage":"es-ee","potentialAction":[{"@type":"ReadAction","target":["https:\/\/www.editionhotels.com\/es\/bodrum\/getting-here\/from-milas-airport\/"]}]},{"@type":"BreadcrumbList","@id":"https:\/\/www.editionhotels.com\/es\/bodrum\/getting-here\/from-milas-airport\/#breadcrumb","itemListElement":[{"@type":"ListItem","position":1,"name":"Home","item":"https:\/\/www.editionhotels.com\/"},{"@type":"ListItem","position":2,"name":"Bodrum","item":"https:\/\/www.editionhotels.com\/es\/bodrum\/"},{"@type":"ListItem","position":3,"name":"Getting Here","item":"https:\/\/www.editionhotels.com\/es\/bodrum\/getting-here\/"},{"@type":"ListItem","position":4,"name":"Desde el aeropuerto de Milas"}]},{"@type":"WebSite","@id":"https:\/\/www.editionhotels.com\/#website","url":"https:\/\/www.editionhotels.com\/","name":"EDITION Hotels","description":"A Unique Collection of Luxury Boutique Hotels","publisher":{"@id":"https:\/\/www.editionhotels.com\/#organization"},"potentialAction":[{"@type":"SearchAction","target":{"@type":"EntryPoint","urlTemplate":"https:\/\/www.editionhotels.com\/?s={search_term_string}"},"query-input":{"@type":"PropertyValueSpecification","valueRequired":true,"valueName":"search_term_string"}}],"inLanguage":"es-ee"},{"@type":"Organization","@id":"https:\/\/www.editionhotels.com\/#organization","name":"EDITION Hotels","url":"https:\/\/www.editionhotels.com\/","logo":{"@type":"ImageObject","inLanguage":"es-ee","@id":"https:\/\/www.editionhotels.com\/#\/schema\/logo\/image\/","url":"https:\/\/www.editionhotels.com\/wp-content\/uploads\/2016\/09\/edition-text-logo-black.png","contentUrl":"https:\/\/www.editionhotels.com\/wp-content\/uploads\/2016\/09\/edition-text-logo-black.png","width":1000,"height":185,"caption":"EDITION Hotels"},"image":{"@id":"https:\/\/www.editionhotels.com\/#\/schema\/logo\/image\/"},"sameAs":["https:\/\/www.facebook.com\/EDITIONHotels"],"description":"An unexpected and refreshing collection of individualized, customized, one-of-kind hotels that redefines the codes of traditional luxury.","parentOrganization":{"@type":"Organization","name":"Marriott International","url":"https:\/\/www.marriott.com\/default.mi"}}]}},"_links":{"self":[{"href":"https:\/\/www.editionhotels.com\/es\/wp-json\/wp\/v2\/pages\/22202","targetHints":{"allow":["GET"]}}],"collection":[{"href":"https:\/\/www.editionhotels.com\/es\/wp-json\/wp\/v2\/pages"}],"about":[{"href":"https:\/\/www.editionhotels.com\/es\/wp-json\/wp\/v2\/types\/page"}],"author":[{"embeddable":true,"href":"https:\/\/www.editionhotels.com\/es\/wp-json\/wp\/v2\/users\/45"}],"replies":[{"embeddable":true,"href":"https:\/\/www.editionhotels.com\/es\/wp-json\/wp\/v2\/comments?post=22202"}],"version-history":[{"count":0,"href":"https:\/\/www.editionhotels.com\/es\/wp-json\/wp\/v2\/pages\/22202\/revisions"}],"up":[{"embeddable":true,"href":"https:\/\/www.editionhotels.com\/es\/wp-json\/wp\/v2\/pages\/22201"}],"wp:attachment":[{"href":"https:\/\/www.editionhotels.com\/es\/wp-json\/wp\/v2\/media?parent=22202"}],"curies":[{"name":"wp","href":"https:\/\/api.w.org\/{rel}","templated":true}]}}