{"id":22203,"date":"2018-07-17T20:19:29","date_gmt":"2018-07-17T20:19:29","guid":{"rendered":"http:\/\/www.editionhotels.com\/bodrum\/services-and-amenities\/"},"modified":"2026-03-26T16:33:18","modified_gmt":"2026-03-26T16:33:18","slug":"services-and-amenities-5","status":"publish","type":"page","link":"https:\/\/www.editionhotels.com\/es\/bodrum\/services-and-amenities-5\/","title":{"rendered":"Servicios y comodidades"},"content":{"rendered":"<div class=\"info-section\">\n<div class=\"contact\">\n<h3 class=\"navigation-text\">Para m\u00e1s informaci\u00f3n<\/h3>\n<div class=\"info-detail\">\n<p>Comun\u00edquese con el concierge en el <a href=\"tel:+0252-311-31-31\">+(0252) 311 31 31<\/a> o\u00a0<a href=\"mailto:concierge.bod@editionhotels.com\">concierge.bod@editionhotels.com<\/a><\/p>\n<\/div>\n<\/div>\n<div class=\"share-link link\">Compartir<\/div>\n<\/div>\n<div class=\"services\">\n<div class=\"service-list\">\n<dl>\n<dt>SERVICIOS PARA HU\u00c9SPEDES<\/dt>\n<dd>\n<ul>\n<li>110 habitaciones \u00fanicas en un hotel de lujo<\/li>\n<li>Las suites cuentan con piscinas profundas y terrazas privadas<\/li>\n<li>Villa privada de cuatro dormitorios con piscina y sauna<\/li>\n<li>Restaurante exclusivo KITCHEN del chef Osman Sezener, galardonado con estrellas Michelin<\/li>\n<li>Exclusivo restaurante The Trattoria del chef con estrella Michelin Stefano Ciotti<\/li>\n<li>Piscina sin bordes con vista al mar Egeo<\/li>\n<li>Casi 1.200 metros cuadrados de espacio en el hotel para eventos y reuniones en el interior y al aire libre con servicio de banquetes personalizado y luz natural<\/li>\n<li>Men\u00fas personalizados de banquetes para eventos privados, almuerzos, fiestas con cenas y reuniones de negocios<\/li>\n<li>Servicio a la habitaci\u00f3n las 24 horas<\/li>\n<li>Acceso a Internet de alta velocidad gratis en todo el hotel<\/li>\n<li>Servicios de concierge<\/li>\n<li>Uso gratis del gimnasio abierto las 24 horas<\/li>\n<li>Cajas de seguridad<\/li>\n<li>Personal multiling\u00fce<\/li>\n<li>Servicio de limpieza de habitaciones dos veces al d\u00eda<\/li>\n<li>Personal para estacionar disponible<\/li>\n<\/ul>\n<\/dd>\n<\/dl>\n<\/div>\n<div class=\"service-list\">\n<dl>\n<dt>SERVICIOS EJECUTIVOS<\/dt>\n<dd>\n<ul>\n<li>Sala de juntas ejecutivas, sala de reuniones y espacios para eventos privados<\/li>\n<li>Pizarras digitales y rotafolios electr\u00f3nicos disponibles<\/li>\n<li>Videoconferencias<\/li>\n<li>Acceso a Internet de alta velocidad gratis en todo el hotel<\/li>\n<li>Equipo audiovisual de vanguardia<\/li>\n<li>Servicios de autom\u00f3vil ejecutivo disponibles<\/li>\n<li>Servicios de mayordomo ejecutivo disponibles<\/li>\n<\/ul>\n<\/dd>\n<\/dl>\n<\/div>\n<div class=\"service-list\">\n<dl>\n<dt>Gimnasio<\/dt>\n<dd>\n<ul>\n<li>El gimnasio cuenta con equipo de vanguardia, que incluye m\u00e1quinas de entrenamiento cardiovascular<\/li>\n<li>Se requiere reserva<\/li>\n<li>Pesas<\/li>\n<li>M\u00e1quinas de entrenamiento de fuerza de vanguardia, pesas y equipo cardiovascular<\/li>\n<li>Servicio de entrenador personal disponible<\/li>\n<li>Ofrecemos sesiones de bicicleta est\u00e1tica<\/li>\n<li>Sala de pilates para sesiones de entrenamiento en grupo o personalizadas<\/li>\n<li>Yoga en la terraza<\/li>\n<li>Toallas y agua gratis<\/li>\n<\/ul>\n<\/dd>\n<\/dl>\n<\/div>\n<div class=\"service-list\">\n<dl>\n<dt>SPA<\/dt>\n<dd>\n<ul>\n<li>El spa de lujo ofrece masajes, ba\u00f1os terap\u00e9uticos, sesiones en la piscina profunda y otros tratamientos de belleza y curativos<\/li>\n<li>Spa de servicio completo con 8 salas y suites de tratamiento<\/li>\n<li>Hamman turco, sala de tratamiento con sal y sauna<\/li>\n<li>Lounge Vitality<\/li>\n<li>Zona silenciosa<\/li>\n<\/ul>\n<\/dd>\n<\/dl>\n<\/div>\n<div class=\"service-list\">\n<dl>\n<dt>RESTAURANTES Y BARES<\/dt>\n<dd>\n<ul>\n<li>El restaurante The Trattoria ofrece los sabores de la gastronom\u00eda italiana<\/li>\n<li>Morena es un restaurante informal que ofrece platos internacionales y tentadoras especialidades de bar junto a la piscina sin bordes con vista a la playa de Yalikavak<\/li>\n<li>KITCHEN de Osman Sezener, galardonado con estrella Michelin, seduce a los comensales con platos mediterr\u00e1neos y turcos<\/li>\n<\/ul>\n<\/dd>\n<\/dl>\n<\/div>\n<div class=\"service-list\">\n<dl>\n<dt>INSTALACIONES PARA PERSONAS CON NECESIDADES ESPECIALES<\/dt>\n<dd>\n<ul>\n<li>Instalaciones para personas con necesidades especiales de movilidad disponibles en algunos tipos de habitaci\u00f3n<\/li>\n<li>Puede consultar informaci\u00f3n adicional sobre instalaciones para personas con necesidades especiales <a href=\"https:\/\/www.marriott.com\/hotels\/fact-sheet\/travel\/bjveb-the-bodrum-edition\/#accessibility\" target=\"_blank\" rel=\"noopener noreferrer\">aqu\u00ed<\/a><\/li>\n<\/ul>\n<\/dd>\n<\/dl>\n<\/div>\n<\/div>\n","protected":false},"excerpt":{"rendered":"<p>Para m\u00e1s informaci\u00f3n Comun\u00edquese con el concierge en el +(0252) 311 31 31 o\u00a0concierge.bod@editionhotels.com Compartir SERVICIOS PARA HU\u00c9SPEDES 110 habitaciones \u00fanicas en un hotel de lujo Las suites cuentan con [&hellip;]<\/p>\n","protected":false},"author":45,"featured_media":0,"parent":4807,"menu_order":517,"comment_status":"closed","ping_status":"closed","template":"templates\/page-services.php","meta":{"_acf_changed":false,"footnotes":""},"class_list":["post-22203","page","type-page","status-publish","hentry"],"acf":[],"yoast_head":"<!-- This site is optimized with the Yoast SEO plugin v27.0 - https:\/\/yoast.com\/product\/yoast-seo-wordpress\/ -->\n<title>The Bodrum EDITION | Hotel de 5 estrellas en Bodrum, Turqu\u00eda<\/title>\n<meta name=\"description\" content=\"The Bodrum EDITION es un resort de 5 estrellas en Turqu\u00eda que ofrece habitaciones de lujo, un spa relajante, gimnasio, piscina sin bordes y excepcionales restaurantes en la bah\u00eda.\" \/>\n<meta name=\"robots\" content=\"index, follow, max-snippet:-1, max-image-preview:large, max-video-preview:-1\" \/>\n<link rel=\"canonical\" href=\"https:\/\/www.editionhotels.com\/es\/bodrum\/services-and-amenities-5\/\" \/>\n<meta property=\"og:locale\" content=\"es_ES\" \/>\n<meta property=\"og:type\" content=\"article\" \/>\n<meta property=\"og:title\" content=\"The Bodrum EDITION | Hotel de 5 estrellas en Bodrum, Turqu\u00eda\" \/>\n<meta property=\"og:description\" content=\"The Bodrum EDITION es un resort de 5 estrellas en Turqu\u00eda que ofrece habitaciones de lujo, un spa relajante, gimnasio, piscina sin bordes y excepcionales restaurantes en la bah\u00eda.\" \/>\n<meta property=\"og:url\" content=\"https:\/\/www.editionhotels.com\/es\/bodrum\/services-and-amenities-5\/\" \/>\n<meta property=\"og:site_name\" content=\"EDITION Hotels\" \/>\n<meta property=\"article:publisher\" content=\"https:\/\/www.facebook.com\/EDITIONHotels\" \/>\n<meta property=\"article:modified_time\" content=\"2026-03-26T16:33:18+00:00\" \/>\n<meta name=\"twitter:card\" content=\"summary_large_image\" \/>\n<meta name=\"twitter:label1\" content=\"Est. reading time\" \/>\n\t<meta name=\"twitter:data1\" content=\"2 minutes\" \/>\n<script type=\"application\/ld+json\" class=\"yoast-schema-graph\">{\"@context\":\"https:\/\/schema.org\",\"@graph\":[{\"@type\":\"WebPage\",\"@id\":\"https:\/\/www.editionhotels.com\/es\/bodrum\/services-and-amenities-5\/\",\"url\":\"https:\/\/www.editionhotels.com\/es\/bodrum\/services-and-amenities-5\/\",\"name\":\"The Bodrum EDITION | Hotel de 5 estrellas en Bodrum, Turqu\u00eda\",\"isPartOf\":{\"@id\":\"https:\/\/www.editionhotels.com\/#website\"},\"datePublished\":\"2018-07-17T20:19:29+00:00\",\"dateModified\":\"2026-03-26T16:33:18+00:00\",\"description\":\"The Bodrum EDITION es un resort de 5 estrellas en Turqu\u00eda que ofrece habitaciones de lujo, un spa relajante, gimnasio, piscina sin bordes y excepcionales restaurantes en la bah\u00eda.\",\"breadcrumb\":{\"@id\":\"https:\/\/www.editionhotels.com\/es\/bodrum\/services-and-amenities-5\/#breadcrumb\"},\"inLanguage\":\"es-ee\",\"potentialAction\":[{\"@type\":\"ReadAction\",\"target\":[\"https:\/\/www.editionhotels.com\/es\/bodrum\/services-and-amenities-5\/\"]}]},{\"@type\":\"BreadcrumbList\",\"@id\":\"https:\/\/www.editionhotels.com\/es\/bodrum\/services-and-amenities-5\/#breadcrumb\",\"itemListElement\":[{\"@type\":\"ListItem\",\"position\":1,\"name\":\"Home\",\"item\":\"https:\/\/www.editionhotels.com\/\"},{\"@type\":\"ListItem\",\"position\":2,\"name\":\"Bodrum\",\"item\":\"https:\/\/www.editionhotels.com\/es\/bodrum\/\"},{\"@type\":\"ListItem\",\"position\":3,\"name\":\"Servicios y comodidades\"}]},{\"@type\":\"WebSite\",\"@id\":\"https:\/\/www.editionhotels.com\/#website\",\"url\":\"https:\/\/www.editionhotels.com\/\",\"name\":\"EDITION Hotels\",\"description\":\"A Unique Collection of Luxury Boutique Hotels\",\"publisher\":{\"@id\":\"https:\/\/www.editionhotels.com\/#organization\"},\"potentialAction\":[{\"@type\":\"SearchAction\",\"target\":{\"@type\":\"EntryPoint\",\"urlTemplate\":\"https:\/\/www.editionhotels.com\/?s={search_term_string}\"},\"query-input\":{\"@type\":\"PropertyValueSpecification\",\"valueRequired\":true,\"valueName\":\"search_term_string\"}}],\"inLanguage\":\"es-ee\"},{\"@type\":\"Organization\",\"@id\":\"https:\/\/www.editionhotels.com\/#organization\",\"name\":\"EDITION Hotels\",\"url\":\"https:\/\/www.editionhotels.com\/\",\"logo\":{\"@type\":\"ImageObject\",\"inLanguage\":\"es-ee\",\"@id\":\"https:\/\/www.editionhotels.com\/#\/schema\/logo\/image\/\",\"url\":\"https:\/\/www.editionhotels.com\/wp-content\/uploads\/2016\/09\/edition-text-logo-black.png\",\"contentUrl\":\"https:\/\/www.editionhotels.com\/wp-content\/uploads\/2016\/09\/edition-text-logo-black.png\",\"width\":1000,\"height\":185,\"caption\":\"EDITION Hotels\"},\"image\":{\"@id\":\"https:\/\/www.editionhotels.com\/#\/schema\/logo\/image\/\"},\"sameAs\":[\"https:\/\/www.facebook.com\/EDITIONHotels\"],\"description\":\"An unexpected and refreshing collection of individualized, customized, one-of-kind hotels that redefines the codes of traditional luxury.\",\"parentOrganization\":{\"@type\":\"Organization\",\"name\":\"Marriott International\",\"url\":\"https:\/\/www.marriott.com\/default.mi\"}}]}<\/script>\n<!-- \/ Yoast SEO plugin. -->","yoast_head_json":{"title":"The Bodrum EDITION | Hotel de 5 estrellas en Bodrum, Turqu\u00eda","description":"The Bodrum EDITION es un resort de 5 estrellas en Turqu\u00eda que ofrece habitaciones de lujo, un spa relajante, gimnasio, piscina sin bordes y excepcionales restaurantes en la bah\u00eda.","robots":{"index":"index","follow":"follow","max-snippet":"max-snippet:-1","max-image-preview":"max-image-preview:large","max-video-preview":"max-video-preview:-1"},"canonical":"https:\/\/www.editionhotels.com\/es\/bodrum\/services-and-amenities-5\/","og_locale":"es_ES","og_type":"article","og_title":"The Bodrum EDITION | Hotel de 5 estrellas en Bodrum, Turqu\u00eda","og_description":"The Bodrum EDITION es un resort de 5 estrellas en Turqu\u00eda que ofrece habitaciones de lujo, un spa relajante, gimnasio, piscina sin bordes y excepcionales restaurantes en la bah\u00eda.","og_url":"https:\/\/www.editionhotels.com\/es\/bodrum\/services-and-amenities-5\/","og_site_name":"EDITION Hotels","article_publisher":"https:\/\/www.facebook.com\/EDITIONHotels","article_modified_time":"2026-03-26T16:33:18+00:00","twitter_card":"summary_large_image","twitter_misc":{"Est. reading time":"2 minutes"},"schema":{"@context":"https:\/\/schema.org","@graph":[{"@type":"WebPage","@id":"https:\/\/www.editionhotels.com\/es\/bodrum\/services-and-amenities-5\/","url":"https:\/\/www.editionhotels.com\/es\/bodrum\/services-and-amenities-5\/","name":"The Bodrum EDITION | Hotel de 5 estrellas en Bodrum, Turqu\u00eda","isPartOf":{"@id":"https:\/\/www.editionhotels.com\/#website"},"datePublished":"2018-07-17T20:19:29+00:00","dateModified":"2026-03-26T16:33:18+00:00","description":"The Bodrum EDITION es un resort de 5 estrellas en Turqu\u00eda que ofrece habitaciones de lujo, un spa relajante, gimnasio, piscina sin bordes y excepcionales restaurantes en la bah\u00eda.","breadcrumb":{"@id":"https:\/\/www.editionhotels.com\/es\/bodrum\/services-and-amenities-5\/#breadcrumb"},"inLanguage":"es-ee","potentialAction":[{"@type":"ReadAction","target":["https:\/\/www.editionhotels.com\/es\/bodrum\/services-and-amenities-5\/"]}]},{"@type":"BreadcrumbList","@id":"https:\/\/www.editionhotels.com\/es\/bodrum\/services-and-amenities-5\/#breadcrumb","itemListElement":[{"@type":"ListItem","position":1,"name":"Home","item":"https:\/\/www.editionhotels.com\/"},{"@type":"ListItem","position":2,"name":"Bodrum","item":"https:\/\/www.editionhotels.com\/es\/bodrum\/"},{"@type":"ListItem","position":3,"name":"Servicios y comodidades"}]},{"@type":"WebSite","@id":"https:\/\/www.editionhotels.com\/#website","url":"https:\/\/www.editionhotels.com\/","name":"EDITION Hotels","description":"A Unique Collection of Luxury Boutique Hotels","publisher":{"@id":"https:\/\/www.editionhotels.com\/#organization"},"potentialAction":[{"@type":"SearchAction","target":{"@type":"EntryPoint","urlTemplate":"https:\/\/www.editionhotels.com\/?s={search_term_string}"},"query-input":{"@type":"PropertyValueSpecification","valueRequired":true,"valueName":"search_term_string"}}],"inLanguage":"es-ee"},{"@type":"Organization","@id":"https:\/\/www.editionhotels.com\/#organization","name":"EDITION Hotels","url":"https:\/\/www.editionhotels.com\/","logo":{"@type":"ImageObject","inLanguage":"es-ee","@id":"https:\/\/www.editionhotels.com\/#\/schema\/logo\/image\/","url":"https:\/\/www.editionhotels.com\/wp-content\/uploads\/2016\/09\/edition-text-logo-black.png","contentUrl":"https:\/\/www.editionhotels.com\/wp-content\/uploads\/2016\/09\/edition-text-logo-black.png","width":1000,"height":185,"caption":"EDITION Hotels"},"image":{"@id":"https:\/\/www.editionhotels.com\/#\/schema\/logo\/image\/"},"sameAs":["https:\/\/www.facebook.com\/EDITIONHotels"],"description":"An unexpected and refreshing collection of individualized, customized, one-of-kind hotels that redefines the codes of traditional luxury.","parentOrganization":{"@type":"Organization","name":"Marriott International","url":"https:\/\/www.marriott.com\/default.mi"}}]}},"_links":{"self":[{"href":"https:\/\/www.editionhotels.com\/es\/wp-json\/wp\/v2\/pages\/22203","targetHints":{"allow":["GET"]}}],"collection":[{"href":"https:\/\/www.editionhotels.com\/es\/wp-json\/wp\/v2\/pages"}],"about":[{"href":"https:\/\/www.editionhotels.com\/es\/wp-json\/wp\/v2\/types\/page"}],"author":[{"embeddable":true,"href":"https:\/\/www.editionhotels.com\/es\/wp-json\/wp\/v2\/users\/45"}],"replies":[{"embeddable":true,"href":"https:\/\/www.editionhotels.com\/es\/wp-json\/wp\/v2\/comments?post=22203"}],"version-history":[{"count":0,"href":"https:\/\/www.editionhotels.com\/es\/wp-json\/wp\/v2\/pages\/22203\/revisions"}],"up":[{"embeddable":true,"href":"https:\/\/www.editionhotels.com\/es\/wp-json\/wp\/v2\/pages\/4807"}],"wp:attachment":[{"href":"https:\/\/www.editionhotels.com\/es\/wp-json\/wp\/v2\/media?parent=22203"}],"curies":[{"name":"wp","href":"https:\/\/api.w.org\/{rel}","templated":true}]}}