{"id":4785,"date":"2018-08-03T07:07:24","date_gmt":"2018-08-03T07:07:24","guid":{"rendered":"http:\/\/www.editionhotels.com\/es\/?page_id=4785"},"modified":"2026-01-13T15:20:00","modified_gmt":"2026-01-13T15:20:00","slug":"services-and-amenities-3","status":"publish","type":"page","link":"https:\/\/www.editionhotels.com\/es\/londres\/services-and-amenities-3\/","title":{"rendered":"Servicios y comodidades"},"content":{"rendered":"<div class=\"info-section\">\n<div class=\"contact\">\n<h3 class=\"navigation-text\">Para m\u00e1s informaci\u00f3n<\/h3>\n<div class=\"info-detail\">\n<p>Comun\u00edquese con el concierge en el +44 020\u00a07908 7924\u00a0o\u00a0<a href=\"mailto:concierge.london@editionhotels.com\">concierge.london@editionhotels.com<\/a><\/p>\n<\/div>\n<\/div>\n<div class=\"share-link link\">Compartir<\/div>\n<\/div>\n<div class=\"services\">\n<div class=\"service-list\">\n<dl>\n<dt>SERVICIOS PARA HU\u00c9SPEDES<\/dt>\n<dd>\n<ul>\n<li>173 habitaciones y suites \u00fanicas, algunas con terrazas amuebladas extragrandes<\/li>\n<li>Penthouse \u00fanico de 195 metros cuadrados con amplia terraza circundante con paisajismo y vista de 360 grados a Londres<\/li>\n<li>Restaurante Berners Tavern con comedor privado del chef con estrella Michelin Jason Atherton<\/li>\n<li>Men\u00fas personalizados de banquetes para eventos privados, almuerzos, fiestas con cenas y reuniones de negocios<\/li>\n<li>Servicio a la habitaci\u00f3n las 24 horas<\/li>\n<li>Servicio de concierge<\/li>\n<li>Servicio de limpieza de habitaciones dos veces al d\u00eda<\/li>\n<li>Acceso WiFi de alta velocidad gratis en todo el hotel<\/li>\n<li>Uso gratis del gimnasio abierto las 24 horas<\/li>\n<li>Sala de juntas ejecutivas, sala de reuniones y espacio para eventos privados<\/li>\n<li>Computadoras port\u00e1tiles, tel\u00e9fonos m\u00f3viles y m\u00e1quinas de fax disponibles por solicitud<\/li>\n<li>Peri\u00f3dicos de su elecci\u00f3n entregados en la puerta de su habitaci\u00f3n (por solicitud)<\/li>\n<li>Bares del lobby y Punch Room<\/li>\n<\/ul>\n<\/dd>\n<\/dl>\n<\/div>\n<div class=\"service-list\">\n<dl>\n<dt>SERVICIOS EJECUTIVOS<\/dt>\n<dd>\n<ul>\n<li>Sala de juntas ejecutivas, sala de reuniones y espacio para eventos privados<\/li>\n<li>Acceso WiFi de alta velocidad gratis en todo el hotel<\/li>\n<li>Equipo audiovisual de vanguardia<\/li>\n<li>Video conferencias<\/li>\n<li>Servicios de autom\u00f3vil ejecutivo disponibles<\/li>\n<li>Servicios de mayordomo ejecutivo disponibles<\/li>\n<li>Personal de secretar\u00eda multiling\u00fce disponible las 24 horas<\/li>\n<\/ul>\n<\/dd>\n<\/dl>\n<\/div>\n<div class=\"service-list\">\n<dl>\n<dt>GIMNASIO<\/dt>\n<dd>\n<ul>\n<li>Gimnasio con equipo de vanguardia con m\u00e1quinas de entrenamiento cardiovascular y televisor con pantalla plana personal<\/li>\n<li>Sesiones con entrenador personal disponibles por solicitud<\/li>\n<li>Pesas<\/li>\n<li>Zona de estiramientos<\/li>\n<li>Toallas gratis<\/li>\n<li>Auriculares y refrescos<\/li>\n<li>Abierto las 24 horas del d\u00eda<\/li>\n<\/ul>\n<\/dd>\n<\/dl>\n<\/div>\n<div class=\"service-list\">\n<dl>\n<dt>INSTALACIONES PARA PERSONAS CON NECESIDADES ESPECIALES<\/dt>\n<dd>\n<ul>\n<li>Instalaciones para personas con necesidades especiales de movilidad disponibles en algunos tipos de habitaci\u00f3n<\/li>\n<\/ul>\n<\/dd>\n<\/dl>\n<\/div>\n<\/div>\n","protected":false},"excerpt":{"rendered":"<p>Para m\u00e1s informaci\u00f3n Comun\u00edquese con el concierge en el +44 020\u00a07908 7924\u00a0o\u00a0concierge.london@editionhotels.com Compartir SERVICIOS PARA HU\u00c9SPEDES 173 habitaciones y suites \u00fanicas, algunas con terrazas amuebladas extragrandes Penthouse \u00fanico de 195 [&hellip;]<\/p>\n","protected":false},"author":21,"featured_media":0,"parent":5351,"menu_order":144,"comment_status":"closed","ping_status":"closed","template":"templates\/page-services.php","meta":{"_acf_changed":false,"footnotes":""},"class_list":["post-4785","page","type-page","status-publish","hentry"],"acf":[],"yoast_head":"<!-- This site is optimized with the Yoast SEO plugin v27.0 - https:\/\/yoast.com\/product\/yoast-seo-wordpress\/ -->\n<title>The London EDITION | Hoteles \u00fanicos en Londres<\/title>\n<meta name=\"description\" content=\"The London EDITION, uno de los hoteles m\u00e1s \u00fanicos de la ciudad, ofrece una amplia variedad de comodidades que incluyen restaurantes, salas de reuniones y alojamientos de lujo.\" \/>\n<meta name=\"robots\" content=\"index, follow, max-snippet:-1, max-image-preview:large, max-video-preview:-1\" \/>\n<link rel=\"canonical\" href=\"https:\/\/www.editionhotels.com\/es\/londres\/services-and-amenities-3\/\" \/>\n<meta property=\"og:locale\" content=\"es_ES\" \/>\n<meta property=\"og:type\" content=\"article\" \/>\n<meta property=\"og:title\" content=\"The London EDITION | Hoteles \u00fanicos en Londres\" \/>\n<meta property=\"og:description\" content=\"The London EDITION, uno de los hoteles m\u00e1s \u00fanicos de la ciudad, ofrece una amplia variedad de comodidades que incluyen restaurantes, salas de reuniones y alojamientos de lujo.\" \/>\n<meta property=\"og:url\" content=\"https:\/\/www.editionhotels.com\/es\/londres\/services-and-amenities-3\/\" \/>\n<meta property=\"og:site_name\" content=\"EDITION Hotels\" \/>\n<meta property=\"article:publisher\" content=\"https:\/\/www.facebook.com\/EDITIONHotels\" \/>\n<meta property=\"article:modified_time\" content=\"2026-01-13T15:20:00+00:00\" \/>\n<meta name=\"twitter:card\" content=\"summary_large_image\" \/>\n<meta name=\"twitter:label1\" content=\"Est. reading time\" \/>\n\t<meta name=\"twitter:data1\" content=\"2 minutes\" \/>\n<script type=\"application\/ld+json\" class=\"yoast-schema-graph\">{\"@context\":\"https:\/\/schema.org\",\"@graph\":[{\"@type\":\"WebPage\",\"@id\":\"https:\/\/www.editionhotels.com\/es\/londres\/services-and-amenities-3\/\",\"url\":\"https:\/\/www.editionhotels.com\/es\/londres\/services-and-amenities-3\/\",\"name\":\"The London EDITION | Hoteles \u00fanicos en Londres\",\"isPartOf\":{\"@id\":\"https:\/\/www.editionhotels.com\/#website\"},\"datePublished\":\"2018-08-03T07:07:24+00:00\",\"dateModified\":\"2026-01-13T15:20:00+00:00\",\"description\":\"The London EDITION, uno de los hoteles m\u00e1s \u00fanicos de la ciudad, ofrece una amplia variedad de comodidades que incluyen restaurantes, salas de reuniones y alojamientos de lujo.\",\"breadcrumb\":{\"@id\":\"https:\/\/www.editionhotels.com\/es\/londres\/services-and-amenities-3\/#breadcrumb\"},\"inLanguage\":\"es-ee\",\"potentialAction\":[{\"@type\":\"ReadAction\",\"target\":[\"https:\/\/www.editionhotels.com\/es\/londres\/services-and-amenities-3\/\"]}]},{\"@type\":\"BreadcrumbList\",\"@id\":\"https:\/\/www.editionhotels.com\/es\/londres\/services-and-amenities-3\/#breadcrumb\",\"itemListElement\":[{\"@type\":\"ListItem\",\"position\":1,\"name\":\"Home\",\"item\":\"https:\/\/www.editionhotels.com\/\"},{\"@type\":\"ListItem\",\"position\":2,\"name\":\"Londres\",\"item\":\"https:\/\/www.editionhotels.com\/es\/londres\/\"},{\"@type\":\"ListItem\",\"position\":3,\"name\":\"Servicios y comodidades\"}]},{\"@type\":\"WebSite\",\"@id\":\"https:\/\/www.editionhotels.com\/#website\",\"url\":\"https:\/\/www.editionhotels.com\/\",\"name\":\"EDITION Hotels\",\"description\":\"A Unique Collection of Luxury Boutique Hotels\",\"publisher\":{\"@id\":\"https:\/\/www.editionhotels.com\/#organization\"},\"potentialAction\":[{\"@type\":\"SearchAction\",\"target\":{\"@type\":\"EntryPoint\",\"urlTemplate\":\"https:\/\/www.editionhotels.com\/?s={search_term_string}\"},\"query-input\":{\"@type\":\"PropertyValueSpecification\",\"valueRequired\":true,\"valueName\":\"search_term_string\"}}],\"inLanguage\":\"es-ee\"},{\"@type\":\"Organization\",\"@id\":\"https:\/\/www.editionhotels.com\/#organization\",\"name\":\"EDITION Hotels\",\"url\":\"https:\/\/www.editionhotels.com\/\",\"logo\":{\"@type\":\"ImageObject\",\"inLanguage\":\"es-ee\",\"@id\":\"https:\/\/www.editionhotels.com\/#\/schema\/logo\/image\/\",\"url\":\"https:\/\/www.editionhotels.com\/wp-content\/uploads\/2016\/09\/edition-text-logo-black.png\",\"contentUrl\":\"https:\/\/www.editionhotels.com\/wp-content\/uploads\/2016\/09\/edition-text-logo-black.png\",\"width\":1000,\"height\":185,\"caption\":\"EDITION Hotels\"},\"image\":{\"@id\":\"https:\/\/www.editionhotels.com\/#\/schema\/logo\/image\/\"},\"sameAs\":[\"https:\/\/www.facebook.com\/EDITIONHotels\"],\"description\":\"An unexpected and refreshing collection of individualized, customized, one-of-kind hotels that redefines the codes of traditional luxury.\",\"parentOrganization\":{\"@type\":\"Organization\",\"name\":\"Marriott International\",\"url\":\"https:\/\/www.marriott.com\/default.mi\"}}]}<\/script>\n<!-- \/ Yoast SEO plugin. -->","yoast_head_json":{"title":"The London EDITION | Hoteles \u00fanicos en Londres","description":"The London EDITION, uno de los hoteles m\u00e1s \u00fanicos de la ciudad, ofrece una amplia variedad de comodidades que incluyen restaurantes, salas de reuniones y alojamientos de lujo.","robots":{"index":"index","follow":"follow","max-snippet":"max-snippet:-1","max-image-preview":"max-image-preview:large","max-video-preview":"max-video-preview:-1"},"canonical":"https:\/\/www.editionhotels.com\/es\/londres\/services-and-amenities-3\/","og_locale":"es_ES","og_type":"article","og_title":"The London EDITION | Hoteles \u00fanicos en Londres","og_description":"The London EDITION, uno de los hoteles m\u00e1s \u00fanicos de la ciudad, ofrece una amplia variedad de comodidades que incluyen restaurantes, salas de reuniones y alojamientos de lujo.","og_url":"https:\/\/www.editionhotels.com\/es\/londres\/services-and-amenities-3\/","og_site_name":"EDITION Hotels","article_publisher":"https:\/\/www.facebook.com\/EDITIONHotels","article_modified_time":"2026-01-13T15:20:00+00:00","twitter_card":"summary_large_image","twitter_misc":{"Est. reading time":"2 minutes"},"schema":{"@context":"https:\/\/schema.org","@graph":[{"@type":"WebPage","@id":"https:\/\/www.editionhotels.com\/es\/londres\/services-and-amenities-3\/","url":"https:\/\/www.editionhotels.com\/es\/londres\/services-and-amenities-3\/","name":"The London EDITION | Hoteles \u00fanicos en Londres","isPartOf":{"@id":"https:\/\/www.editionhotels.com\/#website"},"datePublished":"2018-08-03T07:07:24+00:00","dateModified":"2026-01-13T15:20:00+00:00","description":"The London EDITION, uno de los hoteles m\u00e1s \u00fanicos de la ciudad, ofrece una amplia variedad de comodidades que incluyen restaurantes, salas de reuniones y alojamientos de lujo.","breadcrumb":{"@id":"https:\/\/www.editionhotels.com\/es\/londres\/services-and-amenities-3\/#breadcrumb"},"inLanguage":"es-ee","potentialAction":[{"@type":"ReadAction","target":["https:\/\/www.editionhotels.com\/es\/londres\/services-and-amenities-3\/"]}]},{"@type":"BreadcrumbList","@id":"https:\/\/www.editionhotels.com\/es\/londres\/services-and-amenities-3\/#breadcrumb","itemListElement":[{"@type":"ListItem","position":1,"name":"Home","item":"https:\/\/www.editionhotels.com\/"},{"@type":"ListItem","position":2,"name":"Londres","item":"https:\/\/www.editionhotels.com\/es\/londres\/"},{"@type":"ListItem","position":3,"name":"Servicios y comodidades"}]},{"@type":"WebSite","@id":"https:\/\/www.editionhotels.com\/#website","url":"https:\/\/www.editionhotels.com\/","name":"EDITION Hotels","description":"A Unique Collection of Luxury Boutique Hotels","publisher":{"@id":"https:\/\/www.editionhotels.com\/#organization"},"potentialAction":[{"@type":"SearchAction","target":{"@type":"EntryPoint","urlTemplate":"https:\/\/www.editionhotels.com\/?s={search_term_string}"},"query-input":{"@type":"PropertyValueSpecification","valueRequired":true,"valueName":"search_term_string"}}],"inLanguage":"es-ee"},{"@type":"Organization","@id":"https:\/\/www.editionhotels.com\/#organization","name":"EDITION Hotels","url":"https:\/\/www.editionhotels.com\/","logo":{"@type":"ImageObject","inLanguage":"es-ee","@id":"https:\/\/www.editionhotels.com\/#\/schema\/logo\/image\/","url":"https:\/\/www.editionhotels.com\/wp-content\/uploads\/2016\/09\/edition-text-logo-black.png","contentUrl":"https:\/\/www.editionhotels.com\/wp-content\/uploads\/2016\/09\/edition-text-logo-black.png","width":1000,"height":185,"caption":"EDITION Hotels"},"image":{"@id":"https:\/\/www.editionhotels.com\/#\/schema\/logo\/image\/"},"sameAs":["https:\/\/www.facebook.com\/EDITIONHotels"],"description":"An unexpected and refreshing collection of individualized, customized, one-of-kind hotels that redefines the codes of traditional luxury.","parentOrganization":{"@type":"Organization","name":"Marriott International","url":"https:\/\/www.marriott.com\/default.mi"}}]}},"_links":{"self":[{"href":"https:\/\/www.editionhotels.com\/es\/wp-json\/wp\/v2\/pages\/4785","targetHints":{"allow":["GET"]}}],"collection":[{"href":"https:\/\/www.editionhotels.com\/es\/wp-json\/wp\/v2\/pages"}],"about":[{"href":"https:\/\/www.editionhotels.com\/es\/wp-json\/wp\/v2\/types\/page"}],"author":[{"embeddable":true,"href":"https:\/\/www.editionhotels.com\/es\/wp-json\/wp\/v2\/users\/21"}],"replies":[{"embeddable":true,"href":"https:\/\/www.editionhotels.com\/es\/wp-json\/wp\/v2\/comments?post=4785"}],"version-history":[{"count":0,"href":"https:\/\/www.editionhotels.com\/es\/wp-json\/wp\/v2\/pages\/4785\/revisions"}],"up":[{"embeddable":true,"href":"https:\/\/www.editionhotels.com\/es\/wp-json\/wp\/v2\/pages\/5351"}],"wp:attachment":[{"href":"https:\/\/www.editionhotels.com\/es\/wp-json\/wp\/v2\/media?parent=4785"}],"curies":[{"name":"wp","href":"https:\/\/api.w.org\/{rel}","templated":true}]}}