{"id":4786,"date":"2018-08-03T07:08:06","date_gmt":"2018-08-03T07:08:06","guid":{"rendered":"http:\/\/www.editionhotels.com\/es\/?page_id=4786"},"modified":"2018-11-10T00:56:27","modified_gmt":"2018-11-10T00:56:27","slug":"el-concepto","status":"publish","type":"page","link":"https:\/\/www.editionhotels.com\/es\/el-concepto\/","title":{"rendered":"El concepto"},"content":{"rendered":"<h3>LOS HOTELES EDITION SON FASCINANTES MICROCOSMOS DENTRO DE LAS PRINCIPALES CIUDADES DEL MUNDO QUE OFRECEN EL MEJOR SERVICIO, GASTRONOM\u00cdA, BEBIDA Y ENTRETENIMIENTO.<\/h3>\n<p>Ubicados en las principales ciudades del mundo a las que llegan pasajeros, nuestros hoteles ofrecen una experiencia tan genuina que en ellos se re\u00fanen tanto visitantes como poblaci\u00f3n local.\u00a0Hoteles que no son como los dem\u00e1s porque hacen sentir algo diferente.\u00a0Hoteles que no parecen hoteles.<\/p>\n<p>Damos vida a cada ubicaci\u00f3n, creando ambientes \u00edntimos y seductores para nuestros hu\u00e9spedes, porque aspiramos a infundir emoci\u00f3n en lo que para otros es un mero lugar de llegadas y salidas.<\/p>\n<p>Ofrecemos la combinaci\u00f3n perfecta de dise\u00f1o genuino y un servicio amable y personalizado de primera clase.\u00a0Todo ello concebido para hacer que nuestros hu\u00e9spedes se sientan en un lugar tan especial que parece creado particularmente para ellos.<\/p>\n<p>Concebido por Ian Schrager y Marriott International, EDITION ofrece una experiencia \u00fanica y personal en una f\u00f3rmula de \u00e9xito tanto para nosotros como para nuestros hu\u00e9spedes.\u00a0No hay m\u00e1s que fijarse en lo que opina todo el mundo\u2026<\/p>\n<p>&nbsp;<\/p>\n","protected":false},"excerpt":{"rendered":"<p>LOS HOTELES EDITION SON FASCINANTES MICROCOSMOS DENTRO DE LAS PRINCIPALES CIUDADES DEL MUNDO QUE OFRECEN EL MEJOR SERVICIO, GASTRONOM\u00cdA, BEBIDA Y ENTRETENIMIENTO. Ubicados en las principales ciudades del mundo a [&hellip;]<\/p>\n","protected":false},"author":21,"featured_media":9177,"parent":0,"menu_order":535,"comment_status":"closed","ping_status":"closed","template":"page-idea.php","meta":{"_acf_changed":false,"footnotes":""},"class_list":["post-4786","page","type-page","status-publish","has-post-thumbnail","hentry"],"acf":[],"yoast_head":"<!-- This site is optimized with the Yoast SEO plugin v27.0 - https:\/\/yoast.com\/product\/yoast-seo-wordpress\/ -->\n<title>EDITION Hotels | El Concepto<\/title>\n<meta name=\"robots\" content=\"index, follow, max-snippet:-1, max-image-preview:large, max-video-preview:-1\" \/>\n<link rel=\"canonical\" href=\"https:\/\/www.editionhotels.com\/es\/el-concepto\/\" \/>\n<meta property=\"og:locale\" content=\"es_ES\" \/>\n<meta property=\"og:type\" content=\"article\" \/>\n<meta property=\"og:title\" content=\"EDITION Hotels | El Concepto\" \/>\n<meta property=\"og:description\" content=\"LOS HOTELES EDITION SON FASCINANTES MICROCOSMOS DENTRO DE LAS PRINCIPALES CIUDADES DEL MUNDO QUE OFRECEN EL MEJOR SERVICIO, GASTRONOM\u00cdA, BEBIDA Y ENTRETENIMIENTO. Ubicados en las principales ciudades del mundo a [&hellip;]\" \/>\n<meta property=\"og:url\" content=\"https:\/\/www.editionhotels.com\/es\/el-concepto\/\" \/>\n<meta property=\"og:site_name\" content=\"EDITION Hotels\" \/>\n<meta property=\"article:publisher\" content=\"https:\/\/www.facebook.com\/EDITIONHotels\" \/>\n<meta property=\"article:modified_time\" content=\"2018-11-10T00:56:27+00:00\" \/>\n<meta property=\"og:image\" content=\"https:\/\/www.editionhotels.com\/wp-content\/uploads\/2016\/01\/edition-hotels-the-idea.jpg\" \/>\n\t<meta property=\"og:image:width\" content=\"1600\" \/>\n\t<meta property=\"og:image:height\" content=\"853\" \/>\n\t<meta property=\"og:image:type\" content=\"image\/jpeg\" \/>\n<meta name=\"twitter:card\" content=\"summary_large_image\" \/>\n<meta name=\"twitter:label1\" content=\"Est. reading time\" \/>\n\t<meta name=\"twitter:data1\" content=\"1 minute\" \/>\n<script type=\"application\/ld+json\" class=\"yoast-schema-graph\">{\"@context\":\"https:\/\/schema.org\",\"@graph\":[{\"@type\":\"WebPage\",\"@id\":\"https:\/\/www.editionhotels.com\/es\/el-concepto\/\",\"url\":\"https:\/\/www.editionhotels.com\/es\/el-concepto\/\",\"name\":\"EDITION Hotels | El Concepto\",\"isPartOf\":{\"@id\":\"https:\/\/www.editionhotels.com\/#website\"},\"primaryImageOfPage\":{\"@id\":\"https:\/\/www.editionhotels.com\/es\/el-concepto\/#primaryimage\"},\"image\":{\"@id\":\"https:\/\/www.editionhotels.com\/es\/el-concepto\/#primaryimage\"},\"thumbnailUrl\":\"https:\/\/www.editionhotels.com\/wp-content\/uploads\/2016\/01\/edition-hotels-the-idea.jpg\",\"datePublished\":\"2018-08-03T07:08:06+00:00\",\"dateModified\":\"2018-11-10T00:56:27+00:00\",\"breadcrumb\":{\"@id\":\"https:\/\/www.editionhotels.com\/es\/el-concepto\/#breadcrumb\"},\"inLanguage\":\"es-ee\",\"potentialAction\":[{\"@type\":\"ReadAction\",\"target\":[\"https:\/\/www.editionhotels.com\/es\/el-concepto\/\"]}]},{\"@type\":\"ImageObject\",\"inLanguage\":\"es-ee\",\"@id\":\"https:\/\/www.editionhotels.com\/es\/el-concepto\/#primaryimage\",\"url\":\"https:\/\/www.editionhotels.com\/wp-content\/uploads\/2016\/01\/edition-hotels-the-idea.jpg\",\"contentUrl\":\"https:\/\/www.editionhotels.com\/wp-content\/uploads\/2016\/01\/edition-hotels-the-idea.jpg\",\"width\":1600,\"height\":853},{\"@type\":\"BreadcrumbList\",\"@id\":\"https:\/\/www.editionhotels.com\/es\/el-concepto\/#breadcrumb\",\"itemListElement\":[{\"@type\":\"ListItem\",\"position\":1,\"name\":\"Home\",\"item\":\"https:\/\/www.editionhotels.com\/\"},{\"@type\":\"ListItem\",\"position\":2,\"name\":\"El concepto\"}]},{\"@type\":\"WebSite\",\"@id\":\"https:\/\/www.editionhotels.com\/#website\",\"url\":\"https:\/\/www.editionhotels.com\/\",\"name\":\"EDITION Hotels\",\"description\":\"A Unique Collection of Luxury Boutique Hotels\",\"publisher\":{\"@id\":\"https:\/\/www.editionhotels.com\/#organization\"},\"potentialAction\":[{\"@type\":\"SearchAction\",\"target\":{\"@type\":\"EntryPoint\",\"urlTemplate\":\"https:\/\/www.editionhotels.com\/?s={search_term_string}\"},\"query-input\":{\"@type\":\"PropertyValueSpecification\",\"valueRequired\":true,\"valueName\":\"search_term_string\"}}],\"inLanguage\":\"es-ee\"},{\"@type\":\"Organization\",\"@id\":\"https:\/\/www.editionhotels.com\/#organization\",\"name\":\"EDITION Hotels\",\"url\":\"https:\/\/www.editionhotels.com\/\",\"logo\":{\"@type\":\"ImageObject\",\"inLanguage\":\"es-ee\",\"@id\":\"https:\/\/www.editionhotels.com\/#\/schema\/logo\/image\/\",\"url\":\"https:\/\/www.editionhotels.com\/wp-content\/uploads\/2016\/09\/edition-text-logo-black.png\",\"contentUrl\":\"https:\/\/www.editionhotels.com\/wp-content\/uploads\/2016\/09\/edition-text-logo-black.png\",\"width\":1000,\"height\":185,\"caption\":\"EDITION Hotels\"},\"image\":{\"@id\":\"https:\/\/www.editionhotels.com\/#\/schema\/logo\/image\/\"},\"sameAs\":[\"https:\/\/www.facebook.com\/EDITIONHotels\"],\"description\":\"An unexpected and refreshing collection of individualized, customized, one-of-kind hotels that redefines the codes of traditional luxury.\",\"parentOrganization\":{\"@type\":\"Organization\",\"name\":\"Marriott International\",\"url\":\"https:\/\/www.marriott.com\/default.mi\"}}]}<\/script>\n<!-- \/ Yoast SEO plugin. -->","yoast_head_json":{"title":"EDITION Hotels | El Concepto","robots":{"index":"index","follow":"follow","max-snippet":"max-snippet:-1","max-image-preview":"max-image-preview:large","max-video-preview":"max-video-preview:-1"},"canonical":"https:\/\/www.editionhotels.com\/es\/el-concepto\/","og_locale":"es_ES","og_type":"article","og_title":"EDITION Hotels | El Concepto","og_description":"LOS HOTELES EDITION SON FASCINANTES MICROCOSMOS DENTRO DE LAS PRINCIPALES CIUDADES DEL MUNDO QUE OFRECEN EL MEJOR SERVICIO, GASTRONOM\u00cdA, BEBIDA Y ENTRETENIMIENTO. Ubicados en las principales ciudades del mundo a [&hellip;]","og_url":"https:\/\/www.editionhotels.com\/es\/el-concepto\/","og_site_name":"EDITION Hotels","article_publisher":"https:\/\/www.facebook.com\/EDITIONHotels","article_modified_time":"2018-11-10T00:56:27+00:00","og_image":[{"width":1600,"height":853,"url":"https:\/\/www.editionhotels.com\/wp-content\/uploads\/2016\/01\/edition-hotels-the-idea.jpg","type":"image\/jpeg"}],"twitter_card":"summary_large_image","twitter_misc":{"Est. reading time":"1 minute"},"schema":{"@context":"https:\/\/schema.org","@graph":[{"@type":"WebPage","@id":"https:\/\/www.editionhotels.com\/es\/el-concepto\/","url":"https:\/\/www.editionhotels.com\/es\/el-concepto\/","name":"EDITION Hotels | El Concepto","isPartOf":{"@id":"https:\/\/www.editionhotels.com\/#website"},"primaryImageOfPage":{"@id":"https:\/\/www.editionhotels.com\/es\/el-concepto\/#primaryimage"},"image":{"@id":"https:\/\/www.editionhotels.com\/es\/el-concepto\/#primaryimage"},"thumbnailUrl":"https:\/\/www.editionhotels.com\/wp-content\/uploads\/2016\/01\/edition-hotels-the-idea.jpg","datePublished":"2018-08-03T07:08:06+00:00","dateModified":"2018-11-10T00:56:27+00:00","breadcrumb":{"@id":"https:\/\/www.editionhotels.com\/es\/el-concepto\/#breadcrumb"},"inLanguage":"es-ee","potentialAction":[{"@type":"ReadAction","target":["https:\/\/www.editionhotels.com\/es\/el-concepto\/"]}]},{"@type":"ImageObject","inLanguage":"es-ee","@id":"https:\/\/www.editionhotels.com\/es\/el-concepto\/#primaryimage","url":"https:\/\/www.editionhotels.com\/wp-content\/uploads\/2016\/01\/edition-hotels-the-idea.jpg","contentUrl":"https:\/\/www.editionhotels.com\/wp-content\/uploads\/2016\/01\/edition-hotels-the-idea.jpg","width":1600,"height":853},{"@type":"BreadcrumbList","@id":"https:\/\/www.editionhotels.com\/es\/el-concepto\/#breadcrumb","itemListElement":[{"@type":"ListItem","position":1,"name":"Home","item":"https:\/\/www.editionhotels.com\/"},{"@type":"ListItem","position":2,"name":"El concepto"}]},{"@type":"WebSite","@id":"https:\/\/www.editionhotels.com\/#website","url":"https:\/\/www.editionhotels.com\/","name":"EDITION Hotels","description":"A Unique Collection of Luxury Boutique Hotels","publisher":{"@id":"https:\/\/www.editionhotels.com\/#organization"},"potentialAction":[{"@type":"SearchAction","target":{"@type":"EntryPoint","urlTemplate":"https:\/\/www.editionhotels.com\/?s={search_term_string}"},"query-input":{"@type":"PropertyValueSpecification","valueRequired":true,"valueName":"search_term_string"}}],"inLanguage":"es-ee"},{"@type":"Organization","@id":"https:\/\/www.editionhotels.com\/#organization","name":"EDITION Hotels","url":"https:\/\/www.editionhotels.com\/","logo":{"@type":"ImageObject","inLanguage":"es-ee","@id":"https:\/\/www.editionhotels.com\/#\/schema\/logo\/image\/","url":"https:\/\/www.editionhotels.com\/wp-content\/uploads\/2016\/09\/edition-text-logo-black.png","contentUrl":"https:\/\/www.editionhotels.com\/wp-content\/uploads\/2016\/09\/edition-text-logo-black.png","width":1000,"height":185,"caption":"EDITION Hotels"},"image":{"@id":"https:\/\/www.editionhotels.com\/#\/schema\/logo\/image\/"},"sameAs":["https:\/\/www.facebook.com\/EDITIONHotels"],"description":"An unexpected and refreshing collection of individualized, customized, one-of-kind hotels that redefines the codes of traditional luxury.","parentOrganization":{"@type":"Organization","name":"Marriott International","url":"https:\/\/www.marriott.com\/default.mi"}}]}},"_links":{"self":[{"href":"https:\/\/www.editionhotels.com\/es\/wp-json\/wp\/v2\/pages\/4786","targetHints":{"allow":["GET"]}}],"collection":[{"href":"https:\/\/www.editionhotels.com\/es\/wp-json\/wp\/v2\/pages"}],"about":[{"href":"https:\/\/www.editionhotels.com\/es\/wp-json\/wp\/v2\/types\/page"}],"author":[{"embeddable":true,"href":"https:\/\/www.editionhotels.com\/es\/wp-json\/wp\/v2\/users\/21"}],"replies":[{"embeddable":true,"href":"https:\/\/www.editionhotels.com\/es\/wp-json\/wp\/v2\/comments?post=4786"}],"version-history":[{"count":0,"href":"https:\/\/www.editionhotels.com\/es\/wp-json\/wp\/v2\/pages\/4786\/revisions"}],"wp:featuredmedia":[{"embeddable":true,"href":"https:\/\/www.editionhotels.com\/es\/wp-json\/wp\/v2\/media\/9177"}],"wp:attachment":[{"href":"https:\/\/www.editionhotels.com\/es\/wp-json\/wp\/v2\/media?parent=4786"}],"curies":[{"name":"wp","href":"https:\/\/api.w.org\/{rel}","templated":true}]}}