{"id":4807,"date":"2018-08-03T09:05:51","date_gmt":"2018-08-03T09:05:51","guid":{"rendered":"http:\/\/www.editionhotels.com\/es\/?page_id=4807"},"modified":"2026-03-26T16:28:32","modified_gmt":"2026-03-26T16:28:32","slug":"bodrum","status":"publish","type":"page","link":"https:\/\/www.editionhotels.com\/es\/bodrum\/","title":{"rendered":"Bodrum"},"content":{"rendered":"<p>The Bodrum EDITION se encuentra a pocos pasos de la bah\u00eda, a 3 kil\u00f3metros de la marina de Yalikavak en la parte occidental de la pen\u00ednsula de Bodrum, y a pocos minutos del castillo y el anfiteatro de Bodrum. El hotel estilo boutique cuenta con 108 habitaciones, suites y villas con vista al mar Egeo, algunas con balc\u00f3n, jard\u00edn o piscina privada. Todas las habitaciones cuentan con un mobiliario dise\u00f1ado a la medida y ba\u00f1os de m\u00e1rmol lujosos. Del\u00e9itate con los tratamientos del spa de vanguardia, que incluye sal\u00f3n, ba\u00f1o turco y gimnasio. Por la tarde, rel\u00e1jate en la piscina sin bordes\u00a0y accede al exclusivo club de playa con caba\u00f1as privadas que se extienden sobre un muelle. Innovadores establecimientos de comidas y bebidas que incluyen 2 bares, un restaurante\u00a0parrilla gourmet con vista a la bah\u00eda, un club nocturno, restaurantes abiertos todo el d\u00eda de comida informal y cocina latinoamericana, adem\u00e1s de lugares de excelente gastronom\u00eda donde se ofrecen men\u00fas locales de fusi\u00f3n asi\u00e1tica, egea y de anatolia. El resort tambi\u00e9n cuenta con espacios para reuniones y eventos en el interior y al aire libre de aproximadamente 1.200\u00a0m\u00b2, los cuales incluyen estudios, un sal\u00f3n y una sala de juntas.<\/p>\n","protected":false},"excerpt":{"rendered":"<p>The Bodrum EDITION se encuentra a pocos pasos de la bah\u00eda, a 3 kil\u00f3metros de la marina de Yalikavak en la parte occidental de la pen\u00ednsula de Bodrum, y a [&hellip;]<\/p>\n","protected":false},"author":21,"featured_media":7669,"parent":0,"menu_order":476,"comment_status":"closed","ping_status":"closed","template":"templates\/page-branch.php","meta":{"_acf_changed":false,"footnotes":""},"class_list":["post-4807","page","type-page","status-publish","has-post-thumbnail","hentry"],"acf":[],"yoast_head":"<!-- This site is optimized with the Yoast SEO plugin v27.0 - https:\/\/yoast.com\/product\/yoast-seo-wordpress\/ -->\n<title>The Bodrum EDITION | Boutique Luxury Bodrum Hotel<\/title>\n<meta name=\"description\" content=\"Reserve your stay at The Bodrum EDITION which boasts innovative restaurants and bars, luxury hotel rooms, boutique amenities and a beachfront locale.\" \/>\n<meta name=\"robots\" content=\"index, follow, max-snippet:-1, max-image-preview:large, max-video-preview:-1\" \/>\n<link rel=\"canonical\" href=\"https:\/\/www.editionhotels.com\/es\/bodrum\/\" \/>\n<meta property=\"og:locale\" content=\"es_ES\" \/>\n<meta property=\"og:type\" content=\"article\" \/>\n<meta property=\"og:title\" content=\"The Bodrum EDITION | Boutique Luxury Bodrum Hotel\" \/>\n<meta property=\"og:description\" content=\"Reserve your stay at The Bodrum EDITION which boasts innovative restaurants and bars, luxury hotel rooms, boutique amenities and a beachfront locale.\" \/>\n<meta property=\"og:url\" content=\"https:\/\/www.editionhotels.com\/es\/bodrum\/\" \/>\n<meta property=\"og:site_name\" content=\"EDITION Hotels\" \/>\n<meta property=\"article:publisher\" content=\"https:\/\/www.facebook.com\/EDITIONHotels\" \/>\n<meta property=\"article:modified_time\" content=\"2026-03-26T16:28:32+00:00\" \/>\n<meta property=\"og:image\" content=\"https:\/\/www.editionhotels.com\/wp-content\/uploads\/2018\/07\/EDT_Bodrum_05a_RGB_V1_v1_current-e1536346133966.jpg\" \/>\n\t<meta property=\"og:image:width\" content=\"2048\" \/>\n\t<meta property=\"og:image:height\" content=\"1024\" \/>\n\t<meta property=\"og:image:type\" content=\"image\/jpeg\" \/>\n<meta name=\"twitter:card\" content=\"summary_large_image\" \/>\n<meta name=\"twitter:label1\" content=\"Est. reading time\" \/>\n\t<meta name=\"twitter:data1\" content=\"2 minutes\" \/>\n<script type=\"application\/ld+json\" class=\"yoast-schema-graph\">{\"@context\":\"https:\/\/schema.org\",\"@graph\":[{\"@type\":\"WebPage\",\"@id\":\"https:\/\/www.editionhotels.com\/es\/bodrum\/\",\"url\":\"https:\/\/www.editionhotels.com\/es\/bodrum\/\",\"name\":\"The Bodrum EDITION | Boutique Luxury Bodrum Hotel\",\"isPartOf\":{\"@id\":\"https:\/\/www.editionhotels.com\/#website\"},\"primaryImageOfPage\":{\"@id\":\"https:\/\/www.editionhotels.com\/es\/bodrum\/#primaryimage\"},\"image\":{\"@id\":\"https:\/\/www.editionhotels.com\/es\/bodrum\/#primaryimage\"},\"thumbnailUrl\":\"https:\/\/www.editionhotels.com\/wp-content\/uploads\/2018\/07\/EDT_Bodrum_05a_RGB_V1_v1_current-e1536346133966.jpg\",\"datePublished\":\"2018-08-03T09:05:51+00:00\",\"dateModified\":\"2026-03-26T16:28:32+00:00\",\"description\":\"Reserve your stay at The Bodrum EDITION which boasts innovative restaurants and bars, luxury hotel rooms, boutique amenities and a beachfront locale.\",\"breadcrumb\":{\"@id\":\"https:\/\/www.editionhotels.com\/es\/bodrum\/#breadcrumb\"},\"inLanguage\":\"es-ee\",\"potentialAction\":[{\"@type\":\"ReadAction\",\"target\":[\"https:\/\/www.editionhotels.com\/es\/bodrum\/\"]}]},{\"@type\":\"ImageObject\",\"inLanguage\":\"es-ee\",\"@id\":\"https:\/\/www.editionhotels.com\/es\/bodrum\/#primaryimage\",\"url\":\"https:\/\/www.editionhotels.com\/wp-content\/uploads\/2018\/07\/EDT_Bodrum_05a_RGB_V1_v1_current-e1536346133966.jpg\",\"contentUrl\":\"https:\/\/www.editionhotels.com\/wp-content\/uploads\/2018\/07\/EDT_Bodrum_05a_RGB_V1_v1_current-e1536346133966.jpg\",\"width\":2048,\"height\":1024,\"caption\":\"Beach Club features an Infinity Pool and Beach access.\"},{\"@type\":\"BreadcrumbList\",\"@id\":\"https:\/\/www.editionhotels.com\/es\/bodrum\/#breadcrumb\",\"itemListElement\":[{\"@type\":\"ListItem\",\"position\":1,\"name\":\"Home\",\"item\":\"https:\/\/www.editionhotels.com\/\"},{\"@type\":\"ListItem\",\"position\":2,\"name\":\"Bodrum\"}]},{\"@type\":\"WebSite\",\"@id\":\"https:\/\/www.editionhotels.com\/#website\",\"url\":\"https:\/\/www.editionhotels.com\/\",\"name\":\"EDITION Hotels\",\"description\":\"A Unique Collection of Luxury Boutique Hotels\",\"publisher\":{\"@id\":\"https:\/\/www.editionhotels.com\/#organization\"},\"potentialAction\":[{\"@type\":\"SearchAction\",\"target\":{\"@type\":\"EntryPoint\",\"urlTemplate\":\"https:\/\/www.editionhotels.com\/?s={search_term_string}\"},\"query-input\":{\"@type\":\"PropertyValueSpecification\",\"valueRequired\":true,\"valueName\":\"search_term_string\"}}],\"inLanguage\":\"es-ee\"},{\"@type\":\"Organization\",\"@id\":\"https:\/\/www.editionhotels.com\/#organization\",\"name\":\"EDITION Hotels\",\"url\":\"https:\/\/www.editionhotels.com\/\",\"logo\":{\"@type\":\"ImageObject\",\"inLanguage\":\"es-ee\",\"@id\":\"https:\/\/www.editionhotels.com\/#\/schema\/logo\/image\/\",\"url\":\"https:\/\/www.editionhotels.com\/wp-content\/uploads\/2016\/09\/edition-text-logo-black.png\",\"contentUrl\":\"https:\/\/www.editionhotels.com\/wp-content\/uploads\/2016\/09\/edition-text-logo-black.png\",\"width\":1000,\"height\":185,\"caption\":\"EDITION Hotels\"},\"image\":{\"@id\":\"https:\/\/www.editionhotels.com\/#\/schema\/logo\/image\/\"},\"sameAs\":[\"https:\/\/www.facebook.com\/EDITIONHotels\"],\"description\":\"An unexpected and refreshing collection of individualized, customized, one-of-kind hotels that redefines the codes of traditional luxury.\",\"parentOrganization\":{\"@type\":\"Organization\",\"name\":\"Marriott International\",\"url\":\"https:\/\/www.marriott.com\/default.mi\"}}]}<\/script>\n<!-- \/ Yoast SEO plugin. -->","yoast_head_json":{"title":"The Bodrum EDITION | Boutique Luxury Bodrum Hotel","description":"Reserve your stay at The Bodrum EDITION which boasts innovative restaurants and bars, luxury hotel rooms, boutique amenities and a beachfront locale.","robots":{"index":"index","follow":"follow","max-snippet":"max-snippet:-1","max-image-preview":"max-image-preview:large","max-video-preview":"max-video-preview:-1"},"canonical":"https:\/\/www.editionhotels.com\/es\/bodrum\/","og_locale":"es_ES","og_type":"article","og_title":"The Bodrum EDITION | Boutique Luxury Bodrum Hotel","og_description":"Reserve your stay at The Bodrum EDITION which boasts innovative restaurants and bars, luxury hotel rooms, boutique amenities and a beachfront locale.","og_url":"https:\/\/www.editionhotels.com\/es\/bodrum\/","og_site_name":"EDITION Hotels","article_publisher":"https:\/\/www.facebook.com\/EDITIONHotels","article_modified_time":"2026-03-26T16:28:32+00:00","og_image":[{"width":2048,"height":1024,"url":"https:\/\/www.editionhotels.com\/wp-content\/uploads\/2018\/07\/EDT_Bodrum_05a_RGB_V1_v1_current-e1536346133966.jpg","type":"image\/jpeg"}],"twitter_card":"summary_large_image","twitter_misc":{"Est. reading time":"2 minutes"},"schema":{"@context":"https:\/\/schema.org","@graph":[{"@type":"WebPage","@id":"https:\/\/www.editionhotels.com\/es\/bodrum\/","url":"https:\/\/www.editionhotels.com\/es\/bodrum\/","name":"The Bodrum EDITION | Boutique Luxury Bodrum Hotel","isPartOf":{"@id":"https:\/\/www.editionhotels.com\/#website"},"primaryImageOfPage":{"@id":"https:\/\/www.editionhotels.com\/es\/bodrum\/#primaryimage"},"image":{"@id":"https:\/\/www.editionhotels.com\/es\/bodrum\/#primaryimage"},"thumbnailUrl":"https:\/\/www.editionhotels.com\/wp-content\/uploads\/2018\/07\/EDT_Bodrum_05a_RGB_V1_v1_current-e1536346133966.jpg","datePublished":"2018-08-03T09:05:51+00:00","dateModified":"2026-03-26T16:28:32+00:00","description":"Reserve your stay at The Bodrum EDITION which boasts innovative restaurants and bars, luxury hotel rooms, boutique amenities and a beachfront locale.","breadcrumb":{"@id":"https:\/\/www.editionhotels.com\/es\/bodrum\/#breadcrumb"},"inLanguage":"es-ee","potentialAction":[{"@type":"ReadAction","target":["https:\/\/www.editionhotels.com\/es\/bodrum\/"]}]},{"@type":"ImageObject","inLanguage":"es-ee","@id":"https:\/\/www.editionhotels.com\/es\/bodrum\/#primaryimage","url":"https:\/\/www.editionhotels.com\/wp-content\/uploads\/2018\/07\/EDT_Bodrum_05a_RGB_V1_v1_current-e1536346133966.jpg","contentUrl":"https:\/\/www.editionhotels.com\/wp-content\/uploads\/2018\/07\/EDT_Bodrum_05a_RGB_V1_v1_current-e1536346133966.jpg","width":2048,"height":1024,"caption":"Beach Club features an Infinity Pool and Beach access."},{"@type":"BreadcrumbList","@id":"https:\/\/www.editionhotels.com\/es\/bodrum\/#breadcrumb","itemListElement":[{"@type":"ListItem","position":1,"name":"Home","item":"https:\/\/www.editionhotels.com\/"},{"@type":"ListItem","position":2,"name":"Bodrum"}]},{"@type":"WebSite","@id":"https:\/\/www.editionhotels.com\/#website","url":"https:\/\/www.editionhotels.com\/","name":"EDITION Hotels","description":"A Unique Collection of Luxury Boutique Hotels","publisher":{"@id":"https:\/\/www.editionhotels.com\/#organization"},"potentialAction":[{"@type":"SearchAction","target":{"@type":"EntryPoint","urlTemplate":"https:\/\/www.editionhotels.com\/?s={search_term_string}"},"query-input":{"@type":"PropertyValueSpecification","valueRequired":true,"valueName":"search_term_string"}}],"inLanguage":"es-ee"},{"@type":"Organization","@id":"https:\/\/www.editionhotels.com\/#organization","name":"EDITION Hotels","url":"https:\/\/www.editionhotels.com\/","logo":{"@type":"ImageObject","inLanguage":"es-ee","@id":"https:\/\/www.editionhotels.com\/#\/schema\/logo\/image\/","url":"https:\/\/www.editionhotels.com\/wp-content\/uploads\/2016\/09\/edition-text-logo-black.png","contentUrl":"https:\/\/www.editionhotels.com\/wp-content\/uploads\/2016\/09\/edition-text-logo-black.png","width":1000,"height":185,"caption":"EDITION Hotels"},"image":{"@id":"https:\/\/www.editionhotels.com\/#\/schema\/logo\/image\/"},"sameAs":["https:\/\/www.facebook.com\/EDITIONHotels"],"description":"An unexpected and refreshing collection of individualized, customized, one-of-kind hotels that redefines the codes of traditional luxury.","parentOrganization":{"@type":"Organization","name":"Marriott International","url":"https:\/\/www.marriott.com\/default.mi"}}]}},"_links":{"self":[{"href":"https:\/\/www.editionhotels.com\/es\/wp-json\/wp\/v2\/pages\/4807","targetHints":{"allow":["GET"]}}],"collection":[{"href":"https:\/\/www.editionhotels.com\/es\/wp-json\/wp\/v2\/pages"}],"about":[{"href":"https:\/\/www.editionhotels.com\/es\/wp-json\/wp\/v2\/types\/page"}],"author":[{"embeddable":true,"href":"https:\/\/www.editionhotels.com\/es\/wp-json\/wp\/v2\/users\/21"}],"replies":[{"embeddable":true,"href":"https:\/\/www.editionhotels.com\/es\/wp-json\/wp\/v2\/comments?post=4807"}],"version-history":[{"count":0,"href":"https:\/\/www.editionhotels.com\/es\/wp-json\/wp\/v2\/pages\/4807\/revisions"}],"wp:featuredmedia":[{"embeddable":true,"href":"https:\/\/www.editionhotels.com\/es\/wp-json\/wp\/v2\/media\/7669"}],"wp:attachment":[{"href":"https:\/\/www.editionhotels.com\/es\/wp-json\/wp\/v2\/media?parent=4807"}],"curies":[{"name":"wp","href":"https:\/\/api.w.org\/{rel}","templated":true}]}}