{"id":4809,"date":"2018-08-03T09:32:40","date_gmt":"2018-08-03T09:32:40","guid":{"rendered":"http:\/\/www.editionhotels.com\/es\/?page_id=4809"},"modified":"2024-10-16T16:53:32","modified_gmt":"2024-10-16T16:53:32","slug":"shanghai","status":"publish","type":"page","link":"https:\/\/www.editionhotels.com\/es\/shanghai\/","title":{"rendered":"Shangh\u00e1i"},"content":{"rendered":"<p class=\"p2\">The Shanghai EDITION, ubicado en la esquina noreste de Nanjing Road East y Henan Road en Puxi, al oeste del r\u00edo Huangpu y a solo 5 minutos caminando del Bund, es una combinaci\u00f3n \u00fanica de dos torres independientes con 145 habitaciones. El dise\u00f1o del hotel incluye 10 niveles de espacio p\u00fablico, en los cuales hay 5 estudios para reuniones y 2 foros, que suman m\u00e1s de 265 metros cuadrados. Los lugares de comidas y bebidas incluyen un exclusivo restaurante japon\u00e9s en el piso 27, un restaurante de cocina cantonesa con 5 comedores privados, un restaurante abierto todo el d\u00eda, 3\u00a0bares del lounge y 2 bares en la azotea.<\/p>\n","protected":false},"excerpt":{"rendered":"<p>The Shanghai EDITION, ubicado en la esquina noreste de Nanjing Road East y Henan Road en Puxi, al oeste del r\u00edo Huangpu y a solo 5 minutos caminando del Bund, [&hellip;]<\/p>\n","protected":false},"author":21,"featured_media":7268,"parent":0,"menu_order":538,"comment_status":"closed","ping_status":"closed","template":"templates\/page-branch.php","meta":{"_acf_changed":false,"footnotes":""},"class_list":["post-4809","page","type-page","status-publish","has-post-thumbnail","hentry"],"acf":[],"yoast_head":"<!-- This site is optimized with the Yoast SEO plugin v27.0 - https:\/\/yoast.com\/product\/yoast-seo-wordpress\/ -->\n<title>Shangh\u00e1i | EDITION Hotels<\/title>\n<meta name=\"robots\" content=\"index, follow, max-snippet:-1, max-image-preview:large, max-video-preview:-1\" \/>\n<link rel=\"canonical\" href=\"https:\/\/www.editionhotels.com\/es\/shanghai\/\" \/>\n<meta property=\"og:locale\" content=\"es_ES\" \/>\n<meta property=\"og:type\" content=\"article\" \/>\n<meta property=\"og:title\" content=\"Shangh\u00e1i | EDITION Hotels\" \/>\n<meta property=\"og:description\" content=\"The Shanghai EDITION, ubicado en la esquina noreste de Nanjing Road East y Henan Road en Puxi, al oeste del r\u00edo Huangpu y a solo 5 minutos caminando del Bund, [&hellip;]\" \/>\n<meta property=\"og:url\" content=\"https:\/\/www.editionhotels.com\/es\/shanghai\/\" \/>\n<meta property=\"og:site_name\" content=\"EDITION Hotels\" \/>\n<meta property=\"article:publisher\" content=\"https:\/\/www.facebook.com\/EDITIONHotels\" \/>\n<meta property=\"article:modified_time\" content=\"2024-10-16T16:53:32+00:00\" \/>\n<meta property=\"og:image\" content=\"https:\/\/www.editionhotels.com\/wp-content\/uploads\/2019\/01\/EDT_SHI1_03_RGB_V3.jpg\" \/>\n\t<meta property=\"og:image:width\" content=\"2048\" \/>\n\t<meta property=\"og:image:height\" content=\"1535\" \/>\n\t<meta property=\"og:image:type\" content=\"image\/jpeg\" \/>\n<meta name=\"twitter:card\" content=\"summary_large_image\" \/>\n<meta name=\"twitter:label1\" content=\"Est. reading time\" \/>\n\t<meta name=\"twitter:data1\" content=\"1 minute\" \/>\n<script type=\"application\/ld+json\" class=\"yoast-schema-graph\">{\"@context\":\"https:\/\/schema.org\",\"@graph\":[{\"@type\":\"WebPage\",\"@id\":\"https:\/\/www.editionhotels.com\/es\/shanghai\/\",\"url\":\"https:\/\/www.editionhotels.com\/es\/shanghai\/\",\"name\":\"Shangh\u00e1i | EDITION Hotels\",\"isPartOf\":{\"@id\":\"https:\/\/www.editionhotels.com\/#website\"},\"primaryImageOfPage\":{\"@id\":\"https:\/\/www.editionhotels.com\/es\/shanghai\/#primaryimage\"},\"image\":{\"@id\":\"https:\/\/www.editionhotels.com\/es\/shanghai\/#primaryimage\"},\"thumbnailUrl\":\"https:\/\/www.editionhotels.com\/wp-content\/uploads\/2019\/01\/EDT_SHI1_03_RGB_V3.jpg\",\"datePublished\":\"2018-08-03T09:32:40+00:00\",\"dateModified\":\"2024-10-16T16:53:32+00:00\",\"breadcrumb\":{\"@id\":\"https:\/\/www.editionhotels.com\/es\/shanghai\/#breadcrumb\"},\"inLanguage\":\"es-ee\",\"potentialAction\":[{\"@type\":\"ReadAction\",\"target\":[\"https:\/\/www.editionhotels.com\/es\/shanghai\/\"]}]},{\"@type\":\"ImageObject\",\"inLanguage\":\"es-ee\",\"@id\":\"https:\/\/www.editionhotels.com\/es\/shanghai\/#primaryimage\",\"url\":\"https:\/\/www.editionhotels.com\/wp-content\/uploads\/2019\/01\/EDT_SHI1_03_RGB_V3.jpg\",\"contentUrl\":\"https:\/\/www.editionhotels.com\/wp-content\/uploads\/2019\/01\/EDT_SHI1_03_RGB_V3.jpg\",\"width\":2048,\"height\":1535,\"caption\":\"Terrace Suite at Night\"},{\"@type\":\"BreadcrumbList\",\"@id\":\"https:\/\/www.editionhotels.com\/es\/shanghai\/#breadcrumb\",\"itemListElement\":[{\"@type\":\"ListItem\",\"position\":1,\"name\":\"Home\",\"item\":\"https:\/\/www.editionhotels.com\/\"},{\"@type\":\"ListItem\",\"position\":2,\"name\":\"Shangh\u00e1i\"}]},{\"@type\":\"WebSite\",\"@id\":\"https:\/\/www.editionhotels.com\/#website\",\"url\":\"https:\/\/www.editionhotels.com\/\",\"name\":\"EDITION Hotels\",\"description\":\"A Unique Collection of Luxury Boutique Hotels\",\"publisher\":{\"@id\":\"https:\/\/www.editionhotels.com\/#organization\"},\"potentialAction\":[{\"@type\":\"SearchAction\",\"target\":{\"@type\":\"EntryPoint\",\"urlTemplate\":\"https:\/\/www.editionhotels.com\/?s={search_term_string}\"},\"query-input\":{\"@type\":\"PropertyValueSpecification\",\"valueRequired\":true,\"valueName\":\"search_term_string\"}}],\"inLanguage\":\"es-ee\"},{\"@type\":\"Organization\",\"@id\":\"https:\/\/www.editionhotels.com\/#organization\",\"name\":\"EDITION Hotels\",\"url\":\"https:\/\/www.editionhotels.com\/\",\"logo\":{\"@type\":\"ImageObject\",\"inLanguage\":\"es-ee\",\"@id\":\"https:\/\/www.editionhotels.com\/#\/schema\/logo\/image\/\",\"url\":\"https:\/\/www.editionhotels.com\/wp-content\/uploads\/2016\/09\/edition-text-logo-black.png\",\"contentUrl\":\"https:\/\/www.editionhotels.com\/wp-content\/uploads\/2016\/09\/edition-text-logo-black.png\",\"width\":1000,\"height\":185,\"caption\":\"EDITION Hotels\"},\"image\":{\"@id\":\"https:\/\/www.editionhotels.com\/#\/schema\/logo\/image\/\"},\"sameAs\":[\"https:\/\/www.facebook.com\/EDITIONHotels\"],\"description\":\"An unexpected and refreshing collection of individualized, customized, one-of-kind hotels that redefines the codes of traditional luxury.\",\"parentOrganization\":{\"@type\":\"Organization\",\"name\":\"Marriott International\",\"url\":\"https:\/\/www.marriott.com\/default.mi\"}}]}<\/script>\n<!-- \/ Yoast SEO plugin. -->","yoast_head_json":{"title":"Shangh\u00e1i | EDITION Hotels","robots":{"index":"index","follow":"follow","max-snippet":"max-snippet:-1","max-image-preview":"max-image-preview:large","max-video-preview":"max-video-preview:-1"},"canonical":"https:\/\/www.editionhotels.com\/es\/shanghai\/","og_locale":"es_ES","og_type":"article","og_title":"Shangh\u00e1i | EDITION Hotels","og_description":"The Shanghai EDITION, ubicado en la esquina noreste de Nanjing Road East y Henan Road en Puxi, al oeste del r\u00edo Huangpu y a solo 5 minutos caminando del Bund, [&hellip;]","og_url":"https:\/\/www.editionhotels.com\/es\/shanghai\/","og_site_name":"EDITION Hotels","article_publisher":"https:\/\/www.facebook.com\/EDITIONHotels","article_modified_time":"2024-10-16T16:53:32+00:00","og_image":[{"width":2048,"height":1535,"url":"https:\/\/www.editionhotels.com\/wp-content\/uploads\/2019\/01\/EDT_SHI1_03_RGB_V3.jpg","type":"image\/jpeg"}],"twitter_card":"summary_large_image","twitter_misc":{"Est. reading time":"1 minute"},"schema":{"@context":"https:\/\/schema.org","@graph":[{"@type":"WebPage","@id":"https:\/\/www.editionhotels.com\/es\/shanghai\/","url":"https:\/\/www.editionhotels.com\/es\/shanghai\/","name":"Shangh\u00e1i | EDITION Hotels","isPartOf":{"@id":"https:\/\/www.editionhotels.com\/#website"},"primaryImageOfPage":{"@id":"https:\/\/www.editionhotels.com\/es\/shanghai\/#primaryimage"},"image":{"@id":"https:\/\/www.editionhotels.com\/es\/shanghai\/#primaryimage"},"thumbnailUrl":"https:\/\/www.editionhotels.com\/wp-content\/uploads\/2019\/01\/EDT_SHI1_03_RGB_V3.jpg","datePublished":"2018-08-03T09:32:40+00:00","dateModified":"2024-10-16T16:53:32+00:00","breadcrumb":{"@id":"https:\/\/www.editionhotels.com\/es\/shanghai\/#breadcrumb"},"inLanguage":"es-ee","potentialAction":[{"@type":"ReadAction","target":["https:\/\/www.editionhotels.com\/es\/shanghai\/"]}]},{"@type":"ImageObject","inLanguage":"es-ee","@id":"https:\/\/www.editionhotels.com\/es\/shanghai\/#primaryimage","url":"https:\/\/www.editionhotels.com\/wp-content\/uploads\/2019\/01\/EDT_SHI1_03_RGB_V3.jpg","contentUrl":"https:\/\/www.editionhotels.com\/wp-content\/uploads\/2019\/01\/EDT_SHI1_03_RGB_V3.jpg","width":2048,"height":1535,"caption":"Terrace Suite at Night"},{"@type":"BreadcrumbList","@id":"https:\/\/www.editionhotels.com\/es\/shanghai\/#breadcrumb","itemListElement":[{"@type":"ListItem","position":1,"name":"Home","item":"https:\/\/www.editionhotels.com\/"},{"@type":"ListItem","position":2,"name":"Shangh\u00e1i"}]},{"@type":"WebSite","@id":"https:\/\/www.editionhotels.com\/#website","url":"https:\/\/www.editionhotels.com\/","name":"EDITION Hotels","description":"A Unique Collection of Luxury Boutique Hotels","publisher":{"@id":"https:\/\/www.editionhotels.com\/#organization"},"potentialAction":[{"@type":"SearchAction","target":{"@type":"EntryPoint","urlTemplate":"https:\/\/www.editionhotels.com\/?s={search_term_string}"},"query-input":{"@type":"PropertyValueSpecification","valueRequired":true,"valueName":"search_term_string"}}],"inLanguage":"es-ee"},{"@type":"Organization","@id":"https:\/\/www.editionhotels.com\/#organization","name":"EDITION Hotels","url":"https:\/\/www.editionhotels.com\/","logo":{"@type":"ImageObject","inLanguage":"es-ee","@id":"https:\/\/www.editionhotels.com\/#\/schema\/logo\/image\/","url":"https:\/\/www.editionhotels.com\/wp-content\/uploads\/2016\/09\/edition-text-logo-black.png","contentUrl":"https:\/\/www.editionhotels.com\/wp-content\/uploads\/2016\/09\/edition-text-logo-black.png","width":1000,"height":185,"caption":"EDITION Hotels"},"image":{"@id":"https:\/\/www.editionhotels.com\/#\/schema\/logo\/image\/"},"sameAs":["https:\/\/www.facebook.com\/EDITIONHotels"],"description":"An unexpected and refreshing collection of individualized, customized, one-of-kind hotels that redefines the codes of traditional luxury.","parentOrganization":{"@type":"Organization","name":"Marriott International","url":"https:\/\/www.marriott.com\/default.mi"}}]}},"_links":{"self":[{"href":"https:\/\/www.editionhotels.com\/es\/wp-json\/wp\/v2\/pages\/4809","targetHints":{"allow":["GET"]}}],"collection":[{"href":"https:\/\/www.editionhotels.com\/es\/wp-json\/wp\/v2\/pages"}],"about":[{"href":"https:\/\/www.editionhotels.com\/es\/wp-json\/wp\/v2\/types\/page"}],"author":[{"embeddable":true,"href":"https:\/\/www.editionhotels.com\/es\/wp-json\/wp\/v2\/users\/21"}],"replies":[{"embeddable":true,"href":"https:\/\/www.editionhotels.com\/es\/wp-json\/wp\/v2\/comments?post=4809"}],"version-history":[{"count":0,"href":"https:\/\/www.editionhotels.com\/es\/wp-json\/wp\/v2\/pages\/4809\/revisions"}],"wp:featuredmedia":[{"embeddable":true,"href":"https:\/\/www.editionhotels.com\/es\/wp-json\/wp\/v2\/media\/7268"}],"wp:attachment":[{"href":"https:\/\/www.editionhotels.com\/es\/wp-json\/wp\/v2\/media?parent=4809"}],"curies":[{"name":"wp","href":"https:\/\/api.w.org\/{rel}","templated":true}]}}