{"id":5279,"date":"2018-08-08T15:36:25","date_gmt":"2018-08-08T15:36:25","guid":{"rendered":"http:\/\/www.editionhotels.com\/?page_id=5279"},"modified":"2019-09-13T19:06:05","modified_gmt":"2019-09-13T19:06:05","slug":"services-amenities","status":"publish","type":"page","link":"https:\/\/www.editionhotels.com\/es\/barcelona\/services-amenities\/","title":{"rendered":"Servicios y Comodidades"},"content":{"rendered":"<div class=\"info-section\">\n<div class=\"contact\">\n<h3 class=\"navigation-text\">Para m\u00e1s informaci\u00f3n<\/h3>\n<div class=\"info-detail\">Tel\u00e9fono +34 936 26 33 30 &#8211; Email: <a href=\"mailto:info.bcn@editionhotels.com\">info.bcn@editionhotels.com<\/a><\/div>\n<\/div>\n<div class=\"share-link link\">Compartir<\/div>\n<\/div>\n<div class=\"services\">\n<div class=\"service-list\">\n<dl>\n<dt>Servicios al Hu\u00e9sped<\/dt>\n<dd>\n<ul>\n<li class=\"li1\">100 habitaciones y suites \u00fanicas<\/li>\n<li class=\"li1\">2 Penthouse Suites con impresionantes vistas a la ciudad y al colorido tejado del Mercado de Santa Caterina<\/li>\n<li class=\"li1\">Servicio de habitaciones las 24 horas<\/li>\n<li class=\"li1\">Servicio de conserjer\u00eda<\/li>\n<li class=\"li1\">Servicio de limpieza dos veces al d\u00eda<\/li>\n<li class=\"li1\">Acceso a internet gratuito de alta velocidad en todo el hotel<\/li>\n<li class=\"li1\">Uso gratuito del gimnasio 24 horas<\/li>\n<li class=\"li1\">Peri\u00f3dicos de su elecci\u00f3n entregados bajo petici\u00f3n<\/li>\n<li class=\"li1\">Servicio de aparcacoches<\/li>\n<\/ul>\n<\/dd>\n<\/dl>\n<\/div>\n<div class=\"service-list\">\n<dl>\n<dt>Gimnasio<\/dt>\n<dd>\n<ul>\n<li class=\"li1\">Equipo de fitness de \u00faltima generaci\u00f3n, incluyendo m\u00e1quinas cardiovasculares con televisores personales de pantalla plana<\/li>\n<li class=\"li1\">Pesos libres<\/li>\n<li class=\"li1\">\u00c1rea de estiramiento<\/li>\n<li class=\"li1\">Agua y toallas de cortes\u00eda<\/li>\n<li class=\"li1\">Auriculares y refrescos<\/li>\n<li class=\"li1\">Accesible las 24 horas del d\u00eda<\/li>\n<\/ul>\n<\/dd>\n<\/dl>\n<\/div>\n<div class=\"service-list\">\n<dl>\n<dt>Restaurantes y Bares<\/dt>\n<dd>\n<ul>\n<li class=\"li1\">Bar Veraz, restaurante con cocina enfocada al producto y elaborada con ingredientes frescos de temporada, abierto durante todo el d\u00eda<\/li>\n<li class=\"li1\">Cabaret, supper club clandestino con un sofisticado men\u00fa a la carta y actuaciones inesperadas<\/li>\n<li class=\"li1\">Punch Room, bar de ponches y c\u00f3cteles de autor con mesa de billar<\/li>\n<li class=\"li1\">The Roof, terraza con piscina exterior de agua salada y espectaculares vistas de la ciudad<\/li>\n<li>Men\u00fas personalizados para eventos privados, almuerzos, cenas y reuniones de negocios<\/li>\n<\/ul>\n<\/dd>\n<\/dl>\n<\/div>\n<div class=\"service-list\">\n<dl>\n<dt>Accesibilidad<\/dt>\n<dd>\n<ul>\n<li>\n<p class=\"t-font-m t-font-family-proximanovasemibold l-margin-top-none\">Ciertas habitaciones disponibles para personas con problemas de movilidad<\/p>\n<\/li>\n<\/ul>\n<\/dd>\n<\/dl>\n<\/div>\n<div class=\"service-list\">\n<dl>\n<dt>Piscina<\/dt>\n<dd>\n<ul>\n<li>\n<p class=\"t-font-m t-font-family-proximanovasemibold l-margin-top-none\">Piscina exterior de agua salada en The Roof<\/p>\n<\/li>\n<\/ul>\n<\/dd>\n<\/dl>\n<\/div>\n<\/div>\n","protected":false},"excerpt":{"rendered":"<p>Para m\u00e1s informaci\u00f3n Tel\u00e9fono +34 936 26 33 30 &#8211; Email: info.bcn@editionhotels.com Compartir Servicios al Hu\u00e9sped 100 habitaciones y suites \u00fanicas 2 Penthouse Suites con impresionantes vistas a la ciudad y al colorido tejado del Mercado de Santa Caterina Servicio de habitaciones las 24 horas Servicio de conserjer\u00eda Servicio de limpieza dos veces al d\u00eda [&hellip;]<\/p>\n","protected":false},"author":45,"featured_media":0,"parent":4818,"menu_order":422,"comment_status":"closed","ping_status":"closed","template":"templates\/page-services.php","meta":{"_acf_changed":false,"footnotes":""},"class_list":["post-5279","page","type-page","status-publish","hentry"],"acf":[],"yoast_head":"<!-- This site is optimized with the Yoast SEO plugin v27.0 - https:\/\/yoast.com\/product\/yoast-seo-wordpress\/ -->\n<title>The Barcelona EDITION | Servicios y Comodidades<\/title>\n<meta name=\"robots\" content=\"index, follow, max-snippet:-1, max-image-preview:large, max-video-preview:-1\" \/>\n<link rel=\"canonical\" href=\"https:\/\/www.editionhotels.com\/es\/barcelona\/services-amenities\/\" \/>\n<meta property=\"og:locale\" content=\"es_ES\" \/>\n<meta property=\"og:type\" content=\"article\" \/>\n<meta property=\"og:title\" content=\"The Barcelona EDITION | Servicios y Comodidades\" \/>\n<meta property=\"og:description\" content=\"Para m\u00e1s informaci\u00f3n Tel\u00e9fono +34 936 26 33 30 &#8211; Email: info.bcn@editionhotels.com Compartir Servicios al Hu\u00e9sped 100 habitaciones y suites \u00fanicas 2 Penthouse Suites con impresionantes vistas a la ciudad y al colorido tejado del Mercado de Santa Caterina Servicio de habitaciones las 24 horas Servicio de conserjer\u00eda Servicio de limpieza dos veces al d\u00eda [&hellip;]\" \/>\n<meta property=\"og:url\" content=\"https:\/\/www.editionhotels.com\/es\/barcelona\/services-amenities\/\" \/>\n<meta property=\"og:site_name\" content=\"EDITION Hotels\" \/>\n<meta property=\"article:publisher\" content=\"https:\/\/www.facebook.com\/EDITIONHotels\" \/>\n<meta property=\"article:modified_time\" content=\"2019-09-13T19:06:05+00:00\" \/>\n<meta name=\"twitter:card\" content=\"summary_large_image\" \/>\n<meta name=\"twitter:label1\" content=\"Est. reading time\" \/>\n\t<meta name=\"twitter:data1\" content=\"1 minute\" \/>\n<script type=\"application\/ld+json\" class=\"yoast-schema-graph\">{\"@context\":\"https:\/\/schema.org\",\"@graph\":[{\"@type\":\"WebPage\",\"@id\":\"https:\/\/www.editionhotels.com\/es\/barcelona\/services-amenities\/\",\"url\":\"https:\/\/www.editionhotels.com\/es\/barcelona\/services-amenities\/\",\"name\":\"The Barcelona EDITION | Servicios y Comodidades\",\"isPartOf\":{\"@id\":\"https:\/\/www.editionhotels.com\/#website\"},\"datePublished\":\"2018-08-08T15:36:25+00:00\",\"dateModified\":\"2019-09-13T19:06:05+00:00\",\"breadcrumb\":{\"@id\":\"https:\/\/www.editionhotels.com\/es\/barcelona\/services-amenities\/#breadcrumb\"},\"inLanguage\":\"es-ee\",\"potentialAction\":[{\"@type\":\"ReadAction\",\"target\":[\"https:\/\/www.editionhotels.com\/es\/barcelona\/services-amenities\/\"]}]},{\"@type\":\"BreadcrumbList\",\"@id\":\"https:\/\/www.editionhotels.com\/es\/barcelona\/services-amenities\/#breadcrumb\",\"itemListElement\":[{\"@type\":\"ListItem\",\"position\":1,\"name\":\"Home\",\"item\":\"https:\/\/www.editionhotels.com\/\"},{\"@type\":\"ListItem\",\"position\":2,\"name\":\"Barcelona\",\"item\":\"https:\/\/www.editionhotels.com\/es\/barcelona\/\"},{\"@type\":\"ListItem\",\"position\":3,\"name\":\"Servicios y Comodidades\"}]},{\"@type\":\"WebSite\",\"@id\":\"https:\/\/www.editionhotels.com\/#website\",\"url\":\"https:\/\/www.editionhotels.com\/\",\"name\":\"EDITION Hotels\",\"description\":\"A Unique Collection of Luxury Boutique Hotels\",\"publisher\":{\"@id\":\"https:\/\/www.editionhotels.com\/#organization\"},\"potentialAction\":[{\"@type\":\"SearchAction\",\"target\":{\"@type\":\"EntryPoint\",\"urlTemplate\":\"https:\/\/www.editionhotels.com\/?s={search_term_string}\"},\"query-input\":{\"@type\":\"PropertyValueSpecification\",\"valueRequired\":true,\"valueName\":\"search_term_string\"}}],\"inLanguage\":\"es-ee\"},{\"@type\":\"Organization\",\"@id\":\"https:\/\/www.editionhotels.com\/#organization\",\"name\":\"EDITION Hotels\",\"url\":\"https:\/\/www.editionhotels.com\/\",\"logo\":{\"@type\":\"ImageObject\",\"inLanguage\":\"es-ee\",\"@id\":\"https:\/\/www.editionhotels.com\/#\/schema\/logo\/image\/\",\"url\":\"https:\/\/www.editionhotels.com\/wp-content\/uploads\/2016\/09\/edition-text-logo-black.png\",\"contentUrl\":\"https:\/\/www.editionhotels.com\/wp-content\/uploads\/2016\/09\/edition-text-logo-black.png\",\"width\":1000,\"height\":185,\"caption\":\"EDITION Hotels\"},\"image\":{\"@id\":\"https:\/\/www.editionhotels.com\/#\/schema\/logo\/image\/\"},\"sameAs\":[\"https:\/\/www.facebook.com\/EDITIONHotels\"],\"description\":\"An unexpected and refreshing collection of individualized, customized, one-of-kind hotels that redefines the codes of traditional luxury.\",\"parentOrganization\":{\"@type\":\"Organization\",\"name\":\"Marriott International\",\"url\":\"https:\/\/www.marriott.com\/default.mi\"}}]}<\/script>\n<!-- \/ Yoast SEO plugin. -->","yoast_head_json":{"title":"The Barcelona EDITION | Servicios y Comodidades","robots":{"index":"index","follow":"follow","max-snippet":"max-snippet:-1","max-image-preview":"max-image-preview:large","max-video-preview":"max-video-preview:-1"},"canonical":"https:\/\/www.editionhotels.com\/es\/barcelona\/services-amenities\/","og_locale":"es_ES","og_type":"article","og_title":"The Barcelona EDITION | Servicios y Comodidades","og_description":"Para m\u00e1s informaci\u00f3n Tel\u00e9fono +34 936 26 33 30 &#8211; Email: info.bcn@editionhotels.com Compartir Servicios al Hu\u00e9sped 100 habitaciones y suites \u00fanicas 2 Penthouse Suites con impresionantes vistas a la ciudad y al colorido tejado del Mercado de Santa Caterina Servicio de habitaciones las 24 horas Servicio de conserjer\u00eda Servicio de limpieza dos veces al d\u00eda [&hellip;]","og_url":"https:\/\/www.editionhotels.com\/es\/barcelona\/services-amenities\/","og_site_name":"EDITION Hotels","article_publisher":"https:\/\/www.facebook.com\/EDITIONHotels","article_modified_time":"2019-09-13T19:06:05+00:00","twitter_card":"summary_large_image","twitter_misc":{"Est. reading time":"1 minute"},"schema":{"@context":"https:\/\/schema.org","@graph":[{"@type":"WebPage","@id":"https:\/\/www.editionhotels.com\/es\/barcelona\/services-amenities\/","url":"https:\/\/www.editionhotels.com\/es\/barcelona\/services-amenities\/","name":"The Barcelona EDITION | Servicios y Comodidades","isPartOf":{"@id":"https:\/\/www.editionhotels.com\/#website"},"datePublished":"2018-08-08T15:36:25+00:00","dateModified":"2019-09-13T19:06:05+00:00","breadcrumb":{"@id":"https:\/\/www.editionhotels.com\/es\/barcelona\/services-amenities\/#breadcrumb"},"inLanguage":"es-ee","potentialAction":[{"@type":"ReadAction","target":["https:\/\/www.editionhotels.com\/es\/barcelona\/services-amenities\/"]}]},{"@type":"BreadcrumbList","@id":"https:\/\/www.editionhotels.com\/es\/barcelona\/services-amenities\/#breadcrumb","itemListElement":[{"@type":"ListItem","position":1,"name":"Home","item":"https:\/\/www.editionhotels.com\/"},{"@type":"ListItem","position":2,"name":"Barcelona","item":"https:\/\/www.editionhotels.com\/es\/barcelona\/"},{"@type":"ListItem","position":3,"name":"Servicios y Comodidades"}]},{"@type":"WebSite","@id":"https:\/\/www.editionhotels.com\/#website","url":"https:\/\/www.editionhotels.com\/","name":"EDITION Hotels","description":"A Unique Collection of Luxury Boutique Hotels","publisher":{"@id":"https:\/\/www.editionhotels.com\/#organization"},"potentialAction":[{"@type":"SearchAction","target":{"@type":"EntryPoint","urlTemplate":"https:\/\/www.editionhotels.com\/?s={search_term_string}"},"query-input":{"@type":"PropertyValueSpecification","valueRequired":true,"valueName":"search_term_string"}}],"inLanguage":"es-ee"},{"@type":"Organization","@id":"https:\/\/www.editionhotels.com\/#organization","name":"EDITION Hotels","url":"https:\/\/www.editionhotels.com\/","logo":{"@type":"ImageObject","inLanguage":"es-ee","@id":"https:\/\/www.editionhotels.com\/#\/schema\/logo\/image\/","url":"https:\/\/www.editionhotels.com\/wp-content\/uploads\/2016\/09\/edition-text-logo-black.png","contentUrl":"https:\/\/www.editionhotels.com\/wp-content\/uploads\/2016\/09\/edition-text-logo-black.png","width":1000,"height":185,"caption":"EDITION Hotels"},"image":{"@id":"https:\/\/www.editionhotels.com\/#\/schema\/logo\/image\/"},"sameAs":["https:\/\/www.facebook.com\/EDITIONHotels"],"description":"An unexpected and refreshing collection of individualized, customized, one-of-kind hotels that redefines the codes of traditional luxury.","parentOrganization":{"@type":"Organization","name":"Marriott International","url":"https:\/\/www.marriott.com\/default.mi"}}]}},"_links":{"self":[{"href":"https:\/\/www.editionhotels.com\/es\/wp-json\/wp\/v2\/pages\/5279","targetHints":{"allow":["GET"]}}],"collection":[{"href":"https:\/\/www.editionhotels.com\/es\/wp-json\/wp\/v2\/pages"}],"about":[{"href":"https:\/\/www.editionhotels.com\/es\/wp-json\/wp\/v2\/types\/page"}],"author":[{"embeddable":true,"href":"https:\/\/www.editionhotels.com\/es\/wp-json\/wp\/v2\/users\/45"}],"replies":[{"embeddable":true,"href":"https:\/\/www.editionhotels.com\/es\/wp-json\/wp\/v2\/comments?post=5279"}],"version-history":[{"count":0,"href":"https:\/\/www.editionhotels.com\/es\/wp-json\/wp\/v2\/pages\/5279\/revisions"}],"up":[{"embeddable":true,"href":"https:\/\/www.editionhotels.com\/es\/wp-json\/wp\/v2\/pages\/4818"}],"wp:attachment":[{"href":"https:\/\/www.editionhotels.com\/es\/wp-json\/wp\/v2\/media?parent=5279"}],"curies":[{"name":"wp","href":"https:\/\/api.w.org\/{rel}","templated":true}]}}