{"id":5942,"date":"2018-08-03T16:12:23","date_gmt":"2018-08-03T16:12:23","guid":{"rendered":"http:\/\/www.editionhotels.com\/es\/barcelona\/getting-here\/from-barcelona-el-prat-airport\/"},"modified":"2024-06-25T14:42:22","modified_gmt":"2024-06-25T14:42:22","slug":"from-barcelona-el-prat-airport","status":"publish","type":"page","link":"https:\/\/www.editionhotels.com\/es\/barcelona\/getting-here-3\/from-barcelona-el-prat-airport\/","title":{"rendered":"Desde el Aeropuerto Josep Tarradellas Barcelona-El Prat"},"content":{"rendered":"<h2>DESDE EL AEROPUERTO JOSEP TARRADELLAS BARCELONA-EL PRAT<\/h2>\n<p><em>Autom\u00f3vil privado:<\/em><\/p>\n<p>Comun\u00edquese al +34 93 626 33 30 para solicitar que el concierge del hotel organice un traslado en autom\u00f3vil privado desde o hacia el aeropuerto Josep Tarradellas Barcelona \u2013 El Prat antes de su llegada\/salida.<\/p>\n<p><em>Taxi:<\/em><\/p>\n<p>Los taxis est\u00e1n disponibles en el aeropuerto por orden de llegada y cuestan aproximadamente entre 35 y 45 EUR por trayecto. El trayecto hasta el hotel dura aproximadamente 30 minutos, pero puede tardar hasta 1 hora en las horas de alto tr\u00e1fico.<\/p>\n<p><em>En metro:<\/em><\/p>\n<p>El trayecto en metro tiene una duraci\u00f3n aproximada de 45 minutos para llegar al hotel.<br \/>\n\u2022 Tome la l\u00ednea L9 Sud (naranja) hasta Torrassa<br \/>\n\u2022 Una vez all\u00ed, haga transbordo a la L\u00ednea 1 (roja)<br \/>\n\u2022 B\u00e1jese en Urquinaona.<br \/>\n\u2022 Salga de la estaci\u00f3n y camine por Via Laietana hacia Pla\u00e7a d\u2019Antoni Maura.<br \/>\n\u2022 La Avinguda de Francesc Camb\u00f3 est\u00e1 a la izquierda (el hotel est\u00e1 situado justo al lado del Mercado de Santa Caterina).<\/p>\n<p><em>Aerobus:<\/em><\/p>\n<p>Con servicio los 365 d\u00edas del a\u00f1o, Aerobus es una opci\u00f3n c\u00f3moda. Un trayecto con solo tres paradas: aeropuerto, terminal 1 (A1) y terminal 2 (A2), llegando a Pla\u00e7a Catalunya, que se encuentra a 10 minutos a pie del hotel. Los autobuses salen diariamente cada 5 a 10 minutos.<\/p>\n<p><em>Instrucciones de llegada en autom\u00f3vil:<\/em><\/p>\n<p>Esta ruta tiene una duraci\u00f3n aproximada de 30 minutos.<br \/>\n\u2022 Incorp\u00f3rese a la C-31 desde la Av. de l&#8217;Aeroport<br \/>\n\u2022 Contin\u00fae por la C-31 y B-10 hasta Passeig Josep Carner en Barcelona. Desde B-10, tome la salida hacia 21 Ciutat Vella\/Paral.lel\/La Rombla\/Montju\u00efc\/Port Vell.<br \/>\n\u2022 Contin\u00fae por Passeig Josep Carner. Tome Passeig de Colom y Via Laietana hasta Av. de Francesc Camb\u00f3, 14<\/p>\n<p><a href=\"https:\/\/www.google.com\/maps\/dir\/Barcelona+El+Prat+Airport,+El+Prat+de+Llobregat\/The+Barcelona+EDITION,+Avinguda+de+Francesc+Camb\u00f3,+Barcelona\/@41.3448119,2.04946,12z\/data=!4m14!4m13!1m5!1m1!1s0x12a49e64847c8ea5:0xf32be942fb6f9bd7!2m2!1d2.0832941!2d41.297445!1m5!1m1!1s0x12a4a2fbdbd56a19:0xeee09cb9f5a3197f!2m2!1d2.1778103!2d41.385944!3e0\">Google Maps<\/a><\/p>\n<p><em>Estacionamiento:<\/em><\/p>\n<p>El estacionamiento est\u00e1 disponible en SABA en la calle Francesc Camb\u00f3, justo enfrente de The Barcelona EDITION y cuesta 66.55 EUR por noche, incluido nuestro servicio de personal para estacionar.<\/p>\n","protected":false},"excerpt":{"rendered":"<p>DESDE EL AEROPUERTO JOSEP TARRADELLAS BARCELONA-EL PRAT Autom\u00f3vil privado: Comun\u00edquese al +34 93 626 33 30 para solicitar que el concierge del hotel organice un traslado en autom\u00f3vil privado desde [&hellip;]<\/p>\n","protected":false},"author":45,"featured_media":0,"parent":5941,"menu_order":433,"comment_status":"closed","ping_status":"closed","template":"","meta":{"_acf_changed":false,"footnotes":""},"class_list":["post-5942","page","type-page","status-publish","hentry"],"acf":[],"yoast_head":"<!-- This site is optimized with the Yoast SEO plugin v27.0 - https:\/\/yoast.com\/product\/yoast-seo-wordpress\/ -->\n<title>Desde el Aeropuerto Josep Tarradellas Barcelona-El Prat | EDITION Hotels<\/title>\n<meta name=\"robots\" content=\"index, follow, max-snippet:-1, max-image-preview:large, max-video-preview:-1\" \/>\n<link rel=\"canonical\" href=\"https:\/\/www.editionhotels.com\/es\/barcelona\/getting-here-3\/from-barcelona-el-prat-airport\/\" \/>\n<meta property=\"og:locale\" content=\"es_ES\" \/>\n<meta property=\"og:type\" content=\"article\" \/>\n<meta property=\"og:title\" content=\"Desde el Aeropuerto Josep Tarradellas Barcelona-El Prat | EDITION Hotels\" \/>\n<meta property=\"og:description\" content=\"DESDE EL AEROPUERTO JOSEP TARRADELLAS BARCELONA-EL PRAT Autom\u00f3vil privado: Comun\u00edquese al +34 93 626 33 30 para solicitar que el concierge del hotel organice un traslado en autom\u00f3vil privado desde [&hellip;]\" \/>\n<meta property=\"og:url\" content=\"https:\/\/www.editionhotels.com\/es\/barcelona\/getting-here-3\/from-barcelona-el-prat-airport\/\" \/>\n<meta property=\"og:site_name\" content=\"EDITION Hotels\" \/>\n<meta property=\"article:publisher\" content=\"https:\/\/www.facebook.com\/EDITIONHotels\" \/>\n<meta property=\"article:modified_time\" content=\"2024-06-25T14:42:22+00:00\" \/>\n<meta name=\"twitter:card\" content=\"summary_large_image\" \/>\n<meta name=\"twitter:label1\" content=\"Est. reading time\" \/>\n\t<meta name=\"twitter:data1\" content=\"2 minutes\" \/>\n<script type=\"application\/ld+json\" class=\"yoast-schema-graph\">{\"@context\":\"https:\/\/schema.org\",\"@graph\":[{\"@type\":\"WebPage\",\"@id\":\"https:\/\/www.editionhotels.com\/es\/barcelona\/getting-here-3\/from-barcelona-el-prat-airport\/\",\"url\":\"https:\/\/www.editionhotels.com\/es\/barcelona\/getting-here-3\/from-barcelona-el-prat-airport\/\",\"name\":\"Desde el Aeropuerto Josep Tarradellas Barcelona-El Prat | EDITION Hotels\",\"isPartOf\":{\"@id\":\"https:\/\/www.editionhotels.com\/#website\"},\"datePublished\":\"2018-08-03T16:12:23+00:00\",\"dateModified\":\"2024-06-25T14:42:22+00:00\",\"breadcrumb\":{\"@id\":\"https:\/\/www.editionhotels.com\/es\/barcelona\/getting-here-3\/from-barcelona-el-prat-airport\/#breadcrumb\"},\"inLanguage\":\"es-ee\",\"potentialAction\":[{\"@type\":\"ReadAction\",\"target\":[\"https:\/\/www.editionhotels.com\/es\/barcelona\/getting-here-3\/from-barcelona-el-prat-airport\/\"]}]},{\"@type\":\"BreadcrumbList\",\"@id\":\"https:\/\/www.editionhotels.com\/es\/barcelona\/getting-here-3\/from-barcelona-el-prat-airport\/#breadcrumb\",\"itemListElement\":[{\"@type\":\"ListItem\",\"position\":1,\"name\":\"Home\",\"item\":\"https:\/\/www.editionhotels.com\/\"},{\"@type\":\"ListItem\",\"position\":2,\"name\":\"Barcelona\",\"item\":\"https:\/\/www.editionhotels.com\/es\/barcelona\/\"},{\"@type\":\"ListItem\",\"position\":3,\"name\":\"C\u00f3mo llegar al hotel\",\"item\":\"https:\/\/www.editionhotels.com\/es\/barcelona\/getting-here-3\/\"},{\"@type\":\"ListItem\",\"position\":4,\"name\":\"Desde el Aeropuerto Josep Tarradellas Barcelona-El Prat\"}]},{\"@type\":\"WebSite\",\"@id\":\"https:\/\/www.editionhotels.com\/#website\",\"url\":\"https:\/\/www.editionhotels.com\/\",\"name\":\"EDITION Hotels\",\"description\":\"A Unique Collection of Luxury Boutique Hotels\",\"publisher\":{\"@id\":\"https:\/\/www.editionhotels.com\/#organization\"},\"potentialAction\":[{\"@type\":\"SearchAction\",\"target\":{\"@type\":\"EntryPoint\",\"urlTemplate\":\"https:\/\/www.editionhotels.com\/?s={search_term_string}\"},\"query-input\":{\"@type\":\"PropertyValueSpecification\",\"valueRequired\":true,\"valueName\":\"search_term_string\"}}],\"inLanguage\":\"es-ee\"},{\"@type\":\"Organization\",\"@id\":\"https:\/\/www.editionhotels.com\/#organization\",\"name\":\"EDITION Hotels\",\"url\":\"https:\/\/www.editionhotels.com\/\",\"logo\":{\"@type\":\"ImageObject\",\"inLanguage\":\"es-ee\",\"@id\":\"https:\/\/www.editionhotels.com\/#\/schema\/logo\/image\/\",\"url\":\"https:\/\/www.editionhotels.com\/wp-content\/uploads\/2016\/09\/edition-text-logo-black.png\",\"contentUrl\":\"https:\/\/www.editionhotels.com\/wp-content\/uploads\/2016\/09\/edition-text-logo-black.png\",\"width\":1000,\"height\":185,\"caption\":\"EDITION Hotels\"},\"image\":{\"@id\":\"https:\/\/www.editionhotels.com\/#\/schema\/logo\/image\/\"},\"sameAs\":[\"https:\/\/www.facebook.com\/EDITIONHotels\"],\"description\":\"An unexpected and refreshing collection of individualized, customized, one-of-kind hotels that redefines the codes of traditional luxury.\",\"parentOrganization\":{\"@type\":\"Organization\",\"name\":\"Marriott International\",\"url\":\"https:\/\/www.marriott.com\/default.mi\"}}]}<\/script>\n<!-- \/ Yoast SEO plugin. -->","yoast_head_json":{"title":"Desde el Aeropuerto Josep Tarradellas Barcelona-El Prat | EDITION Hotels","robots":{"index":"index","follow":"follow","max-snippet":"max-snippet:-1","max-image-preview":"max-image-preview:large","max-video-preview":"max-video-preview:-1"},"canonical":"https:\/\/www.editionhotels.com\/es\/barcelona\/getting-here-3\/from-barcelona-el-prat-airport\/","og_locale":"es_ES","og_type":"article","og_title":"Desde el Aeropuerto Josep Tarradellas Barcelona-El Prat | EDITION Hotels","og_description":"DESDE EL AEROPUERTO JOSEP TARRADELLAS BARCELONA-EL PRAT Autom\u00f3vil privado: Comun\u00edquese al +34 93 626 33 30 para solicitar que el concierge del hotel organice un traslado en autom\u00f3vil privado desde [&hellip;]","og_url":"https:\/\/www.editionhotels.com\/es\/barcelona\/getting-here-3\/from-barcelona-el-prat-airport\/","og_site_name":"EDITION Hotels","article_publisher":"https:\/\/www.facebook.com\/EDITIONHotels","article_modified_time":"2024-06-25T14:42:22+00:00","twitter_card":"summary_large_image","twitter_misc":{"Est. reading time":"2 minutes"},"schema":{"@context":"https:\/\/schema.org","@graph":[{"@type":"WebPage","@id":"https:\/\/www.editionhotels.com\/es\/barcelona\/getting-here-3\/from-barcelona-el-prat-airport\/","url":"https:\/\/www.editionhotels.com\/es\/barcelona\/getting-here-3\/from-barcelona-el-prat-airport\/","name":"Desde el Aeropuerto Josep Tarradellas Barcelona-El Prat | EDITION Hotels","isPartOf":{"@id":"https:\/\/www.editionhotels.com\/#website"},"datePublished":"2018-08-03T16:12:23+00:00","dateModified":"2024-06-25T14:42:22+00:00","breadcrumb":{"@id":"https:\/\/www.editionhotels.com\/es\/barcelona\/getting-here-3\/from-barcelona-el-prat-airport\/#breadcrumb"},"inLanguage":"es-ee","potentialAction":[{"@type":"ReadAction","target":["https:\/\/www.editionhotels.com\/es\/barcelona\/getting-here-3\/from-barcelona-el-prat-airport\/"]}]},{"@type":"BreadcrumbList","@id":"https:\/\/www.editionhotels.com\/es\/barcelona\/getting-here-3\/from-barcelona-el-prat-airport\/#breadcrumb","itemListElement":[{"@type":"ListItem","position":1,"name":"Home","item":"https:\/\/www.editionhotels.com\/"},{"@type":"ListItem","position":2,"name":"Barcelona","item":"https:\/\/www.editionhotels.com\/es\/barcelona\/"},{"@type":"ListItem","position":3,"name":"C\u00f3mo llegar al hotel","item":"https:\/\/www.editionhotels.com\/es\/barcelona\/getting-here-3\/"},{"@type":"ListItem","position":4,"name":"Desde el Aeropuerto Josep Tarradellas Barcelona-El Prat"}]},{"@type":"WebSite","@id":"https:\/\/www.editionhotels.com\/#website","url":"https:\/\/www.editionhotels.com\/","name":"EDITION Hotels","description":"A Unique Collection of Luxury Boutique Hotels","publisher":{"@id":"https:\/\/www.editionhotels.com\/#organization"},"potentialAction":[{"@type":"SearchAction","target":{"@type":"EntryPoint","urlTemplate":"https:\/\/www.editionhotels.com\/?s={search_term_string}"},"query-input":{"@type":"PropertyValueSpecification","valueRequired":true,"valueName":"search_term_string"}}],"inLanguage":"es-ee"},{"@type":"Organization","@id":"https:\/\/www.editionhotels.com\/#organization","name":"EDITION Hotels","url":"https:\/\/www.editionhotels.com\/","logo":{"@type":"ImageObject","inLanguage":"es-ee","@id":"https:\/\/www.editionhotels.com\/#\/schema\/logo\/image\/","url":"https:\/\/www.editionhotels.com\/wp-content\/uploads\/2016\/09\/edition-text-logo-black.png","contentUrl":"https:\/\/www.editionhotels.com\/wp-content\/uploads\/2016\/09\/edition-text-logo-black.png","width":1000,"height":185,"caption":"EDITION Hotels"},"image":{"@id":"https:\/\/www.editionhotels.com\/#\/schema\/logo\/image\/"},"sameAs":["https:\/\/www.facebook.com\/EDITIONHotels"],"description":"An unexpected and refreshing collection of individualized, customized, one-of-kind hotels that redefines the codes of traditional luxury.","parentOrganization":{"@type":"Organization","name":"Marriott International","url":"https:\/\/www.marriott.com\/default.mi"}}]}},"_links":{"self":[{"href":"https:\/\/www.editionhotels.com\/es\/wp-json\/wp\/v2\/pages\/5942","targetHints":{"allow":["GET"]}}],"collection":[{"href":"https:\/\/www.editionhotels.com\/es\/wp-json\/wp\/v2\/pages"}],"about":[{"href":"https:\/\/www.editionhotels.com\/es\/wp-json\/wp\/v2\/types\/page"}],"author":[{"embeddable":true,"href":"https:\/\/www.editionhotels.com\/es\/wp-json\/wp\/v2\/users\/45"}],"replies":[{"embeddable":true,"href":"https:\/\/www.editionhotels.com\/es\/wp-json\/wp\/v2\/comments?post=5942"}],"version-history":[{"count":0,"href":"https:\/\/www.editionhotels.com\/es\/wp-json\/wp\/v2\/pages\/5942\/revisions"}],"up":[{"embeddable":true,"href":"https:\/\/www.editionhotels.com\/es\/wp-json\/wp\/v2\/pages\/5941"}],"wp:attachment":[{"href":"https:\/\/www.editionhotels.com\/es\/wp-json\/wp\/v2\/media?parent=5942"}],"curies":[{"name":"wp","href":"https:\/\/api.w.org\/{rel}","templated":true}]}}