{"id":5946,"date":"2018-08-03T16:47:15","date_gmt":"2018-08-03T16:47:15","guid":{"rendered":"http:\/\/www.editionhotels.com\/es\/barcelona\/getting-here\/from-cruise-port-terminals\/"},"modified":"2024-06-04T19:46:39","modified_gmt":"2024-06-04T19:46:39","slug":"from-cruise-port-terminals","status":"publish","type":"page","link":"https:\/\/www.editionhotels.com\/es\/barcelona\/getting-here-3\/from-cruise-port-terminals\/","title":{"rendered":"Desde las terminales del puerto de cruceros"},"content":{"rendered":"<h2>DESDE LAS TERMINALES DEL PUERTO DE CRUCEROS<\/h2>\n<p><em>Autom\u00f3vil privado:<\/em><\/p>\n<p>Comun\u00edquese al +34 93 626 33 30 para solicitar que el concierge del hotel organice un traslado en autom\u00f3vil privado desde o hacia las terminales del puerto de cruceros antes de su llegada\/salida.<\/p>\n<p><em>Taxi:<\/em><\/p>\n<p>Los taxis est\u00e1n disponibles en la estaci\u00f3n de tren por orden de llegada y cuestan aproximadamente entre 25 y 30 EUR por trayecto. El recorrido hasta el hotel dura aproximadamente 20 minutos.<\/p>\n<p>&nbsp;<\/p>\n","protected":false},"excerpt":{"rendered":"<p>DESDE LAS TERMINALES DEL PUERTO DE CRUCEROS Autom\u00f3vil privado: Comun\u00edquese al +34 93 626 33 30 para solicitar que el concierge del hotel organice un traslado en autom\u00f3vil privado desde [&hellip;]<\/p>\n","protected":false},"author":45,"featured_media":0,"parent":5941,"menu_order":431,"comment_status":"closed","ping_status":"closed","template":"","meta":{"_acf_changed":false,"footnotes":""},"class_list":["post-5946","page","type-page","status-publish","hentry"],"acf":[],"yoast_head":"<!-- This site is optimized with the Yoast SEO plugin v27.0 - https:\/\/yoast.com\/product\/yoast-seo-wordpress\/ -->\n<title>Desde las terminales del puerto de cruceros | EDITION Hotels<\/title>\n<meta name=\"robots\" content=\"index, follow, max-snippet:-1, max-image-preview:large, max-video-preview:-1\" \/>\n<link rel=\"canonical\" href=\"https:\/\/www.editionhotels.com\/es\/barcelona\/getting-here-3\/desde-terminales-puerto-cruceros\/\" \/>\n<meta property=\"og:locale\" content=\"es_ES\" \/>\n<meta property=\"og:type\" content=\"article\" \/>\n<meta property=\"og:title\" content=\"Desde las terminales del puerto de cruceros | EDITION Hotels\" \/>\n<meta property=\"og:description\" content=\"DESDE LAS TERMINALES DEL PUERTO DE CRUCEROS Autom\u00f3vil privado: Comun\u00edquese al +34 93 626 33 30 para solicitar que el concierge del hotel organice un traslado en autom\u00f3vil privado desde [&hellip;]\" \/>\n<meta property=\"og:url\" content=\"https:\/\/www.editionhotels.com\/es\/barcelona\/getting-here-3\/desde-terminales-puerto-cruceros\/\" \/>\n<meta property=\"og:site_name\" content=\"EDITION Hotels\" \/>\n<meta property=\"article:publisher\" content=\"https:\/\/www.facebook.com\/EDITIONHotels\" \/>\n<meta property=\"article:modified_time\" content=\"2024-06-04T19:46:39+00:00\" \/>\n<meta name=\"twitter:card\" content=\"summary_large_image\" \/>\n<script type=\"application\/ld+json\" class=\"yoast-schema-graph\">{\"@context\":\"https:\/\/schema.org\",\"@graph\":[{\"@type\":\"WebPage\",\"@id\":\"https:\/\/www.editionhotels.com\/es\/barcelona\/getting-here-3\/desde-terminales-puerto-cruceros\/\",\"url\":\"https:\/\/www.editionhotels.com\/es\/barcelona\/getting-here-3\/desde-terminales-puerto-cruceros\/\",\"name\":\"Desde las terminales del puerto de cruceros | EDITION Hotels\",\"isPartOf\":{\"@id\":\"https:\/\/www.editionhotels.com\/#website\"},\"datePublished\":\"2018-08-03T16:47:15+00:00\",\"dateModified\":\"2024-06-04T19:46:39+00:00\",\"breadcrumb\":{\"@id\":\"https:\/\/www.editionhotels.com\/es\/barcelona\/getting-here-3\/desde-terminales-puerto-cruceros\/#breadcrumb\"},\"inLanguage\":\"es-ee\",\"potentialAction\":[{\"@type\":\"ReadAction\",\"target\":[\"https:\/\/www.editionhotels.com\/es\/barcelona\/getting-here-3\/desde-terminales-puerto-cruceros\/\"]}]},{\"@type\":\"BreadcrumbList\",\"@id\":\"https:\/\/www.editionhotels.com\/es\/barcelona\/getting-here-3\/desde-terminales-puerto-cruceros\/#breadcrumb\",\"itemListElement\":[{\"@type\":\"ListItem\",\"position\":1,\"name\":\"Home\",\"item\":\"https:\/\/www.editionhotels.com\/\"},{\"@type\":\"ListItem\",\"position\":2,\"name\":\"Barcelona\",\"item\":\"https:\/\/www.editionhotels.com\/es\/barcelona\/\"},{\"@type\":\"ListItem\",\"position\":3,\"name\":\"C\u00f3mo llegar al hotel\",\"item\":\"https:\/\/www.editionhotels.com\/es\/barcelona\/getting-here-3\/\"},{\"@type\":\"ListItem\",\"position\":4,\"name\":\"Desde las terminales del puerto de cruceros\"}]},{\"@type\":\"WebSite\",\"@id\":\"https:\/\/www.editionhotels.com\/#website\",\"url\":\"https:\/\/www.editionhotels.com\/\",\"name\":\"EDITION Hotels\",\"description\":\"A Unique Collection of Luxury Boutique Hotels\",\"publisher\":{\"@id\":\"https:\/\/www.editionhotels.com\/#organization\"},\"potentialAction\":[{\"@type\":\"SearchAction\",\"target\":{\"@type\":\"EntryPoint\",\"urlTemplate\":\"https:\/\/www.editionhotels.com\/?s={search_term_string}\"},\"query-input\":{\"@type\":\"PropertyValueSpecification\",\"valueRequired\":true,\"valueName\":\"search_term_string\"}}],\"inLanguage\":\"es-ee\"},{\"@type\":\"Organization\",\"@id\":\"https:\/\/www.editionhotels.com\/#organization\",\"name\":\"EDITION Hotels\",\"url\":\"https:\/\/www.editionhotels.com\/\",\"logo\":{\"@type\":\"ImageObject\",\"inLanguage\":\"es-ee\",\"@id\":\"https:\/\/www.editionhotels.com\/#\/schema\/logo\/image\/\",\"url\":\"https:\/\/www.editionhotels.com\/wp-content\/uploads\/2016\/09\/edition-text-logo-black.png\",\"contentUrl\":\"https:\/\/www.editionhotels.com\/wp-content\/uploads\/2016\/09\/edition-text-logo-black.png\",\"width\":1000,\"height\":185,\"caption\":\"EDITION Hotels\"},\"image\":{\"@id\":\"https:\/\/www.editionhotels.com\/#\/schema\/logo\/image\/\"},\"sameAs\":[\"https:\/\/www.facebook.com\/EDITIONHotels\"],\"description\":\"An unexpected and refreshing collection of individualized, customized, one-of-kind hotels that redefines the codes of traditional luxury.\",\"parentOrganization\":{\"@type\":\"Organization\",\"name\":\"Marriott International\",\"url\":\"https:\/\/www.marriott.com\/default.mi\"}}]}<\/script>\n<!-- \/ Yoast SEO plugin. -->","yoast_head_json":{"title":"Desde las terminales del puerto de cruceros | EDITION Hotels","robots":{"index":"index","follow":"follow","max-snippet":"max-snippet:-1","max-image-preview":"max-image-preview:large","max-video-preview":"max-video-preview:-1"},"canonical":"https:\/\/www.editionhotels.com\/es\/barcelona\/getting-here-3\/desde-terminales-puerto-cruceros\/","og_locale":"es_ES","og_type":"article","og_title":"Desde las terminales del puerto de cruceros | EDITION Hotels","og_description":"DESDE LAS TERMINALES DEL PUERTO DE CRUCEROS Autom\u00f3vil privado: Comun\u00edquese al +34 93 626 33 30 para solicitar que el concierge del hotel organice un traslado en autom\u00f3vil privado desde [&hellip;]","og_url":"https:\/\/www.editionhotels.com\/es\/barcelona\/getting-here-3\/desde-terminales-puerto-cruceros\/","og_site_name":"EDITION Hotels","article_publisher":"https:\/\/www.facebook.com\/EDITIONHotels","article_modified_time":"2024-06-04T19:46:39+00:00","twitter_card":"summary_large_image","schema":{"@context":"https:\/\/schema.org","@graph":[{"@type":"WebPage","@id":"https:\/\/www.editionhotels.com\/es\/barcelona\/getting-here-3\/desde-terminales-puerto-cruceros\/","url":"https:\/\/www.editionhotels.com\/es\/barcelona\/getting-here-3\/desde-terminales-puerto-cruceros\/","name":"Desde las terminales del puerto de cruceros | EDITION Hotels","isPartOf":{"@id":"https:\/\/www.editionhotels.com\/#website"},"datePublished":"2018-08-03T16:47:15+00:00","dateModified":"2024-06-04T19:46:39+00:00","breadcrumb":{"@id":"https:\/\/www.editionhotels.com\/es\/barcelona\/getting-here-3\/desde-terminales-puerto-cruceros\/#breadcrumb"},"inLanguage":"es-ee","potentialAction":[{"@type":"ReadAction","target":["https:\/\/www.editionhotels.com\/es\/barcelona\/getting-here-3\/desde-terminales-puerto-cruceros\/"]}]},{"@type":"BreadcrumbList","@id":"https:\/\/www.editionhotels.com\/es\/barcelona\/getting-here-3\/desde-terminales-puerto-cruceros\/#breadcrumb","itemListElement":[{"@type":"ListItem","position":1,"name":"Home","item":"https:\/\/www.editionhotels.com\/"},{"@type":"ListItem","position":2,"name":"Barcelona","item":"https:\/\/www.editionhotels.com\/es\/barcelona\/"},{"@type":"ListItem","position":3,"name":"C\u00f3mo llegar al hotel","item":"https:\/\/www.editionhotels.com\/es\/barcelona\/getting-here-3\/"},{"@type":"ListItem","position":4,"name":"Desde las terminales del puerto de cruceros"}]},{"@type":"WebSite","@id":"https:\/\/www.editionhotels.com\/#website","url":"https:\/\/www.editionhotels.com\/","name":"EDITION Hotels","description":"A Unique Collection of Luxury Boutique Hotels","publisher":{"@id":"https:\/\/www.editionhotels.com\/#organization"},"potentialAction":[{"@type":"SearchAction","target":{"@type":"EntryPoint","urlTemplate":"https:\/\/www.editionhotels.com\/?s={search_term_string}"},"query-input":{"@type":"PropertyValueSpecification","valueRequired":true,"valueName":"search_term_string"}}],"inLanguage":"es-ee"},{"@type":"Organization","@id":"https:\/\/www.editionhotels.com\/#organization","name":"EDITION Hotels","url":"https:\/\/www.editionhotels.com\/","logo":{"@type":"ImageObject","inLanguage":"es-ee","@id":"https:\/\/www.editionhotels.com\/#\/schema\/logo\/image\/","url":"https:\/\/www.editionhotels.com\/wp-content\/uploads\/2016\/09\/edition-text-logo-black.png","contentUrl":"https:\/\/www.editionhotels.com\/wp-content\/uploads\/2016\/09\/edition-text-logo-black.png","width":1000,"height":185,"caption":"EDITION Hotels"},"image":{"@id":"https:\/\/www.editionhotels.com\/#\/schema\/logo\/image\/"},"sameAs":["https:\/\/www.facebook.com\/EDITIONHotels"],"description":"An unexpected and refreshing collection of individualized, customized, one-of-kind hotels that redefines the codes of traditional luxury.","parentOrganization":{"@type":"Organization","name":"Marriott International","url":"https:\/\/www.marriott.com\/default.mi"}}]}},"_links":{"self":[{"href":"https:\/\/www.editionhotels.com\/es\/wp-json\/wp\/v2\/pages\/5946","targetHints":{"allow":["GET"]}}],"collection":[{"href":"https:\/\/www.editionhotels.com\/es\/wp-json\/wp\/v2\/pages"}],"about":[{"href":"https:\/\/www.editionhotels.com\/es\/wp-json\/wp\/v2\/types\/page"}],"author":[{"embeddable":true,"href":"https:\/\/www.editionhotels.com\/es\/wp-json\/wp\/v2\/users\/45"}],"replies":[{"embeddable":true,"href":"https:\/\/www.editionhotels.com\/es\/wp-json\/wp\/v2\/comments?post=5946"}],"version-history":[{"count":0,"href":"https:\/\/www.editionhotels.com\/es\/wp-json\/wp\/v2\/pages\/5946\/revisions"}],"up":[{"embeddable":true,"href":"https:\/\/www.editionhotels.com\/es\/wp-json\/wp\/v2\/pages\/5941"}],"wp:attachment":[{"href":"https:\/\/www.editionhotels.com\/es\/wp-json\/wp\/v2\/media?parent=5946"}],"curies":[{"name":"wp","href":"https:\/\/api.w.org\/{rel}","templated":true}]}}