{"id":842740,"date":"2021-03-26T09:26:39","date_gmt":"2021-03-26T09:26:39","guid":{"rendered":"https:\/\/www.editionhotels.com\/tampa\/"},"modified":"2026-03-13T17:05:38","modified_gmt":"2026-03-13T17:05:38","slug":"tampa","status":"publish","type":"page","link":"https:\/\/www.editionhotels.com\/es\/tampa\/","title":{"rendered":"Tampa"},"content":{"rendered":"<p>Ubicado dentro del nuevo vecindario de Water Street Tampa, que se extiende sobre una superficie de 23 hect\u00e1reas, el hotel alberga 172 habitaciones y suites y 7 lugares de comidas y bebidas, incluido un restaurante exclusivo, un bar en la azotea y una terraza. El hotel cuenta con una suite Penthouse de 204 m\u00b2, un amplio spa, un gimnasio y m\u00e1s de 550 m\u00b2 de vers\u00e1til espacio para reuniones y eventos. El hotel, que re\u00fane algunos de los mejores talentos del mundo en un solo proyecto, est\u00e1 dise\u00f1ado por el aclamado estudio de arquitectura neoyorquino Morris Adjmi en colaboraci\u00f3n con el estudio de la Florida Nichols Brosch Wurst Wolfe &amp; Associates, con interiores dise\u00f1ados por la renombrada firma arquitect\u00f3nica Roman &amp; Williams. Todo el proyecto est\u00e1 respaldado por la visi\u00f3n creativa de Ian Schrager e Ian Schrager Company.<\/p>\n","protected":false},"excerpt":{"rendered":"<p>Ubicado dentro del nuevo vecindario de Water Street Tampa, que se extiende sobre una superficie de 23 hect\u00e1reas, el hotel alberga 172 habitaciones y suites y 7 lugares de comidas [&hellip;]<\/p>\n","protected":false},"author":21,"featured_media":850778,"parent":0,"menu_order":24,"comment_status":"closed","ping_status":"closed","template":"templates\/page-branch.php","meta":{"_acf_changed":false,"footnotes":""},"class_list":["post-842740","page","type-page","status-publish","has-post-thumbnail","hentry"],"acf":[],"yoast_head":"<!-- This site is optimized with the Yoast SEO plugin v27.0 - https:\/\/yoast.com\/product\/yoast-seo-wordpress\/ -->\n<title>Tampa | EDITION Hotels<\/title>\n<meta name=\"robots\" content=\"index, follow, max-snippet:-1, max-image-preview:large, max-video-preview:-1\" \/>\n<link rel=\"canonical\" href=\"https:\/\/www.editionhotels.com\/es\/tampa\/\" \/>\n<meta property=\"og:locale\" content=\"es_ES\" \/>\n<meta property=\"og:type\" content=\"article\" \/>\n<meta property=\"og:title\" content=\"Tampa | EDITION Hotels\" \/>\n<meta property=\"og:description\" content=\"Ubicado dentro del nuevo vecindario de Water Street Tampa, que se extiende sobre una superficie de 23 hect\u00e1reas, el hotel alberga 172 habitaciones y suites y 7 lugares de comidas [&hellip;]\" \/>\n<meta property=\"og:url\" content=\"https:\/\/www.editionhotels.com\/es\/tampa\/\" \/>\n<meta property=\"og:site_name\" content=\"EDITION Hotels\" \/>\n<meta property=\"article:publisher\" content=\"https:\/\/www.facebook.com\/EDITIONHotels\" \/>\n<meta property=\"article:modified_time\" content=\"2026-03-13T17:05:38+00:00\" \/>\n<meta property=\"og:image\" content=\"https:\/\/www.editionhotels.com\/wp-content\/uploads\/2022\/11\/15.Tampa2_26_RGB_V3-scaled.jpg\" \/>\n\t<meta property=\"og:image:width\" content=\"2048\" \/>\n\t<meta property=\"og:image:height\" content=\"1526\" \/>\n\t<meta property=\"og:image:type\" content=\"image\/jpeg\" \/>\n<meta name=\"twitter:card\" content=\"summary_large_image\" \/>\n<meta name=\"twitter:label1\" content=\"Est. reading time\" \/>\n\t<meta name=\"twitter:data1\" content=\"1 minute\" \/>\n<script type=\"application\/ld+json\" class=\"yoast-schema-graph\">{\"@context\":\"https:\/\/schema.org\",\"@graph\":[{\"@type\":\"WebPage\",\"@id\":\"https:\/\/www.editionhotels.com\/es\/tampa\/\",\"url\":\"https:\/\/www.editionhotels.com\/es\/tampa\/\",\"name\":\"Tampa | EDITION Hotels\",\"isPartOf\":{\"@id\":\"https:\/\/www.editionhotels.com\/#website\"},\"primaryImageOfPage\":{\"@id\":\"https:\/\/www.editionhotels.com\/es\/tampa\/#primaryimage\"},\"image\":{\"@id\":\"https:\/\/www.editionhotels.com\/es\/tampa\/#primaryimage\"},\"thumbnailUrl\":\"https:\/\/www.editionhotels.com\/wp-content\/uploads\/2022\/11\/15.Tampa2_26_RGB_V3-scaled.jpg\",\"datePublished\":\"2021-03-26T09:26:39+00:00\",\"dateModified\":\"2026-03-13T17:05:38+00:00\",\"breadcrumb\":{\"@id\":\"https:\/\/www.editionhotels.com\/es\/tampa\/#breadcrumb\"},\"inLanguage\":\"es-ee\",\"potentialAction\":[{\"@type\":\"ReadAction\",\"target\":[\"https:\/\/www.editionhotels.com\/es\/tampa\/\"]}]},{\"@type\":\"ImageObject\",\"inLanguage\":\"es-ee\",\"@id\":\"https:\/\/www.editionhotels.com\/es\/tampa\/#primaryimage\",\"url\":\"https:\/\/www.editionhotels.com\/wp-content\/uploads\/2022\/11\/15.Tampa2_26_RGB_V3-scaled.jpg\",\"contentUrl\":\"https:\/\/www.editionhotels.com\/wp-content\/uploads\/2022\/11\/15.Tampa2_26_RGB_V3-scaled.jpg\",\"width\":2048,\"height\":1526,\"caption\":\"Entrada del lobby\"},{\"@type\":\"BreadcrumbList\",\"@id\":\"https:\/\/www.editionhotels.com\/es\/tampa\/#breadcrumb\",\"itemListElement\":[{\"@type\":\"ListItem\",\"position\":1,\"name\":\"Home\",\"item\":\"https:\/\/www.editionhotels.com\/\"},{\"@type\":\"ListItem\",\"position\":2,\"name\":\"Tampa\"}]},{\"@type\":\"WebSite\",\"@id\":\"https:\/\/www.editionhotels.com\/#website\",\"url\":\"https:\/\/www.editionhotels.com\/\",\"name\":\"EDITION Hotels\",\"description\":\"A Unique Collection of Luxury Boutique Hotels\",\"publisher\":{\"@id\":\"https:\/\/www.editionhotels.com\/#organization\"},\"potentialAction\":[{\"@type\":\"SearchAction\",\"target\":{\"@type\":\"EntryPoint\",\"urlTemplate\":\"https:\/\/www.editionhotels.com\/?s={search_term_string}\"},\"query-input\":{\"@type\":\"PropertyValueSpecification\",\"valueRequired\":true,\"valueName\":\"search_term_string\"}}],\"inLanguage\":\"es-ee\"},{\"@type\":\"Organization\",\"@id\":\"https:\/\/www.editionhotels.com\/#organization\",\"name\":\"EDITION Hotels\",\"url\":\"https:\/\/www.editionhotels.com\/\",\"logo\":{\"@type\":\"ImageObject\",\"inLanguage\":\"es-ee\",\"@id\":\"https:\/\/www.editionhotels.com\/#\/schema\/logo\/image\/\",\"url\":\"https:\/\/www.editionhotels.com\/wp-content\/uploads\/2016\/09\/edition-text-logo-black.png\",\"contentUrl\":\"https:\/\/www.editionhotels.com\/wp-content\/uploads\/2016\/09\/edition-text-logo-black.png\",\"width\":1000,\"height\":185,\"caption\":\"EDITION Hotels\"},\"image\":{\"@id\":\"https:\/\/www.editionhotels.com\/#\/schema\/logo\/image\/\"},\"sameAs\":[\"https:\/\/www.facebook.com\/EDITIONHotels\"],\"description\":\"An unexpected and refreshing collection of individualized, customized, one-of-kind hotels that redefines the codes of traditional luxury.\",\"parentOrganization\":{\"@type\":\"Organization\",\"name\":\"Marriott International\",\"url\":\"https:\/\/www.marriott.com\/default.mi\"}}]}<\/script>\n<!-- \/ Yoast SEO plugin. -->","yoast_head_json":{"title":"Tampa | EDITION Hotels","robots":{"index":"index","follow":"follow","max-snippet":"max-snippet:-1","max-image-preview":"max-image-preview:large","max-video-preview":"max-video-preview:-1"},"canonical":"https:\/\/www.editionhotels.com\/es\/tampa\/","og_locale":"es_ES","og_type":"article","og_title":"Tampa | EDITION Hotels","og_description":"Ubicado dentro del nuevo vecindario de Water Street Tampa, que se extiende sobre una superficie de 23 hect\u00e1reas, el hotel alberga 172 habitaciones y suites y 7 lugares de comidas [&hellip;]","og_url":"https:\/\/www.editionhotels.com\/es\/tampa\/","og_site_name":"EDITION Hotels","article_publisher":"https:\/\/www.facebook.com\/EDITIONHotels","article_modified_time":"2026-03-13T17:05:38+00:00","og_image":[{"width":2048,"height":1526,"url":"https:\/\/www.editionhotels.com\/wp-content\/uploads\/2022\/11\/15.Tampa2_26_RGB_V3-scaled.jpg","type":"image\/jpeg"}],"twitter_card":"summary_large_image","twitter_misc":{"Est. reading time":"1 minute"},"schema":{"@context":"https:\/\/schema.org","@graph":[{"@type":"WebPage","@id":"https:\/\/www.editionhotels.com\/es\/tampa\/","url":"https:\/\/www.editionhotels.com\/es\/tampa\/","name":"Tampa | EDITION Hotels","isPartOf":{"@id":"https:\/\/www.editionhotels.com\/#website"},"primaryImageOfPage":{"@id":"https:\/\/www.editionhotels.com\/es\/tampa\/#primaryimage"},"image":{"@id":"https:\/\/www.editionhotels.com\/es\/tampa\/#primaryimage"},"thumbnailUrl":"https:\/\/www.editionhotels.com\/wp-content\/uploads\/2022\/11\/15.Tampa2_26_RGB_V3-scaled.jpg","datePublished":"2021-03-26T09:26:39+00:00","dateModified":"2026-03-13T17:05:38+00:00","breadcrumb":{"@id":"https:\/\/www.editionhotels.com\/es\/tampa\/#breadcrumb"},"inLanguage":"es-ee","potentialAction":[{"@type":"ReadAction","target":["https:\/\/www.editionhotels.com\/es\/tampa\/"]}]},{"@type":"ImageObject","inLanguage":"es-ee","@id":"https:\/\/www.editionhotels.com\/es\/tampa\/#primaryimage","url":"https:\/\/www.editionhotels.com\/wp-content\/uploads\/2022\/11\/15.Tampa2_26_RGB_V3-scaled.jpg","contentUrl":"https:\/\/www.editionhotels.com\/wp-content\/uploads\/2022\/11\/15.Tampa2_26_RGB_V3-scaled.jpg","width":2048,"height":1526,"caption":"Entrada del lobby"},{"@type":"BreadcrumbList","@id":"https:\/\/www.editionhotels.com\/es\/tampa\/#breadcrumb","itemListElement":[{"@type":"ListItem","position":1,"name":"Home","item":"https:\/\/www.editionhotels.com\/"},{"@type":"ListItem","position":2,"name":"Tampa"}]},{"@type":"WebSite","@id":"https:\/\/www.editionhotels.com\/#website","url":"https:\/\/www.editionhotels.com\/","name":"EDITION Hotels","description":"A Unique Collection of Luxury Boutique Hotels","publisher":{"@id":"https:\/\/www.editionhotels.com\/#organization"},"potentialAction":[{"@type":"SearchAction","target":{"@type":"EntryPoint","urlTemplate":"https:\/\/www.editionhotels.com\/?s={search_term_string}"},"query-input":{"@type":"PropertyValueSpecification","valueRequired":true,"valueName":"search_term_string"}}],"inLanguage":"es-ee"},{"@type":"Organization","@id":"https:\/\/www.editionhotels.com\/#organization","name":"EDITION Hotels","url":"https:\/\/www.editionhotels.com\/","logo":{"@type":"ImageObject","inLanguage":"es-ee","@id":"https:\/\/www.editionhotels.com\/#\/schema\/logo\/image\/","url":"https:\/\/www.editionhotels.com\/wp-content\/uploads\/2016\/09\/edition-text-logo-black.png","contentUrl":"https:\/\/www.editionhotels.com\/wp-content\/uploads\/2016\/09\/edition-text-logo-black.png","width":1000,"height":185,"caption":"EDITION Hotels"},"image":{"@id":"https:\/\/www.editionhotels.com\/#\/schema\/logo\/image\/"},"sameAs":["https:\/\/www.facebook.com\/EDITIONHotels"],"description":"An unexpected and refreshing collection of individualized, customized, one-of-kind hotels that redefines the codes of traditional luxury.","parentOrganization":{"@type":"Organization","name":"Marriott International","url":"https:\/\/www.marriott.com\/default.mi"}}]}},"_links":{"self":[{"href":"https:\/\/www.editionhotels.com\/es\/wp-json\/wp\/v2\/pages\/842740","targetHints":{"allow":["GET"]}}],"collection":[{"href":"https:\/\/www.editionhotels.com\/es\/wp-json\/wp\/v2\/pages"}],"about":[{"href":"https:\/\/www.editionhotels.com\/es\/wp-json\/wp\/v2\/types\/page"}],"author":[{"embeddable":true,"href":"https:\/\/www.editionhotels.com\/es\/wp-json\/wp\/v2\/users\/21"}],"replies":[{"embeddable":true,"href":"https:\/\/www.editionhotels.com\/es\/wp-json\/wp\/v2\/comments?post=842740"}],"version-history":[{"count":0,"href":"https:\/\/www.editionhotels.com\/es\/wp-json\/wp\/v2\/pages\/842740\/revisions"}],"wp:featuredmedia":[{"embeddable":true,"href":"https:\/\/www.editionhotels.com\/es\/wp-json\/wp\/v2\/media\/850778"}],"wp:attachment":[{"href":"https:\/\/www.editionhotels.com\/es\/wp-json\/wp\/v2\/media?parent=842740"}],"curies":[{"name":"wp","href":"https:\/\/api.w.org\/{rel}","templated":true}]}}