{"id":842741,"date":"2021-03-26T09:36:58","date_gmt":"2021-03-26T09:36:58","guid":{"rendered":"https:\/\/www.editionhotels.com\/riviera-maya\/"},"modified":"2024-10-03T21:37:36","modified_gmt":"2024-10-03T21:37:36","slug":"riviera-maya","status":"publish","type":"page","link":"https:\/\/www.editionhotels.com\/es\/riviera-maya\/","title":{"rendered":"Riviera Maya"},"content":{"rendered":"<p>The Riviera Maya EDITION at Kanai se inaugur\u00f3 en primicia el 21 de noviembre de 2023.<\/p>\n<p>Ubicado en una reserva natural de 250 hect\u00e1reas con tres kil\u00f3metros de playas v\u00edrgenes de arena blanca, The Riviera Maya EDITION at Kanai se eleva desde un bosque de manglares para introducir un concepto totalmente nuevo de lujo sostenible en la costa del Caribe. Con 182 habitaciones y suites, una piscina del tama\u00f1o de una laguna, espacios para reuniones vers\u00e1tiles, un sal\u00f3n de vanguardia y la suite penthouse m\u00e1s grande de Am\u00e9rica del Norte, el primer EDITION de M\u00e9xico combina su marca distintiva de hospitalidad con las culturas moderna y antigua de la pen\u00ednsula de Yucat\u00e1n.<\/p>\n<p>Un destino en s\u00ed mismo, The Riviera Maya EDITION trae a dos de los chefs y propietarios de restaurantes m\u00e1s reconocidos de M\u00e9xico a Kanai a trav\u00e9s de cinco establecimientos de comidas y bebidas, incluido un innovador men\u00fa degustaci\u00f3n del chef Paco Ruano y el club de playa de inspiraci\u00f3n mediterr\u00e1nea del chef Tom\u00e1s Berm\u00fadez. Complete la experiencia hol\u00edstica a trav\u00e9s de un spa en el destino inspirado en cenotes para vivir en armon\u00eda con el entorno de The Riviera Maya EDITION.<\/p>\n<p>Dise\u00f1ada con una huella ambiental m\u00ednima para proteger y preservar el ecosistema de Kanai, la antigua tierra maya ofrece lo que indica su nombre, que significa &#8220;para\u00edso en la Tierra&#8221;.<\/p>\n","protected":false},"excerpt":{"rendered":"<p>The Riviera Maya EDITION at Kanai se inaugur\u00f3 en primicia el 21 de noviembre de 2023. Ubicado en una reserva natural de 250 hect\u00e1reas con tres kil\u00f3metros de playas v\u00edrgenes [&hellip;]<\/p>\n","protected":false},"author":21,"featured_media":866473,"parent":0,"menu_order":22,"comment_status":"closed","ping_status":"closed","template":"templates\/page-branch.php","meta":{"_acf_changed":false,"footnotes":""},"class_list":["post-842741","page","type-page","status-publish","has-post-thumbnail","hentry"],"acf":[],"yoast_head":"<!-- This site is optimized with the Yoast SEO plugin v27.0 - https:\/\/yoast.com\/product\/yoast-seo-wordpress\/ -->\n<title>Riviera Maya | EDITION Hotels<\/title>\n<meta name=\"robots\" content=\"index, follow, max-snippet:-1, max-image-preview:large, max-video-preview:-1\" \/>\n<link rel=\"canonical\" href=\"https:\/\/www.editionhotels.com\/es\/riviera-maya\/\" \/>\n<meta property=\"og:locale\" content=\"es_ES\" \/>\n<meta property=\"og:type\" content=\"article\" \/>\n<meta property=\"og:title\" content=\"Riviera Maya | EDITION Hotels\" \/>\n<meta property=\"og:description\" content=\"The Riviera Maya EDITION at Kanai se inaugur\u00f3 en primicia el 21 de noviembre de 2023. Ubicado en una reserva natural de 250 hect\u00e1reas con tres kil\u00f3metros de playas v\u00edrgenes [&hellip;]\" \/>\n<meta property=\"og:url\" content=\"https:\/\/www.editionhotels.com\/es\/riviera-maya\/\" \/>\n<meta property=\"og:site_name\" content=\"EDITION Hotels\" \/>\n<meta property=\"article:publisher\" content=\"https:\/\/www.facebook.com\/EDITIONHotels\" \/>\n<meta property=\"article:modified_time\" content=\"2024-10-03T21:37:36+00:00\" \/>\n<meta property=\"og:image\" content=\"https:\/\/www.editionhotels.com\/wp-content\/uploads\/2023\/12\/Kanai1_S295_RGB_V4.jpg\" \/>\n\t<meta property=\"og:image:width\" content=\"1680\" \/>\n\t<meta property=\"og:image:height\" content=\"1120\" \/>\n\t<meta property=\"og:image:type\" content=\"image\/jpeg\" \/>\n<meta name=\"twitter:card\" content=\"summary_large_image\" \/>\n<meta name=\"twitter:label1\" content=\"Est. reading time\" \/>\n\t<meta name=\"twitter:data1\" content=\"2 minutes\" \/>\n<script type=\"application\/ld+json\" class=\"yoast-schema-graph\">{\"@context\":\"https:\/\/schema.org\",\"@graph\":[{\"@type\":\"WebPage\",\"@id\":\"https:\/\/www.editionhotels.com\/es\/riviera-maya\/\",\"url\":\"https:\/\/www.editionhotels.com\/es\/riviera-maya\/\",\"name\":\"Riviera Maya | EDITION Hotels\",\"isPartOf\":{\"@id\":\"https:\/\/www.editionhotels.com\/#website\"},\"primaryImageOfPage\":{\"@id\":\"https:\/\/www.editionhotels.com\/es\/riviera-maya\/#primaryimage\"},\"image\":{\"@id\":\"https:\/\/www.editionhotels.com\/es\/riviera-maya\/#primaryimage\"},\"thumbnailUrl\":\"https:\/\/www.editionhotels.com\/wp-content\/uploads\/2023\/12\/Kanai1_S295_RGB_V4.jpg\",\"datePublished\":\"2021-03-26T09:36:58+00:00\",\"dateModified\":\"2024-10-03T21:37:36+00:00\",\"breadcrumb\":{\"@id\":\"https:\/\/www.editionhotels.com\/es\/riviera-maya\/#breadcrumb\"},\"inLanguage\":\"es-ee\",\"potentialAction\":[{\"@type\":\"ReadAction\",\"target\":[\"https:\/\/www.editionhotels.com\/es\/riviera-maya\/\"]}]},{\"@type\":\"ImageObject\",\"inLanguage\":\"es-ee\",\"@id\":\"https:\/\/www.editionhotels.com\/es\/riviera-maya\/#primaryimage\",\"url\":\"https:\/\/www.editionhotels.com\/wp-content\/uploads\/2023\/12\/Kanai1_S295_RGB_V4.jpg\",\"contentUrl\":\"https:\/\/www.editionhotels.com\/wp-content\/uploads\/2023\/12\/Kanai1_S295_RGB_V4.jpg\",\"width\":1680,\"height\":1120,\"caption\":\"El lobby\"},{\"@type\":\"BreadcrumbList\",\"@id\":\"https:\/\/www.editionhotels.com\/es\/riviera-maya\/#breadcrumb\",\"itemListElement\":[{\"@type\":\"ListItem\",\"position\":1,\"name\":\"Home\",\"item\":\"https:\/\/www.editionhotels.com\/\"},{\"@type\":\"ListItem\",\"position\":2,\"name\":\"Riviera Maya\"}]},{\"@type\":\"WebSite\",\"@id\":\"https:\/\/www.editionhotels.com\/#website\",\"url\":\"https:\/\/www.editionhotels.com\/\",\"name\":\"EDITION Hotels\",\"description\":\"A Unique Collection of Luxury Boutique Hotels\",\"publisher\":{\"@id\":\"https:\/\/www.editionhotels.com\/#organization\"},\"potentialAction\":[{\"@type\":\"SearchAction\",\"target\":{\"@type\":\"EntryPoint\",\"urlTemplate\":\"https:\/\/www.editionhotels.com\/?s={search_term_string}\"},\"query-input\":{\"@type\":\"PropertyValueSpecification\",\"valueRequired\":true,\"valueName\":\"search_term_string\"}}],\"inLanguage\":\"es-ee\"},{\"@type\":\"Organization\",\"@id\":\"https:\/\/www.editionhotels.com\/#organization\",\"name\":\"EDITION Hotels\",\"url\":\"https:\/\/www.editionhotels.com\/\",\"logo\":{\"@type\":\"ImageObject\",\"inLanguage\":\"es-ee\",\"@id\":\"https:\/\/www.editionhotels.com\/#\/schema\/logo\/image\/\",\"url\":\"https:\/\/www.editionhotels.com\/wp-content\/uploads\/2016\/09\/edition-text-logo-black.png\",\"contentUrl\":\"https:\/\/www.editionhotels.com\/wp-content\/uploads\/2016\/09\/edition-text-logo-black.png\",\"width\":1000,\"height\":185,\"caption\":\"EDITION Hotels\"},\"image\":{\"@id\":\"https:\/\/www.editionhotels.com\/#\/schema\/logo\/image\/\"},\"sameAs\":[\"https:\/\/www.facebook.com\/EDITIONHotels\"],\"description\":\"An unexpected and refreshing collection of individualized, customized, one-of-kind hotels that redefines the codes of traditional luxury.\",\"parentOrganization\":{\"@type\":\"Organization\",\"name\":\"Marriott International\",\"url\":\"https:\/\/www.marriott.com\/default.mi\"}}]}<\/script>\n<!-- \/ Yoast SEO plugin. -->","yoast_head_json":{"title":"Riviera Maya | EDITION Hotels","robots":{"index":"index","follow":"follow","max-snippet":"max-snippet:-1","max-image-preview":"max-image-preview:large","max-video-preview":"max-video-preview:-1"},"canonical":"https:\/\/www.editionhotels.com\/es\/riviera-maya\/","og_locale":"es_ES","og_type":"article","og_title":"Riviera Maya | EDITION Hotels","og_description":"The Riviera Maya EDITION at Kanai se inaugur\u00f3 en primicia el 21 de noviembre de 2023. Ubicado en una reserva natural de 250 hect\u00e1reas con tres kil\u00f3metros de playas v\u00edrgenes [&hellip;]","og_url":"https:\/\/www.editionhotels.com\/es\/riviera-maya\/","og_site_name":"EDITION Hotels","article_publisher":"https:\/\/www.facebook.com\/EDITIONHotels","article_modified_time":"2024-10-03T21:37:36+00:00","og_image":[{"width":1680,"height":1120,"url":"https:\/\/www.editionhotels.com\/wp-content\/uploads\/2023\/12\/Kanai1_S295_RGB_V4.jpg","type":"image\/jpeg"}],"twitter_card":"summary_large_image","twitter_misc":{"Est. reading time":"2 minutes"},"schema":{"@context":"https:\/\/schema.org","@graph":[{"@type":"WebPage","@id":"https:\/\/www.editionhotels.com\/es\/riviera-maya\/","url":"https:\/\/www.editionhotels.com\/es\/riviera-maya\/","name":"Riviera Maya | EDITION Hotels","isPartOf":{"@id":"https:\/\/www.editionhotels.com\/#website"},"primaryImageOfPage":{"@id":"https:\/\/www.editionhotels.com\/es\/riviera-maya\/#primaryimage"},"image":{"@id":"https:\/\/www.editionhotels.com\/es\/riviera-maya\/#primaryimage"},"thumbnailUrl":"https:\/\/www.editionhotels.com\/wp-content\/uploads\/2023\/12\/Kanai1_S295_RGB_V4.jpg","datePublished":"2021-03-26T09:36:58+00:00","dateModified":"2024-10-03T21:37:36+00:00","breadcrumb":{"@id":"https:\/\/www.editionhotels.com\/es\/riviera-maya\/#breadcrumb"},"inLanguage":"es-ee","potentialAction":[{"@type":"ReadAction","target":["https:\/\/www.editionhotels.com\/es\/riviera-maya\/"]}]},{"@type":"ImageObject","inLanguage":"es-ee","@id":"https:\/\/www.editionhotels.com\/es\/riviera-maya\/#primaryimage","url":"https:\/\/www.editionhotels.com\/wp-content\/uploads\/2023\/12\/Kanai1_S295_RGB_V4.jpg","contentUrl":"https:\/\/www.editionhotels.com\/wp-content\/uploads\/2023\/12\/Kanai1_S295_RGB_V4.jpg","width":1680,"height":1120,"caption":"El lobby"},{"@type":"BreadcrumbList","@id":"https:\/\/www.editionhotels.com\/es\/riviera-maya\/#breadcrumb","itemListElement":[{"@type":"ListItem","position":1,"name":"Home","item":"https:\/\/www.editionhotels.com\/"},{"@type":"ListItem","position":2,"name":"Riviera Maya"}]},{"@type":"WebSite","@id":"https:\/\/www.editionhotels.com\/#website","url":"https:\/\/www.editionhotels.com\/","name":"EDITION Hotels","description":"A Unique Collection of Luxury Boutique Hotels","publisher":{"@id":"https:\/\/www.editionhotels.com\/#organization"},"potentialAction":[{"@type":"SearchAction","target":{"@type":"EntryPoint","urlTemplate":"https:\/\/www.editionhotels.com\/?s={search_term_string}"},"query-input":{"@type":"PropertyValueSpecification","valueRequired":true,"valueName":"search_term_string"}}],"inLanguage":"es-ee"},{"@type":"Organization","@id":"https:\/\/www.editionhotels.com\/#organization","name":"EDITION Hotels","url":"https:\/\/www.editionhotels.com\/","logo":{"@type":"ImageObject","inLanguage":"es-ee","@id":"https:\/\/www.editionhotels.com\/#\/schema\/logo\/image\/","url":"https:\/\/www.editionhotels.com\/wp-content\/uploads\/2016\/09\/edition-text-logo-black.png","contentUrl":"https:\/\/www.editionhotels.com\/wp-content\/uploads\/2016\/09\/edition-text-logo-black.png","width":1000,"height":185,"caption":"EDITION Hotels"},"image":{"@id":"https:\/\/www.editionhotels.com\/#\/schema\/logo\/image\/"},"sameAs":["https:\/\/www.facebook.com\/EDITIONHotels"],"description":"An unexpected and refreshing collection of individualized, customized, one-of-kind hotels that redefines the codes of traditional luxury.","parentOrganization":{"@type":"Organization","name":"Marriott International","url":"https:\/\/www.marriott.com\/default.mi"}}]}},"_links":{"self":[{"href":"https:\/\/www.editionhotels.com\/es\/wp-json\/wp\/v2\/pages\/842741","targetHints":{"allow":["GET"]}}],"collection":[{"href":"https:\/\/www.editionhotels.com\/es\/wp-json\/wp\/v2\/pages"}],"about":[{"href":"https:\/\/www.editionhotels.com\/es\/wp-json\/wp\/v2\/types\/page"}],"author":[{"embeddable":true,"href":"https:\/\/www.editionhotels.com\/es\/wp-json\/wp\/v2\/users\/21"}],"replies":[{"embeddable":true,"href":"https:\/\/www.editionhotels.com\/es\/wp-json\/wp\/v2\/comments?post=842741"}],"version-history":[{"count":0,"href":"https:\/\/www.editionhotels.com\/es\/wp-json\/wp\/v2\/pages\/842741\/revisions"}],"wp:featuredmedia":[{"embeddable":true,"href":"https:\/\/www.editionhotels.com\/es\/wp-json\/wp\/v2\/media\/866473"}],"wp:attachment":[{"href":"https:\/\/www.editionhotels.com\/es\/wp-json\/wp\/v2\/media?parent=842741"}],"curies":[{"name":"wp","href":"https:\/\/api.w.org\/{rel}","templated":true}]}}