{"id":843015,"date":"2022-01-14T11:57:29","date_gmt":"2022-01-14T11:57:29","guid":{"rendered":"https:\/\/www.editionhotels.com\/torrejon-de-ardoz-airport\/"},"modified":"2022-03-11T15:53:00","modified_gmt":"2022-03-11T15:53:00","slug":"torrejon-de-ardoz-airport","status":"publish","type":"page","link":"https:\/\/www.editionhotels.com\/es\/madrid\/getting-here-9\/torrejon-de-ardoz-airport\/","title":{"rendered":"Aeropuerto Torrej\u00f3n de Ardoz"},"content":{"rendered":"<p><em>Private Transfer:<\/em><\/p>\n<p>Transporte con un toque sofisticado, un coche privado a\/desde el AEROPUERTO DE TORREJON DE ARDOZ (33 Km) tardar\u00e1 aproximadamente 45 minutos dependiendo del tr\u00e1fico. El hotel puede organizar un coche privado poni\u00e9ndose en contacto con nuestro departamento de conserjer\u00eda antes de su llegada\/salida.<\/p>\n<p><em>Taxi:<\/em><\/p>\n<p>Los taxis est\u00e1n disponibles en el aeropuerto por orden de llegada. El coste es de aproximadamente 40 euros por trayecto y tarda unos 45 minutos, dependiendo del tr\u00e1fico. Las propinas y los peajes pueden ser adicionales.<\/p>\n<p><em>RIDESHARE &#8211; UBER\/CABIFY\/FREENOW:<\/em><\/p>\n<p>Hay servicios de transporte compartido disponibles en el aeropuerto. Esto le costar\u00e1 a partir de 40 \u20ac por trayecto para Uber\/Cabify\/Freenow y tardar\u00e1 aproximadamente 45 minutos dependiendo del tr\u00e1fico.<\/p>\n<p><em>Directions and driving time:<\/em><\/p>\n<p><a href=\"https:\/\/www.google.es\/maps\/dir\/Madrid%E2%80%93Torrej%C3%B3n+Airport,+28850+Torrej%C3%B3n+de+Ardoz,+Madrid\/Pl.+de+Celenque,+2,+28013+Madrid\/@40.4769348,-3.4604461,15z\/data=!4m13!4m12!1m5!1m1!1s0xd423663c8f6835b:0xa8200127843f21cc!2m2!1d-3.4568765!2d40.4877112!1m5!1m1!1s0xd42287e83b73b9d:0x25af70c83e5cef36!2m2!1d-3.70585!2d40.41769\" target=\"_blank\" rel=\"noopener\">Aeropuerto Torrejon de Ardoz &#8211; The Madrid EDITION &#8211; Google Maps<\/a><\/p>\n<p><em>Parking information at hotel:<\/em><\/p>\n<p>Hay servicios de transporte compartido disponibles en el aeropuerto. Esto le costar\u00e1 a partir de 40 \u20ac por trayecto para Uber\/Cabify\/Freenow y tardar\u00e1 aproximadamente 45 minutos dependiendo del tr\u00e1fico.<\/p>\n","protected":false},"excerpt":{"rendered":"<p>Private Transfer: Transporte con un toque sofisticado, un coche privado a\/desde el AEROPUERTO DE TORREJON DE ARDOZ (33 Km) tardar\u00e1 aproximadamente 45 minutos dependiendo del tr\u00e1fico. El hotel puede organizar [&hellip;]<\/p>\n","protected":false},"author":21,"featured_media":0,"parent":843016,"menu_order":0,"comment_status":"closed","ping_status":"closed","template":"","meta":{"_acf_changed":false,"footnotes":""},"class_list":["post-843015","page","type-page","status-publish","hentry"],"acf":[],"yoast_head":"<!-- This site is optimized with the Yoast SEO plugin v27.0 - https:\/\/yoast.com\/product\/yoast-seo-wordpress\/ -->\n<title>Aeropuerto Torrej\u00f3n de Ardoz | EDITION Hotels<\/title>\n<meta name=\"robots\" content=\"index, follow, max-snippet:-1, max-image-preview:large, max-video-preview:-1\" \/>\n<link rel=\"canonical\" href=\"https:\/\/www.editionhotels.com\/es\/madrid\/getting-here-9\/torrejon-de-ardoz-airport\/\" \/>\n<meta property=\"og:locale\" content=\"es_ES\" \/>\n<meta property=\"og:type\" content=\"article\" \/>\n<meta property=\"og:title\" content=\"Aeropuerto Torrej\u00f3n de Ardoz | EDITION Hotels\" \/>\n<meta property=\"og:description\" content=\"Private Transfer: Transporte con un toque sofisticado, un coche privado a\/desde el AEROPUERTO DE TORREJON DE ARDOZ (33 Km) tardar\u00e1 aproximadamente 45 minutos dependiendo del tr\u00e1fico. El hotel puede organizar [&hellip;]\" \/>\n<meta property=\"og:url\" content=\"https:\/\/www.editionhotels.com\/es\/madrid\/getting-here-9\/torrejon-de-ardoz-airport\/\" \/>\n<meta property=\"og:site_name\" content=\"EDITION Hotels\" \/>\n<meta property=\"article:publisher\" content=\"https:\/\/www.facebook.com\/EDITIONHotels\" \/>\n<meta property=\"article:modified_time\" content=\"2022-03-11T15:53:00+00:00\" \/>\n<meta name=\"twitter:card\" content=\"summary_large_image\" \/>\n<meta name=\"twitter:label1\" content=\"Est. reading time\" \/>\n\t<meta name=\"twitter:data1\" content=\"1 minute\" \/>\n<script type=\"application\/ld+json\" class=\"yoast-schema-graph\">{\"@context\":\"https:\/\/schema.org\",\"@graph\":[{\"@type\":\"WebPage\",\"@id\":\"https:\/\/www.editionhotels.com\/es\/madrid\/getting-here-9\/torrejon-de-ardoz-airport\/\",\"url\":\"https:\/\/www.editionhotels.com\/es\/madrid\/getting-here-9\/torrejon-de-ardoz-airport\/\",\"name\":\"Aeropuerto Torrej\u00f3n de Ardoz | EDITION Hotels\",\"isPartOf\":{\"@id\":\"https:\/\/www.editionhotels.com\/#website\"},\"datePublished\":\"2022-01-14T11:57:29+00:00\",\"dateModified\":\"2022-03-11T15:53:00+00:00\",\"breadcrumb\":{\"@id\":\"https:\/\/www.editionhotels.com\/es\/madrid\/getting-here-9\/torrejon-de-ardoz-airport\/#breadcrumb\"},\"inLanguage\":\"es-ee\",\"potentialAction\":[{\"@type\":\"ReadAction\",\"target\":[\"https:\/\/www.editionhotels.com\/es\/madrid\/getting-here-9\/torrejon-de-ardoz-airport\/\"]}]},{\"@type\":\"BreadcrumbList\",\"@id\":\"https:\/\/www.editionhotels.com\/es\/madrid\/getting-here-9\/torrejon-de-ardoz-airport\/#breadcrumb\",\"itemListElement\":[{\"@type\":\"ListItem\",\"position\":1,\"name\":\"Home\",\"item\":\"https:\/\/www.editionhotels.com\/\"},{\"@type\":\"ListItem\",\"position\":2,\"name\":\"Madrid\",\"item\":\"https:\/\/www.editionhotels.com\/es\/madrid\/\"},{\"@type\":\"ListItem\",\"position\":3,\"name\":\"C\u00f3mo llegar al hotel\",\"item\":\"https:\/\/www.editionhotels.com\/es\/madrid\/getting-here-9\/\"},{\"@type\":\"ListItem\",\"position\":4,\"name\":\"Aeropuerto Torrej\u00f3n de Ardoz\"}]},{\"@type\":\"WebSite\",\"@id\":\"https:\/\/www.editionhotels.com\/#website\",\"url\":\"https:\/\/www.editionhotels.com\/\",\"name\":\"EDITION Hotels\",\"description\":\"A Unique Collection of Luxury Boutique Hotels\",\"publisher\":{\"@id\":\"https:\/\/www.editionhotels.com\/#organization\"},\"potentialAction\":[{\"@type\":\"SearchAction\",\"target\":{\"@type\":\"EntryPoint\",\"urlTemplate\":\"https:\/\/www.editionhotels.com\/?s={search_term_string}\"},\"query-input\":{\"@type\":\"PropertyValueSpecification\",\"valueRequired\":true,\"valueName\":\"search_term_string\"}}],\"inLanguage\":\"es-ee\"},{\"@type\":\"Organization\",\"@id\":\"https:\/\/www.editionhotels.com\/#organization\",\"name\":\"EDITION Hotels\",\"url\":\"https:\/\/www.editionhotels.com\/\",\"logo\":{\"@type\":\"ImageObject\",\"inLanguage\":\"es-ee\",\"@id\":\"https:\/\/www.editionhotels.com\/#\/schema\/logo\/image\/\",\"url\":\"https:\/\/www.editionhotels.com\/wp-content\/uploads\/2016\/09\/edition-text-logo-black.png\",\"contentUrl\":\"https:\/\/www.editionhotels.com\/wp-content\/uploads\/2016\/09\/edition-text-logo-black.png\",\"width\":1000,\"height\":185,\"caption\":\"EDITION Hotels\"},\"image\":{\"@id\":\"https:\/\/www.editionhotels.com\/#\/schema\/logo\/image\/\"},\"sameAs\":[\"https:\/\/www.facebook.com\/EDITIONHotels\"],\"description\":\"An unexpected and refreshing collection of individualized, customized, one-of-kind hotels that redefines the codes of traditional luxury.\",\"parentOrganization\":{\"@type\":\"Organization\",\"name\":\"Marriott International\",\"url\":\"https:\/\/www.marriott.com\/default.mi\"}}]}<\/script>\n<!-- \/ Yoast SEO plugin. -->","yoast_head_json":{"title":"Aeropuerto Torrej\u00f3n de Ardoz | EDITION Hotels","robots":{"index":"index","follow":"follow","max-snippet":"max-snippet:-1","max-image-preview":"max-image-preview:large","max-video-preview":"max-video-preview:-1"},"canonical":"https:\/\/www.editionhotels.com\/es\/madrid\/getting-here-9\/torrejon-de-ardoz-airport\/","og_locale":"es_ES","og_type":"article","og_title":"Aeropuerto Torrej\u00f3n de Ardoz | EDITION Hotels","og_description":"Private Transfer: Transporte con un toque sofisticado, un coche privado a\/desde el AEROPUERTO DE TORREJON DE ARDOZ (33 Km) tardar\u00e1 aproximadamente 45 minutos dependiendo del tr\u00e1fico. El hotel puede organizar [&hellip;]","og_url":"https:\/\/www.editionhotels.com\/es\/madrid\/getting-here-9\/torrejon-de-ardoz-airport\/","og_site_name":"EDITION Hotels","article_publisher":"https:\/\/www.facebook.com\/EDITIONHotels","article_modified_time":"2022-03-11T15:53:00+00:00","twitter_card":"summary_large_image","twitter_misc":{"Est. reading time":"1 minute"},"schema":{"@context":"https:\/\/schema.org","@graph":[{"@type":"WebPage","@id":"https:\/\/www.editionhotels.com\/es\/madrid\/getting-here-9\/torrejon-de-ardoz-airport\/","url":"https:\/\/www.editionhotels.com\/es\/madrid\/getting-here-9\/torrejon-de-ardoz-airport\/","name":"Aeropuerto Torrej\u00f3n de Ardoz | EDITION Hotels","isPartOf":{"@id":"https:\/\/www.editionhotels.com\/#website"},"datePublished":"2022-01-14T11:57:29+00:00","dateModified":"2022-03-11T15:53:00+00:00","breadcrumb":{"@id":"https:\/\/www.editionhotels.com\/es\/madrid\/getting-here-9\/torrejon-de-ardoz-airport\/#breadcrumb"},"inLanguage":"es-ee","potentialAction":[{"@type":"ReadAction","target":["https:\/\/www.editionhotels.com\/es\/madrid\/getting-here-9\/torrejon-de-ardoz-airport\/"]}]},{"@type":"BreadcrumbList","@id":"https:\/\/www.editionhotels.com\/es\/madrid\/getting-here-9\/torrejon-de-ardoz-airport\/#breadcrumb","itemListElement":[{"@type":"ListItem","position":1,"name":"Home","item":"https:\/\/www.editionhotels.com\/"},{"@type":"ListItem","position":2,"name":"Madrid","item":"https:\/\/www.editionhotels.com\/es\/madrid\/"},{"@type":"ListItem","position":3,"name":"C\u00f3mo llegar al hotel","item":"https:\/\/www.editionhotels.com\/es\/madrid\/getting-here-9\/"},{"@type":"ListItem","position":4,"name":"Aeropuerto Torrej\u00f3n de Ardoz"}]},{"@type":"WebSite","@id":"https:\/\/www.editionhotels.com\/#website","url":"https:\/\/www.editionhotels.com\/","name":"EDITION Hotels","description":"A Unique Collection of Luxury Boutique Hotels","publisher":{"@id":"https:\/\/www.editionhotels.com\/#organization"},"potentialAction":[{"@type":"SearchAction","target":{"@type":"EntryPoint","urlTemplate":"https:\/\/www.editionhotels.com\/?s={search_term_string}"},"query-input":{"@type":"PropertyValueSpecification","valueRequired":true,"valueName":"search_term_string"}}],"inLanguage":"es-ee"},{"@type":"Organization","@id":"https:\/\/www.editionhotels.com\/#organization","name":"EDITION Hotels","url":"https:\/\/www.editionhotels.com\/","logo":{"@type":"ImageObject","inLanguage":"es-ee","@id":"https:\/\/www.editionhotels.com\/#\/schema\/logo\/image\/","url":"https:\/\/www.editionhotels.com\/wp-content\/uploads\/2016\/09\/edition-text-logo-black.png","contentUrl":"https:\/\/www.editionhotels.com\/wp-content\/uploads\/2016\/09\/edition-text-logo-black.png","width":1000,"height":185,"caption":"EDITION Hotels"},"image":{"@id":"https:\/\/www.editionhotels.com\/#\/schema\/logo\/image\/"},"sameAs":["https:\/\/www.facebook.com\/EDITIONHotels"],"description":"An unexpected and refreshing collection of individualized, customized, one-of-kind hotels that redefines the codes of traditional luxury.","parentOrganization":{"@type":"Organization","name":"Marriott International","url":"https:\/\/www.marriott.com\/default.mi"}}]}},"_links":{"self":[{"href":"https:\/\/www.editionhotels.com\/es\/wp-json\/wp\/v2\/pages\/843015","targetHints":{"allow":["GET"]}}],"collection":[{"href":"https:\/\/www.editionhotels.com\/es\/wp-json\/wp\/v2\/pages"}],"about":[{"href":"https:\/\/www.editionhotels.com\/es\/wp-json\/wp\/v2\/types\/page"}],"author":[{"embeddable":true,"href":"https:\/\/www.editionhotels.com\/es\/wp-json\/wp\/v2\/users\/21"}],"replies":[{"embeddable":true,"href":"https:\/\/www.editionhotels.com\/es\/wp-json\/wp\/v2\/comments?post=843015"}],"version-history":[{"count":0,"href":"https:\/\/www.editionhotels.com\/es\/wp-json\/wp\/v2\/pages\/843015\/revisions"}],"up":[{"embeddable":true,"href":"https:\/\/www.editionhotels.com\/es\/wp-json\/wp\/v2\/pages\/843016"}],"wp:attachment":[{"href":"https:\/\/www.editionhotels.com\/es\/wp-json\/wp\/v2\/media?parent=843015"}],"curies":[{"name":"wp","href":"https:\/\/api.w.org\/{rel}","templated":true}]}}