{"id":843017,"date":"2022-01-14T11:46:27","date_gmt":"2022-01-14T11:46:27","guid":{"rendered":"https:\/\/www.editionhotels.com\/madrid\/getting-here\/atocha-station\/"},"modified":"2022-01-14T15:12:26","modified_gmt":"2022-01-14T15:12:26","slug":"atocha-station","status":"publish","type":"page","link":"https:\/\/www.editionhotels.com\/es\/madrid\/getting-here-9\/atocha-station\/","title":{"rendered":"Atocha Station"},"content":{"rendered":"<p><em>Private Transfer:<\/em><\/p>\n<p>El hotel puede organizar un coche privado hasta\/desde la estaci\u00f3n de Atocha (3Km) contactando con nuestro Departamento de Conserjer\u00eda antes de su llegada\/salida.<\/p>\n<p><em>Taxi:<\/em><\/p>\n<p>Los taxis est\u00e1n disponibles en la estaci\u00f3n de Atocha por orden de llegada. Le costar\u00e1 aproximadamente 10 euros por trayecto y tardar\u00e1 15 minutos en llegar. Las propinas son adicionales.<\/p>\n<p><em>RIDESHARE &#8211; UBER\/CABIFY\/FREENOW:<\/em><\/p>\n<p>En la estaci\u00f3n de Atocha hay servicios de transporte compartido. Le costar\u00e1 a partir de 8\u20ac por trayecto y tardar\u00e1 aproximadamente 15 minutos de viaje. Las propinas son adicionales.<\/p>\n<p><em>TRAIN:<\/em><\/p>\n<p>Hay trenes disponibles desde la estaci\u00f3n de Atocha. Los billetes de un solo viaje cuestan aproximadamente 1,70\u20ac. Una vez en la estaci\u00f3n de Atocha, tome las l\u00edneas C3 o C4 y baje en la estaci\u00f3n de Sol. Tras llegar a Sol, salga de la estaci\u00f3n y camine por la calle Arenal. La Plaza de Celenque estar\u00e1 a la derecha despu\u00e9s de 300m.<\/p>\n<p><em>METRO:<\/em><\/p>\n<p>Si viaja con poco equipaje, el metro est\u00e1 disponible desde la estaci\u00f3n de Atocha. Los billetes de un solo viaje cuestan a partir de 1,50\u20ac. Tome la l\u00ednea 1 del metro (direcci\u00f3n norte) y baje en la estaci\u00f3n de Sol. Tras llegar a Sol, salga de la estaci\u00f3n y camine por la calle Arenal. La Plaza de Celenque estar\u00e1 a la derecha despu\u00e9s de 300 metros.<\/p>\n<p><em>Directions by Private Car:<\/em><\/p>\n<p>Dir\u00edjase al Paseo de la Infanta Isabel para y tome la primera salida hacia la plaza del Emperador Carlos V en la rotonda e inmediatamente gire a la izquierda hacia la calle Atocha. Gire a la izquierda hacia la C. de Concepci\u00f3n Jer\u00f3nima y luego gire a la derecha hacia la C. de Toledo Contin\u00fae por el T\u00fanel de la Pl. Mayor y luego girar a la izquierda hacia Pl. del Comandante las Morenas. Gire a la izquierda hacia la C. Mayor y luego gire a la izquierda hacia la Tr.\u00aa del Arenal y contin\u00fae recto hasta la Plaza Celenque donde el hotel estar\u00e1 a la izquierda.<\/p>\n<p><em>Directions and driving time:<\/em><\/p>\n<p><a href=\"https:\/\/www.google.es\/maps\/dir\/Atocha-Renfe,+Madrid\/Plaza+de+Celenque,+2,+Madrid\/@40.4113736,-3.7124412,15z\/data=!3m2!4b1!5s0xd42287e9d96325d:0x239886b708448599!4m14!4m13!1m5!1m1!1s0xd4226244653ea03:0xd2eeb9d69003a049!2m2!1d-3.68944!2d40.40659!1m5!1m1!1s0\" target=\"_blank\" rel=\"noopener\">Madrid a Atocha-Renfe &#8211; The Madrid EDITION &#8211; Google Maps<\/a><\/p>\n<p><em>Parking information at hotel:<\/em><\/p>\n<p>Los hu\u00e9spedes tienen la opci\u00f3n de aparcar por s\u00ed mismos o con servicio de aparcacoches. El servicio de aparcacoches tiene una tarifa de 50 euros (impuestos incluidos) por noche. Las tarifas se aplican a un per\u00edodo de 24 horas. Por favor, espere 15 minutos desde el momento de la solicitud para que los coches sean recuperados.<\/p>\n","protected":false},"excerpt":{"rendered":"<p>Private Transfer: El hotel puede organizar un coche privado hasta\/desde la estaci\u00f3n de Atocha (3Km) contactando con nuestro Departamento de Conserjer\u00eda antes de su llegada\/salida. Taxi: Los taxis est\u00e1n disponibles [&hellip;]<\/p>\n","protected":false},"author":21,"featured_media":0,"parent":843016,"menu_order":0,"comment_status":"closed","ping_status":"closed","template":"","meta":{"_acf_changed":false,"footnotes":""},"class_list":["post-843017","page","type-page","status-publish","hentry"],"acf":[],"yoast_head":"<!-- This site is optimized with the Yoast SEO plugin v27.0 - https:\/\/yoast.com\/product\/yoast-seo-wordpress\/ -->\n<title>Atocha Station | EDITION Hotels<\/title>\n<meta name=\"robots\" content=\"index, follow, max-snippet:-1, max-image-preview:large, max-video-preview:-1\" \/>\n<link rel=\"canonical\" href=\"https:\/\/www.editionhotels.com\/es\/madrid\/getting-here-9\/atocha-station\/\" \/>\n<meta property=\"og:locale\" content=\"es_ES\" \/>\n<meta property=\"og:type\" content=\"article\" \/>\n<meta property=\"og:title\" content=\"Atocha Station | EDITION Hotels\" \/>\n<meta property=\"og:description\" content=\"Private Transfer: El hotel puede organizar un coche privado hasta\/desde la estaci\u00f3n de Atocha (3Km) contactando con nuestro Departamento de Conserjer\u00eda antes de su llegada\/salida. Taxi: Los taxis est\u00e1n disponibles [&hellip;]\" \/>\n<meta property=\"og:url\" content=\"https:\/\/www.editionhotels.com\/es\/madrid\/getting-here-9\/atocha-station\/\" \/>\n<meta property=\"og:site_name\" content=\"EDITION Hotels\" \/>\n<meta property=\"article:publisher\" content=\"https:\/\/www.facebook.com\/EDITIONHotels\" \/>\n<meta property=\"article:modified_time\" content=\"2022-01-14T15:12:26+00:00\" \/>\n<meta name=\"twitter:card\" content=\"summary_large_image\" \/>\n<meta name=\"twitter:label1\" content=\"Est. reading time\" \/>\n\t<meta name=\"twitter:data1\" content=\"2 minutes\" \/>\n<script type=\"application\/ld+json\" class=\"yoast-schema-graph\">{\"@context\":\"https:\/\/schema.org\",\"@graph\":[{\"@type\":\"WebPage\",\"@id\":\"https:\/\/www.editionhotels.com\/es\/madrid\/getting-here-9\/atocha-station\/\",\"url\":\"https:\/\/www.editionhotels.com\/es\/madrid\/getting-here-9\/atocha-station\/\",\"name\":\"Atocha Station | EDITION Hotels\",\"isPartOf\":{\"@id\":\"https:\/\/www.editionhotels.com\/#website\"},\"datePublished\":\"2022-01-14T11:46:27+00:00\",\"dateModified\":\"2022-01-14T15:12:26+00:00\",\"breadcrumb\":{\"@id\":\"https:\/\/www.editionhotels.com\/es\/madrid\/getting-here-9\/atocha-station\/#breadcrumb\"},\"inLanguage\":\"es-ee\",\"potentialAction\":[{\"@type\":\"ReadAction\",\"target\":[\"https:\/\/www.editionhotels.com\/es\/madrid\/getting-here-9\/atocha-station\/\"]}]},{\"@type\":\"BreadcrumbList\",\"@id\":\"https:\/\/www.editionhotels.com\/es\/madrid\/getting-here-9\/atocha-station\/#breadcrumb\",\"itemListElement\":[{\"@type\":\"ListItem\",\"position\":1,\"name\":\"Home\",\"item\":\"https:\/\/www.editionhotels.com\/\"},{\"@type\":\"ListItem\",\"position\":2,\"name\":\"Madrid\",\"item\":\"https:\/\/www.editionhotels.com\/es\/madrid\/\"},{\"@type\":\"ListItem\",\"position\":3,\"name\":\"C\u00f3mo llegar al hotel\",\"item\":\"https:\/\/www.editionhotels.com\/es\/madrid\/getting-here-9\/\"},{\"@type\":\"ListItem\",\"position\":4,\"name\":\"Atocha Station\"}]},{\"@type\":\"WebSite\",\"@id\":\"https:\/\/www.editionhotels.com\/#website\",\"url\":\"https:\/\/www.editionhotels.com\/\",\"name\":\"EDITION Hotels\",\"description\":\"A Unique Collection of Luxury Boutique Hotels\",\"publisher\":{\"@id\":\"https:\/\/www.editionhotels.com\/#organization\"},\"potentialAction\":[{\"@type\":\"SearchAction\",\"target\":{\"@type\":\"EntryPoint\",\"urlTemplate\":\"https:\/\/www.editionhotels.com\/?s={search_term_string}\"},\"query-input\":{\"@type\":\"PropertyValueSpecification\",\"valueRequired\":true,\"valueName\":\"search_term_string\"}}],\"inLanguage\":\"es-ee\"},{\"@type\":\"Organization\",\"@id\":\"https:\/\/www.editionhotels.com\/#organization\",\"name\":\"EDITION Hotels\",\"url\":\"https:\/\/www.editionhotels.com\/\",\"logo\":{\"@type\":\"ImageObject\",\"inLanguage\":\"es-ee\",\"@id\":\"https:\/\/www.editionhotels.com\/#\/schema\/logo\/image\/\",\"url\":\"https:\/\/www.editionhotels.com\/wp-content\/uploads\/2016\/09\/edition-text-logo-black.png\",\"contentUrl\":\"https:\/\/www.editionhotels.com\/wp-content\/uploads\/2016\/09\/edition-text-logo-black.png\",\"width\":1000,\"height\":185,\"caption\":\"EDITION Hotels\"},\"image\":{\"@id\":\"https:\/\/www.editionhotels.com\/#\/schema\/logo\/image\/\"},\"sameAs\":[\"https:\/\/www.facebook.com\/EDITIONHotels\"],\"description\":\"An unexpected and refreshing collection of individualized, customized, one-of-kind hotels that redefines the codes of traditional luxury.\",\"parentOrganization\":{\"@type\":\"Organization\",\"name\":\"Marriott International\",\"url\":\"https:\/\/www.marriott.com\/default.mi\"}}]}<\/script>\n<!-- \/ Yoast SEO plugin. -->","yoast_head_json":{"title":"Atocha Station | EDITION Hotels","robots":{"index":"index","follow":"follow","max-snippet":"max-snippet:-1","max-image-preview":"max-image-preview:large","max-video-preview":"max-video-preview:-1"},"canonical":"https:\/\/www.editionhotels.com\/es\/madrid\/getting-here-9\/atocha-station\/","og_locale":"es_ES","og_type":"article","og_title":"Atocha Station | EDITION Hotels","og_description":"Private Transfer: El hotel puede organizar un coche privado hasta\/desde la estaci\u00f3n de Atocha (3Km) contactando con nuestro Departamento de Conserjer\u00eda antes de su llegada\/salida. Taxi: Los taxis est\u00e1n disponibles [&hellip;]","og_url":"https:\/\/www.editionhotels.com\/es\/madrid\/getting-here-9\/atocha-station\/","og_site_name":"EDITION Hotels","article_publisher":"https:\/\/www.facebook.com\/EDITIONHotels","article_modified_time":"2022-01-14T15:12:26+00:00","twitter_card":"summary_large_image","twitter_misc":{"Est. reading time":"2 minutes"},"schema":{"@context":"https:\/\/schema.org","@graph":[{"@type":"WebPage","@id":"https:\/\/www.editionhotels.com\/es\/madrid\/getting-here-9\/atocha-station\/","url":"https:\/\/www.editionhotels.com\/es\/madrid\/getting-here-9\/atocha-station\/","name":"Atocha Station | EDITION Hotels","isPartOf":{"@id":"https:\/\/www.editionhotels.com\/#website"},"datePublished":"2022-01-14T11:46:27+00:00","dateModified":"2022-01-14T15:12:26+00:00","breadcrumb":{"@id":"https:\/\/www.editionhotels.com\/es\/madrid\/getting-here-9\/atocha-station\/#breadcrumb"},"inLanguage":"es-ee","potentialAction":[{"@type":"ReadAction","target":["https:\/\/www.editionhotels.com\/es\/madrid\/getting-here-9\/atocha-station\/"]}]},{"@type":"BreadcrumbList","@id":"https:\/\/www.editionhotels.com\/es\/madrid\/getting-here-9\/atocha-station\/#breadcrumb","itemListElement":[{"@type":"ListItem","position":1,"name":"Home","item":"https:\/\/www.editionhotels.com\/"},{"@type":"ListItem","position":2,"name":"Madrid","item":"https:\/\/www.editionhotels.com\/es\/madrid\/"},{"@type":"ListItem","position":3,"name":"C\u00f3mo llegar al hotel","item":"https:\/\/www.editionhotels.com\/es\/madrid\/getting-here-9\/"},{"@type":"ListItem","position":4,"name":"Atocha Station"}]},{"@type":"WebSite","@id":"https:\/\/www.editionhotels.com\/#website","url":"https:\/\/www.editionhotels.com\/","name":"EDITION Hotels","description":"A Unique Collection of Luxury Boutique Hotels","publisher":{"@id":"https:\/\/www.editionhotels.com\/#organization"},"potentialAction":[{"@type":"SearchAction","target":{"@type":"EntryPoint","urlTemplate":"https:\/\/www.editionhotels.com\/?s={search_term_string}"},"query-input":{"@type":"PropertyValueSpecification","valueRequired":true,"valueName":"search_term_string"}}],"inLanguage":"es-ee"},{"@type":"Organization","@id":"https:\/\/www.editionhotels.com\/#organization","name":"EDITION Hotels","url":"https:\/\/www.editionhotels.com\/","logo":{"@type":"ImageObject","inLanguage":"es-ee","@id":"https:\/\/www.editionhotels.com\/#\/schema\/logo\/image\/","url":"https:\/\/www.editionhotels.com\/wp-content\/uploads\/2016\/09\/edition-text-logo-black.png","contentUrl":"https:\/\/www.editionhotels.com\/wp-content\/uploads\/2016\/09\/edition-text-logo-black.png","width":1000,"height":185,"caption":"EDITION Hotels"},"image":{"@id":"https:\/\/www.editionhotels.com\/#\/schema\/logo\/image\/"},"sameAs":["https:\/\/www.facebook.com\/EDITIONHotels"],"description":"An unexpected and refreshing collection of individualized, customized, one-of-kind hotels that redefines the codes of traditional luxury.","parentOrganization":{"@type":"Organization","name":"Marriott International","url":"https:\/\/www.marriott.com\/default.mi"}}]}},"_links":{"self":[{"href":"https:\/\/www.editionhotels.com\/es\/wp-json\/wp\/v2\/pages\/843017","targetHints":{"allow":["GET"]}}],"collection":[{"href":"https:\/\/www.editionhotels.com\/es\/wp-json\/wp\/v2\/pages"}],"about":[{"href":"https:\/\/www.editionhotels.com\/es\/wp-json\/wp\/v2\/types\/page"}],"author":[{"embeddable":true,"href":"https:\/\/www.editionhotels.com\/es\/wp-json\/wp\/v2\/users\/21"}],"replies":[{"embeddable":true,"href":"https:\/\/www.editionhotels.com\/es\/wp-json\/wp\/v2\/comments?post=843017"}],"version-history":[{"count":0,"href":"https:\/\/www.editionhotels.com\/es\/wp-json\/wp\/v2\/pages\/843017\/revisions"}],"up":[{"embeddable":true,"href":"https:\/\/www.editionhotels.com\/es\/wp-json\/wp\/v2\/pages\/843016"}],"wp:attachment":[{"href":"https:\/\/www.editionhotels.com\/es\/wp-json\/wp\/v2\/media?parent=843017"}],"curies":[{"name":"wp","href":"https:\/\/api.w.org\/{rel}","templated":true}]}}