{"id":843018,"date":"2022-01-14T10:47:21","date_gmt":"2022-01-14T10:47:21","guid":{"rendered":"https:\/\/www.editionhotels.com\/madrid\/getting-here\/adolfo-suarez-madrid-barajas-airport\/"},"modified":"2022-03-11T15:53:39","modified_gmt":"2022-03-11T15:53:39","slug":"adolfo-suarez-madrid-barajas-airport","status":"publish","type":"page","link":"https:\/\/www.editionhotels.com\/es\/madrid\/getting-here-9\/adolfo-suarez-madrid-barajas-airport\/","title":{"rendered":"Aeuropuerto Adolfo Suarez Madrid Barajas"},"content":{"rendered":"<p><em>Private Transfer:<\/em><\/p>\n<p>Transporte con un toque sofisticado, un coche privado a\/desde el Aeropuerto Adolfo Su\u00e1rez Madrid Barajas (15Km)  tardar\u00e1 aproximadamente 25 minutos dependiendo del tr\u00e1fico. El hotel puede organizar un coche privado poni\u00e9ndose en contacto con nuestro Departamento de Conserjer\u00eda antes de su llegada\/salida. <\/p>\n<p><em>Taxi:<\/em><\/p>\n<p>Los taxis est\u00e1n disponibles en el aeropuerto por orden de llegada. El coste es de 30 euros por trayecto y tarda aproximadamente 25 minutos, dependiendo del tr\u00e1fico. Las propinas y los peajes pueden ser adicionales.<\/p>\n<p><em>RIDESHARE &#8211; UBER\/CABIFY\/FREENOW:<\/em><\/p>\n<p>Hay servicios de transporte compartido disponibles en el aeropuerto. Esto le costar\u00e1 a partir de 25\u20ac por trayecto para Uber\/Cabify\/Freenow y tardar\u00e1 aproximadamente 25 minutos dependiendo del tr\u00e1fico.<\/p>\n<p><em>TRAIN:<\/em><\/p>\n<p>Hay servicios de tren en el aeropuerto. Esto tendr\u00e1 un coste fijo de 2,60\u20ac por trayecto. Cuando llegue a la terminal de trenes del aeropuerto, deber\u00e1 tomar la l\u00ednea C1 Aeropuerto T4 hacia Pr\u00edncipe P\u00edo hasta Nuevos Ministerios, una vez all\u00ed deber\u00e1 cambiar de l\u00ednea a la C4 S.Sebasti\u00e1n de los Reyes a -Parla hacia Parla hasta Sol. Al llegar a Sol, salga de la estaci\u00f3n y camine por la calle Arenal. La Plaza de Celenque estar\u00e1 a la derecha despu\u00e9s de 300m.<\/p>\n<p><em>METRO:<\/em><\/p>\n<p>Hay servicios de metro disponibles en el aeropuerto, esto tendr\u00e1 un coste fijo de 5\u20ac por trayecto.  Empiece en la estaci\u00f3n de metro del aeropuerto y tome la l\u00ednea 8 (rosa), en direcci\u00f3n a Nuevos Ministerios hasta la estaci\u00f3n de Nuevos Ministerios.<br \/>\nTrasladarse a la l\u00ednea 10 (azul), en direcci\u00f3n a Puerta del Sur hasta la estaci\u00f3n de Tribunal Tomar la l\u00ednea 1 (Aguamarina), en direcci\u00f3n a Valdecarros salir en la estaci\u00f3n de Sol. Al llegar a Sol, salga de la estaci\u00f3n y camine por la calle Arenal. La Plaza de Celenque estar\u00e1 a la derecha despu\u00e9s de 300m.<\/p>\n<p><em>Directions by Private Car:<\/em><\/p>\n<p>Siga las se\u00f1ales al salir del aeropuerto hacia M-14 \/Centro ciudad\/Madrid\/Avda.Am\u00e9rica\/A-2\/M-40\/A-3\/A-4\/A-5.<br \/>\nTome la salida M-40 hacia Av. del Mediterr\u00e1neo\/A-3.Utilice los 2 carriles de la izquierda para incorporarse a la M-40 hacia A-3\/R-4\/A-4\/A-42\/R-5.Tome la salida 15-AB hacia M-30 y luego incorp\u00f3rese a la A-3.<br \/>\nSiga por la Av. del Mediterr\u00e1neo contin\u00fae por el Paseo de la R. Cristina recto hasta el P.\u00ba de la Infanta Isabel y la C. de Atocha hacia la C. de la Misericordia.<br \/>\nGirar a la izquierda hacia la C. de Concepci\u00f3n Jer\u00f3nima y luego girar a la derecha hacia la C. de Toledo Continuar por el T\u00fanel de la Pl. Mayor y luego girar a la izquierda hacia Pl. del Comandante las Morenas. Gire a la izquierda hacia la C. Mayor y luego gire a la izquierda hacia la Tr.\u00aa del Arenal y contin\u00fae recto hasta la Plaza Celenque donde el hotel estar\u00e1 a la izquierda.<\/p>\n<p><em>Directions and driving time:<\/em><\/p>\n<p><a href=\"https:\/\/www.google.es\/maps\/dir\/Aeropuerto+Adolfo+Su%C3%A1rez+Madrid-Barajas,+Iberia+-+Terminal+4S,+Avenida+de+la+Hispanidad,+Madrid\/Plaza+de+Celenque,+2,+Madrid\/@40.4298526,-3.7150071,12z\/data=!3m2!4b1!5s0xd42287e9d96325d:0x239886b708448599!4m14!4m13!1m5!\" target=\"_blank\" rel=\"noopener\">Aeropuerto Adolfo Su\u00e1rez Madrid-Barajas &#8211; The Madrid EDITION &#8211; Google Maps<\/a><\/p>\n<p><em>Parking information at hotel:<\/em><\/p>\n<p>Los hu\u00e9spedes tienen la opci\u00f3n de aparcar por s\u00ed mismos o con servicio de aparcacoches. El servicio de aparcacoches tiene una tarifa de 50 euros (impuestos incluidos) por noche. Las tarifas se aplican a un per\u00edodo de 24 horas. Por favor, espere 15 minutos desde el momento de la solicitud para que los coches sean recuperados.<\/p>\n","protected":false},"excerpt":{"rendered":"<p>Private Transfer: Transporte con un toque sofisticado, un coche privado a\/desde el Aeropuerto Adolfo Su\u00e1rez Madrid Barajas (15Km) tardar\u00e1 aproximadamente 25 minutos dependiendo del tr\u00e1fico. El hotel puede organizar un [&hellip;]<\/p>\n","protected":false},"author":21,"featured_media":0,"parent":843016,"menu_order":0,"comment_status":"closed","ping_status":"closed","template":"","meta":{"_acf_changed":false,"footnotes":""},"class_list":["post-843018","page","type-page","status-publish","hentry"],"acf":[],"yoast_head":"<!-- This site is optimized with the Yoast SEO plugin v27.0 - https:\/\/yoast.com\/product\/yoast-seo-wordpress\/ -->\n<title>Aeuropuerto Adolfo Suarez Madrid Barajas | EDITION Hotels<\/title>\n<meta name=\"robots\" content=\"index, follow, max-snippet:-1, max-image-preview:large, max-video-preview:-1\" \/>\n<link rel=\"canonical\" href=\"https:\/\/www.editionhotels.com\/es\/madrid\/getting-here-9\/adolfo-suarez-madrid-barajas-airport\/\" \/>\n<meta property=\"og:locale\" content=\"es_ES\" \/>\n<meta property=\"og:type\" content=\"article\" \/>\n<meta property=\"og:title\" content=\"Aeuropuerto Adolfo Suarez Madrid Barajas | EDITION Hotels\" \/>\n<meta property=\"og:description\" content=\"Private Transfer: Transporte con un toque sofisticado, un coche privado a\/desde el Aeropuerto Adolfo Su\u00e1rez Madrid Barajas (15Km) tardar\u00e1 aproximadamente 25 minutos dependiendo del tr\u00e1fico. El hotel puede organizar un [&hellip;]\" \/>\n<meta property=\"og:url\" content=\"https:\/\/www.editionhotels.com\/es\/madrid\/getting-here-9\/adolfo-suarez-madrid-barajas-airport\/\" \/>\n<meta property=\"og:site_name\" content=\"EDITION Hotels\" \/>\n<meta property=\"article:publisher\" content=\"https:\/\/www.facebook.com\/EDITIONHotels\" \/>\n<meta property=\"article:modified_time\" content=\"2022-03-11T15:53:39+00:00\" \/>\n<meta name=\"twitter:card\" content=\"summary_large_image\" \/>\n<meta name=\"twitter:label1\" content=\"Est. reading time\" \/>\n\t<meta name=\"twitter:data1\" content=\"3 minutes\" \/>\n<script type=\"application\/ld+json\" class=\"yoast-schema-graph\">{\"@context\":\"https:\/\/schema.org\",\"@graph\":[{\"@type\":\"WebPage\",\"@id\":\"https:\/\/www.editionhotels.com\/es\/madrid\/getting-here-9\/adolfo-suarez-madrid-barajas-airport\/\",\"url\":\"https:\/\/www.editionhotels.com\/es\/madrid\/getting-here-9\/adolfo-suarez-madrid-barajas-airport\/\",\"name\":\"Aeuropuerto Adolfo Suarez Madrid Barajas | EDITION Hotels\",\"isPartOf\":{\"@id\":\"https:\/\/www.editionhotels.com\/#website\"},\"datePublished\":\"2022-01-14T10:47:21+00:00\",\"dateModified\":\"2022-03-11T15:53:39+00:00\",\"breadcrumb\":{\"@id\":\"https:\/\/www.editionhotels.com\/es\/madrid\/getting-here-9\/adolfo-suarez-madrid-barajas-airport\/#breadcrumb\"},\"inLanguage\":\"es-ee\",\"potentialAction\":[{\"@type\":\"ReadAction\",\"target\":[\"https:\/\/www.editionhotels.com\/es\/madrid\/getting-here-9\/adolfo-suarez-madrid-barajas-airport\/\"]}]},{\"@type\":\"BreadcrumbList\",\"@id\":\"https:\/\/www.editionhotels.com\/es\/madrid\/getting-here-9\/adolfo-suarez-madrid-barajas-airport\/#breadcrumb\",\"itemListElement\":[{\"@type\":\"ListItem\",\"position\":1,\"name\":\"Home\",\"item\":\"https:\/\/www.editionhotels.com\/\"},{\"@type\":\"ListItem\",\"position\":2,\"name\":\"Madrid\",\"item\":\"https:\/\/www.editionhotels.com\/es\/madrid\/\"},{\"@type\":\"ListItem\",\"position\":3,\"name\":\"C\u00f3mo llegar al hotel\",\"item\":\"https:\/\/www.editionhotels.com\/es\/madrid\/getting-here-9\/\"},{\"@type\":\"ListItem\",\"position\":4,\"name\":\"Aeuropuerto Adolfo Suarez Madrid Barajas\"}]},{\"@type\":\"WebSite\",\"@id\":\"https:\/\/www.editionhotels.com\/#website\",\"url\":\"https:\/\/www.editionhotels.com\/\",\"name\":\"EDITION Hotels\",\"description\":\"A Unique Collection of Luxury Boutique Hotels\",\"publisher\":{\"@id\":\"https:\/\/www.editionhotels.com\/#organization\"},\"potentialAction\":[{\"@type\":\"SearchAction\",\"target\":{\"@type\":\"EntryPoint\",\"urlTemplate\":\"https:\/\/www.editionhotels.com\/?s={search_term_string}\"},\"query-input\":{\"@type\":\"PropertyValueSpecification\",\"valueRequired\":true,\"valueName\":\"search_term_string\"}}],\"inLanguage\":\"es-ee\"},{\"@type\":\"Organization\",\"@id\":\"https:\/\/www.editionhotels.com\/#organization\",\"name\":\"EDITION Hotels\",\"url\":\"https:\/\/www.editionhotels.com\/\",\"logo\":{\"@type\":\"ImageObject\",\"inLanguage\":\"es-ee\",\"@id\":\"https:\/\/www.editionhotels.com\/#\/schema\/logo\/image\/\",\"url\":\"https:\/\/www.editionhotels.com\/wp-content\/uploads\/2016\/09\/edition-text-logo-black.png\",\"contentUrl\":\"https:\/\/www.editionhotels.com\/wp-content\/uploads\/2016\/09\/edition-text-logo-black.png\",\"width\":1000,\"height\":185,\"caption\":\"EDITION Hotels\"},\"image\":{\"@id\":\"https:\/\/www.editionhotels.com\/#\/schema\/logo\/image\/\"},\"sameAs\":[\"https:\/\/www.facebook.com\/EDITIONHotels\"],\"description\":\"An unexpected and refreshing collection of individualized, customized, one-of-kind hotels that redefines the codes of traditional luxury.\",\"parentOrganization\":{\"@type\":\"Organization\",\"name\":\"Marriott International\",\"url\":\"https:\/\/www.marriott.com\/default.mi\"}}]}<\/script>\n<!-- \/ Yoast SEO plugin. -->","yoast_head_json":{"title":"Aeuropuerto Adolfo Suarez Madrid Barajas | EDITION Hotels","robots":{"index":"index","follow":"follow","max-snippet":"max-snippet:-1","max-image-preview":"max-image-preview:large","max-video-preview":"max-video-preview:-1"},"canonical":"https:\/\/www.editionhotels.com\/es\/madrid\/getting-here-9\/adolfo-suarez-madrid-barajas-airport\/","og_locale":"es_ES","og_type":"article","og_title":"Aeuropuerto Adolfo Suarez Madrid Barajas | EDITION Hotels","og_description":"Private Transfer: Transporte con un toque sofisticado, un coche privado a\/desde el Aeropuerto Adolfo Su\u00e1rez Madrid Barajas (15Km) tardar\u00e1 aproximadamente 25 minutos dependiendo del tr\u00e1fico. El hotel puede organizar un [&hellip;]","og_url":"https:\/\/www.editionhotels.com\/es\/madrid\/getting-here-9\/adolfo-suarez-madrid-barajas-airport\/","og_site_name":"EDITION Hotels","article_publisher":"https:\/\/www.facebook.com\/EDITIONHotels","article_modified_time":"2022-03-11T15:53:39+00:00","twitter_card":"summary_large_image","twitter_misc":{"Est. reading time":"3 minutes"},"schema":{"@context":"https:\/\/schema.org","@graph":[{"@type":"WebPage","@id":"https:\/\/www.editionhotels.com\/es\/madrid\/getting-here-9\/adolfo-suarez-madrid-barajas-airport\/","url":"https:\/\/www.editionhotels.com\/es\/madrid\/getting-here-9\/adolfo-suarez-madrid-barajas-airport\/","name":"Aeuropuerto Adolfo Suarez Madrid Barajas | EDITION Hotels","isPartOf":{"@id":"https:\/\/www.editionhotels.com\/#website"},"datePublished":"2022-01-14T10:47:21+00:00","dateModified":"2022-03-11T15:53:39+00:00","breadcrumb":{"@id":"https:\/\/www.editionhotels.com\/es\/madrid\/getting-here-9\/adolfo-suarez-madrid-barajas-airport\/#breadcrumb"},"inLanguage":"es-ee","potentialAction":[{"@type":"ReadAction","target":["https:\/\/www.editionhotels.com\/es\/madrid\/getting-here-9\/adolfo-suarez-madrid-barajas-airport\/"]}]},{"@type":"BreadcrumbList","@id":"https:\/\/www.editionhotels.com\/es\/madrid\/getting-here-9\/adolfo-suarez-madrid-barajas-airport\/#breadcrumb","itemListElement":[{"@type":"ListItem","position":1,"name":"Home","item":"https:\/\/www.editionhotels.com\/"},{"@type":"ListItem","position":2,"name":"Madrid","item":"https:\/\/www.editionhotels.com\/es\/madrid\/"},{"@type":"ListItem","position":3,"name":"C\u00f3mo llegar al hotel","item":"https:\/\/www.editionhotels.com\/es\/madrid\/getting-here-9\/"},{"@type":"ListItem","position":4,"name":"Aeuropuerto Adolfo Suarez Madrid Barajas"}]},{"@type":"WebSite","@id":"https:\/\/www.editionhotels.com\/#website","url":"https:\/\/www.editionhotels.com\/","name":"EDITION Hotels","description":"A Unique Collection of Luxury Boutique Hotels","publisher":{"@id":"https:\/\/www.editionhotels.com\/#organization"},"potentialAction":[{"@type":"SearchAction","target":{"@type":"EntryPoint","urlTemplate":"https:\/\/www.editionhotels.com\/?s={search_term_string}"},"query-input":{"@type":"PropertyValueSpecification","valueRequired":true,"valueName":"search_term_string"}}],"inLanguage":"es-ee"},{"@type":"Organization","@id":"https:\/\/www.editionhotels.com\/#organization","name":"EDITION Hotels","url":"https:\/\/www.editionhotels.com\/","logo":{"@type":"ImageObject","inLanguage":"es-ee","@id":"https:\/\/www.editionhotels.com\/#\/schema\/logo\/image\/","url":"https:\/\/www.editionhotels.com\/wp-content\/uploads\/2016\/09\/edition-text-logo-black.png","contentUrl":"https:\/\/www.editionhotels.com\/wp-content\/uploads\/2016\/09\/edition-text-logo-black.png","width":1000,"height":185,"caption":"EDITION Hotels"},"image":{"@id":"https:\/\/www.editionhotels.com\/#\/schema\/logo\/image\/"},"sameAs":["https:\/\/www.facebook.com\/EDITIONHotels"],"description":"An unexpected and refreshing collection of individualized, customized, one-of-kind hotels that redefines the codes of traditional luxury.","parentOrganization":{"@type":"Organization","name":"Marriott International","url":"https:\/\/www.marriott.com\/default.mi"}}]}},"_links":{"self":[{"href":"https:\/\/www.editionhotels.com\/es\/wp-json\/wp\/v2\/pages\/843018","targetHints":{"allow":["GET"]}}],"collection":[{"href":"https:\/\/www.editionhotels.com\/es\/wp-json\/wp\/v2\/pages"}],"about":[{"href":"https:\/\/www.editionhotels.com\/es\/wp-json\/wp\/v2\/types\/page"}],"author":[{"embeddable":true,"href":"https:\/\/www.editionhotels.com\/es\/wp-json\/wp\/v2\/users\/21"}],"replies":[{"embeddable":true,"href":"https:\/\/www.editionhotels.com\/es\/wp-json\/wp\/v2\/comments?post=843018"}],"version-history":[{"count":0,"href":"https:\/\/www.editionhotels.com\/es\/wp-json\/wp\/v2\/pages\/843018\/revisions"}],"up":[{"embeddable":true,"href":"https:\/\/www.editionhotels.com\/es\/wp-json\/wp\/v2\/pages\/843016"}],"wp:attachment":[{"href":"https:\/\/www.editionhotels.com\/es\/wp-json\/wp\/v2\/media?parent=843018"}],"curies":[{"name":"wp","href":"https:\/\/api.w.org\/{rel}","templated":true}]}}