{"id":843300,"date":"2022-01-24T14:07:02","date_gmt":"2022-01-24T14:07:02","guid":{"rendered":"https:\/\/www.editionhotels.com\/madrid\/services-amenities\/"},"modified":"2026-03-20T19:07:32","modified_gmt":"2026-03-20T19:07:32","slug":"services-amenities-6","status":"publish","type":"page","link":"https:\/\/www.editionhotels.com\/es\/madrid\/services-amenities-6\/","title":{"rendered":"Servicios y comodidades"},"content":{"rendered":"<div class=\"info-section\">\n<div class=\"contact\">\n<h3 class=\"navigation-text\">Para m\u00e1s informaci\u00f3n<\/h3>\n<div class=\"info-detail\">\n<p>Comun\u00edquese con el equipo de experiencia del hu\u00e9sped en el +34 919 54 54 20 o <a href=\"mailto:ge.madrid@editionhotels.com\">ge.madrid@editionhotels.com<\/a><\/p>\n<\/div>\n<\/div>\n<div class=\"share-link link\">Compartir<\/div>\n<\/div>\n<div class=\"services\">\n<div class=\"service-list\">\n<dl>\n<dt>INFORMACI\u00d3N SOBRE LA LLEGADA<\/dt>\n<dd>\n<ul>\n<li>Registro de llegada y de salida\n<ul>\n<li>Registro de llegada: 15:00 h.<\/li>\n<li>Registro de salida: 12:00 h.<\/li>\n<\/ul>\n<\/li>\n<li>Registro de llegada y salida r\u00e1pido<\/li>\n<li>Acceso a Internet\n<ul>\n<li>Habitaciones: Acceso a Internet de alta velocidad inal\u00e1mbrico gratis<\/li>\n<li>Lobby y \u00e1reas p\u00fablicas: Acceso a Internet de alta velocidad inal\u00e1mbrico gratis<\/li>\n<li>Salas de reuniones: Acceso a Internet de alta velocidad inal\u00e1mbrico<\/li>\n<\/ul>\n<\/li>\n<li>Estacionamiento\n<ul>\n<li>Estacionamiento en las instalaciones; cargo: 10 EUR por hora, 50 EUR por d\u00eda<\/li>\n<li>Personal para estacionar, tarifa: Gratis<\/li>\n<\/ul>\n<\/li>\n<li>Detalles del hotel\n<ul>\n<li>5 pisos, 200 habitaciones<\/li>\n<li>4 salas de reuniones vers\u00e1tiles, con un total de 350 m\u00b2 de espacio para reuniones<\/li>\n<\/ul>\n<\/li>\n<li>Pol\u00edtica de mascotas\n<ul>\n<li>P.A.W. (Las mascotas son bienvenidas)<\/li>\n<li>M\u00e1ximo 1 mascota de hasta 6\u00a0kg por habitaci\u00f3n y estancia.<\/li>\n<\/ul>\n<\/li>\n<li>Pol\u00edtica libre de humo\n<ul>\n<li>Este hotel es 100 % libre de humo<\/li>\n<\/ul>\n<\/li>\n<\/ul>\n<\/dd>\n<\/dl>\n<\/div>\n<div class=\"service-list\">\n<dl>\n<dt>SERVICIOS PARA HU\u00c9SPEDES<\/dt>\n<dd>\n<ul>\n<li>200 habitaciones y suites \u00fanicas<\/li>\n<li>2 penthouses<\/li>\n<li>2 restaurantes exclusivos<\/li>\n<li><a href=\"https:\/\/www.editionhotels.com\/wp-content\/uploads\/2026\/03\/EDITION_Madrid_Room_Service_New_Separado_240425-2.pdf\">Servicio a la habitaci\u00f3n las 24 horas<\/a><\/li>\n<li>Servicio de concierge<\/li>\n<li>Servicio de limpieza de habitaciones dos veces al d\u00eda<\/li>\n<li>Acceso WiFi de alta velocidad gratis en todo el hotel<\/li>\n<li>Uso del gimnasio gratis las 24 horas<\/li>\n<li><a href=\"https:\/\/www.editionhotels.com\/wp-content\/uploads\/2026\/03\/EDITION_Madrid_Guest_Directory_26_ESP-ENG.pdf\">Directorio de Servicios<\/a><\/li>\n<\/ul>\n<\/dd>\n<\/dl>\n<\/div>\n<div class=\"service-list\">\n<dl>\n<dt>SERVICIOS EJECUTIVOS<\/dt>\n<dd>\n<ul>\n<li>Sala de juntas ejecutivas, sala de reuniones y espacio para eventos privados<\/li>\n<li>Acceso WiFi de alta velocidad gratis en todo el hotel<\/li>\n<li>Equipo audiovisual de vanguardia<\/li>\n<li>Video conferencias<\/li>\n<li>Servicios de autom\u00f3vil ejecutivo disponibles<\/li>\n<li>Servicios de mayordomo ejecutivo disponibles<\/li>\n<li>Personal de secretar\u00eda multiling\u00fce disponible las 24 horas<\/li>\n<\/ul>\n<\/dd>\n<\/dl>\n<\/div>\n<div class=\"service-list\">\n<dl>\n<dt>SPA<\/dt>\n<dd>\n<ul>\n<li>5 salas de tratamiento<\/li>\n<li>Vestidores exclusivos con sauna y sala de vapor<\/li>\n<li>Zona de relajaci\u00f3n y boutique<\/li>\n<\/ul>\n<\/dd>\n<\/dl>\n<\/div>\n<div class=\"service-list\">\n<dl>\n<dt>GIMNASIO<\/dt>\n<dd>\n<ul>\n<li>Gimnasio con equipo de vanguardia con m\u00e1quinas de entrenamiento cardiovascular y televisor con pantalla plana personal<br \/>\nTelevisores<\/li>\n<li>Sesiones con entrenador personal disponibles por solicitud<\/li>\n<li>Pesas<\/li>\n<li>Zona de estiramientos<\/li>\n<li>Toallas gratis<\/li>\n<li>Abierto las 24 horas del d\u00eda<\/li>\n<\/ul>\n<\/dd>\n<\/dl>\n<\/div>\n<div class=\"service-list\">\n<dl>\n<dt>INSTALACIONES PARA PERSONAS CON NECESIDADES ESPECIALES<\/dt>\n<dd>\n<ul>\n<li>Instalaciones para personas con necesidades especiales de movilidad disponibles en algunos tipos de habitaci\u00f3n<\/li>\n<li>Puede consultar informaci\u00f3n adicional sobre instalaciones para personas con necesidades especiales escr\u00edbenos a <a href=\"reservations.mad@editionhotels.com\">reservations.mad@editionhotels.com<\/a><\/li>\n<\/ul>\n<\/dd>\n<\/dl>\n<\/div>\n<div class=\"service-list\">\n<dl>\n<dt>SOSTENIBILIDAD<\/dt>\n<dd>\n<ul>\n<li>Certificaci\u00f3n LEED Gold (<a href=\"https:\/\/www.editionhotels.com\/wp-content\/uploads\/2023\/06\/Madrid-Edition-LEED-Gold-2022-certificate71.pdf\" target=\"_blank\" rel=\"noopener\">PDF<\/a>)<\/li>\n<li>En los jardines que ahorran agua, utilizamos la t\u00e9cnica de riego por goteo para proporcionar la humedad necesaria a los \u00e1rboles, arbustos y setos del hotel<\/li>\n<li>Disponemos de botellas de vidrio reutilizables en todos los lugares del hotel<\/li>\n<li>Hay dispensadores de agua a granel en todas las zonas de servicio del hotel (agua de km 0)<\/li>\n<li>Control totalmente automatizado de la iluminaci\u00f3n y los servicios del edificio<\/li>\n<li>Iluminaci\u00f3n 100\u00a0% led en las habitaciones y las \u00e1reas p\u00fablicas<\/li>\n<li>Reciclaje de pilas y residuos electr\u00f3nicos<\/li>\n<li>No hay comodidades de un solo uso en las habitaciones<\/li>\n<li>En The Madrid EDITION no utilizamos pajitas de pl\u00e1stico Todas las pajitas son de papel biodegradable<\/li>\n<li>Recipientes biodegradables para la comida para llevar<\/li>\n<li>Las c\u00e1psulas de caf\u00e9 (bares y habitaciones) son biodegradables<\/li>\n<li>Reciclaje de las aguas grises de los ba\u00f1os para las cisternas de los inodoros<\/li>\n<\/ul>\n<\/dd>\n<\/dl>\n<\/div>\n<\/div>\n","protected":false},"excerpt":{"rendered":"<p>Para m\u00e1s informaci\u00f3n Comun\u00edquese con el equipo de experiencia del hu\u00e9sped en el +34 919 54 54 20 o ge.madrid@editionhotels.com Compartir INFORMACI\u00d3N SOBRE LA LLEGADA Registro de llegada y de [&hellip;]<\/p>\n","protected":false},"author":21,"featured_media":0,"parent":845567,"menu_order":144,"comment_status":"closed","ping_status":"closed","template":"templates\/page-services.php","meta":{"_acf_changed":false,"footnotes":""},"class_list":["post-843300","page","type-page","status-publish","hentry"],"acf":[],"yoast_head":"<!-- This site is optimized with the Yoast SEO plugin v27.0 - https:\/\/yoast.com\/product\/yoast-seo-wordpress\/ -->\n<title>The Madrid EDITION | Hoteles \u00fanicos en Madrid<\/title>\n<meta name=\"robots\" content=\"index, follow, max-snippet:-1, max-image-preview:large, max-video-preview:-1\" \/>\n<link rel=\"canonical\" href=\"https:\/\/www.editionhotels.com\/es\/madrid\/services-amenities-6\/\" \/>\n<meta property=\"og:locale\" content=\"es_ES\" \/>\n<meta property=\"og:type\" content=\"article\" \/>\n<meta property=\"og:title\" content=\"The Madrid EDITION | Hoteles \u00fanicos en Madrid\" \/>\n<meta property=\"og:description\" content=\"Para m\u00e1s informaci\u00f3n Comun\u00edquese con el equipo de experiencia del hu\u00e9sped en el +34 919 54 54 20 o ge.madrid@editionhotels.com Compartir INFORMACI\u00d3N SOBRE LA LLEGADA Registro de llegada y de [&hellip;]\" \/>\n<meta property=\"og:url\" content=\"https:\/\/www.editionhotels.com\/es\/madrid\/services-amenities-6\/\" \/>\n<meta property=\"og:site_name\" content=\"EDITION Hotels\" \/>\n<meta property=\"article:publisher\" content=\"https:\/\/www.facebook.com\/EDITIONHotels\" \/>\n<meta property=\"article:modified_time\" content=\"2026-03-20T19:07:32+00:00\" \/>\n<meta name=\"twitter:card\" content=\"summary_large_image\" \/>\n<meta name=\"twitter:label1\" content=\"Est. reading time\" \/>\n\t<meta name=\"twitter:data1\" content=\"3 minutes\" \/>\n<script type=\"application\/ld+json\" class=\"yoast-schema-graph\">{\"@context\":\"https:\/\/schema.org\",\"@graph\":[{\"@type\":\"WebPage\",\"@id\":\"https:\/\/www.editionhotels.com\/es\/madrid\/services-amenities-6\/\",\"url\":\"https:\/\/www.editionhotels.com\/es\/madrid\/services-amenities-6\/\",\"name\":\"The Madrid EDITION | Hoteles \u00fanicos en Madrid\",\"isPartOf\":{\"@id\":\"https:\/\/www.editionhotels.com\/#website\"},\"datePublished\":\"2022-01-24T14:07:02+00:00\",\"dateModified\":\"2026-03-20T19:07:32+00:00\",\"breadcrumb\":{\"@id\":\"https:\/\/www.editionhotels.com\/es\/madrid\/services-amenities-6\/#breadcrumb\"},\"inLanguage\":\"es-ee\",\"potentialAction\":[{\"@type\":\"ReadAction\",\"target\":[\"https:\/\/www.editionhotels.com\/es\/madrid\/services-amenities-6\/\"]}]},{\"@type\":\"BreadcrumbList\",\"@id\":\"https:\/\/www.editionhotels.com\/es\/madrid\/services-amenities-6\/#breadcrumb\",\"itemListElement\":[{\"@type\":\"ListItem\",\"position\":1,\"name\":\"Home\",\"item\":\"https:\/\/www.editionhotels.com\/\"},{\"@type\":\"ListItem\",\"position\":2,\"name\":\"Madrid\",\"item\":\"https:\/\/www.editionhotels.com\/es\/madrid\/\"},{\"@type\":\"ListItem\",\"position\":3,\"name\":\"Servicios y comodidades\"}]},{\"@type\":\"WebSite\",\"@id\":\"https:\/\/www.editionhotels.com\/#website\",\"url\":\"https:\/\/www.editionhotels.com\/\",\"name\":\"EDITION Hotels\",\"description\":\"A Unique Collection of Luxury Boutique Hotels\",\"publisher\":{\"@id\":\"https:\/\/www.editionhotels.com\/#organization\"},\"potentialAction\":[{\"@type\":\"SearchAction\",\"target\":{\"@type\":\"EntryPoint\",\"urlTemplate\":\"https:\/\/www.editionhotels.com\/?s={search_term_string}\"},\"query-input\":{\"@type\":\"PropertyValueSpecification\",\"valueRequired\":true,\"valueName\":\"search_term_string\"}}],\"inLanguage\":\"es-ee\"},{\"@type\":\"Organization\",\"@id\":\"https:\/\/www.editionhotels.com\/#organization\",\"name\":\"EDITION Hotels\",\"url\":\"https:\/\/www.editionhotels.com\/\",\"logo\":{\"@type\":\"ImageObject\",\"inLanguage\":\"es-ee\",\"@id\":\"https:\/\/www.editionhotels.com\/#\/schema\/logo\/image\/\",\"url\":\"https:\/\/www.editionhotels.com\/wp-content\/uploads\/2016\/09\/edition-text-logo-black.png\",\"contentUrl\":\"https:\/\/www.editionhotels.com\/wp-content\/uploads\/2016\/09\/edition-text-logo-black.png\",\"width\":1000,\"height\":185,\"caption\":\"EDITION Hotels\"},\"image\":{\"@id\":\"https:\/\/www.editionhotels.com\/#\/schema\/logo\/image\/\"},\"sameAs\":[\"https:\/\/www.facebook.com\/EDITIONHotels\"],\"description\":\"An unexpected and refreshing collection of individualized, customized, one-of-kind hotels that redefines the codes of traditional luxury.\",\"parentOrganization\":{\"@type\":\"Organization\",\"name\":\"Marriott International\",\"url\":\"https:\/\/www.marriott.com\/default.mi\"}}]}<\/script>\n<!-- \/ Yoast SEO plugin. -->","yoast_head_json":{"title":"The Madrid EDITION | Hoteles \u00fanicos en Madrid","robots":{"index":"index","follow":"follow","max-snippet":"max-snippet:-1","max-image-preview":"max-image-preview:large","max-video-preview":"max-video-preview:-1"},"canonical":"https:\/\/www.editionhotels.com\/es\/madrid\/services-amenities-6\/","og_locale":"es_ES","og_type":"article","og_title":"The Madrid EDITION | Hoteles \u00fanicos en Madrid","og_description":"Para m\u00e1s informaci\u00f3n Comun\u00edquese con el equipo de experiencia del hu\u00e9sped en el +34 919 54 54 20 o ge.madrid@editionhotels.com Compartir INFORMACI\u00d3N SOBRE LA LLEGADA Registro de llegada y de [&hellip;]","og_url":"https:\/\/www.editionhotels.com\/es\/madrid\/services-amenities-6\/","og_site_name":"EDITION Hotels","article_publisher":"https:\/\/www.facebook.com\/EDITIONHotels","article_modified_time":"2026-03-20T19:07:32+00:00","twitter_card":"summary_large_image","twitter_misc":{"Est. reading time":"3 minutes"},"schema":{"@context":"https:\/\/schema.org","@graph":[{"@type":"WebPage","@id":"https:\/\/www.editionhotels.com\/es\/madrid\/services-amenities-6\/","url":"https:\/\/www.editionhotels.com\/es\/madrid\/services-amenities-6\/","name":"The Madrid EDITION | Hoteles \u00fanicos en Madrid","isPartOf":{"@id":"https:\/\/www.editionhotels.com\/#website"},"datePublished":"2022-01-24T14:07:02+00:00","dateModified":"2026-03-20T19:07:32+00:00","breadcrumb":{"@id":"https:\/\/www.editionhotels.com\/es\/madrid\/services-amenities-6\/#breadcrumb"},"inLanguage":"es-ee","potentialAction":[{"@type":"ReadAction","target":["https:\/\/www.editionhotels.com\/es\/madrid\/services-amenities-6\/"]}]},{"@type":"BreadcrumbList","@id":"https:\/\/www.editionhotels.com\/es\/madrid\/services-amenities-6\/#breadcrumb","itemListElement":[{"@type":"ListItem","position":1,"name":"Home","item":"https:\/\/www.editionhotels.com\/"},{"@type":"ListItem","position":2,"name":"Madrid","item":"https:\/\/www.editionhotels.com\/es\/madrid\/"},{"@type":"ListItem","position":3,"name":"Servicios y comodidades"}]},{"@type":"WebSite","@id":"https:\/\/www.editionhotels.com\/#website","url":"https:\/\/www.editionhotels.com\/","name":"EDITION Hotels","description":"A Unique Collection of Luxury Boutique Hotels","publisher":{"@id":"https:\/\/www.editionhotels.com\/#organization"},"potentialAction":[{"@type":"SearchAction","target":{"@type":"EntryPoint","urlTemplate":"https:\/\/www.editionhotels.com\/?s={search_term_string}"},"query-input":{"@type":"PropertyValueSpecification","valueRequired":true,"valueName":"search_term_string"}}],"inLanguage":"es-ee"},{"@type":"Organization","@id":"https:\/\/www.editionhotels.com\/#organization","name":"EDITION Hotels","url":"https:\/\/www.editionhotels.com\/","logo":{"@type":"ImageObject","inLanguage":"es-ee","@id":"https:\/\/www.editionhotels.com\/#\/schema\/logo\/image\/","url":"https:\/\/www.editionhotels.com\/wp-content\/uploads\/2016\/09\/edition-text-logo-black.png","contentUrl":"https:\/\/www.editionhotels.com\/wp-content\/uploads\/2016\/09\/edition-text-logo-black.png","width":1000,"height":185,"caption":"EDITION Hotels"},"image":{"@id":"https:\/\/www.editionhotels.com\/#\/schema\/logo\/image\/"},"sameAs":["https:\/\/www.facebook.com\/EDITIONHotels"],"description":"An unexpected and refreshing collection of individualized, customized, one-of-kind hotels that redefines the codes of traditional luxury.","parentOrganization":{"@type":"Organization","name":"Marriott International","url":"https:\/\/www.marriott.com\/default.mi"}}]}},"_links":{"self":[{"href":"https:\/\/www.editionhotels.com\/es\/wp-json\/wp\/v2\/pages\/843300","targetHints":{"allow":["GET"]}}],"collection":[{"href":"https:\/\/www.editionhotels.com\/es\/wp-json\/wp\/v2\/pages"}],"about":[{"href":"https:\/\/www.editionhotels.com\/es\/wp-json\/wp\/v2\/types\/page"}],"author":[{"embeddable":true,"href":"https:\/\/www.editionhotels.com\/es\/wp-json\/wp\/v2\/users\/21"}],"replies":[{"embeddable":true,"href":"https:\/\/www.editionhotels.com\/es\/wp-json\/wp\/v2\/comments?post=843300"}],"version-history":[{"count":0,"href":"https:\/\/www.editionhotels.com\/es\/wp-json\/wp\/v2\/pages\/843300\/revisions"}],"up":[{"embeddable":true,"href":"https:\/\/www.editionhotels.com\/es\/wp-json\/wp\/v2\/pages\/845567"}],"wp:attachment":[{"href":"https:\/\/www.editionhotels.com\/es\/wp-json\/wp\/v2\/media?parent=843300"}],"curies":[{"name":"wp","href":"https:\/\/api.w.org\/{rel}","templated":true}]}}