{"id":860434,"date":"2023-07-03T22:06:45","date_gmt":"2023-07-03T22:06:45","guid":{"rendered":"https:\/\/www.editionhotels.com\/?page_id=860434"},"modified":"2023-07-12T13:55:23","modified_gmt":"2023-07-12T13:55:23","slug":"the-barcelona-edition-carta-de-vinos","status":"publish","type":"page","link":"https:\/\/www.editionhotels.com\/es\/barcelona\/carta-de-vinos\/","title":{"rendered":"CARTA DE VINOS THE BARCELONA EDITION"},"content":{"rendered":"<p>El vino forma parte de la cultura gastron\u00f3mica, es la esencia de una regi\u00f3n. El vino es una bebida singular, compartida y que refleja un lugar y una cultura a trav\u00e9s de su sabor. En esta carta hecha a medida para The Barcelona EDITION queremos mostrarte los vinos espa\u00f1oles m\u00e1s aut\u00e9nticos, elaborados con variedades locales. Vinos alegres y vivaces que son el reflejo de nuestro saber hacer. Apostamos por productores y bodegas de kil\u00f3metro cero, sirviendo vinos de origen local en el centro de Barcelona. Tambi\u00e9n dejamos espacio para algunos grandes vinos e ic\u00f3nicas botellas de otras regiones y pa\u00edses. Cada uno de los vinos que encontrar\u00e1s en nuestra carta ha sido seleccionado por su calidad excepcional, su car\u00e1cter distintivo y por transmitir la pasi\u00f3n de sus productores. Perm\u00edtenos ser tu gu\u00eda en este apasionante mundo vin\u00edcola, mientras descubres y disfrutas de la extraordinaria diversidad de nuestra regi\u00f3n. Brindemos juntos por el talento, la tradici\u00f3n y la calidad de los vinos que encontrar\u00e1s en estas p\u00e1ginas. \u00a1Salud!<\/p>\n<p><a class=\"overview-link-desktop action-heavy link-button section-link\" href=\"https:\/\/www.editionhotels.com\/wp-content\/uploads\/2023\/07\/EDITION_Barcelona_Wine_List_NG_2023_EN_ES.pdf\" target=\"_blank\" rel=\"noopener\">VER CARTA<\/a><\/p>\n","protected":false},"excerpt":{"rendered":"<p>El vino forma parte de la cultura gastron\u00f3mica, es la esencia de una regi\u00f3n. El vino es una bebida singular, compartida y que refleja un lugar y una cultura a [&hellip;]<\/p>\n","protected":false},"author":37,"featured_media":7654,"parent":4818,"menu_order":0,"comment_status":"closed","ping_status":"closed","template":"templates\/page-branch.php","meta":{"_acf_changed":false,"footnotes":""},"class_list":["post-860434","page","type-page","status-publish","has-post-thumbnail","hentry"],"acf":[],"yoast_head":"<!-- This site is optimized with the Yoast SEO plugin v27.0 - https:\/\/yoast.com\/product\/yoast-seo-wordpress\/ -->\n<title>CARTA DE VINOS THE BARCELONA EDITION | EDITION Hotels<\/title>\n<meta name=\"robots\" content=\"index, follow, max-snippet:-1, max-image-preview:large, max-video-preview:-1\" \/>\n<link rel=\"canonical\" href=\"https:\/\/www.editionhotels.com\/es\/barcelona\/carta-de-vinos\/\" \/>\n<meta property=\"og:locale\" content=\"es_ES\" \/>\n<meta property=\"og:type\" content=\"article\" \/>\n<meta property=\"og:title\" content=\"CARTA DE VINOS THE BARCELONA EDITION | EDITION Hotels\" \/>\n<meta property=\"og:description\" content=\"El vino forma parte de la cultura gastron\u00f3mica, es la esencia de una regi\u00f3n. El vino es una bebida singular, compartida y que refleja un lugar y una cultura a [&hellip;]\" \/>\n<meta property=\"og:url\" content=\"https:\/\/www.editionhotels.com\/es\/barcelona\/carta-de-vinos\/\" \/>\n<meta property=\"og:site_name\" content=\"EDITION Hotels\" \/>\n<meta property=\"article:publisher\" content=\"https:\/\/www.facebook.com\/EDITIONHotels\" \/>\n<meta property=\"article:modified_time\" content=\"2023-07-12T13:55:23+00:00\" \/>\n<meta property=\"og:image\" content=\"https:\/\/www.editionhotels.com\/wp-content\/uploads\/2018\/09\/EDT_BCN2_22_RGB_V2-e1538171311702.jpg\" \/>\n\t<meta property=\"og:image:width\" content=\"1867\" \/>\n\t<meta property=\"og:image:height\" content=\"933\" \/>\n\t<meta property=\"og:image:type\" content=\"image\/jpeg\" \/>\n<meta name=\"twitter:card\" content=\"summary_large_image\" \/>\n<meta name=\"twitter:label1\" content=\"Est. reading time\" \/>\n\t<meta name=\"twitter:data1\" content=\"1 minute\" \/>\n<script type=\"application\/ld+json\" class=\"yoast-schema-graph\">{\"@context\":\"https:\/\/schema.org\",\"@graph\":[{\"@type\":\"WebPage\",\"@id\":\"https:\/\/www.editionhotels.com\/es\/barcelona\/carta-de-vinos\/\",\"url\":\"https:\/\/www.editionhotels.com\/es\/barcelona\/carta-de-vinos\/\",\"name\":\"CARTA DE VINOS THE BARCELONA EDITION | EDITION Hotels\",\"isPartOf\":{\"@id\":\"https:\/\/www.editionhotels.com\/#website\"},\"primaryImageOfPage\":{\"@id\":\"https:\/\/www.editionhotels.com\/es\/barcelona\/carta-de-vinos\/#primaryimage\"},\"image\":{\"@id\":\"https:\/\/www.editionhotels.com\/es\/barcelona\/carta-de-vinos\/#primaryimage\"},\"thumbnailUrl\":\"https:\/\/www.editionhotels.com\/wp-content\/uploads\/2018\/09\/EDT_BCN2_22_RGB_V2-e1538171311702.jpg\",\"datePublished\":\"2023-07-03T22:06:45+00:00\",\"dateModified\":\"2023-07-12T13:55:23+00:00\",\"breadcrumb\":{\"@id\":\"https:\/\/www.editionhotels.com\/es\/barcelona\/carta-de-vinos\/#breadcrumb\"},\"inLanguage\":\"es-ee\",\"potentialAction\":[{\"@type\":\"ReadAction\",\"target\":[\"https:\/\/www.editionhotels.com\/es\/barcelona\/carta-de-vinos\/\"]}]},{\"@type\":\"ImageObject\",\"inLanguage\":\"es-ee\",\"@id\":\"https:\/\/www.editionhotels.com\/es\/barcelona\/carta-de-vinos\/#primaryimage\",\"url\":\"https:\/\/www.editionhotels.com\/wp-content\/uploads\/2018\/09\/EDT_BCN2_22_RGB_V2-e1538171311702.jpg\",\"contentUrl\":\"https:\/\/www.editionhotels.com\/wp-content\/uploads\/2018\/09\/EDT_BCN2_22_RGB_V2-e1538171311702.jpg\",\"width\":1867,\"height\":933,\"caption\":\"Bar Veraz\"},{\"@type\":\"BreadcrumbList\",\"@id\":\"https:\/\/www.editionhotels.com\/es\/barcelona\/carta-de-vinos\/#breadcrumb\",\"itemListElement\":[{\"@type\":\"ListItem\",\"position\":1,\"name\":\"Home\",\"item\":\"https:\/\/www.editionhotels.com\/\"},{\"@type\":\"ListItem\",\"position\":2,\"name\":\"Barcelona\",\"item\":\"https:\/\/www.editionhotels.com\/es\/barcelona\/\"},{\"@type\":\"ListItem\",\"position\":3,\"name\":\"CARTA DE VINOS THE BARCELONA EDITION\"}]},{\"@type\":\"WebSite\",\"@id\":\"https:\/\/www.editionhotels.com\/#website\",\"url\":\"https:\/\/www.editionhotels.com\/\",\"name\":\"EDITION Hotels\",\"description\":\"A Unique Collection of Luxury Boutique Hotels\",\"publisher\":{\"@id\":\"https:\/\/www.editionhotels.com\/#organization\"},\"potentialAction\":[{\"@type\":\"SearchAction\",\"target\":{\"@type\":\"EntryPoint\",\"urlTemplate\":\"https:\/\/www.editionhotels.com\/?s={search_term_string}\"},\"query-input\":{\"@type\":\"PropertyValueSpecification\",\"valueRequired\":true,\"valueName\":\"search_term_string\"}}],\"inLanguage\":\"es-ee\"},{\"@type\":\"Organization\",\"@id\":\"https:\/\/www.editionhotels.com\/#organization\",\"name\":\"EDITION Hotels\",\"url\":\"https:\/\/www.editionhotels.com\/\",\"logo\":{\"@type\":\"ImageObject\",\"inLanguage\":\"es-ee\",\"@id\":\"https:\/\/www.editionhotels.com\/#\/schema\/logo\/image\/\",\"url\":\"https:\/\/www.editionhotels.com\/wp-content\/uploads\/2016\/09\/edition-text-logo-black.png\",\"contentUrl\":\"https:\/\/www.editionhotels.com\/wp-content\/uploads\/2016\/09\/edition-text-logo-black.png\",\"width\":1000,\"height\":185,\"caption\":\"EDITION Hotels\"},\"image\":{\"@id\":\"https:\/\/www.editionhotels.com\/#\/schema\/logo\/image\/\"},\"sameAs\":[\"https:\/\/www.facebook.com\/EDITIONHotels\"],\"description\":\"An unexpected and refreshing collection of individualized, customized, one-of-kind hotels that redefines the codes of traditional luxury.\",\"parentOrganization\":{\"@type\":\"Organization\",\"name\":\"Marriott International\",\"url\":\"https:\/\/www.marriott.com\/default.mi\"}}]}<\/script>\n<!-- \/ Yoast SEO plugin. -->","yoast_head_json":{"title":"CARTA DE VINOS THE BARCELONA EDITION | EDITION Hotels","robots":{"index":"index","follow":"follow","max-snippet":"max-snippet:-1","max-image-preview":"max-image-preview:large","max-video-preview":"max-video-preview:-1"},"canonical":"https:\/\/www.editionhotels.com\/es\/barcelona\/carta-de-vinos\/","og_locale":"es_ES","og_type":"article","og_title":"CARTA DE VINOS THE BARCELONA EDITION | EDITION Hotels","og_description":"El vino forma parte de la cultura gastron\u00f3mica, es la esencia de una regi\u00f3n. El vino es una bebida singular, compartida y que refleja un lugar y una cultura a [&hellip;]","og_url":"https:\/\/www.editionhotels.com\/es\/barcelona\/carta-de-vinos\/","og_site_name":"EDITION Hotels","article_publisher":"https:\/\/www.facebook.com\/EDITIONHotels","article_modified_time":"2023-07-12T13:55:23+00:00","og_image":[{"width":1867,"height":933,"url":"https:\/\/www.editionhotels.com\/wp-content\/uploads\/2018\/09\/EDT_BCN2_22_RGB_V2-e1538171311702.jpg","type":"image\/jpeg"}],"twitter_card":"summary_large_image","twitter_misc":{"Est. reading time":"1 minute"},"schema":{"@context":"https:\/\/schema.org","@graph":[{"@type":"WebPage","@id":"https:\/\/www.editionhotels.com\/es\/barcelona\/carta-de-vinos\/","url":"https:\/\/www.editionhotels.com\/es\/barcelona\/carta-de-vinos\/","name":"CARTA DE VINOS THE BARCELONA EDITION | EDITION Hotels","isPartOf":{"@id":"https:\/\/www.editionhotels.com\/#website"},"primaryImageOfPage":{"@id":"https:\/\/www.editionhotels.com\/es\/barcelona\/carta-de-vinos\/#primaryimage"},"image":{"@id":"https:\/\/www.editionhotels.com\/es\/barcelona\/carta-de-vinos\/#primaryimage"},"thumbnailUrl":"https:\/\/www.editionhotels.com\/wp-content\/uploads\/2018\/09\/EDT_BCN2_22_RGB_V2-e1538171311702.jpg","datePublished":"2023-07-03T22:06:45+00:00","dateModified":"2023-07-12T13:55:23+00:00","breadcrumb":{"@id":"https:\/\/www.editionhotels.com\/es\/barcelona\/carta-de-vinos\/#breadcrumb"},"inLanguage":"es-ee","potentialAction":[{"@type":"ReadAction","target":["https:\/\/www.editionhotels.com\/es\/barcelona\/carta-de-vinos\/"]}]},{"@type":"ImageObject","inLanguage":"es-ee","@id":"https:\/\/www.editionhotels.com\/es\/barcelona\/carta-de-vinos\/#primaryimage","url":"https:\/\/www.editionhotels.com\/wp-content\/uploads\/2018\/09\/EDT_BCN2_22_RGB_V2-e1538171311702.jpg","contentUrl":"https:\/\/www.editionhotels.com\/wp-content\/uploads\/2018\/09\/EDT_BCN2_22_RGB_V2-e1538171311702.jpg","width":1867,"height":933,"caption":"Bar Veraz"},{"@type":"BreadcrumbList","@id":"https:\/\/www.editionhotels.com\/es\/barcelona\/carta-de-vinos\/#breadcrumb","itemListElement":[{"@type":"ListItem","position":1,"name":"Home","item":"https:\/\/www.editionhotels.com\/"},{"@type":"ListItem","position":2,"name":"Barcelona","item":"https:\/\/www.editionhotels.com\/es\/barcelona\/"},{"@type":"ListItem","position":3,"name":"CARTA DE VINOS THE BARCELONA EDITION"}]},{"@type":"WebSite","@id":"https:\/\/www.editionhotels.com\/#website","url":"https:\/\/www.editionhotels.com\/","name":"EDITION Hotels","description":"A Unique Collection of Luxury Boutique Hotels","publisher":{"@id":"https:\/\/www.editionhotels.com\/#organization"},"potentialAction":[{"@type":"SearchAction","target":{"@type":"EntryPoint","urlTemplate":"https:\/\/www.editionhotels.com\/?s={search_term_string}"},"query-input":{"@type":"PropertyValueSpecification","valueRequired":true,"valueName":"search_term_string"}}],"inLanguage":"es-ee"},{"@type":"Organization","@id":"https:\/\/www.editionhotels.com\/#organization","name":"EDITION Hotels","url":"https:\/\/www.editionhotels.com\/","logo":{"@type":"ImageObject","inLanguage":"es-ee","@id":"https:\/\/www.editionhotels.com\/#\/schema\/logo\/image\/","url":"https:\/\/www.editionhotels.com\/wp-content\/uploads\/2016\/09\/edition-text-logo-black.png","contentUrl":"https:\/\/www.editionhotels.com\/wp-content\/uploads\/2016\/09\/edition-text-logo-black.png","width":1000,"height":185,"caption":"EDITION Hotels"},"image":{"@id":"https:\/\/www.editionhotels.com\/#\/schema\/logo\/image\/"},"sameAs":["https:\/\/www.facebook.com\/EDITIONHotels"],"description":"An unexpected and refreshing collection of individualized, customized, one-of-kind hotels that redefines the codes of traditional luxury.","parentOrganization":{"@type":"Organization","name":"Marriott International","url":"https:\/\/www.marriott.com\/default.mi"}}]}},"_links":{"self":[{"href":"https:\/\/www.editionhotels.com\/es\/wp-json\/wp\/v2\/pages\/860434","targetHints":{"allow":["GET"]}}],"collection":[{"href":"https:\/\/www.editionhotels.com\/es\/wp-json\/wp\/v2\/pages"}],"about":[{"href":"https:\/\/www.editionhotels.com\/es\/wp-json\/wp\/v2\/types\/page"}],"author":[{"embeddable":true,"href":"https:\/\/www.editionhotels.com\/es\/wp-json\/wp\/v2\/users\/37"}],"replies":[{"embeddable":true,"href":"https:\/\/www.editionhotels.com\/es\/wp-json\/wp\/v2\/comments?post=860434"}],"version-history":[{"count":0,"href":"https:\/\/www.editionhotels.com\/es\/wp-json\/wp\/v2\/pages\/860434\/revisions"}],"up":[{"embeddable":true,"href":"https:\/\/www.editionhotels.com\/es\/wp-json\/wp\/v2\/pages\/4818"}],"wp:featuredmedia":[{"embeddable":true,"href":"https:\/\/www.editionhotels.com\/es\/wp-json\/wp\/v2\/media\/7654"}],"wp:attachment":[{"href":"https:\/\/www.editionhotels.com\/es\/wp-json\/wp\/v2\/media?parent=860434"}],"curies":[{"name":"wp","href":"https:\/\/api.w.org\/{rel}","templated":true}]}}