{"id":863049,"date":"2022-11-29T05:40:29","date_gmt":"2022-11-29T05:40:29","guid":{"rendered":"https:\/\/www.editionhotels.com\/singapore\/"},"modified":"2024-05-01T14:56:01","modified_gmt":"2024-05-01T14:56:01","slug":"singapore","status":"publish","type":"page","link":"https:\/\/www.editionhotels.com\/es\/singapore\/","title":{"rendered":"Singapur"},"content":{"rendered":"<p>Ubicado en el coraz\u00f3n del distrito comercial de Orchard Road y a pocos pasos del jard\u00edn bot\u00e1nico de Singapur, declarado patrimonio de la humanidad por la UNESCO, The Singapore EDITION\u00a0cuenta con 204 habitaciones y suites, adem\u00e1s de espacios p\u00fablicos\u00a0sofisticados  que incluyen varios restaurantes y bares con conceptos\u00a0innovadores, una piscina en la azotea, un spa, un gimnasio y espacios para reuniones vers\u00e1tiles.<\/p>\n","protected":false},"excerpt":{"rendered":"<p>Ubicado en el coraz\u00f3n del distrito comercial de Orchard Road y a pocos pasos del jard\u00edn bot\u00e1nico de Singapur, declarado patrimonio de la humanidad por la UNESCO, The Singapore EDITION\u00a0cuenta [&hellip;]<\/p>\n","protected":false},"author":33,"featured_media":867006,"parent":0,"menu_order":22,"comment_status":"closed","ping_status":"closed","template":"templates\/page-branch.php","meta":{"_acf_changed":false,"footnotes":""},"class_list":["post-863049","page","type-page","status-publish","has-post-thumbnail","hentry"],"acf":[],"yoast_head":"<!-- This site is optimized with the Yoast SEO plugin v27.0 - https:\/\/yoast.com\/product\/yoast-seo-wordpress\/ -->\n<title>Singapur | EDITION Hotels<\/title>\n<meta name=\"description\" content=\"The Singapore EDITION is expected to open in 2023.\" \/>\n<meta name=\"robots\" content=\"index, follow, max-snippet:-1, max-image-preview:large, max-video-preview:-1\" \/>\n<link rel=\"canonical\" href=\"https:\/\/www.editionhotels.com\/es\/singapore\/\" \/>\n<meta property=\"og:locale\" content=\"es_ES\" \/>\n<meta property=\"og:type\" content=\"article\" \/>\n<meta property=\"og:title\" content=\"Singapur | EDITION Hotels\" \/>\n<meta property=\"og:description\" content=\"The Singapore EDITION is expected to open in 2023.\" \/>\n<meta property=\"og:url\" content=\"https:\/\/www.editionhotels.com\/es\/singapore\/\" \/>\n<meta property=\"og:site_name\" content=\"EDITION Hotels\" \/>\n<meta property=\"article:publisher\" content=\"https:\/\/www.facebook.com\/EDITIONHotels\" \/>\n<meta property=\"article:modified_time\" content=\"2024-05-01T14:56:01+00:00\" \/>\n<meta property=\"og:image\" content=\"https:\/\/www.editionhotels.com\/wp-content\/uploads\/2023\/11\/Lobby-Bar.jpg\" \/>\n\t<meta property=\"og:image:width\" content=\"1680\" \/>\n\t<meta property=\"og:image:height\" content=\"1260\" \/>\n\t<meta property=\"og:image:type\" content=\"image\/jpeg\" \/>\n<meta name=\"twitter:card\" content=\"summary_large_image\" \/>\n<meta name=\"twitter:label1\" content=\"Est. reading time\" \/>\n\t<meta name=\"twitter:data1\" content=\"1 minute\" \/>\n<script type=\"application\/ld+json\" class=\"yoast-schema-graph\">{\"@context\":\"https:\/\/schema.org\",\"@graph\":[{\"@type\":\"WebPage\",\"@id\":\"https:\/\/www.editionhotels.com\/es\/singapore\/\",\"url\":\"https:\/\/www.editionhotels.com\/es\/singapore\/\",\"name\":\"Singapur | EDITION Hotels\",\"isPartOf\":{\"@id\":\"https:\/\/www.editionhotels.com\/#website\"},\"primaryImageOfPage\":{\"@id\":\"https:\/\/www.editionhotels.com\/es\/singapore\/#primaryimage\"},\"image\":{\"@id\":\"https:\/\/www.editionhotels.com\/es\/singapore\/#primaryimage\"},\"thumbnailUrl\":\"https:\/\/www.editionhotels.com\/wp-content\/uploads\/2023\/11\/Lobby-Bar.jpg\",\"datePublished\":\"2022-11-29T05:40:29+00:00\",\"dateModified\":\"2024-05-01T14:56:01+00:00\",\"description\":\"The Singapore EDITION is expected to open in 2023.\",\"breadcrumb\":{\"@id\":\"https:\/\/www.editionhotels.com\/es\/singapore\/#breadcrumb\"},\"inLanguage\":\"es-ee\",\"potentialAction\":[{\"@type\":\"ReadAction\",\"target\":[\"https:\/\/www.editionhotels.com\/es\/singapore\/\"]}]},{\"@type\":\"ImageObject\",\"inLanguage\":\"es-ee\",\"@id\":\"https:\/\/www.editionhotels.com\/es\/singapore\/#primaryimage\",\"url\":\"https:\/\/www.editionhotels.com\/wp-content\/uploads\/2023\/11\/Lobby-Bar.jpg\",\"contentUrl\":\"https:\/\/www.editionhotels.com\/wp-content\/uploads\/2023\/11\/Lobby-Bar.jpg\",\"width\":1680,\"height\":1260},{\"@type\":\"BreadcrumbList\",\"@id\":\"https:\/\/www.editionhotels.com\/es\/singapore\/#breadcrumb\",\"itemListElement\":[{\"@type\":\"ListItem\",\"position\":1,\"name\":\"Home\",\"item\":\"https:\/\/www.editionhotels.com\/\"},{\"@type\":\"ListItem\",\"position\":2,\"name\":\"Singapur\"}]},{\"@type\":\"WebSite\",\"@id\":\"https:\/\/www.editionhotels.com\/#website\",\"url\":\"https:\/\/www.editionhotels.com\/\",\"name\":\"EDITION Hotels\",\"description\":\"A Unique Collection of Luxury Boutique Hotels\",\"publisher\":{\"@id\":\"https:\/\/www.editionhotels.com\/#organization\"},\"potentialAction\":[{\"@type\":\"SearchAction\",\"target\":{\"@type\":\"EntryPoint\",\"urlTemplate\":\"https:\/\/www.editionhotels.com\/?s={search_term_string}\"},\"query-input\":{\"@type\":\"PropertyValueSpecification\",\"valueRequired\":true,\"valueName\":\"search_term_string\"}}],\"inLanguage\":\"es-ee\"},{\"@type\":\"Organization\",\"@id\":\"https:\/\/www.editionhotels.com\/#organization\",\"name\":\"EDITION Hotels\",\"url\":\"https:\/\/www.editionhotels.com\/\",\"logo\":{\"@type\":\"ImageObject\",\"inLanguage\":\"es-ee\",\"@id\":\"https:\/\/www.editionhotels.com\/#\/schema\/logo\/image\/\",\"url\":\"https:\/\/www.editionhotels.com\/wp-content\/uploads\/2016\/09\/edition-text-logo-black.png\",\"contentUrl\":\"https:\/\/www.editionhotels.com\/wp-content\/uploads\/2016\/09\/edition-text-logo-black.png\",\"width\":1000,\"height\":185,\"caption\":\"EDITION Hotels\"},\"image\":{\"@id\":\"https:\/\/www.editionhotels.com\/#\/schema\/logo\/image\/\"},\"sameAs\":[\"https:\/\/www.facebook.com\/EDITIONHotels\"],\"description\":\"An unexpected and refreshing collection of individualized, customized, one-of-kind hotels that redefines the codes of traditional luxury.\",\"parentOrganization\":{\"@type\":\"Organization\",\"name\":\"Marriott International\",\"url\":\"https:\/\/www.marriott.com\/default.mi\"}}]}<\/script>\n<!-- \/ Yoast SEO plugin. -->","yoast_head_json":{"title":"Singapur | EDITION Hotels","description":"The Singapore EDITION is expected to open in 2023.","robots":{"index":"index","follow":"follow","max-snippet":"max-snippet:-1","max-image-preview":"max-image-preview:large","max-video-preview":"max-video-preview:-1"},"canonical":"https:\/\/www.editionhotels.com\/es\/singapore\/","og_locale":"es_ES","og_type":"article","og_title":"Singapur | EDITION Hotels","og_description":"The Singapore EDITION is expected to open in 2023.","og_url":"https:\/\/www.editionhotels.com\/es\/singapore\/","og_site_name":"EDITION Hotels","article_publisher":"https:\/\/www.facebook.com\/EDITIONHotels","article_modified_time":"2024-05-01T14:56:01+00:00","og_image":[{"width":1680,"height":1260,"url":"https:\/\/www.editionhotels.com\/wp-content\/uploads\/2023\/11\/Lobby-Bar.jpg","type":"image\/jpeg"}],"twitter_card":"summary_large_image","twitter_misc":{"Est. reading time":"1 minute"},"schema":{"@context":"https:\/\/schema.org","@graph":[{"@type":"WebPage","@id":"https:\/\/www.editionhotels.com\/es\/singapore\/","url":"https:\/\/www.editionhotels.com\/es\/singapore\/","name":"Singapur | EDITION Hotels","isPartOf":{"@id":"https:\/\/www.editionhotels.com\/#website"},"primaryImageOfPage":{"@id":"https:\/\/www.editionhotels.com\/es\/singapore\/#primaryimage"},"image":{"@id":"https:\/\/www.editionhotels.com\/es\/singapore\/#primaryimage"},"thumbnailUrl":"https:\/\/www.editionhotels.com\/wp-content\/uploads\/2023\/11\/Lobby-Bar.jpg","datePublished":"2022-11-29T05:40:29+00:00","dateModified":"2024-05-01T14:56:01+00:00","description":"The Singapore EDITION is expected to open in 2023.","breadcrumb":{"@id":"https:\/\/www.editionhotels.com\/es\/singapore\/#breadcrumb"},"inLanguage":"es-ee","potentialAction":[{"@type":"ReadAction","target":["https:\/\/www.editionhotels.com\/es\/singapore\/"]}]},{"@type":"ImageObject","inLanguage":"es-ee","@id":"https:\/\/www.editionhotels.com\/es\/singapore\/#primaryimage","url":"https:\/\/www.editionhotels.com\/wp-content\/uploads\/2023\/11\/Lobby-Bar.jpg","contentUrl":"https:\/\/www.editionhotels.com\/wp-content\/uploads\/2023\/11\/Lobby-Bar.jpg","width":1680,"height":1260},{"@type":"BreadcrumbList","@id":"https:\/\/www.editionhotels.com\/es\/singapore\/#breadcrumb","itemListElement":[{"@type":"ListItem","position":1,"name":"Home","item":"https:\/\/www.editionhotels.com\/"},{"@type":"ListItem","position":2,"name":"Singapur"}]},{"@type":"WebSite","@id":"https:\/\/www.editionhotels.com\/#website","url":"https:\/\/www.editionhotels.com\/","name":"EDITION Hotels","description":"A Unique Collection of Luxury Boutique Hotels","publisher":{"@id":"https:\/\/www.editionhotels.com\/#organization"},"potentialAction":[{"@type":"SearchAction","target":{"@type":"EntryPoint","urlTemplate":"https:\/\/www.editionhotels.com\/?s={search_term_string}"},"query-input":{"@type":"PropertyValueSpecification","valueRequired":true,"valueName":"search_term_string"}}],"inLanguage":"es-ee"},{"@type":"Organization","@id":"https:\/\/www.editionhotels.com\/#organization","name":"EDITION Hotels","url":"https:\/\/www.editionhotels.com\/","logo":{"@type":"ImageObject","inLanguage":"es-ee","@id":"https:\/\/www.editionhotels.com\/#\/schema\/logo\/image\/","url":"https:\/\/www.editionhotels.com\/wp-content\/uploads\/2016\/09\/edition-text-logo-black.png","contentUrl":"https:\/\/www.editionhotels.com\/wp-content\/uploads\/2016\/09\/edition-text-logo-black.png","width":1000,"height":185,"caption":"EDITION Hotels"},"image":{"@id":"https:\/\/www.editionhotels.com\/#\/schema\/logo\/image\/"},"sameAs":["https:\/\/www.facebook.com\/EDITIONHotels"],"description":"An unexpected and refreshing collection of individualized, customized, one-of-kind hotels that redefines the codes of traditional luxury.","parentOrganization":{"@type":"Organization","name":"Marriott International","url":"https:\/\/www.marriott.com\/default.mi"}}]}},"_links":{"self":[{"href":"https:\/\/www.editionhotels.com\/es\/wp-json\/wp\/v2\/pages\/863049","targetHints":{"allow":["GET"]}}],"collection":[{"href":"https:\/\/www.editionhotels.com\/es\/wp-json\/wp\/v2\/pages"}],"about":[{"href":"https:\/\/www.editionhotels.com\/es\/wp-json\/wp\/v2\/types\/page"}],"author":[{"embeddable":true,"href":"https:\/\/www.editionhotels.com\/es\/wp-json\/wp\/v2\/users\/33"}],"replies":[{"embeddable":true,"href":"https:\/\/www.editionhotels.com\/es\/wp-json\/wp\/v2\/comments?post=863049"}],"version-history":[{"count":0,"href":"https:\/\/www.editionhotels.com\/es\/wp-json\/wp\/v2\/pages\/863049\/revisions"}],"wp:featuredmedia":[{"embeddable":true,"href":"https:\/\/www.editionhotels.com\/es\/wp-json\/wp\/v2\/media\/867006"}],"wp:attachment":[{"href":"https:\/\/www.editionhotels.com\/es\/wp-json\/wp\/v2\/media?parent=863049"}],"curies":[{"name":"wp","href":"https:\/\/api.w.org\/{rel}","templated":true}]}}