{"id":873675,"date":"2024-06-04T19:46:39","date_gmt":"2024-06-04T19:46:39","guid":{"rendered":"https:\/\/www.editionhotels.com\/riviera-maya\/servicios-y-comodidades\/"},"modified":"2024-09-19T14:27:34","modified_gmt":"2024-09-19T14:27:34","slug":"services-amenities","status":"publish","type":"page","link":"https:\/\/www.editionhotels.com\/es\/riviera-maya\/services-amenities\/","title":{"rendered":"Servicios y comodidades"},"content":{"rendered":"<div class=\"info-section\">\n<div class=\"contact\">\n<h3 class=\"navigation-text\">Para m\u00e1s informaci\u00f3n<\/h3>\n<div class=\"info-detail\">\n<p>Comun\u00edquese con nuestro equipo en guestexperience.rivieramaya@editionhotels.com o +52 984 122 4.999<\/p>\n<\/div>\n<\/div>\n<div class=\"share-link link\">Compartir<\/div>\n<\/div>\n<div class=\"services\">\n<div class=\"service-list\">\n<dl>\n<dt>SERVICIOS PARA HU\u00c9SPEDES<\/dt>\n<dd>\n<ul>\n<li>182 habitaciones que incluyen 30 suites<\/li>\n<li>Penthouse \u00fanico de 2.500 metros cuadrados en la azotea con piscina<\/li>\n<li>Dos chefs socios reconocidos entre los 50 mejores restaurantes del mundo<\/li>\n<li>Restaurante Signature<\/li>\n<li>Restaurante mexicano abierto todo el d\u00eda<\/li>\n<li>Bar junto a la piscina que sirve refrigerios y bebidas<\/li>\n<li>Restaurante y bar en el club de playa con piscina<\/li>\n<li>Muelle privado con 10 cabinas privadas<\/li>\n<li>Atrio Lobby Bar<\/li>\n<li>Spa de lujo con sauna, sala de vapor, hammam, terapia acu\u00e1tica, peluquer\u00eda y sal\u00f3n de manicura y pedicura<\/li>\n<li>Terraza de yoga<\/li>\n<li>Gimnasio con estudio de spinning<\/li>\n<li>Espacios para reuniones y eventos con luz natural y capacidad para hasta 450 personas (980 metros cuadrados)<\/li>\n<li>Servicio a la habitaci\u00f3n las 24 horas<\/li>\n<li>Servicio de concierge de estilo de vida y lujo<\/li>\n<li>Servicio de limpieza de habitaciones dos veces al d\u00eda<\/li>\n<li>Personal multiling\u00fce<\/li>\n<li>Servicio a la habitaci\u00f3n las 24 horas<\/li>\n<li>Acceso inal\u00e1mbrico a Internet de alta velocidad gratis en todo el hotel<\/li>\n<li>Personal para estacionar<\/li>\n<\/ul>\n<\/dd>\n<\/dl>\n<\/div>\n<div class=\"service-list\">\n<dl>\n<dt>SERVICIOS EJECUTIVOS<\/dt>\n<dd>\n<ul>\n<li>\n<div class=\"ewa-rteLine\">Espacios para reuniones y eventos con luz natural y capacidad para hasta 450 personas (980 metros cuadrados)<\/div>\n<\/li>\n<li>\n<div class=\"ewa-rteLine\">Acceso inal\u00e1mbrico a Internet de alta velocidad gratis en todo el hotel<\/div>\n<\/li>\n<\/ul>\n<\/dd>\n<\/dl>\n<\/div>\n<div class=\"service-list\">\n<dl>\n<dt>INSTALACIONES PARA PERSONAS CON NECESIDADES ESPECIALES<\/dt>\n<dd>\n<ul>\n<li>\n<div class=\"ewa-rteLine\">Habitaci\u00f3n con cama tama\u00f1o King, vista al mar e instalaciones para personas con necesidades especiales<\/div>\n<\/li>\n<li>\n<div class=\"ewa-rteLine\">Suite con vista al mar e instalaciones para personas con necesidades especiales<\/div>\n<\/li>\n<\/ul>\n<\/dd>\n<\/dl>\n<\/div>\n<div class=\"service-list\">\n<dl>\n<dt>SOSTENIBILIDAD<\/dt>\n<dd>\n<ul>\n<li>Dise\u00f1ado cuidadosamente con una huella de construcci\u00f3n m\u00ednima para proteger y preservar la reserva natural de manglares<\/li>\n<li>Colaboraci\u00f3n con las autoridades medioambientales locales y la agencia de protecci\u00f3n gubernamental para preservar el ecosistema natural que nos rodea<\/li>\n<li>2 bi\u00f3logos en el hotel para dirigir la protecci\u00f3n medioambiental del resort, incluidos los manglares, los humedales, el programa de conservaci\u00f3n de las tortugas marinas y la flora y fauna locales<\/li>\n<li>Inicio de un programa hol\u00edstico de sostenibilidad centrado en 6 principios fundamentales:\n<ul>\n<li>Conservaci\u00f3n de la flora<\/li>\n<li>Conservaci\u00f3n de la fauna<\/li>\n<li>Gesti\u00f3n de residuos<\/li>\n<li>Seguimiento medioambiental<\/li>\n<li>Medidas de seguridad para la vida silvestre<\/li>\n<li>Formaci\u00f3n de los hu\u00e9spedes y el personal<\/li>\n<\/ul>\n<\/li>\n<li>Iluminaci\u00f3n de bajo consumo en todo el hotel<\/li>\n<li>Botellas de agua de vidrio reutilizables en todas las habitaciones para unirnos a la iniciativa Estancia sin pl\u00e1sticos de EDITION<\/li>\n<li>El agua se filtra en el hotel mediante un proceso controlado, respetando las normas de calidad m\u00e1s exigentes<\/li>\n<\/ul>\n<\/dd>\n<\/dl>\n<\/div>\n<\/div>\n","protected":false},"excerpt":{"rendered":"<p>Para m\u00e1s informaci\u00f3n Comun\u00edquese con nuestro equipo en guestexperience.rivieramaya@editionhotels.com o +52 984 122 4.999 Compartir SERVICIOS PARA HU\u00c9SPEDES 182 habitaciones que incluyen 30 suites Penthouse \u00fanico de 2.500 metros cuadrados en la azotea con piscina Dos chefs socios reconocidos entre los 50 mejores restaurantes del mundo Restaurante Signature Restaurante mexicano abierto todo el d\u00eda Bar [&hellip;]<\/p>\n","protected":false},"author":33,"featured_media":0,"parent":842741,"menu_order":0,"comment_status":"closed","ping_status":"closed","template":"templates\/page-services.php","meta":{"_acf_changed":false,"footnotes":""},"class_list":["post-873675","page","type-page","status-publish","hentry"],"acf":[],"yoast_head":"<!-- This site is optimized with the Yoast SEO plugin v27.0 - https:\/\/yoast.com\/product\/yoast-seo-wordpress\/ -->\n<title>Servicios y comodidades | EDITION Hotels<\/title>\n<meta name=\"robots\" content=\"index, follow, max-snippet:-1, max-image-preview:large, max-video-preview:-1\" \/>\n<link rel=\"canonical\" href=\"https:\/\/www.editionhotels.com\/es\/riviera-maya\/services-amenities\/\" \/>\n<meta property=\"og:locale\" content=\"es_ES\" \/>\n<meta property=\"og:type\" content=\"article\" \/>\n<meta property=\"og:title\" content=\"Servicios y comodidades | EDITION Hotels\" \/>\n<meta property=\"og:description\" content=\"Para m\u00e1s informaci\u00f3n Comun\u00edquese con nuestro equipo en guestexperience.rivieramaya@editionhotels.com o +52 984 122 4.999 Compartir SERVICIOS PARA HU\u00c9SPEDES 182 habitaciones que incluyen 30 suites Penthouse \u00fanico de 2.500 metros cuadrados en la azotea con piscina Dos chefs socios reconocidos entre los 50 mejores restaurantes del mundo Restaurante Signature Restaurante mexicano abierto todo el d\u00eda Bar [&hellip;]\" \/>\n<meta property=\"og:url\" content=\"https:\/\/www.editionhotels.com\/es\/riviera-maya\/services-amenities\/\" \/>\n<meta property=\"og:site_name\" content=\"EDITION Hotels\" \/>\n<meta property=\"article:publisher\" content=\"https:\/\/www.facebook.com\/EDITIONHotels\" \/>\n<meta property=\"article:modified_time\" content=\"2024-09-19T14:27:34+00:00\" \/>\n<meta name=\"twitter:card\" content=\"summary_large_image\" \/>\n<meta name=\"twitter:label1\" content=\"Est. reading time\" \/>\n\t<meta name=\"twitter:data1\" content=\"2 minutes\" \/>\n<script type=\"application\/ld+json\" class=\"yoast-schema-graph\">{\"@context\":\"https:\/\/schema.org\",\"@graph\":[{\"@type\":\"WebPage\",\"@id\":\"https:\/\/www.editionhotels.com\/es\/riviera-maya\/services-amenities\/\",\"url\":\"https:\/\/www.editionhotels.com\/es\/riviera-maya\/services-amenities\/\",\"name\":\"Servicios y comodidades | EDITION Hotels\",\"isPartOf\":{\"@id\":\"https:\/\/www.editionhotels.com\/#website\"},\"datePublished\":\"2024-06-04T19:46:39+00:00\",\"dateModified\":\"2024-09-19T14:27:34+00:00\",\"breadcrumb\":{\"@id\":\"https:\/\/www.editionhotels.com\/es\/riviera-maya\/services-amenities\/#breadcrumb\"},\"inLanguage\":\"es-ee\",\"potentialAction\":[{\"@type\":\"ReadAction\",\"target\":[\"https:\/\/www.editionhotels.com\/es\/riviera-maya\/services-amenities\/\"]}]},{\"@type\":\"BreadcrumbList\",\"@id\":\"https:\/\/www.editionhotels.com\/es\/riviera-maya\/services-amenities\/#breadcrumb\",\"itemListElement\":[{\"@type\":\"ListItem\",\"position\":1,\"name\":\"Home\",\"item\":\"https:\/\/www.editionhotels.com\/\"},{\"@type\":\"ListItem\",\"position\":2,\"name\":\"Riviera Maya\",\"item\":\"https:\/\/www.editionhotels.com\/es\/riviera-maya\/\"},{\"@type\":\"ListItem\",\"position\":3,\"name\":\"Servicios y comodidades\"}]},{\"@type\":\"WebSite\",\"@id\":\"https:\/\/www.editionhotels.com\/#website\",\"url\":\"https:\/\/www.editionhotels.com\/\",\"name\":\"EDITION Hotels\",\"description\":\"A Unique Collection of Luxury Boutique Hotels\",\"publisher\":{\"@id\":\"https:\/\/www.editionhotels.com\/#organization\"},\"potentialAction\":[{\"@type\":\"SearchAction\",\"target\":{\"@type\":\"EntryPoint\",\"urlTemplate\":\"https:\/\/www.editionhotels.com\/?s={search_term_string}\"},\"query-input\":{\"@type\":\"PropertyValueSpecification\",\"valueRequired\":true,\"valueName\":\"search_term_string\"}}],\"inLanguage\":\"es-ee\"},{\"@type\":\"Organization\",\"@id\":\"https:\/\/www.editionhotels.com\/#organization\",\"name\":\"EDITION Hotels\",\"url\":\"https:\/\/www.editionhotels.com\/\",\"logo\":{\"@type\":\"ImageObject\",\"inLanguage\":\"es-ee\",\"@id\":\"https:\/\/www.editionhotels.com\/#\/schema\/logo\/image\/\",\"url\":\"https:\/\/www.editionhotels.com\/wp-content\/uploads\/2016\/09\/edition-text-logo-black.png\",\"contentUrl\":\"https:\/\/www.editionhotels.com\/wp-content\/uploads\/2016\/09\/edition-text-logo-black.png\",\"width\":1000,\"height\":185,\"caption\":\"EDITION Hotels\"},\"image\":{\"@id\":\"https:\/\/www.editionhotels.com\/#\/schema\/logo\/image\/\"},\"sameAs\":[\"https:\/\/www.facebook.com\/EDITIONHotels\"],\"description\":\"An unexpected and refreshing collection of individualized, customized, one-of-kind hotels that redefines the codes of traditional luxury.\",\"parentOrganization\":{\"@type\":\"Organization\",\"name\":\"Marriott International\",\"url\":\"https:\/\/www.marriott.com\/default.mi\"}}]}<\/script>\n<!-- \/ Yoast SEO plugin. -->","yoast_head_json":{"title":"Servicios y comodidades | EDITION Hotels","robots":{"index":"index","follow":"follow","max-snippet":"max-snippet:-1","max-image-preview":"max-image-preview:large","max-video-preview":"max-video-preview:-1"},"canonical":"https:\/\/www.editionhotels.com\/es\/riviera-maya\/services-amenities\/","og_locale":"es_ES","og_type":"article","og_title":"Servicios y comodidades | EDITION Hotels","og_description":"Para m\u00e1s informaci\u00f3n Comun\u00edquese con nuestro equipo en guestexperience.rivieramaya@editionhotels.com o +52 984 122 4.999 Compartir SERVICIOS PARA HU\u00c9SPEDES 182 habitaciones que incluyen 30 suites Penthouse \u00fanico de 2.500 metros cuadrados en la azotea con piscina Dos chefs socios reconocidos entre los 50 mejores restaurantes del mundo Restaurante Signature Restaurante mexicano abierto todo el d\u00eda Bar [&hellip;]","og_url":"https:\/\/www.editionhotels.com\/es\/riviera-maya\/services-amenities\/","og_site_name":"EDITION Hotels","article_publisher":"https:\/\/www.facebook.com\/EDITIONHotels","article_modified_time":"2024-09-19T14:27:34+00:00","twitter_card":"summary_large_image","twitter_misc":{"Est. reading time":"2 minutes"},"schema":{"@context":"https:\/\/schema.org","@graph":[{"@type":"WebPage","@id":"https:\/\/www.editionhotels.com\/es\/riviera-maya\/services-amenities\/","url":"https:\/\/www.editionhotels.com\/es\/riviera-maya\/services-amenities\/","name":"Servicios y comodidades | EDITION Hotels","isPartOf":{"@id":"https:\/\/www.editionhotels.com\/#website"},"datePublished":"2024-06-04T19:46:39+00:00","dateModified":"2024-09-19T14:27:34+00:00","breadcrumb":{"@id":"https:\/\/www.editionhotels.com\/es\/riviera-maya\/services-amenities\/#breadcrumb"},"inLanguage":"es-ee","potentialAction":[{"@type":"ReadAction","target":["https:\/\/www.editionhotels.com\/es\/riviera-maya\/services-amenities\/"]}]},{"@type":"BreadcrumbList","@id":"https:\/\/www.editionhotels.com\/es\/riviera-maya\/services-amenities\/#breadcrumb","itemListElement":[{"@type":"ListItem","position":1,"name":"Home","item":"https:\/\/www.editionhotels.com\/"},{"@type":"ListItem","position":2,"name":"Riviera Maya","item":"https:\/\/www.editionhotels.com\/es\/riviera-maya\/"},{"@type":"ListItem","position":3,"name":"Servicios y comodidades"}]},{"@type":"WebSite","@id":"https:\/\/www.editionhotels.com\/#website","url":"https:\/\/www.editionhotels.com\/","name":"EDITION Hotels","description":"A Unique Collection of Luxury Boutique Hotels","publisher":{"@id":"https:\/\/www.editionhotels.com\/#organization"},"potentialAction":[{"@type":"SearchAction","target":{"@type":"EntryPoint","urlTemplate":"https:\/\/www.editionhotels.com\/?s={search_term_string}"},"query-input":{"@type":"PropertyValueSpecification","valueRequired":true,"valueName":"search_term_string"}}],"inLanguage":"es-ee"},{"@type":"Organization","@id":"https:\/\/www.editionhotels.com\/#organization","name":"EDITION Hotels","url":"https:\/\/www.editionhotels.com\/","logo":{"@type":"ImageObject","inLanguage":"es-ee","@id":"https:\/\/www.editionhotels.com\/#\/schema\/logo\/image\/","url":"https:\/\/www.editionhotels.com\/wp-content\/uploads\/2016\/09\/edition-text-logo-black.png","contentUrl":"https:\/\/www.editionhotels.com\/wp-content\/uploads\/2016\/09\/edition-text-logo-black.png","width":1000,"height":185,"caption":"EDITION Hotels"},"image":{"@id":"https:\/\/www.editionhotels.com\/#\/schema\/logo\/image\/"},"sameAs":["https:\/\/www.facebook.com\/EDITIONHotels"],"description":"An unexpected and refreshing collection of individualized, customized, one-of-kind hotels that redefines the codes of traditional luxury.","parentOrganization":{"@type":"Organization","name":"Marriott International","url":"https:\/\/www.marriott.com\/default.mi"}}]}},"_links":{"self":[{"href":"https:\/\/www.editionhotels.com\/es\/wp-json\/wp\/v2\/pages\/873675","targetHints":{"allow":["GET"]}}],"collection":[{"href":"https:\/\/www.editionhotels.com\/es\/wp-json\/wp\/v2\/pages"}],"about":[{"href":"https:\/\/www.editionhotels.com\/es\/wp-json\/wp\/v2\/types\/page"}],"author":[{"embeddable":true,"href":"https:\/\/www.editionhotels.com\/es\/wp-json\/wp\/v2\/users\/33"}],"replies":[{"embeddable":true,"href":"https:\/\/www.editionhotels.com\/es\/wp-json\/wp\/v2\/comments?post=873675"}],"version-history":[{"count":0,"href":"https:\/\/www.editionhotels.com\/es\/wp-json\/wp\/v2\/pages\/873675\/revisions"}],"up":[{"embeddable":true,"href":"https:\/\/www.editionhotels.com\/es\/wp-json\/wp\/v2\/pages\/842741"}],"wp:attachment":[{"href":"https:\/\/www.editionhotels.com\/es\/wp-json\/wp\/v2\/media?parent=873675"}],"curies":[{"name":"wp","href":"https:\/\/api.w.org\/{rel}","templated":true}]}}