{"id":873676,"date":"2024-06-04T19:46:40","date_gmt":"2024-06-04T19:46:40","guid":{"rendered":"https:\/\/www.editionhotels.com\/dubai\/servicios-y-comodidades\/"},"modified":"2024-10-11T21:29:39","modified_gmt":"2024-10-11T21:29:39","slug":"services-amenities","status":"publish","type":"page","link":"https:\/\/www.editionhotels.com\/es\/dubai\/services-amenities\/","title":{"rendered":"Servicios y comodidades"},"content":{"rendered":"<div class=\"info-section\">\n<div class=\"contact\">\n<h3 class=\"navigation-text\">Para m\u00e1s informaci\u00f3n<\/h3>\n<div class=\"info-detail\">\n<p>Comun\u00edquese con el concierge en el +9714 602 3.333 o <a href=\"mailto:concierge.dxb@editionhotels.com\">concierge.dxb@editionhotels.com<\/a><\/p>\n<\/div>\n<\/div>\n<div class=\"share-link link\">Compartir<\/div>\n<\/div>\n<div class=\"services\">\n<div class=\"service-list\">\n<dl>\n<dt>SERVICIOS PARA HU\u00c9SPEDES<\/dt>\n<dd>\n<ul>\n<li>275 habitaciones y suites \u00fanicas, que incluyen un penthouse de 195 metros cuadrados<\/li>\n<li>Restaurantes exclusivos Duomo y Thia<\/li>\n<li>Men\u00fas personalizados de banquetes para eventos privados, almuerzos, fiestas con cenas y reuniones de negocios<\/li>\n<li>Servicio a la habitaci\u00f3n las 24 horas<\/li>\n<li>Servicio de concierge<\/li>\n<li>Servicio diario de limpieza de habitaci\u00f3n<\/li>\n<li>Uso gratis del gimnasio abierto las 24 horas<\/li>\n<li>Personal multiling\u00fce<\/li>\n<li>Cajas de seguridad, ubicadas en recepci\u00f3n<\/li>\n<li>Personal para estacionar<\/li>\n<\/ul>\n<\/dd>\n<\/dl>\n<\/div>\n<div class=\"service-list\">\n<dl>\n<dt>SERVICIOS EJECUTIVOS<\/dt>\n<dd>\n<ul>\n<li>Sal\u00f3n, salas de reuniones y espacio para eventos vers\u00e1til<\/li>\n<li>Acceso WiFi de alta velocidad gratis en todo el hotel<\/li>\n<li>Equipo audiovisual de vanguardia<\/li>\n<li>Video conferencias<\/li>\n<li>Servicios de autom\u00f3vil ejecutivo disponibles<\/li>\n<li>Personal de secretar\u00eda multiling\u00fce disponible las 24 horas<\/li>\n<\/ul>\n<\/dd>\n<\/dl>\n<\/div>\n<div class=\"service-list\">\n<dl>\n<dt>GIMNASIO<\/dt>\n<dd>\n<ul>\n<li>Gimnasio con equipo de vanguardia con m\u00e1quinas de entrenamiento cardiovascular y televisor con pantalla plana personal<\/li>\n<li>Pesas<\/li>\n<li>Zona de estiramientos<\/li>\n<li>Toallas gratis<\/li>\n<li>Refrigerios<\/li>\n<li>Abierto las 24 horas del d\u00eda<\/li>\n<\/ul>\n<\/dd>\n<\/dl>\n<\/div>\n<div class=\"service-list\">\n<dl>\n<dt>SPA<\/dt>\n<dd>\n<ul>\n<li>Tres suites de tratamientos que incluyen una suite para parejas<\/li>\n<li>Colecci\u00f3n de productos de spa de lujo a la venta<\/li>\n<\/ul>\n<\/dd>\n<\/dl>\n<\/div>\n<div class=\"service-list\">\n<dl>\n<dt>INSTALACIONES PARA PERSONAS CON NECESIDADES ESPECIALES<\/dt>\n<dd>\n<ul>\n<li>Instalaciones para personas con necesidades especiales de movilidad disponibles en algunos tipos de habitaci\u00f3n<\/li>\n<li>Puede consultar informaci\u00f3n adicional sobre instalaciones para personas con necesidades especiales <a href=\"https:\/\/www.marriott.com\/hotels\/fact-sheet\/travel\/loneb-the-london-edition\/#accessibility\" target=\"_blank\" rel=\"noopener noreferrer\">aqu\u00ed<\/a><\/li>\n<\/ul>\n<\/dd>\n<\/dl>\n<\/div>\n<\/div>\n","protected":false},"excerpt":{"rendered":"<p>Para m\u00e1s informaci\u00f3n Comun\u00edquese con el concierge en el +9714 602 3.333 o concierge.dxb@editionhotels.com Compartir SERVICIOS PARA HU\u00c9SPEDES 275 habitaciones y suites \u00fanicas, que incluyen un penthouse de 195 metros [&hellip;]<\/p>\n","protected":false},"author":21,"featured_media":0,"parent":842753,"menu_order":142,"comment_status":"closed","ping_status":"closed","template":"templates\/page-services.php","meta":{"_acf_changed":false,"footnotes":""},"class_list":["post-873676","page","type-page","status-publish","hentry"],"acf":[],"yoast_head":"<!-- This site is optimized with the Yoast SEO plugin v27.0 - https:\/\/yoast.com\/product\/yoast-seo-wordpress\/ -->\n<title>The Dubai EDITION | Hoteles \u00fanicos en Dub\u00e1i<\/title>\n<meta name=\"robots\" content=\"index, follow, max-snippet:-1, max-image-preview:large, max-video-preview:-1\" \/>\n<link rel=\"canonical\" href=\"https:\/\/www.editionhotels.com\/es\/dubai\/services-amenities\/\" \/>\n<meta property=\"og:locale\" content=\"es_ES\" \/>\n<meta property=\"og:type\" content=\"article\" \/>\n<meta property=\"og:title\" content=\"The Dubai EDITION | Hoteles \u00fanicos en Dub\u00e1i\" \/>\n<meta property=\"og:description\" content=\"Para m\u00e1s informaci\u00f3n Comun\u00edquese con el concierge en el +9714 602 3.333 o concierge.dxb@editionhotels.com Compartir SERVICIOS PARA HU\u00c9SPEDES 275 habitaciones y suites \u00fanicas, que incluyen un penthouse de 195 metros [&hellip;]\" \/>\n<meta property=\"og:url\" content=\"https:\/\/www.editionhotels.com\/es\/dubai\/services-amenities\/\" \/>\n<meta property=\"og:site_name\" content=\"EDITION Hotels\" \/>\n<meta property=\"article:publisher\" content=\"https:\/\/www.facebook.com\/EDITIONHotels\" \/>\n<meta property=\"article:modified_time\" content=\"2024-10-11T21:29:39+00:00\" \/>\n<meta name=\"twitter:card\" content=\"summary_large_image\" \/>\n<meta name=\"twitter:label1\" content=\"Est. reading time\" \/>\n\t<meta name=\"twitter:data1\" content=\"1 minute\" \/>\n<script type=\"application\/ld+json\" class=\"yoast-schema-graph\">{\"@context\":\"https:\/\/schema.org\",\"@graph\":[{\"@type\":\"WebPage\",\"@id\":\"https:\/\/www.editionhotels.com\/es\/dubai\/services-amenities\/\",\"url\":\"https:\/\/www.editionhotels.com\/es\/dubai\/services-amenities\/\",\"name\":\"The Dubai EDITION | Hoteles \u00fanicos en Dub\u00e1i\",\"isPartOf\":{\"@id\":\"https:\/\/www.editionhotels.com\/#website\"},\"datePublished\":\"2024-06-04T19:46:40+00:00\",\"dateModified\":\"2024-10-11T21:29:39+00:00\",\"breadcrumb\":{\"@id\":\"https:\/\/www.editionhotels.com\/es\/dubai\/services-amenities\/#breadcrumb\"},\"inLanguage\":\"es-ee\",\"potentialAction\":[{\"@type\":\"ReadAction\",\"target\":[\"https:\/\/www.editionhotels.com\/es\/dubai\/services-amenities\/\"]}]},{\"@type\":\"BreadcrumbList\",\"@id\":\"https:\/\/www.editionhotels.com\/es\/dubai\/services-amenities\/#breadcrumb\",\"itemListElement\":[{\"@type\":\"ListItem\",\"position\":1,\"name\":\"Home\",\"item\":\"https:\/\/www.editionhotels.com\/\"},{\"@type\":\"ListItem\",\"position\":2,\"name\":\"Dubai\",\"item\":\"https:\/\/www.editionhotels.com\/es\/dubai\/\"},{\"@type\":\"ListItem\",\"position\":3,\"name\":\"Servicios y comodidades\"}]},{\"@type\":\"WebSite\",\"@id\":\"https:\/\/www.editionhotels.com\/#website\",\"url\":\"https:\/\/www.editionhotels.com\/\",\"name\":\"EDITION Hotels\",\"description\":\"A Unique Collection of Luxury Boutique Hotels\",\"publisher\":{\"@id\":\"https:\/\/www.editionhotels.com\/#organization\"},\"potentialAction\":[{\"@type\":\"SearchAction\",\"target\":{\"@type\":\"EntryPoint\",\"urlTemplate\":\"https:\/\/www.editionhotels.com\/?s={search_term_string}\"},\"query-input\":{\"@type\":\"PropertyValueSpecification\",\"valueRequired\":true,\"valueName\":\"search_term_string\"}}],\"inLanguage\":\"es-ee\"},{\"@type\":\"Organization\",\"@id\":\"https:\/\/www.editionhotels.com\/#organization\",\"name\":\"EDITION Hotels\",\"url\":\"https:\/\/www.editionhotels.com\/\",\"logo\":{\"@type\":\"ImageObject\",\"inLanguage\":\"es-ee\",\"@id\":\"https:\/\/www.editionhotels.com\/#\/schema\/logo\/image\/\",\"url\":\"https:\/\/www.editionhotels.com\/wp-content\/uploads\/2016\/09\/edition-text-logo-black.png\",\"contentUrl\":\"https:\/\/www.editionhotels.com\/wp-content\/uploads\/2016\/09\/edition-text-logo-black.png\",\"width\":1000,\"height\":185,\"caption\":\"EDITION Hotels\"},\"image\":{\"@id\":\"https:\/\/www.editionhotels.com\/#\/schema\/logo\/image\/\"},\"sameAs\":[\"https:\/\/www.facebook.com\/EDITIONHotels\"],\"description\":\"An unexpected and refreshing collection of individualized, customized, one-of-kind hotels that redefines the codes of traditional luxury.\",\"parentOrganization\":{\"@type\":\"Organization\",\"name\":\"Marriott International\",\"url\":\"https:\/\/www.marriott.com\/default.mi\"}}]}<\/script>\n<!-- \/ Yoast SEO plugin. -->","yoast_head_json":{"title":"The Dubai EDITION | Hoteles \u00fanicos en Dub\u00e1i","robots":{"index":"index","follow":"follow","max-snippet":"max-snippet:-1","max-image-preview":"max-image-preview:large","max-video-preview":"max-video-preview:-1"},"canonical":"https:\/\/www.editionhotels.com\/es\/dubai\/services-amenities\/","og_locale":"es_ES","og_type":"article","og_title":"The Dubai EDITION | Hoteles \u00fanicos en Dub\u00e1i","og_description":"Para m\u00e1s informaci\u00f3n Comun\u00edquese con el concierge en el +9714 602 3.333 o concierge.dxb@editionhotels.com Compartir SERVICIOS PARA HU\u00c9SPEDES 275 habitaciones y suites \u00fanicas, que incluyen un penthouse de 195 metros [&hellip;]","og_url":"https:\/\/www.editionhotels.com\/es\/dubai\/services-amenities\/","og_site_name":"EDITION Hotels","article_publisher":"https:\/\/www.facebook.com\/EDITIONHotels","article_modified_time":"2024-10-11T21:29:39+00:00","twitter_card":"summary_large_image","twitter_misc":{"Est. reading time":"1 minute"},"schema":{"@context":"https:\/\/schema.org","@graph":[{"@type":"WebPage","@id":"https:\/\/www.editionhotels.com\/es\/dubai\/services-amenities\/","url":"https:\/\/www.editionhotels.com\/es\/dubai\/services-amenities\/","name":"The Dubai EDITION | Hoteles \u00fanicos en Dub\u00e1i","isPartOf":{"@id":"https:\/\/www.editionhotels.com\/#website"},"datePublished":"2024-06-04T19:46:40+00:00","dateModified":"2024-10-11T21:29:39+00:00","breadcrumb":{"@id":"https:\/\/www.editionhotels.com\/es\/dubai\/services-amenities\/#breadcrumb"},"inLanguage":"es-ee","potentialAction":[{"@type":"ReadAction","target":["https:\/\/www.editionhotels.com\/es\/dubai\/services-amenities\/"]}]},{"@type":"BreadcrumbList","@id":"https:\/\/www.editionhotels.com\/es\/dubai\/services-amenities\/#breadcrumb","itemListElement":[{"@type":"ListItem","position":1,"name":"Home","item":"https:\/\/www.editionhotels.com\/"},{"@type":"ListItem","position":2,"name":"Dubai","item":"https:\/\/www.editionhotels.com\/es\/dubai\/"},{"@type":"ListItem","position":3,"name":"Servicios y comodidades"}]},{"@type":"WebSite","@id":"https:\/\/www.editionhotels.com\/#website","url":"https:\/\/www.editionhotels.com\/","name":"EDITION Hotels","description":"A Unique Collection of Luxury Boutique Hotels","publisher":{"@id":"https:\/\/www.editionhotels.com\/#organization"},"potentialAction":[{"@type":"SearchAction","target":{"@type":"EntryPoint","urlTemplate":"https:\/\/www.editionhotels.com\/?s={search_term_string}"},"query-input":{"@type":"PropertyValueSpecification","valueRequired":true,"valueName":"search_term_string"}}],"inLanguage":"es-ee"},{"@type":"Organization","@id":"https:\/\/www.editionhotels.com\/#organization","name":"EDITION Hotels","url":"https:\/\/www.editionhotels.com\/","logo":{"@type":"ImageObject","inLanguage":"es-ee","@id":"https:\/\/www.editionhotels.com\/#\/schema\/logo\/image\/","url":"https:\/\/www.editionhotels.com\/wp-content\/uploads\/2016\/09\/edition-text-logo-black.png","contentUrl":"https:\/\/www.editionhotels.com\/wp-content\/uploads\/2016\/09\/edition-text-logo-black.png","width":1000,"height":185,"caption":"EDITION Hotels"},"image":{"@id":"https:\/\/www.editionhotels.com\/#\/schema\/logo\/image\/"},"sameAs":["https:\/\/www.facebook.com\/EDITIONHotels"],"description":"An unexpected and refreshing collection of individualized, customized, one-of-kind hotels that redefines the codes of traditional luxury.","parentOrganization":{"@type":"Organization","name":"Marriott International","url":"https:\/\/www.marriott.com\/default.mi"}}]}},"_links":{"self":[{"href":"https:\/\/www.editionhotels.com\/es\/wp-json\/wp\/v2\/pages\/873676","targetHints":{"allow":["GET"]}}],"collection":[{"href":"https:\/\/www.editionhotels.com\/es\/wp-json\/wp\/v2\/pages"}],"about":[{"href":"https:\/\/www.editionhotels.com\/es\/wp-json\/wp\/v2\/types\/page"}],"author":[{"embeddable":true,"href":"https:\/\/www.editionhotels.com\/es\/wp-json\/wp\/v2\/users\/21"}],"replies":[{"embeddable":true,"href":"https:\/\/www.editionhotels.com\/es\/wp-json\/wp\/v2\/comments?post=873676"}],"version-history":[{"count":0,"href":"https:\/\/www.editionhotels.com\/es\/wp-json\/wp\/v2\/pages\/873676\/revisions"}],"up":[{"embeddable":true,"href":"https:\/\/www.editionhotels.com\/es\/wp-json\/wp\/v2\/pages\/842753"}],"wp:attachment":[{"href":"https:\/\/www.editionhotels.com\/es\/wp-json\/wp\/v2\/media?parent=873676"}],"curies":[{"name":"wp","href":"https:\/\/api.w.org\/{rel}","templated":true}]}}