{"id":873681,"date":"2024-06-04T19:47:57","date_gmt":"2024-06-04T19:47:57","guid":{"rendered":"https:\/\/www.editionhotels.com\/tampa\/servicios-y-comodidades\/"},"modified":"2025-11-12T19:32:11","modified_gmt":"2025-11-12T19:32:11","slug":"services-amenities-9","status":"publish","type":"page","link":"https:\/\/www.editionhotels.com\/es\/tampa\/services-amenities-9\/","title":{"rendered":"Servicios y comodidades"},"content":{"rendered":"<div class=\"info-section\">\n<div class=\"contact\">\n<h3 class=\"navigation-text\">Para m\u00e1s informaci\u00f3n<\/h3>\n<div class=\"info-detail\">Comun\u00edquese con el departamento de experiencia del hu\u00e9sped en el (813) 221-4600<\/div>\n<\/div>\n<\/div>\n<div class=\"services\">\n<div class=\"service-list\">\n<dl>\n<dt>Servicios para hu\u00e9spedes<\/dt>\n<dd>\n<ul>\n<li>172 habitaciones y suites \u00fanicas<\/li>\n<li>Chef socio John Fraser<\/li>\n<li><a href=\"https:\/\/www.taptastego.com\/TPAEB\/outlet\/order\/7c5142f8-70ff-474e-8eea-be1cb27c8d9f?topbar=fb&#038;utm_medium=room_service_\" target=\"_blank\" rel=\"noopener\">Servicio a la habitaci\u00f3n<\/a><\/li>\n<li>Servicio de concierge<\/li>\n<li>Uso del gimnasio gratis las 24 horas<\/li>\n<li>Acceso inal\u00e1mbrico a Internet de alta velocidad gratis en todo el hotel<\/li>\n<li>Sala de juntas ejecutivas, sala de reuniones y espacio para eventos privados<\/li>\n<li>Servicios audiovisuales de vanguardia disponibles para eventos privados<\/li>\n<li>Personal multiling\u00fce<\/li>\n<\/ul>\n<\/dd>\n<\/dl>\n<\/div>\n<div class=\"service-list\">\n<dl>\n<dt>Comodidades con pedido previo<\/dt>\n<dd>\n<ul>\n<li>Si desea mejorar a\u00fan m\u00e1s su visita, puede adquirir las siguientes comodidades: <a href=\"https:\/\/www.thetampaeditionamenities.com\/\" target=\"_blank\" rel=\"noopener\">The Tampa EDITION<\/a><\/li>\n<\/ul>\n<\/dd>\n<\/dl>\n<\/div>\n<div class=\"service-list\">\n<dl>\n<dt>Servicios ejecutivos<\/dt>\n<dd>\n<ul>\n<li>Sala de juntas ejecutivas, sala de reuniones y espacio para eventos privados<\/li>\n<li>Pizarras digitales y rotafolios electr\u00f3nicos disponibles<\/li>\n<li>iPads, computadoras port\u00e1tiles y tel\u00e9fonos m\u00f3viles disponibles<\/li>\n<li>Videoconferencias<\/li>\n<li>Servicios de autom\u00f3vil ejecutivo disponibles<\/li>\n<li>Servicios de mayordomo ejecutivo disponibles<\/li>\n<li>Personal de secretar\u00eda multiling\u00fce disponible las 24 horas<\/li>\n<li>Equipos audiovisuales de vanguardia<\/li>\n<li>Acceso inal\u00e1mbrico a Internet de alta velocidad gratis en todo el hotel<\/li>\n<\/ul>\n<\/dd>\n<\/dl>\n<\/div>\n<div class=\"service-list\">\n<dl>\n<dt>Gimnasio<\/dt>\n<dd>\n<ul>\n<li>Gimnasio con equipo de vanguardia con m\u00e1quinas de entrenamiento cardiovascular y televisor con pantalla plana personal<\/li>\n<li>Sesiones con entrenador personal disponibles por solicitud<\/li>\n<li>2 bicicletas Peloton<\/li>\n<li>Pesas<\/li>\n<li>Zona de estiramientos<\/li>\n<li>Toallas gratis<\/li>\n<li>Auriculares y refrescos<\/li>\n<li>Abierto las 24 horas del d\u00eda<\/li>\n<\/ul>\n<\/dd>\n<\/dl>\n<\/div>\n<div class=\"service-list\">\n<dl>\n<dt>Servicios de spa<\/dt>\n<dd>\n<ul>\n<li>Salas de vapor<\/li>\n<li>Lounge de relajaci\u00f3n profunda con tratamientos con ondas bi\u00f3ticas<\/li>\n<li>Amplia colecci\u00f3n de productos de spa de lujo a la venta<\/li>\n<\/ul>\n<\/dd>\n<\/dl>\n<\/div>\n<div class=\"service-list\">\n<dl>\n<dt>INSTALACIONES PARA PERSONAS CON NECESIDADES ESPECIALES<\/dt>\n<dt><\/dt>\n<dd>\n<ul>\n<li>Instalaciones para personas con necesidades especiales de movilidad disponibles en algunos tipos de habitaci\u00f3n<\/li>\n<li>Informaci\u00f3n adicional sobre instalaciones para personas con necesidades especiales disponible por solicitud<\/li>\n<\/ul>\n<\/dd>\n<\/dl>\n<\/div>\n<\/div>\n","protected":false},"excerpt":{"rendered":"<p>Para m\u00e1s informaci\u00f3n Comun\u00edquese con el departamento de experiencia del hu\u00e9sped en el (813) 221-4600 Servicios para hu\u00e9spedes 172 habitaciones y suites \u00fanicas Chef socio John Fraser Servicio a la habitaci\u00f3n Servicio de concierge Uso del gimnasio gratis las 24 horas Acceso inal\u00e1mbrico a Internet de alta velocidad gratis en todo el hotel Sala de [&hellip;]<\/p>\n","protected":false},"author":21,"featured_media":0,"parent":842740,"menu_order":371,"comment_status":"closed","ping_status":"closed","template":"templates\/page-services.php","meta":{"_acf_changed":false,"footnotes":""},"class_list":["post-873681","page","type-page","status-publish","hentry"],"acf":[],"yoast_head":"<!-- This site is optimized with the Yoast SEO plugin v27.0 - https:\/\/yoast.com\/product\/yoast-seo-wordpress\/ -->\n<title>The Tampa EDITION | Servicios y comodidades de lujo en Tampa<\/title>\n<meta name=\"description\" content=\"The Tampa EDITION ofrece servicios personalizados y una amplia variedad de comodidades, que incluyen un spa de servicio completo y restaurantes del chef John Fraser.\" \/>\n<meta name=\"robots\" content=\"index, follow, max-snippet:-1, max-image-preview:large, max-video-preview:-1\" \/>\n<link rel=\"canonical\" href=\"https:\/\/www.editionhotels.com\/es\/tampa\/services-amenities-9\/\" \/>\n<meta property=\"og:locale\" content=\"es_ES\" \/>\n<meta property=\"og:type\" content=\"article\" \/>\n<meta property=\"og:title\" content=\"The Tampa EDITION | Servicios y comodidades de lujo en Tampa\" \/>\n<meta property=\"og:description\" content=\"The Tampa EDITION ofrece servicios personalizados y una amplia variedad de comodidades, que incluyen un spa de servicio completo y restaurantes del chef John Fraser.\" \/>\n<meta property=\"og:url\" content=\"https:\/\/www.editionhotels.com\/es\/tampa\/services-amenities-9\/\" \/>\n<meta property=\"og:site_name\" content=\"EDITION Hotels\" \/>\n<meta property=\"article:publisher\" content=\"https:\/\/www.facebook.com\/EDITIONHotels\" \/>\n<meta property=\"article:modified_time\" content=\"2025-11-12T19:32:11+00:00\" \/>\n<meta name=\"twitter:card\" content=\"summary_large_image\" \/>\n<meta name=\"twitter:label1\" content=\"Est. reading time\" \/>\n\t<meta name=\"twitter:data1\" content=\"2 minutes\" \/>\n<script type=\"application\/ld+json\" class=\"yoast-schema-graph\">{\"@context\":\"https:\/\/schema.org\",\"@graph\":[{\"@type\":\"WebPage\",\"@id\":\"https:\/\/www.editionhotels.com\/es\/tampa\/services-amenities-9\/\",\"url\":\"https:\/\/www.editionhotels.com\/es\/tampa\/services-amenities-9\/\",\"name\":\"The Tampa EDITION | Servicios y comodidades de lujo en Tampa\",\"isPartOf\":{\"@id\":\"https:\/\/www.editionhotels.com\/#website\"},\"datePublished\":\"2024-06-04T19:47:57+00:00\",\"dateModified\":\"2025-11-12T19:32:11+00:00\",\"description\":\"The Tampa EDITION ofrece servicios personalizados y una amplia variedad de comodidades, que incluyen un spa de servicio completo y restaurantes del chef John Fraser.\",\"breadcrumb\":{\"@id\":\"https:\/\/www.editionhotels.com\/es\/tampa\/services-amenities-9\/#breadcrumb\"},\"inLanguage\":\"es-ee\",\"potentialAction\":[{\"@type\":\"ReadAction\",\"target\":[\"https:\/\/www.editionhotels.com\/es\/tampa\/services-amenities-9\/\"]}]},{\"@type\":\"BreadcrumbList\",\"@id\":\"https:\/\/www.editionhotels.com\/es\/tampa\/services-amenities-9\/#breadcrumb\",\"itemListElement\":[{\"@type\":\"ListItem\",\"position\":1,\"name\":\"Home\",\"item\":\"https:\/\/www.editionhotels.com\/\"},{\"@type\":\"ListItem\",\"position\":2,\"name\":\"Tampa\",\"item\":\"https:\/\/www.editionhotels.com\/es\/tampa\/\"},{\"@type\":\"ListItem\",\"position\":3,\"name\":\"Servicios y comodidades\"}]},{\"@type\":\"WebSite\",\"@id\":\"https:\/\/www.editionhotels.com\/#website\",\"url\":\"https:\/\/www.editionhotels.com\/\",\"name\":\"EDITION Hotels\",\"description\":\"A Unique Collection of Luxury Boutique Hotels\",\"publisher\":{\"@id\":\"https:\/\/www.editionhotels.com\/#organization\"},\"potentialAction\":[{\"@type\":\"SearchAction\",\"target\":{\"@type\":\"EntryPoint\",\"urlTemplate\":\"https:\/\/www.editionhotels.com\/?s={search_term_string}\"},\"query-input\":{\"@type\":\"PropertyValueSpecification\",\"valueRequired\":true,\"valueName\":\"search_term_string\"}}],\"inLanguage\":\"es-ee\"},{\"@type\":\"Organization\",\"@id\":\"https:\/\/www.editionhotels.com\/#organization\",\"name\":\"EDITION Hotels\",\"url\":\"https:\/\/www.editionhotels.com\/\",\"logo\":{\"@type\":\"ImageObject\",\"inLanguage\":\"es-ee\",\"@id\":\"https:\/\/www.editionhotels.com\/#\/schema\/logo\/image\/\",\"url\":\"https:\/\/www.editionhotels.com\/wp-content\/uploads\/2016\/09\/edition-text-logo-black.png\",\"contentUrl\":\"https:\/\/www.editionhotels.com\/wp-content\/uploads\/2016\/09\/edition-text-logo-black.png\",\"width\":1000,\"height\":185,\"caption\":\"EDITION Hotels\"},\"image\":{\"@id\":\"https:\/\/www.editionhotels.com\/#\/schema\/logo\/image\/\"},\"sameAs\":[\"https:\/\/www.facebook.com\/EDITIONHotels\"],\"description\":\"An unexpected and refreshing collection of individualized, customized, one-of-kind hotels that redefines the codes of traditional luxury.\",\"parentOrganization\":{\"@type\":\"Organization\",\"name\":\"Marriott International\",\"url\":\"https:\/\/www.marriott.com\/default.mi\"}}]}<\/script>\n<!-- \/ Yoast SEO plugin. -->","yoast_head_json":{"title":"The Tampa EDITION | Servicios y comodidades de lujo en Tampa","description":"The Tampa EDITION ofrece servicios personalizados y una amplia variedad de comodidades, que incluyen un spa de servicio completo y restaurantes del chef John Fraser.","robots":{"index":"index","follow":"follow","max-snippet":"max-snippet:-1","max-image-preview":"max-image-preview:large","max-video-preview":"max-video-preview:-1"},"canonical":"https:\/\/www.editionhotels.com\/es\/tampa\/services-amenities-9\/","og_locale":"es_ES","og_type":"article","og_title":"The Tampa EDITION | Servicios y comodidades de lujo en Tampa","og_description":"The Tampa EDITION ofrece servicios personalizados y una amplia variedad de comodidades, que incluyen un spa de servicio completo y restaurantes del chef John Fraser.","og_url":"https:\/\/www.editionhotels.com\/es\/tampa\/services-amenities-9\/","og_site_name":"EDITION Hotels","article_publisher":"https:\/\/www.facebook.com\/EDITIONHotels","article_modified_time":"2025-11-12T19:32:11+00:00","twitter_card":"summary_large_image","twitter_misc":{"Est. reading time":"2 minutes"},"schema":{"@context":"https:\/\/schema.org","@graph":[{"@type":"WebPage","@id":"https:\/\/www.editionhotels.com\/es\/tampa\/services-amenities-9\/","url":"https:\/\/www.editionhotels.com\/es\/tampa\/services-amenities-9\/","name":"The Tampa EDITION | Servicios y comodidades de lujo en Tampa","isPartOf":{"@id":"https:\/\/www.editionhotels.com\/#website"},"datePublished":"2024-06-04T19:47:57+00:00","dateModified":"2025-11-12T19:32:11+00:00","description":"The Tampa EDITION ofrece servicios personalizados y una amplia variedad de comodidades, que incluyen un spa de servicio completo y restaurantes del chef John Fraser.","breadcrumb":{"@id":"https:\/\/www.editionhotels.com\/es\/tampa\/services-amenities-9\/#breadcrumb"},"inLanguage":"es-ee","potentialAction":[{"@type":"ReadAction","target":["https:\/\/www.editionhotels.com\/es\/tampa\/services-amenities-9\/"]}]},{"@type":"BreadcrumbList","@id":"https:\/\/www.editionhotels.com\/es\/tampa\/services-amenities-9\/#breadcrumb","itemListElement":[{"@type":"ListItem","position":1,"name":"Home","item":"https:\/\/www.editionhotels.com\/"},{"@type":"ListItem","position":2,"name":"Tampa","item":"https:\/\/www.editionhotels.com\/es\/tampa\/"},{"@type":"ListItem","position":3,"name":"Servicios y comodidades"}]},{"@type":"WebSite","@id":"https:\/\/www.editionhotels.com\/#website","url":"https:\/\/www.editionhotels.com\/","name":"EDITION Hotels","description":"A Unique Collection of Luxury Boutique Hotels","publisher":{"@id":"https:\/\/www.editionhotels.com\/#organization"},"potentialAction":[{"@type":"SearchAction","target":{"@type":"EntryPoint","urlTemplate":"https:\/\/www.editionhotels.com\/?s={search_term_string}"},"query-input":{"@type":"PropertyValueSpecification","valueRequired":true,"valueName":"search_term_string"}}],"inLanguage":"es-ee"},{"@type":"Organization","@id":"https:\/\/www.editionhotels.com\/#organization","name":"EDITION Hotels","url":"https:\/\/www.editionhotels.com\/","logo":{"@type":"ImageObject","inLanguage":"es-ee","@id":"https:\/\/www.editionhotels.com\/#\/schema\/logo\/image\/","url":"https:\/\/www.editionhotels.com\/wp-content\/uploads\/2016\/09\/edition-text-logo-black.png","contentUrl":"https:\/\/www.editionhotels.com\/wp-content\/uploads\/2016\/09\/edition-text-logo-black.png","width":1000,"height":185,"caption":"EDITION Hotels"},"image":{"@id":"https:\/\/www.editionhotels.com\/#\/schema\/logo\/image\/"},"sameAs":["https:\/\/www.facebook.com\/EDITIONHotels"],"description":"An unexpected and refreshing collection of individualized, customized, one-of-kind hotels that redefines the codes of traditional luxury.","parentOrganization":{"@type":"Organization","name":"Marriott International","url":"https:\/\/www.marriott.com\/default.mi"}}]}},"_links":{"self":[{"href":"https:\/\/www.editionhotels.com\/es\/wp-json\/wp\/v2\/pages\/873681","targetHints":{"allow":["GET"]}}],"collection":[{"href":"https:\/\/www.editionhotels.com\/es\/wp-json\/wp\/v2\/pages"}],"about":[{"href":"https:\/\/www.editionhotels.com\/es\/wp-json\/wp\/v2\/types\/page"}],"author":[{"embeddable":true,"href":"https:\/\/www.editionhotels.com\/es\/wp-json\/wp\/v2\/users\/21"}],"replies":[{"embeddable":true,"href":"https:\/\/www.editionhotels.com\/es\/wp-json\/wp\/v2\/comments?post=873681"}],"version-history":[{"count":0,"href":"https:\/\/www.editionhotels.com\/es\/wp-json\/wp\/v2\/pages\/873681\/revisions"}],"up":[{"embeddable":true,"href":"https:\/\/www.editionhotels.com\/es\/wp-json\/wp\/v2\/pages\/842740"}],"wp:attachment":[{"href":"https:\/\/www.editionhotels.com\/es\/wp-json\/wp\/v2\/media?parent=873681"}],"curies":[{"name":"wp","href":"https:\/\/api.w.org\/{rel}","templated":true}]}}