{"id":873682,"date":"2024-06-04T21:16:49","date_gmt":"2024-06-04T21:16:49","guid":{"rendered":"https:\/\/www.editionhotels.com\/riviera-maya\/su-hogar-cuando-esta-lejos-de-casa\/"},"modified":"2024-06-04T21:16:49","modified_gmt":"2024-06-04T21:16:49","slug":"home-away-from-home-2","status":"publish","type":"page","link":"https:\/\/www.editionhotels.com\/es\/riviera-maya\/home-away-from-home-2\/","title":{"rendered":"Su hogar cuando est\u00e1 lejos de casa"},"content":{"rendered":"<p>Cuidadosamente orientadas para ofrecer una vista cautivadora al oc\u00e9ano y a nuestro exuberante bosque de manglares, nuestras 182 habitaciones y suites, incluido The Sky Villa, el penthouse m\u00e1s grande de Am\u00e9rica del Norte, rinden homenaje al rico patrimonio de la Riviera Maya y al mismo tiempo reflejan la sofisticaci\u00f3n atemporal del visionario dise\u00f1o de Ian Schrager. Para aquellos que buscan una conexi\u00f3n m\u00e1s profunda con el mar, las terrazas privadas con piscina ofrecen un escape privado.<\/p>\n","protected":false},"excerpt":{"rendered":"<p>Cuidadosamente orientadas para ofrecer una vista cautivadora al oc\u00e9ano y a nuestro exuberante bosque de manglares, nuestras 182 habitaciones y suites, incluido The Sky Villa, el penthouse m\u00e1s grande de [&hellip;]<\/p>\n","protected":false},"author":33,"featured_media":0,"parent":842741,"menu_order":0,"comment_status":"closed","ping_status":"closed","template":"","meta":{"_acf_changed":false,"footnotes":""},"class_list":["post-873682","page","type-page","status-publish","hentry"],"acf":[],"yoast_head":"<!-- This site is optimized with the Yoast SEO plugin v27.0 - https:\/\/yoast.com\/product\/yoast-seo-wordpress\/ -->\n<title>Su hogar cuando est\u00e1 lejos de casa | EDITION Hotels<\/title>\n<meta name=\"robots\" content=\"index, follow, max-snippet:-1, max-image-preview:large, max-video-preview:-1\" \/>\n<link rel=\"canonical\" href=\"https:\/\/www.editionhotels.com\/riviera-maya\/su-hogar-cuando-esta-lejos-de-casa\/\" \/>\n<meta property=\"og:locale\" content=\"es_ES\" \/>\n<meta property=\"og:type\" content=\"article\" \/>\n<meta property=\"og:title\" content=\"Su hogar cuando est\u00e1 lejos de casa | EDITION Hotels\" \/>\n<meta property=\"og:description\" content=\"Cuidadosamente orientadas para ofrecer una vista cautivadora al oc\u00e9ano y a nuestro exuberante bosque de manglares, nuestras 182 habitaciones y suites, incluido The Sky Villa, el penthouse m\u00e1s grande de [&hellip;]\" \/>\n<meta property=\"og:url\" content=\"https:\/\/www.editionhotels.com\/riviera-maya\/su-hogar-cuando-esta-lejos-de-casa\/\" \/>\n<meta property=\"og:site_name\" content=\"EDITION Hotels\" \/>\n<meta property=\"article:publisher\" content=\"https:\/\/www.facebook.com\/EDITIONHotels\" \/>\n<meta name=\"twitter:card\" content=\"summary_large_image\" \/>\n<script type=\"application\/ld+json\" class=\"yoast-schema-graph\">{\"@context\":\"https:\/\/schema.org\",\"@graph\":[{\"@type\":\"WebPage\",\"@id\":\"https:\/\/www.editionhotels.com\/riviera-maya\/su-hogar-cuando-esta-lejos-de-casa\/\",\"url\":\"https:\/\/www.editionhotels.com\/riviera-maya\/su-hogar-cuando-esta-lejos-de-casa\/\",\"name\":\"Su hogar cuando est\u00e1 lejos de casa | EDITION Hotels\",\"isPartOf\":{\"@id\":\"https:\/\/www.editionhotels.com\/#website\"},\"datePublished\":\"2024-06-04T21:16:49+00:00\",\"breadcrumb\":{\"@id\":\"https:\/\/www.editionhotels.com\/riviera-maya\/su-hogar-cuando-esta-lejos-de-casa\/#breadcrumb\"},\"inLanguage\":\"es-ee\",\"potentialAction\":[{\"@type\":\"ReadAction\",\"target\":[\"https:\/\/www.editionhotels.com\/riviera-maya\/su-hogar-cuando-esta-lejos-de-casa\/\"]}]},{\"@type\":\"BreadcrumbList\",\"@id\":\"https:\/\/www.editionhotels.com\/riviera-maya\/su-hogar-cuando-esta-lejos-de-casa\/#breadcrumb\",\"itemListElement\":[{\"@type\":\"ListItem\",\"position\":1,\"name\":\"Home\",\"item\":\"https:\/\/www.editionhotels.com\/\"},{\"@type\":\"ListItem\",\"position\":2,\"name\":\"Riviera Maya\",\"item\":\"https:\/\/www.editionhotels.com\/es\/riviera-maya\/\"},{\"@type\":\"ListItem\",\"position\":3,\"name\":\"Su hogar cuando est\u00e1 lejos de casa\"}]},{\"@type\":\"WebSite\",\"@id\":\"https:\/\/www.editionhotels.com\/#website\",\"url\":\"https:\/\/www.editionhotels.com\/\",\"name\":\"EDITION Hotels\",\"description\":\"A Unique Collection of Luxury Boutique Hotels\",\"publisher\":{\"@id\":\"https:\/\/www.editionhotels.com\/#organization\"},\"potentialAction\":[{\"@type\":\"SearchAction\",\"target\":{\"@type\":\"EntryPoint\",\"urlTemplate\":\"https:\/\/www.editionhotels.com\/?s={search_term_string}\"},\"query-input\":{\"@type\":\"PropertyValueSpecification\",\"valueRequired\":true,\"valueName\":\"search_term_string\"}}],\"inLanguage\":\"es-ee\"},{\"@type\":\"Organization\",\"@id\":\"https:\/\/www.editionhotels.com\/#organization\",\"name\":\"EDITION Hotels\",\"url\":\"https:\/\/www.editionhotels.com\/\",\"logo\":{\"@type\":\"ImageObject\",\"inLanguage\":\"es-ee\",\"@id\":\"https:\/\/www.editionhotels.com\/#\/schema\/logo\/image\/\",\"url\":\"https:\/\/www.editionhotels.com\/wp-content\/uploads\/2016\/09\/edition-text-logo-black.png\",\"contentUrl\":\"https:\/\/www.editionhotels.com\/wp-content\/uploads\/2016\/09\/edition-text-logo-black.png\",\"width\":1000,\"height\":185,\"caption\":\"EDITION Hotels\"},\"image\":{\"@id\":\"https:\/\/www.editionhotels.com\/#\/schema\/logo\/image\/\"},\"sameAs\":[\"https:\/\/www.facebook.com\/EDITIONHotels\"],\"description\":\"An unexpected and refreshing collection of individualized, customized, one-of-kind hotels that redefines the codes of traditional luxury.\",\"parentOrganization\":{\"@type\":\"Organization\",\"name\":\"Marriott International\",\"url\":\"https:\/\/www.marriott.com\/default.mi\"}}]}<\/script>\n<!-- \/ Yoast SEO plugin. -->","yoast_head_json":{"title":"Su hogar cuando est\u00e1 lejos de casa | EDITION Hotels","robots":{"index":"index","follow":"follow","max-snippet":"max-snippet:-1","max-image-preview":"max-image-preview:large","max-video-preview":"max-video-preview:-1"},"canonical":"https:\/\/www.editionhotels.com\/riviera-maya\/su-hogar-cuando-esta-lejos-de-casa\/","og_locale":"es_ES","og_type":"article","og_title":"Su hogar cuando est\u00e1 lejos de casa | EDITION Hotels","og_description":"Cuidadosamente orientadas para ofrecer una vista cautivadora al oc\u00e9ano y a nuestro exuberante bosque de manglares, nuestras 182 habitaciones y suites, incluido The Sky Villa, el penthouse m\u00e1s grande de [&hellip;]","og_url":"https:\/\/www.editionhotels.com\/riviera-maya\/su-hogar-cuando-esta-lejos-de-casa\/","og_site_name":"EDITION Hotels","article_publisher":"https:\/\/www.facebook.com\/EDITIONHotels","twitter_card":"summary_large_image","schema":{"@context":"https:\/\/schema.org","@graph":[{"@type":"WebPage","@id":"https:\/\/www.editionhotels.com\/riviera-maya\/su-hogar-cuando-esta-lejos-de-casa\/","url":"https:\/\/www.editionhotels.com\/riviera-maya\/su-hogar-cuando-esta-lejos-de-casa\/","name":"Su hogar cuando est\u00e1 lejos de casa | EDITION Hotels","isPartOf":{"@id":"https:\/\/www.editionhotels.com\/#website"},"datePublished":"2024-06-04T21:16:49+00:00","breadcrumb":{"@id":"https:\/\/www.editionhotels.com\/riviera-maya\/su-hogar-cuando-esta-lejos-de-casa\/#breadcrumb"},"inLanguage":"es-ee","potentialAction":[{"@type":"ReadAction","target":["https:\/\/www.editionhotels.com\/riviera-maya\/su-hogar-cuando-esta-lejos-de-casa\/"]}]},{"@type":"BreadcrumbList","@id":"https:\/\/www.editionhotels.com\/riviera-maya\/su-hogar-cuando-esta-lejos-de-casa\/#breadcrumb","itemListElement":[{"@type":"ListItem","position":1,"name":"Home","item":"https:\/\/www.editionhotels.com\/"},{"@type":"ListItem","position":2,"name":"Riviera Maya","item":"https:\/\/www.editionhotels.com\/es\/riviera-maya\/"},{"@type":"ListItem","position":3,"name":"Su hogar cuando est\u00e1 lejos de casa"}]},{"@type":"WebSite","@id":"https:\/\/www.editionhotels.com\/#website","url":"https:\/\/www.editionhotels.com\/","name":"EDITION Hotels","description":"A Unique Collection of Luxury Boutique Hotels","publisher":{"@id":"https:\/\/www.editionhotels.com\/#organization"},"potentialAction":[{"@type":"SearchAction","target":{"@type":"EntryPoint","urlTemplate":"https:\/\/www.editionhotels.com\/?s={search_term_string}"},"query-input":{"@type":"PropertyValueSpecification","valueRequired":true,"valueName":"search_term_string"}}],"inLanguage":"es-ee"},{"@type":"Organization","@id":"https:\/\/www.editionhotels.com\/#organization","name":"EDITION Hotels","url":"https:\/\/www.editionhotels.com\/","logo":{"@type":"ImageObject","inLanguage":"es-ee","@id":"https:\/\/www.editionhotels.com\/#\/schema\/logo\/image\/","url":"https:\/\/www.editionhotels.com\/wp-content\/uploads\/2016\/09\/edition-text-logo-black.png","contentUrl":"https:\/\/www.editionhotels.com\/wp-content\/uploads\/2016\/09\/edition-text-logo-black.png","width":1000,"height":185,"caption":"EDITION Hotels"},"image":{"@id":"https:\/\/www.editionhotels.com\/#\/schema\/logo\/image\/"},"sameAs":["https:\/\/www.facebook.com\/EDITIONHotels"],"description":"An unexpected and refreshing collection of individualized, customized, one-of-kind hotels that redefines the codes of traditional luxury.","parentOrganization":{"@type":"Organization","name":"Marriott International","url":"https:\/\/www.marriott.com\/default.mi"}}]}},"_links":{"self":[{"href":"https:\/\/www.editionhotels.com\/es\/wp-json\/wp\/v2\/pages\/873682","targetHints":{"allow":["GET"]}}],"collection":[{"href":"https:\/\/www.editionhotels.com\/es\/wp-json\/wp\/v2\/pages"}],"about":[{"href":"https:\/\/www.editionhotels.com\/es\/wp-json\/wp\/v2\/types\/page"}],"author":[{"embeddable":true,"href":"https:\/\/www.editionhotels.com\/es\/wp-json\/wp\/v2\/users\/33"}],"replies":[{"embeddable":true,"href":"https:\/\/www.editionhotels.com\/es\/wp-json\/wp\/v2\/comments?post=873682"}],"version-history":[{"count":0,"href":"https:\/\/www.editionhotels.com\/es\/wp-json\/wp\/v2\/pages\/873682\/revisions"}],"up":[{"embeddable":true,"href":"https:\/\/www.editionhotels.com\/es\/wp-json\/wp\/v2\/pages\/842741"}],"wp:attachment":[{"href":"https:\/\/www.editionhotels.com\/es\/wp-json\/wp\/v2\/media?parent=873682"}],"curies":[{"name":"wp","href":"https:\/\/api.w.org\/{rel}","templated":true}]}}