{"id":873684,"date":"2024-06-04T21:16:55","date_gmt":"2024-06-04T21:16:55","guid":{"rendered":"https:\/\/www.editionhotels.com\/riviera-maya\/getting-here-7\/desde-el-aeropuerto-internacional-de-cancun\/"},"modified":"2024-06-04T21:20:47","modified_gmt":"2024-06-04T21:20:47","slug":"from-cancun-international-airport","status":"publish","type":"page","link":"https:\/\/www.editionhotels.com\/es\/riviera-maya\/getting-here-7\/from-cancun-international-airport\/","title":{"rendered":"Desde el Aeropuerto Internacional de Canc\u00fan"},"content":{"rendered":"<h2>DESDE EL AEROPUERTO INTERNACIONAL DE CANC\u00daN<\/h2>\n<p><em>Autom\u00f3vil privado:<\/em><\/p>\n<p>Si desea trasladarse con un toque de sofisticaci\u00f3n, tenemos disponible un servicio de autom\u00f3vil privado desde y hacia el aeropuerto internacional de Canc\u00fan (46 kil\u00f3metros), con una duraci\u00f3n aproximada de 40 minutos dependiendo del tr\u00e1fico. El traslado se puede organizar enviando un correo electr\u00f3nico al <a href=\"mailto:concierge.rivieramaya@editionhotels.com\">concierge.rivieramaya@editionhotels.com<\/a>.<\/p>\n<p><em>Instrucciones de llegada en autom\u00f3vil:<\/em><\/p>\n<p>El recorrido tomar\u00e1 aproximadamente 40 minutos, dependiendo del tr\u00e1fico, desde el Aeropuerto Internacional de Canc\u00fan hasta el desarrollo inmobiliario Kanai por la ruta M\u00e9xico 307 hacia Chetumal. El desarrollo inmobiliario Kanai es una comunidad cerrada. Los guardias otorgar\u00e1n acceso para llegar a The Riviera Maya EDITION. Para quienes deseen alquilar un autom\u00f3vil, recomendamos contactar a <a href=\"mailto:concierge.rivieramaya@editionhotels.com\">concierge.rivieramaya@editionhotels.com<\/a> para obtener nuestra lista preferencial de alquileres de autom\u00f3viles.<\/p>\n<div id=\"simple-translate\" class=\"simple-translate-dark-theme\">\n<div>\n<div class=\"simple-translate-button isShow\" style=\"background-image: url('moz-extension:\/\/d06749b4-4ddc-4932-8776-831ca8dcf4a7\/icons\/512.png'); height: 22px; width: 22px; top: 302px; left: 273px;\"><\/div>\n<div class=\"simple-translate-panel \" style=\"width: 300px; height: 200px; top: 0px; left: 0px; font-size: 13px;\">\n<div class=\"simple-translate-result-wrapper\" style=\"overflow: hidden;\">\n<div class=\"simple-translate-move\" draggable=\"true\"><\/div>\n<div class=\"simple-translate-result-contents\">\n<p class=\"simple-translate-result\" dir=\"auto\">\n<p class=\"simple-translate-candidate\" dir=\"auto\">\n<\/div>\n<\/div>\n<\/div>\n<\/div>\n<\/div>\n","protected":false},"excerpt":{"rendered":"<p>DESDE EL AEROPUERTO INTERNACIONAL DE CANC\u00daN Autom\u00f3vil privado: Si desea trasladarse con un toque de sofisticaci\u00f3n, tenemos disponible un servicio de autom\u00f3vil privado desde y hacia el aeropuerto internacional de [&hellip;]<\/p>\n","protected":false},"author":33,"featured_media":0,"parent":868113,"menu_order":0,"comment_status":"closed","ping_status":"closed","template":"","meta":{"_acf_changed":false,"footnotes":""},"class_list":["post-873684","page","type-page","status-publish","hentry"],"acf":[],"yoast_head":"<!-- This site is optimized with the Yoast SEO plugin v27.0 - https:\/\/yoast.com\/product\/yoast-seo-wordpress\/ -->\n<title>Desde el Aeropuerto Internacional de Canc\u00fan | EDITION Hotels<\/title>\n<meta name=\"robots\" content=\"index, follow, max-snippet:-1, max-image-preview:large, max-video-preview:-1\" \/>\n<link rel=\"canonical\" href=\"https:\/\/www.editionhotels.com\/es\/riviera-maya\/getting-here-7\/from-cancun-international-airport\/\" \/>\n<meta property=\"og:locale\" content=\"es_ES\" \/>\n<meta property=\"og:type\" content=\"article\" \/>\n<meta property=\"og:title\" content=\"Desde el Aeropuerto Internacional de Canc\u00fan | EDITION Hotels\" \/>\n<meta property=\"og:description\" content=\"DESDE EL AEROPUERTO INTERNACIONAL DE CANC\u00daN Autom\u00f3vil privado: Si desea trasladarse con un toque de sofisticaci\u00f3n, tenemos disponible un servicio de autom\u00f3vil privado desde y hacia el aeropuerto internacional de [&hellip;]\" \/>\n<meta property=\"og:url\" content=\"https:\/\/www.editionhotels.com\/es\/riviera-maya\/getting-here-7\/from-cancun-international-airport\/\" \/>\n<meta property=\"og:site_name\" content=\"EDITION Hotels\" \/>\n<meta property=\"article:publisher\" content=\"https:\/\/www.facebook.com\/EDITIONHotels\" \/>\n<meta property=\"article:modified_time\" content=\"2024-06-04T21:20:47+00:00\" \/>\n<meta name=\"twitter:card\" content=\"summary_large_image\" \/>\n<meta name=\"twitter:label1\" content=\"Est. reading time\" \/>\n\t<meta name=\"twitter:data1\" content=\"1 minute\" \/>\n<script type=\"application\/ld+json\" class=\"yoast-schema-graph\">{\"@context\":\"https:\/\/schema.org\",\"@graph\":[{\"@type\":\"WebPage\",\"@id\":\"https:\/\/www.editionhotels.com\/es\/riviera-maya\/getting-here-7\/from-cancun-international-airport\/\",\"url\":\"https:\/\/www.editionhotels.com\/es\/riviera-maya\/getting-here-7\/from-cancun-international-airport\/\",\"name\":\"Desde el Aeropuerto Internacional de Canc\u00fan | EDITION Hotels\",\"isPartOf\":{\"@id\":\"https:\/\/www.editionhotels.com\/#website\"},\"datePublished\":\"2024-06-04T21:16:55+00:00\",\"dateModified\":\"2024-06-04T21:20:47+00:00\",\"breadcrumb\":{\"@id\":\"https:\/\/www.editionhotels.com\/es\/riviera-maya\/getting-here-7\/from-cancun-international-airport\/#breadcrumb\"},\"inLanguage\":\"es-ee\",\"potentialAction\":[{\"@type\":\"ReadAction\",\"target\":[\"https:\/\/www.editionhotels.com\/es\/riviera-maya\/getting-here-7\/from-cancun-international-airport\/\"]}]},{\"@type\":\"BreadcrumbList\",\"@id\":\"https:\/\/www.editionhotels.com\/es\/riviera-maya\/getting-here-7\/from-cancun-international-airport\/#breadcrumb\",\"itemListElement\":[{\"@type\":\"ListItem\",\"position\":1,\"name\":\"Home\",\"item\":\"https:\/\/www.editionhotels.com\/\"},{\"@type\":\"ListItem\",\"position\":2,\"name\":\"Riviera Maya\",\"item\":\"https:\/\/www.editionhotels.com\/es\/riviera-maya\/\"},{\"@type\":\"ListItem\",\"position\":3,\"name\":\"C\u00f3mo llegar al hotel\",\"item\":\"https:\/\/www.editionhotels.com\/es\/riviera-maya\/getting-here\/\"},{\"@type\":\"ListItem\",\"position\":4,\"name\":\"Desde el Aeropuerto Internacional de Canc\u00fan\"}]},{\"@type\":\"WebSite\",\"@id\":\"https:\/\/www.editionhotels.com\/#website\",\"url\":\"https:\/\/www.editionhotels.com\/\",\"name\":\"EDITION Hotels\",\"description\":\"A Unique Collection of Luxury Boutique Hotels\",\"publisher\":{\"@id\":\"https:\/\/www.editionhotels.com\/#organization\"},\"potentialAction\":[{\"@type\":\"SearchAction\",\"target\":{\"@type\":\"EntryPoint\",\"urlTemplate\":\"https:\/\/www.editionhotels.com\/?s={search_term_string}\"},\"query-input\":{\"@type\":\"PropertyValueSpecification\",\"valueRequired\":true,\"valueName\":\"search_term_string\"}}],\"inLanguage\":\"es-ee\"},{\"@type\":\"Organization\",\"@id\":\"https:\/\/www.editionhotels.com\/#organization\",\"name\":\"EDITION Hotels\",\"url\":\"https:\/\/www.editionhotels.com\/\",\"logo\":{\"@type\":\"ImageObject\",\"inLanguage\":\"es-ee\",\"@id\":\"https:\/\/www.editionhotels.com\/#\/schema\/logo\/image\/\",\"url\":\"https:\/\/www.editionhotels.com\/wp-content\/uploads\/2016\/09\/edition-text-logo-black.png\",\"contentUrl\":\"https:\/\/www.editionhotels.com\/wp-content\/uploads\/2016\/09\/edition-text-logo-black.png\",\"width\":1000,\"height\":185,\"caption\":\"EDITION Hotels\"},\"image\":{\"@id\":\"https:\/\/www.editionhotels.com\/#\/schema\/logo\/image\/\"},\"sameAs\":[\"https:\/\/www.facebook.com\/EDITIONHotels\"],\"description\":\"An unexpected and refreshing collection of individualized, customized, one-of-kind hotels that redefines the codes of traditional luxury.\",\"parentOrganization\":{\"@type\":\"Organization\",\"name\":\"Marriott International\",\"url\":\"https:\/\/www.marriott.com\/default.mi\"}}]}<\/script>\n<!-- \/ Yoast SEO plugin. -->","yoast_head_json":{"title":"Desde el Aeropuerto Internacional de Canc\u00fan | EDITION Hotels","robots":{"index":"index","follow":"follow","max-snippet":"max-snippet:-1","max-image-preview":"max-image-preview:large","max-video-preview":"max-video-preview:-1"},"canonical":"https:\/\/www.editionhotels.com\/es\/riviera-maya\/getting-here-7\/from-cancun-international-airport\/","og_locale":"es_ES","og_type":"article","og_title":"Desde el Aeropuerto Internacional de Canc\u00fan | EDITION Hotels","og_description":"DESDE EL AEROPUERTO INTERNACIONAL DE CANC\u00daN Autom\u00f3vil privado: Si desea trasladarse con un toque de sofisticaci\u00f3n, tenemos disponible un servicio de autom\u00f3vil privado desde y hacia el aeropuerto internacional de [&hellip;]","og_url":"https:\/\/www.editionhotels.com\/es\/riviera-maya\/getting-here-7\/from-cancun-international-airport\/","og_site_name":"EDITION Hotels","article_publisher":"https:\/\/www.facebook.com\/EDITIONHotels","article_modified_time":"2024-06-04T21:20:47+00:00","twitter_card":"summary_large_image","twitter_misc":{"Est. reading time":"1 minute"},"schema":{"@context":"https:\/\/schema.org","@graph":[{"@type":"WebPage","@id":"https:\/\/www.editionhotels.com\/es\/riviera-maya\/getting-here-7\/from-cancun-international-airport\/","url":"https:\/\/www.editionhotels.com\/es\/riviera-maya\/getting-here-7\/from-cancun-international-airport\/","name":"Desde el Aeropuerto Internacional de Canc\u00fan | EDITION Hotels","isPartOf":{"@id":"https:\/\/www.editionhotels.com\/#website"},"datePublished":"2024-06-04T21:16:55+00:00","dateModified":"2024-06-04T21:20:47+00:00","breadcrumb":{"@id":"https:\/\/www.editionhotels.com\/es\/riviera-maya\/getting-here-7\/from-cancun-international-airport\/#breadcrumb"},"inLanguage":"es-ee","potentialAction":[{"@type":"ReadAction","target":["https:\/\/www.editionhotels.com\/es\/riviera-maya\/getting-here-7\/from-cancun-international-airport\/"]}]},{"@type":"BreadcrumbList","@id":"https:\/\/www.editionhotels.com\/es\/riviera-maya\/getting-here-7\/from-cancun-international-airport\/#breadcrumb","itemListElement":[{"@type":"ListItem","position":1,"name":"Home","item":"https:\/\/www.editionhotels.com\/"},{"@type":"ListItem","position":2,"name":"Riviera Maya","item":"https:\/\/www.editionhotels.com\/es\/riviera-maya\/"},{"@type":"ListItem","position":3,"name":"C\u00f3mo llegar al hotel","item":"https:\/\/www.editionhotels.com\/es\/riviera-maya\/getting-here\/"},{"@type":"ListItem","position":4,"name":"Desde el Aeropuerto Internacional de Canc\u00fan"}]},{"@type":"WebSite","@id":"https:\/\/www.editionhotels.com\/#website","url":"https:\/\/www.editionhotels.com\/","name":"EDITION Hotels","description":"A Unique Collection of Luxury Boutique Hotels","publisher":{"@id":"https:\/\/www.editionhotels.com\/#organization"},"potentialAction":[{"@type":"SearchAction","target":{"@type":"EntryPoint","urlTemplate":"https:\/\/www.editionhotels.com\/?s={search_term_string}"},"query-input":{"@type":"PropertyValueSpecification","valueRequired":true,"valueName":"search_term_string"}}],"inLanguage":"es-ee"},{"@type":"Organization","@id":"https:\/\/www.editionhotels.com\/#organization","name":"EDITION Hotels","url":"https:\/\/www.editionhotels.com\/","logo":{"@type":"ImageObject","inLanguage":"es-ee","@id":"https:\/\/www.editionhotels.com\/#\/schema\/logo\/image\/","url":"https:\/\/www.editionhotels.com\/wp-content\/uploads\/2016\/09\/edition-text-logo-black.png","contentUrl":"https:\/\/www.editionhotels.com\/wp-content\/uploads\/2016\/09\/edition-text-logo-black.png","width":1000,"height":185,"caption":"EDITION Hotels"},"image":{"@id":"https:\/\/www.editionhotels.com\/#\/schema\/logo\/image\/"},"sameAs":["https:\/\/www.facebook.com\/EDITIONHotels"],"description":"An unexpected and refreshing collection of individualized, customized, one-of-kind hotels that redefines the codes of traditional luxury.","parentOrganization":{"@type":"Organization","name":"Marriott International","url":"https:\/\/www.marriott.com\/default.mi"}}]}},"_links":{"self":[{"href":"https:\/\/www.editionhotels.com\/es\/wp-json\/wp\/v2\/pages\/873684","targetHints":{"allow":["GET"]}}],"collection":[{"href":"https:\/\/www.editionhotels.com\/es\/wp-json\/wp\/v2\/pages"}],"about":[{"href":"https:\/\/www.editionhotels.com\/es\/wp-json\/wp\/v2\/types\/page"}],"author":[{"embeddable":true,"href":"https:\/\/www.editionhotels.com\/es\/wp-json\/wp\/v2\/users\/33"}],"replies":[{"embeddable":true,"href":"https:\/\/www.editionhotels.com\/es\/wp-json\/wp\/v2\/comments?post=873684"}],"version-history":[{"count":0,"href":"https:\/\/www.editionhotels.com\/es\/wp-json\/wp\/v2\/pages\/873684\/revisions"}],"up":[{"embeddable":true,"href":"https:\/\/www.editionhotels.com\/es\/wp-json\/wp\/v2\/pages\/868113"}],"wp:attachment":[{"href":"https:\/\/www.editionhotels.com\/es\/wp-json\/wp\/v2\/media?parent=873684"}],"curies":[{"name":"wp","href":"https:\/\/api.w.org\/{rel}","templated":true}]}}