{"id":873686,"date":"2024-06-04T21:17:10","date_gmt":"2024-06-04T21:17:10","guid":{"rendered":"https:\/\/www.editionhotels.com\/desde-el-aeropuerto-internacional-king-abdulaziz-jeddah\/"},"modified":"2024-09-19T17:36:30","modified_gmt":"2024-09-19T17:36:30","slug":"from-king-abdulaziz-jeddah-international-airport","status":"publish","type":"page","link":"https:\/\/www.editionhotels.com\/es\/jeddah\/getting-here-2\/from-king-abdulaziz-jeddah-international-airport\/","title":{"rendered":"Desde el aeropuerto internacional King Abdulaziz (Jeddah)"},"content":{"rendered":"<h2>TRASLADO PRIVADO<\/h2>\n<p>Si desea trasladarse con un toque sofisticado, tenemos disponible un servicio de autom\u00f3vil privado desde y hacia el aeropuerto internacional Rey Abdulaziz (Jeddah). El trayecto es de aproximadamente 25 minutos, sujeto a las condiciones del tr\u00e1fico. Si desea que le organicen un servicio de traslado privado, comun\u00edquese con el concierge del hotel en <a href=\"mailto:info.jed@editionhotels.com\">info.jed@editionhotels.com<\/a> antes de su llegada o salida.<\/p>\n<h2>TAXI<\/h2>\n<p>Hay taxis y servicios de traslado privado disponibles en el aeropuerto. El trayecto desde el aeropuerto hasta el hotel durar\u00e1 aproximadamente 25 minutos dependiendo del estado del tr\u00e1fico.<\/p>\n<h2>Por mar<\/h2>\n<p>Nuestro hotel est\u00e1 ubicado en el encantador entorno del Jeddah Yacht Club and Marina, ofreciendo una experiencia \u00fanica e inolvidable para nuestros hu\u00e9spedes. Accesible en barco o yate, nuestra ubicaci\u00f3n garantiza una transici\u00f3n perfecta desde las azuladas aguas hasta el confort de nuestro alojamiento. Ya sea que llegue en su propio barco o alquile uno para la ocasi\u00f3n, encontrar\u00e1 que nuestro hotel est\u00e1 preparado para ofrecerle un retiro tranquilo en medio del cautivador entorno de la marina. Prep\u00e1rese para embarcarse en una experiencia de relajaci\u00f3n y placer, donde el suave vaiv\u00e9n de las olas le dar\u00e1 la bienvenida a su santuario en la costa.<\/p>\n<h2>Instrucciones de llegada en autom\u00f3vil:<\/h2>\n<p>Comience dirigi\u00e9ndose hacia el oeste por Prince Majid Rd durante 3,4 km. Despu\u00e9s, tome la salida hacia Al Nouzhah y contin\u00fae conduciendo durante 3,5 km. Tome la salida hacia Al-Madinah Al-Munawarah Rd y recorra 4,5 km. A continuaci\u00f3n, tome la salida hacia Alsala Almalakiya Bridge\/Assalam St, recorriendo una distancia de 450 m. Contin\u00fae por el puente Alsala Almalakiya\/Assalam St y luego siga por Assalam St durante otros 2,1 km. En Maydan Alkurat al&#8217;Ardia, tome la segunda salida para permanecer en Assalam St durante 850 m m\u00e1s. Gire a la izquierda en Al Kurnaysh Br Rd y contin\u00fae durante 600 m. Luego, gire ligeramente a la izquierda hacia Prince Faisal bin Fahd Street y contin\u00fae durante 350 metros, seguido de un giro a la derecha en Suleiman Al Salami. <\/p>\n<h2>Informaci\u00f3n sobre el estacionamiento en el hotel<\/h2>\n<p>Los hu\u00e9spedes tienen la opci\u00f3n de estacionamiento de autoservicio o de utilizar el servicio de personal para estacionar del hotel. <\/p>\n","protected":false},"excerpt":{"rendered":"<p>TRASLADO PRIVADO Si desea trasladarse con un toque sofisticado, tenemos disponible un servicio de autom\u00f3vil privado desde y hacia el aeropuerto internacional Rey Abdulaziz (Jeddah). El trayecto es de aproximadamente [&hellip;]<\/p>\n","protected":false},"author":33,"featured_media":0,"parent":877638,"menu_order":0,"comment_status":"closed","ping_status":"closed","template":"","meta":{"_acf_changed":false,"footnotes":""},"class_list":["post-873686","page","type-page","status-publish","hentry"],"acf":[],"yoast_head":"<!-- This site is optimized with the Yoast SEO plugin v27.0 - https:\/\/yoast.com\/product\/yoast-seo-wordpress\/ -->\n<title>Desde el aeropuerto internacional King Abdulaziz (Jeddah) | EDITION Hotels<\/title>\n<meta name=\"robots\" content=\"index, follow, max-snippet:-1, max-image-preview:large, max-video-preview:-1\" \/>\n<link rel=\"canonical\" href=\"https:\/\/www.editionhotels.com\/es\/jeddah\/getting-here-2\/from-king-abdulaziz-jeddah-international-airport\/\" \/>\n<meta property=\"og:locale\" content=\"es_ES\" \/>\n<meta property=\"og:type\" content=\"article\" \/>\n<meta property=\"og:title\" content=\"Desde el aeropuerto internacional King Abdulaziz (Jeddah) | EDITION Hotels\" \/>\n<meta property=\"og:description\" content=\"TRASLADO PRIVADO Si desea trasladarse con un toque sofisticado, tenemos disponible un servicio de autom\u00f3vil privado desde y hacia el aeropuerto internacional Rey Abdulaziz (Jeddah). El trayecto es de aproximadamente [&hellip;]\" \/>\n<meta property=\"og:url\" content=\"https:\/\/www.editionhotels.com\/es\/jeddah\/getting-here-2\/from-king-abdulaziz-jeddah-international-airport\/\" \/>\n<meta property=\"og:site_name\" content=\"EDITION Hotels\" \/>\n<meta property=\"article:publisher\" content=\"https:\/\/www.facebook.com\/EDITIONHotels\" \/>\n<meta property=\"article:modified_time\" content=\"2024-09-19T17:36:30+00:00\" \/>\n<meta name=\"twitter:card\" content=\"summary_large_image\" \/>\n<meta name=\"twitter:label1\" content=\"Est. reading time\" \/>\n\t<meta name=\"twitter:data1\" content=\"2 minutes\" \/>\n<script type=\"application\/ld+json\" class=\"yoast-schema-graph\">{\"@context\":\"https:\/\/schema.org\",\"@graph\":[{\"@type\":\"WebPage\",\"@id\":\"https:\/\/www.editionhotels.com\/es\/jeddah\/getting-here-2\/from-king-abdulaziz-jeddah-international-airport\/\",\"url\":\"https:\/\/www.editionhotels.com\/es\/jeddah\/getting-here-2\/from-king-abdulaziz-jeddah-international-airport\/\",\"name\":\"Desde el aeropuerto internacional King Abdulaziz (Jeddah) | EDITION Hotels\",\"isPartOf\":{\"@id\":\"https:\/\/www.editionhotels.com\/#website\"},\"datePublished\":\"2024-06-04T21:17:10+00:00\",\"dateModified\":\"2024-09-19T17:36:30+00:00\",\"breadcrumb\":{\"@id\":\"https:\/\/www.editionhotels.com\/es\/jeddah\/getting-here-2\/from-king-abdulaziz-jeddah-international-airport\/#breadcrumb\"},\"inLanguage\":\"es-ee\",\"potentialAction\":[{\"@type\":\"ReadAction\",\"target\":[\"https:\/\/www.editionhotels.com\/es\/jeddah\/getting-here-2\/from-king-abdulaziz-jeddah-international-airport\/\"]}]},{\"@type\":\"BreadcrumbList\",\"@id\":\"https:\/\/www.editionhotels.com\/es\/jeddah\/getting-here-2\/from-king-abdulaziz-jeddah-international-airport\/#breadcrumb\",\"itemListElement\":[{\"@type\":\"ListItem\",\"position\":1,\"name\":\"Home\",\"item\":\"https:\/\/www.editionhotels.com\/\"},{\"@type\":\"ListItem\",\"position\":2,\"name\":\"Jeddah\",\"item\":\"https:\/\/www.editionhotels.com\/es\/jeddah\/\"},{\"@type\":\"ListItem\",\"position\":3,\"name\":\"C\u00f3mo llegar al hotel\",\"item\":\"https:\/\/www.editionhotels.com\/es\/jeddah\/getting-here-2\/\"},{\"@type\":\"ListItem\",\"position\":4,\"name\":\"Desde el aeropuerto internacional King Abdulaziz (Jeddah)\"}]},{\"@type\":\"WebSite\",\"@id\":\"https:\/\/www.editionhotels.com\/#website\",\"url\":\"https:\/\/www.editionhotels.com\/\",\"name\":\"EDITION Hotels\",\"description\":\"A Unique Collection of Luxury Boutique Hotels\",\"publisher\":{\"@id\":\"https:\/\/www.editionhotels.com\/#organization\"},\"potentialAction\":[{\"@type\":\"SearchAction\",\"target\":{\"@type\":\"EntryPoint\",\"urlTemplate\":\"https:\/\/www.editionhotels.com\/?s={search_term_string}\"},\"query-input\":{\"@type\":\"PropertyValueSpecification\",\"valueRequired\":true,\"valueName\":\"search_term_string\"}}],\"inLanguage\":\"es-ee\"},{\"@type\":\"Organization\",\"@id\":\"https:\/\/www.editionhotels.com\/#organization\",\"name\":\"EDITION Hotels\",\"url\":\"https:\/\/www.editionhotels.com\/\",\"logo\":{\"@type\":\"ImageObject\",\"inLanguage\":\"es-ee\",\"@id\":\"https:\/\/www.editionhotels.com\/#\/schema\/logo\/image\/\",\"url\":\"https:\/\/www.editionhotels.com\/wp-content\/uploads\/2016\/09\/edition-text-logo-black.png\",\"contentUrl\":\"https:\/\/www.editionhotels.com\/wp-content\/uploads\/2016\/09\/edition-text-logo-black.png\",\"width\":1000,\"height\":185,\"caption\":\"EDITION Hotels\"},\"image\":{\"@id\":\"https:\/\/www.editionhotels.com\/#\/schema\/logo\/image\/\"},\"sameAs\":[\"https:\/\/www.facebook.com\/EDITIONHotels\"],\"description\":\"An unexpected and refreshing collection of individualized, customized, one-of-kind hotels that redefines the codes of traditional luxury.\",\"parentOrganization\":{\"@type\":\"Organization\",\"name\":\"Marriott International\",\"url\":\"https:\/\/www.marriott.com\/default.mi\"}}]}<\/script>\n<!-- \/ Yoast SEO plugin. -->","yoast_head_json":{"title":"Desde el aeropuerto internacional King Abdulaziz (Jeddah) | EDITION Hotels","robots":{"index":"index","follow":"follow","max-snippet":"max-snippet:-1","max-image-preview":"max-image-preview:large","max-video-preview":"max-video-preview:-1"},"canonical":"https:\/\/www.editionhotels.com\/es\/jeddah\/getting-here-2\/from-king-abdulaziz-jeddah-international-airport\/","og_locale":"es_ES","og_type":"article","og_title":"Desde el aeropuerto internacional King Abdulaziz (Jeddah) | EDITION Hotels","og_description":"TRASLADO PRIVADO Si desea trasladarse con un toque sofisticado, tenemos disponible un servicio de autom\u00f3vil privado desde y hacia el aeropuerto internacional Rey Abdulaziz (Jeddah). El trayecto es de aproximadamente [&hellip;]","og_url":"https:\/\/www.editionhotels.com\/es\/jeddah\/getting-here-2\/from-king-abdulaziz-jeddah-international-airport\/","og_site_name":"EDITION Hotels","article_publisher":"https:\/\/www.facebook.com\/EDITIONHotels","article_modified_time":"2024-09-19T17:36:30+00:00","twitter_card":"summary_large_image","twitter_misc":{"Est. reading time":"2 minutes"},"schema":{"@context":"https:\/\/schema.org","@graph":[{"@type":"WebPage","@id":"https:\/\/www.editionhotels.com\/es\/jeddah\/getting-here-2\/from-king-abdulaziz-jeddah-international-airport\/","url":"https:\/\/www.editionhotels.com\/es\/jeddah\/getting-here-2\/from-king-abdulaziz-jeddah-international-airport\/","name":"Desde el aeropuerto internacional King Abdulaziz (Jeddah) | EDITION Hotels","isPartOf":{"@id":"https:\/\/www.editionhotels.com\/#website"},"datePublished":"2024-06-04T21:17:10+00:00","dateModified":"2024-09-19T17:36:30+00:00","breadcrumb":{"@id":"https:\/\/www.editionhotels.com\/es\/jeddah\/getting-here-2\/from-king-abdulaziz-jeddah-international-airport\/#breadcrumb"},"inLanguage":"es-ee","potentialAction":[{"@type":"ReadAction","target":["https:\/\/www.editionhotels.com\/es\/jeddah\/getting-here-2\/from-king-abdulaziz-jeddah-international-airport\/"]}]},{"@type":"BreadcrumbList","@id":"https:\/\/www.editionhotels.com\/es\/jeddah\/getting-here-2\/from-king-abdulaziz-jeddah-international-airport\/#breadcrumb","itemListElement":[{"@type":"ListItem","position":1,"name":"Home","item":"https:\/\/www.editionhotels.com\/"},{"@type":"ListItem","position":2,"name":"Jeddah","item":"https:\/\/www.editionhotels.com\/es\/jeddah\/"},{"@type":"ListItem","position":3,"name":"C\u00f3mo llegar al hotel","item":"https:\/\/www.editionhotels.com\/es\/jeddah\/getting-here-2\/"},{"@type":"ListItem","position":4,"name":"Desde el aeropuerto internacional King Abdulaziz (Jeddah)"}]},{"@type":"WebSite","@id":"https:\/\/www.editionhotels.com\/#website","url":"https:\/\/www.editionhotels.com\/","name":"EDITION Hotels","description":"A Unique Collection of Luxury Boutique Hotels","publisher":{"@id":"https:\/\/www.editionhotels.com\/#organization"},"potentialAction":[{"@type":"SearchAction","target":{"@type":"EntryPoint","urlTemplate":"https:\/\/www.editionhotels.com\/?s={search_term_string}"},"query-input":{"@type":"PropertyValueSpecification","valueRequired":true,"valueName":"search_term_string"}}],"inLanguage":"es-ee"},{"@type":"Organization","@id":"https:\/\/www.editionhotels.com\/#organization","name":"EDITION Hotels","url":"https:\/\/www.editionhotels.com\/","logo":{"@type":"ImageObject","inLanguage":"es-ee","@id":"https:\/\/www.editionhotels.com\/#\/schema\/logo\/image\/","url":"https:\/\/www.editionhotels.com\/wp-content\/uploads\/2016\/09\/edition-text-logo-black.png","contentUrl":"https:\/\/www.editionhotels.com\/wp-content\/uploads\/2016\/09\/edition-text-logo-black.png","width":1000,"height":185,"caption":"EDITION Hotels"},"image":{"@id":"https:\/\/www.editionhotels.com\/#\/schema\/logo\/image\/"},"sameAs":["https:\/\/www.facebook.com\/EDITIONHotels"],"description":"An unexpected and refreshing collection of individualized, customized, one-of-kind hotels that redefines the codes of traditional luxury.","parentOrganization":{"@type":"Organization","name":"Marriott International","url":"https:\/\/www.marriott.com\/default.mi"}}]}},"_links":{"self":[{"href":"https:\/\/www.editionhotels.com\/es\/wp-json\/wp\/v2\/pages\/873686","targetHints":{"allow":["GET"]}}],"collection":[{"href":"https:\/\/www.editionhotels.com\/es\/wp-json\/wp\/v2\/pages"}],"about":[{"href":"https:\/\/www.editionhotels.com\/es\/wp-json\/wp\/v2\/types\/page"}],"author":[{"embeddable":true,"href":"https:\/\/www.editionhotels.com\/es\/wp-json\/wp\/v2\/users\/33"}],"replies":[{"embeddable":true,"href":"https:\/\/www.editionhotels.com\/es\/wp-json\/wp\/v2\/comments?post=873686"}],"version-history":[{"count":0,"href":"https:\/\/www.editionhotels.com\/es\/wp-json\/wp\/v2\/pages\/873686\/revisions"}],"up":[{"embeddable":true,"href":"https:\/\/www.editionhotels.com\/es\/wp-json\/wp\/v2\/pages\/877638"}],"wp:attachment":[{"href":"https:\/\/www.editionhotels.com\/es\/wp-json\/wp\/v2\/media?parent=873686"}],"curies":[{"name":"wp","href":"https:\/\/api.w.org\/{rel}","templated":true}]}}