{"id":873689,"date":"2024-06-04T21:18:50","date_gmt":"2024-06-04T21:18:50","guid":{"rendered":"https:\/\/www.editionhotels.com\/reykjavik\/servicios-y-comodidades\/"},"modified":"2026-04-28T19:41:16","modified_gmt":"2026-04-28T19:41:16","slug":"services-amenities","status":"publish","type":"page","link":"https:\/\/www.editionhotels.com\/es\/reykjavik\/services-amenities","title":{"rendered":"Servicios y comodidades"},"content":{"rendered":"<div class=\"info-section\">\n<div class=\"contact\">\n<h3 class=\"navigation-text\">Para m\u00e1s informaci\u00f3n<\/h3>\n<div class=\"info-detail\">\n<p>Tel\u00e9fono +354 582 0000 &#8211; Correo electr\u00f3nico: <a href=\"mailto:guestrelations.rek@editionhotels.com\">guestrelations.rek@editionhotels.com<\/a><\/p>\n<\/div>\n<\/div>\n<div class=\"share-link link\">Compartir<\/div>\n<\/div>\n<div class=\"services\">\n<div class=\"service-list\">\n<dl>\n<dt>Servicios para hu\u00e9spedes<\/dt>\n<dd>\n<ul>\n<li class=\"li1\">226 habitaciones y 27 suites sofisticadas<\/li>\n<li class=\"li1\">Penthouse \u00fanico de 128 metros cuadrados con vista panor\u00e1mica y al puerto<\/li>\n<li class=\"li1\">Restaurante exclusivo Tides, recomendado por la gu\u00eda Michelin<\/li>\n<li class=\"li1\">Men\u00fas personalizados de banquetes para eventos privados, almuerzos, fiestas con cenas y reuniones de negocios<\/li>\n<li class=\"li1\"><a href=\"https:\/\/www.editionhotels.com\/wp-content\/uploads\/2026\/04\/EDITION_RVK_ROOM_SERVICE_APRIL_24_2026.pdf\" target=\"_blank\" rel=\"noopener\">Servicio a la habitaci\u00f3n<\/a> disponible de 7:00 a 24:00 h.<\/li>\n<li class=\"li1\">Servicio de limpieza de habitaci\u00f3n dos veces al d\u00eda<\/li>\n<li class=\"li1\">Servicio de concierge<\/li>\n<li class=\"li1\">Acceso inal\u00e1mbrico a Internet de alta velocidad gratis en todo el hotel<\/li>\n<li class=\"li1\">Uso gratis del gimnasio abierto las 24 horas<\/li>\n<li class=\"li1\">Servicios de spa de uso exclusivo para los hu\u00e9spedes del hotel<\/li>\n<li class=\"li1\">Sala de juntas ejecutivas, estudios para reuniones y espacio para eventos privados<\/li>\n<li class=\"li1\">Servicios audiovisuales de vanguardia disponibles para eventos privados<\/li>\n<li class=\"li1\">Personal multiling\u00fce<\/li>\n<li class=\"li1\">Cajas de seguridad, ubicadas en recepci\u00f3n<\/li>\n<li class=\"li1\">Disponemos de Press Reader con selecci\u00f3n de peri\u00f3dicos de todo el mundo<\/li>\n<li class=\"li1\">Personal para estacionar<\/li>\n<\/ul>\n<\/dd>\n<\/dl>\n<\/div>\n<div class=\"service-list\">\n<dl>\n<dt>Servicios ejecutivos<\/dt>\n<dd>\n<ul>\n<li class=\"li1\">Espacios para eventos con sala de juntas ejecutiva, estudio con salas de reuniones, sal\u00f3n y teatro con sal\u00f3n<\/li>\n<li class=\"li1\">Pizarras digitales y rotafolios electr\u00f3nicos disponibles<\/li>\n<li class=\"li1\">iPads, computadoras port\u00e1tiles, Polycom y pantallas LED disponibles<\/li>\n<li class=\"li1\">Video conferencias<\/li>\n<li class=\"li1\">Servicios de autom\u00f3vil ejecutivo disponibles<\/li>\n<li class=\"li1\">Asistente personal disponible<\/li>\n<li class=\"li1\">Personal de secretar\u00eda multiling\u00fce disponible las 24 horas<\/li>\n<li class=\"li1\">Equipo audiovisual de vanguardia<\/li>\n<\/ul>\n<\/dd>\n<\/dl>\n<\/div>\n<div class=\"service-list\">\n<dl>\n<dt>Gimnasio<\/dt>\n<dd>\n<ul>\n<li class=\"li1\">Gimnasio con equipos de vanguardia de Matrix<\/li>\n<li class=\"li1\">Abierto las 24 horas del d\u00eda<\/li>\n<li class=\"li1\">Toallas gratis<\/li>\n<li class=\"li1\">Auriculares y refrescos<\/li>\n<\/ul>\n<\/dd>\n<\/dl>\n<\/div>\n<div class=\"service-list\">\n<dl>\n<dt>Spa<\/dt>\n<dd>\n<ul>\n<li class=\"li1\">Spa de bienestar con \u00e1reas h\u00famedas n\u00f3rdicas, sauna, sala de vapor y bar de relajaci\u00f3n<\/li>\n<li class=\"li1\">Vestidores exclusivos con sauna<\/li>\n<li class=\"li1\">Zona de relajaci\u00f3n con bar completo y boutique<\/li>\n<\/ul>\n<\/dd>\n<\/dl>\n<\/div>\n<div class=\"service-list\">\n<dl>\n<dt>INSTALACIONES PARA PERSONAS CON NECESIDADES ESPECIALES<\/dt>\n<dd>\n<ul>\n<li>Instalaciones para personas con necesidades especiales de movilidad disponibles en algunos tipos de habitaci\u00f3n<\/li>\n<\/ul>\n<\/dd>\n<\/dl>\n<\/div>\n<\/div>\n","protected":false},"excerpt":{"rendered":"<p>Para m\u00e1s informaci\u00f3n Tel\u00e9fono +354 582 0000 &#8211; Correo electr\u00f3nico: guestrelations.rek@editionhotels.com Compartir Servicios para hu\u00e9spedes 226 habitaciones y 27 suites sofisticadas Penthouse \u00fanico de 128 metros cuadrados con vista panor\u00e1mica [&hellip;]<\/p>\n","protected":false},"author":21,"featured_media":0,"parent":22019,"menu_order":567,"comment_status":"closed","ping_status":"closed","template":"templates\/page-services.php","meta":{"_acf_changed":false,"footnotes":""},"class_list":["post-873689","page","type-page","status-publish","hentry"],"acf":[],"yoast_head":"<!-- This site is optimized with the Yoast SEO plugin v27.0 - https:\/\/yoast.com\/product\/yoast-seo-wordpress\/ -->\n<title>Servicios y comodidades | The Reykjavik EDITION<\/title>\n<meta name=\"robots\" content=\"index, follow, max-snippet:-1, max-image-preview:large, max-video-preview:-1\" \/>\n<link rel=\"canonical\" href=\"https:\/\/www.editionhotels.com\/es\/reykjavik\/services-amenities\/\" \/>\n<meta property=\"og:locale\" content=\"es_ES\" \/>\n<meta property=\"og:type\" content=\"article\" \/>\n<meta property=\"og:title\" content=\"Servicios y comodidades | The Reykjavik EDITION\" \/>\n<meta property=\"og:description\" content=\"Para m\u00e1s informaci\u00f3n Tel\u00e9fono +354 582 0000 &#8211; Correo electr\u00f3nico: guestrelations.rek@editionhotels.com Compartir Servicios para hu\u00e9spedes 226 habitaciones y 27 suites sofisticadas Penthouse \u00fanico de 128 metros cuadrados con vista panor\u00e1mica [&hellip;]\" \/>\n<meta property=\"og:url\" content=\"https:\/\/www.editionhotels.com\/es\/reykjavik\/services-amenities\/\" \/>\n<meta property=\"og:site_name\" content=\"EDITION Hotels\" \/>\n<meta property=\"article:publisher\" content=\"https:\/\/www.facebook.com\/EDITIONHotels\" \/>\n<meta property=\"article:modified_time\" content=\"2026-04-28T19:41:16+00:00\" \/>\n<meta name=\"twitter:card\" content=\"summary_large_image\" \/>\n<meta name=\"twitter:label1\" content=\"Est. reading time\" \/>\n\t<meta name=\"twitter:data1\" content=\"2 minutes\" \/>\n<script type=\"application\/ld+json\" class=\"yoast-schema-graph\">{\"@context\":\"https:\/\/schema.org\",\"@graph\":[{\"@type\":\"WebPage\",\"@id\":\"https:\/\/www.editionhotels.com\/es\/reykjavik\/services-amenities\/\",\"url\":\"https:\/\/www.editionhotels.com\/es\/reykjavik\/services-amenities\/\",\"name\":\"Servicios y comodidades | The Reykjavik EDITION\",\"isPartOf\":{\"@id\":\"https:\/\/www.editionhotels.com\/#website\"},\"datePublished\":\"2024-06-04T21:18:50+00:00\",\"dateModified\":\"2026-04-28T19:41:16+00:00\",\"breadcrumb\":{\"@id\":\"https:\/\/www.editionhotels.com\/es\/reykjavik\/services-amenities\/#breadcrumb\"},\"inLanguage\":\"es-ee\",\"potentialAction\":[{\"@type\":\"ReadAction\",\"target\":[\"https:\/\/www.editionhotels.com\/es\/reykjavik\/services-amenities\/\"]}]},{\"@type\":\"BreadcrumbList\",\"@id\":\"https:\/\/www.editionhotels.com\/es\/reykjavik\/services-amenities\/#breadcrumb\",\"itemListElement\":[{\"@type\":\"ListItem\",\"position\":1,\"name\":\"Home\",\"item\":\"https:\/\/www.editionhotels.com\/\"},{\"@type\":\"ListItem\",\"position\":2,\"name\":\"REIKIAVIK\",\"item\":\"https:\/\/www.editionhotels.com\/es\/reykjavik\/\"},{\"@type\":\"ListItem\",\"position\":3,\"name\":\"Servicios y comodidades\"}]},{\"@type\":\"WebSite\",\"@id\":\"https:\/\/www.editionhotels.com\/#website\",\"url\":\"https:\/\/www.editionhotels.com\/\",\"name\":\"EDITION Hotels\",\"description\":\"A Unique Collection of Luxury Boutique Hotels\",\"publisher\":{\"@id\":\"https:\/\/www.editionhotels.com\/#organization\"},\"potentialAction\":[{\"@type\":\"SearchAction\",\"target\":{\"@type\":\"EntryPoint\",\"urlTemplate\":\"https:\/\/www.editionhotels.com\/?s={search_term_string}\"},\"query-input\":{\"@type\":\"PropertyValueSpecification\",\"valueRequired\":true,\"valueName\":\"search_term_string\"}}],\"inLanguage\":\"es-ee\"},{\"@type\":\"Organization\",\"@id\":\"https:\/\/www.editionhotels.com\/#organization\",\"name\":\"EDITION Hotels\",\"url\":\"https:\/\/www.editionhotels.com\/\",\"logo\":{\"@type\":\"ImageObject\",\"inLanguage\":\"es-ee\",\"@id\":\"https:\/\/www.editionhotels.com\/#\/schema\/logo\/image\/\",\"url\":\"https:\/\/www.editionhotels.com\/wp-content\/uploads\/2016\/09\/edition-text-logo-black.png\",\"contentUrl\":\"https:\/\/www.editionhotels.com\/wp-content\/uploads\/2016\/09\/edition-text-logo-black.png\",\"width\":1000,\"height\":185,\"caption\":\"EDITION Hotels\"},\"image\":{\"@id\":\"https:\/\/www.editionhotels.com\/#\/schema\/logo\/image\/\"},\"sameAs\":[\"https:\/\/www.facebook.com\/EDITIONHotels\"],\"description\":\"An unexpected and refreshing collection of individualized, customized, one-of-kind hotels that redefines the codes of traditional luxury.\",\"parentOrganization\":{\"@type\":\"Organization\",\"name\":\"Marriott International\",\"url\":\"https:\/\/www.marriott.com\/default.mi\"}}]}<\/script>\n<!-- \/ Yoast SEO plugin. -->","yoast_head_json":{"title":"Servicios y comodidades | The Reykjavik EDITION","robots":{"index":"index","follow":"follow","max-snippet":"max-snippet:-1","max-image-preview":"max-image-preview:large","max-video-preview":"max-video-preview:-1"},"canonical":"https:\/\/www.editionhotels.com\/es\/reykjavik\/services-amenities\/","og_locale":"es_ES","og_type":"article","og_title":"Servicios y comodidades | The Reykjavik EDITION","og_description":"Para m\u00e1s informaci\u00f3n Tel\u00e9fono +354 582 0000 &#8211; Correo electr\u00f3nico: guestrelations.rek@editionhotels.com Compartir Servicios para hu\u00e9spedes 226 habitaciones y 27 suites sofisticadas Penthouse \u00fanico de 128 metros cuadrados con vista panor\u00e1mica [&hellip;]","og_url":"https:\/\/www.editionhotels.com\/es\/reykjavik\/services-amenities\/","og_site_name":"EDITION Hotels","article_publisher":"https:\/\/www.facebook.com\/EDITIONHotels","article_modified_time":"2026-04-28T19:41:16+00:00","twitter_card":"summary_large_image","twitter_misc":{"Est. reading time":"2 minutes"},"schema":{"@context":"https:\/\/schema.org","@graph":[{"@type":"WebPage","@id":"https:\/\/www.editionhotels.com\/es\/reykjavik\/services-amenities\/","url":"https:\/\/www.editionhotels.com\/es\/reykjavik\/services-amenities\/","name":"Servicios y comodidades | The Reykjavik EDITION","isPartOf":{"@id":"https:\/\/www.editionhotels.com\/#website"},"datePublished":"2024-06-04T21:18:50+00:00","dateModified":"2026-04-28T19:41:16+00:00","breadcrumb":{"@id":"https:\/\/www.editionhotels.com\/es\/reykjavik\/services-amenities\/#breadcrumb"},"inLanguage":"es-ee","potentialAction":[{"@type":"ReadAction","target":["https:\/\/www.editionhotels.com\/es\/reykjavik\/services-amenities\/"]}]},{"@type":"BreadcrumbList","@id":"https:\/\/www.editionhotels.com\/es\/reykjavik\/services-amenities\/#breadcrumb","itemListElement":[{"@type":"ListItem","position":1,"name":"Home","item":"https:\/\/www.editionhotels.com\/"},{"@type":"ListItem","position":2,"name":"REIKIAVIK","item":"https:\/\/www.editionhotels.com\/es\/reykjavik\/"},{"@type":"ListItem","position":3,"name":"Servicios y comodidades"}]},{"@type":"WebSite","@id":"https:\/\/www.editionhotels.com\/#website","url":"https:\/\/www.editionhotels.com\/","name":"EDITION Hotels","description":"A Unique Collection of Luxury Boutique Hotels","publisher":{"@id":"https:\/\/www.editionhotels.com\/#organization"},"potentialAction":[{"@type":"SearchAction","target":{"@type":"EntryPoint","urlTemplate":"https:\/\/www.editionhotels.com\/?s={search_term_string}"},"query-input":{"@type":"PropertyValueSpecification","valueRequired":true,"valueName":"search_term_string"}}],"inLanguage":"es-ee"},{"@type":"Organization","@id":"https:\/\/www.editionhotels.com\/#organization","name":"EDITION Hotels","url":"https:\/\/www.editionhotels.com\/","logo":{"@type":"ImageObject","inLanguage":"es-ee","@id":"https:\/\/www.editionhotels.com\/#\/schema\/logo\/image\/","url":"https:\/\/www.editionhotels.com\/wp-content\/uploads\/2016\/09\/edition-text-logo-black.png","contentUrl":"https:\/\/www.editionhotels.com\/wp-content\/uploads\/2016\/09\/edition-text-logo-black.png","width":1000,"height":185,"caption":"EDITION Hotels"},"image":{"@id":"https:\/\/www.editionhotels.com\/#\/schema\/logo\/image\/"},"sameAs":["https:\/\/www.facebook.com\/EDITIONHotels"],"description":"An unexpected and refreshing collection of individualized, customized, one-of-kind hotels that redefines the codes of traditional luxury.","parentOrganization":{"@type":"Organization","name":"Marriott International","url":"https:\/\/www.marriott.com\/default.mi"}}]}},"_links":{"self":[{"href":"https:\/\/www.editionhotels.com\/es\/wp-json\/wp\/v2\/pages\/873689","targetHints":{"allow":["GET"]}}],"collection":[{"href":"https:\/\/www.editionhotels.com\/es\/wp-json\/wp\/v2\/pages"}],"about":[{"href":"https:\/\/www.editionhotels.com\/es\/wp-json\/wp\/v2\/types\/page"}],"author":[{"embeddable":true,"href":"https:\/\/www.editionhotels.com\/es\/wp-json\/wp\/v2\/users\/21"}],"replies":[{"embeddable":true,"href":"https:\/\/www.editionhotels.com\/es\/wp-json\/wp\/v2\/comments?post=873689"}],"version-history":[{"count":0,"href":"https:\/\/www.editionhotels.com\/es\/wp-json\/wp\/v2\/pages\/873689\/revisions"}],"up":[{"embeddable":true,"href":"https:\/\/www.editionhotels.com\/es\/wp-json\/wp\/v2\/pages\/22019"}],"wp:attachment":[{"href":"https:\/\/www.editionhotels.com\/es\/wp-json\/wp\/v2\/media?parent=873689"}],"curies":[{"name":"wp","href":"https:\/\/api.w.org\/{rel}","templated":true}]}}