{"id":873690,"date":"2024-06-04T21:18:55","date_gmt":"2024-06-04T21:18:55","guid":{"rendered":"https:\/\/www.editionhotels.com\/rome\/servicios-y-comodidades\/"},"modified":"2024-06-04T21:18:55","modified_gmt":"2024-06-04T21:18:55","slug":"services-amenities-11","status":"publish","type":"page","link":"https:\/\/www.editionhotels.com\/es\/rome\/servicios-comodidades\/","title":{"rendered":"Servicios y comodidades"},"content":{"rendered":"<p>The Rome EDITION crea una experiencia exclusiva y \u00fanica junto con el mejor y m\u00e1s personalizado servicio moderno disponible.<\/p>\n<div class=\"info-section\">\n<div class=\"contact\">\n<h3 class=\"navigation-text\">Para m\u00e1s informaci\u00f3n<\/h3>\n<div class=\"info-detail\">\n<p>Comun\u00edquese con el departamento de experiencia del hu\u00e9sped en <a href=\"mailto:info.rome@editionhotels.com\">info.rome@editionhotels.com<\/a><\/p>\n<\/div>\n<\/div>\n<div class=\"share-link link\">Compartir<\/div>\n<\/div>\n<div class=\"services\">\n<div class=\"service-list\">\n<dl>\n<dt>SERVICIOS PARA HU\u00c9SPEDES<\/dt>\n<dd>\n<ul>\n<li style=\"list-style-type: none;\">\n<ul>\n<li>91 habitaciones sofisticadas, que incluyen 17 suites con dise\u00f1o \u00fanico<\/li>\n<li>2 penthouses, cada uno con su terraza privada amueblada<\/li>\n<li>Restaurante exclusivo del famoso chef socio<\/li>\n<li>Bar Punch Room<\/li>\n<li>Bar en la azotea con piscina profunda<\/li>\n<li>Gimnasio de vanguardia abierto las 24 horas<\/li>\n<li>2 salas de tratamientos (<em>pr\u00f3ximamente<\/em>)<\/li>\n<li>Servicio a la habitaci\u00f3n las 24 horas<\/li>\n<li>Servicio de concierge<\/li>\n<li>Servicios audiovisuales y de producci\u00f3n de vanguardia disponibles para eventos privados con hasta 250 personas.<\/li>\n<li>Men\u00fas personalizados de banquetes para eventos privados, almuerzos y fiestas con cenas<\/li>\n<li>Acceso inal\u00e1mbrico a Internet de alta velocidad gratis en todo el hotel<\/li>\n<li>Personal multiling\u00fce<\/li>\n<li>Personal para estacionar<\/li>\n<\/ul>\n<\/li>\n<\/ul>\n<\/dd>\n<\/dl>\n<\/div>\n<\/div>\n","protected":false},"excerpt":{"rendered":"<p>The Rome EDITION crea una experiencia exclusiva y \u00fanica junto con el mejor y m\u00e1s personalizado servicio moderno disponible. Para m\u00e1s informaci\u00f3n Comun\u00edquese con el departamento de experiencia del hu\u00e9sped en info.rome@editionhotels.com Compartir SERVICIOS PARA HU\u00c9SPEDES 91 habitaciones sofisticadas, que incluyen 17 suites con dise\u00f1o \u00fanico 2 penthouses, cada uno con su terraza privada amueblada [&hellip;]<\/p>\n","protected":false},"author":21,"featured_media":865714,"parent":22020,"menu_order":14,"comment_status":"closed","ping_status":"closed","template":"templates\/page-services.php","meta":{"_acf_changed":false,"footnotes":""},"class_list":["post-873690","page","type-page","status-publish","has-post-thumbnail","hentry"],"acf":[],"yoast_head":"<!-- This site is optimized with the Yoast SEO plugin v27.0 - https:\/\/yoast.com\/product\/yoast-seo-wordpress\/ -->\n<title>Servicios y comodidades | EDITION Hotels<\/title>\n<meta name=\"robots\" content=\"index, follow, max-snippet:-1, max-image-preview:large, max-video-preview:-1\" \/>\n<link rel=\"canonical\" href=\"https:\/\/www.editionhotels.com\/rome\/servicios-y-comodidades\/\" \/>\n<meta property=\"og:locale\" content=\"es_ES\" \/>\n<meta property=\"og:type\" content=\"article\" \/>\n<meta property=\"og:title\" content=\"Servicios y comodidades | EDITION Hotels\" \/>\n<meta property=\"og:description\" content=\"The Rome EDITION crea una experiencia exclusiva y \u00fanica junto con el mejor y m\u00e1s personalizado servicio moderno disponible. Para m\u00e1s informaci\u00f3n Comun\u00edquese con el departamento de experiencia del hu\u00e9sped en info.rome@editionhotels.com Compartir SERVICIOS PARA HU\u00c9SPEDES 91 habitaciones sofisticadas, que incluyen 17 suites con dise\u00f1o \u00fanico 2 penthouses, cada uno con su terraza privada amueblada [&hellip;]\" \/>\n<meta property=\"og:url\" content=\"https:\/\/www.editionhotels.com\/rome\/servicios-y-comodidades\/\" \/>\n<meta property=\"og:site_name\" content=\"EDITION Hotels\" \/>\n<meta property=\"article:publisher\" content=\"https:\/\/www.facebook.com\/EDITIONHotels\" \/>\n<meta name=\"twitter:card\" content=\"summary_large_image\" \/>\n<meta name=\"twitter:label1\" content=\"Est. reading time\" \/>\n\t<meta name=\"twitter:data1\" content=\"1 minute\" \/>\n<script type=\"application\/ld+json\" class=\"yoast-schema-graph\">{\"@context\":\"https:\/\/schema.org\",\"@graph\":[{\"@type\":\"WebPage\",\"@id\":\"https:\/\/www.editionhotels.com\/rome\/servicios-y-comodidades\/\",\"url\":\"https:\/\/www.editionhotels.com\/rome\/servicios-y-comodidades\/\",\"name\":\"Servicios y comodidades | EDITION Hotels\",\"isPartOf\":{\"@id\":\"https:\/\/www.editionhotels.com\/#website\"},\"primaryImageOfPage\":{\"@id\":\"https:\/\/www.editionhotels.com\/rome\/servicios-y-comodidades\/#primaryimage\"},\"image\":{\"@id\":\"https:\/\/www.editionhotels.com\/rome\/servicios-y-comodidades\/#primaryimage\"},\"thumbnailUrl\":\"https:\/\/www.editionhotels.com\/wp-content\/uploads\/2023\/03\/Lobby-01.jpg\",\"datePublished\":\"2024-06-04T21:18:55+00:00\",\"breadcrumb\":{\"@id\":\"https:\/\/www.editionhotels.com\/rome\/servicios-y-comodidades\/#breadcrumb\"},\"inLanguage\":\"es-ee\",\"potentialAction\":[{\"@type\":\"ReadAction\",\"target\":[\"https:\/\/www.editionhotels.com\/rome\/servicios-y-comodidades\/\"]}]},{\"@type\":\"ImageObject\",\"inLanguage\":\"es-ee\",\"@id\":\"https:\/\/www.editionhotels.com\/rome\/servicios-y-comodidades\/#primaryimage\",\"url\":\"https:\/\/www.editionhotels.com\/wp-content\/uploads\/2023\/03\/Lobby-01.jpg\",\"contentUrl\":\"https:\/\/www.editionhotels.com\/wp-content\/uploads\/2023\/03\/Lobby-01.jpg\",\"width\":9334,\"height\":7000},{\"@type\":\"BreadcrumbList\",\"@id\":\"https:\/\/www.editionhotels.com\/rome\/servicios-y-comodidades\/#breadcrumb\",\"itemListElement\":[{\"@type\":\"ListItem\",\"position\":1,\"name\":\"Home\",\"item\":\"https:\/\/www.editionhotels.com\/\"},{\"@type\":\"ListItem\",\"position\":2,\"name\":\"Rome\",\"item\":\"https:\/\/www.editionhotels.com\/es\/rome\/\"},{\"@type\":\"ListItem\",\"position\":3,\"name\":\"Servicios y comodidades\"}]},{\"@type\":\"WebSite\",\"@id\":\"https:\/\/www.editionhotels.com\/#website\",\"url\":\"https:\/\/www.editionhotels.com\/\",\"name\":\"EDITION Hotels\",\"description\":\"A Unique Collection of Luxury Boutique Hotels\",\"publisher\":{\"@id\":\"https:\/\/www.editionhotels.com\/#organization\"},\"potentialAction\":[{\"@type\":\"SearchAction\",\"target\":{\"@type\":\"EntryPoint\",\"urlTemplate\":\"https:\/\/www.editionhotels.com\/?s={search_term_string}\"},\"query-input\":{\"@type\":\"PropertyValueSpecification\",\"valueRequired\":true,\"valueName\":\"search_term_string\"}}],\"inLanguage\":\"es-ee\"},{\"@type\":\"Organization\",\"@id\":\"https:\/\/www.editionhotels.com\/#organization\",\"name\":\"EDITION Hotels\",\"url\":\"https:\/\/www.editionhotels.com\/\",\"logo\":{\"@type\":\"ImageObject\",\"inLanguage\":\"es-ee\",\"@id\":\"https:\/\/www.editionhotels.com\/#\/schema\/logo\/image\/\",\"url\":\"https:\/\/www.editionhotels.com\/wp-content\/uploads\/2016\/09\/edition-text-logo-black.png\",\"contentUrl\":\"https:\/\/www.editionhotels.com\/wp-content\/uploads\/2016\/09\/edition-text-logo-black.png\",\"width\":1000,\"height\":185,\"caption\":\"EDITION Hotels\"},\"image\":{\"@id\":\"https:\/\/www.editionhotels.com\/#\/schema\/logo\/image\/\"},\"sameAs\":[\"https:\/\/www.facebook.com\/EDITIONHotels\"],\"description\":\"An unexpected and refreshing collection of individualized, customized, one-of-kind hotels that redefines the codes of traditional luxury.\",\"parentOrganization\":{\"@type\":\"Organization\",\"name\":\"Marriott International\",\"url\":\"https:\/\/www.marriott.com\/default.mi\"}}]}<\/script>\n<!-- \/ Yoast SEO plugin. -->","yoast_head_json":{"title":"Servicios y comodidades | EDITION Hotels","robots":{"index":"index","follow":"follow","max-snippet":"max-snippet:-1","max-image-preview":"max-image-preview:large","max-video-preview":"max-video-preview:-1"},"canonical":"https:\/\/www.editionhotels.com\/rome\/servicios-y-comodidades\/","og_locale":"es_ES","og_type":"article","og_title":"Servicios y comodidades | EDITION Hotels","og_description":"The Rome EDITION crea una experiencia exclusiva y \u00fanica junto con el mejor y m\u00e1s personalizado servicio moderno disponible. Para m\u00e1s informaci\u00f3n Comun\u00edquese con el departamento de experiencia del hu\u00e9sped en info.rome@editionhotels.com Compartir SERVICIOS PARA HU\u00c9SPEDES 91 habitaciones sofisticadas, que incluyen 17 suites con dise\u00f1o \u00fanico 2 penthouses, cada uno con su terraza privada amueblada [&hellip;]","og_url":"https:\/\/www.editionhotels.com\/rome\/servicios-y-comodidades\/","og_site_name":"EDITION Hotels","article_publisher":"https:\/\/www.facebook.com\/EDITIONHotels","twitter_card":"summary_large_image","twitter_misc":{"Est. reading time":"1 minute"},"schema":{"@context":"https:\/\/schema.org","@graph":[{"@type":"WebPage","@id":"https:\/\/www.editionhotels.com\/rome\/servicios-y-comodidades\/","url":"https:\/\/www.editionhotels.com\/rome\/servicios-y-comodidades\/","name":"Servicios y comodidades | EDITION Hotels","isPartOf":{"@id":"https:\/\/www.editionhotels.com\/#website"},"primaryImageOfPage":{"@id":"https:\/\/www.editionhotels.com\/rome\/servicios-y-comodidades\/#primaryimage"},"image":{"@id":"https:\/\/www.editionhotels.com\/rome\/servicios-y-comodidades\/#primaryimage"},"thumbnailUrl":"https:\/\/www.editionhotels.com\/wp-content\/uploads\/2023\/03\/Lobby-01.jpg","datePublished":"2024-06-04T21:18:55+00:00","breadcrumb":{"@id":"https:\/\/www.editionhotels.com\/rome\/servicios-y-comodidades\/#breadcrumb"},"inLanguage":"es-ee","potentialAction":[{"@type":"ReadAction","target":["https:\/\/www.editionhotels.com\/rome\/servicios-y-comodidades\/"]}]},{"@type":"ImageObject","inLanguage":"es-ee","@id":"https:\/\/www.editionhotels.com\/rome\/servicios-y-comodidades\/#primaryimage","url":"https:\/\/www.editionhotels.com\/wp-content\/uploads\/2023\/03\/Lobby-01.jpg","contentUrl":"https:\/\/www.editionhotels.com\/wp-content\/uploads\/2023\/03\/Lobby-01.jpg","width":9334,"height":7000},{"@type":"BreadcrumbList","@id":"https:\/\/www.editionhotels.com\/rome\/servicios-y-comodidades\/#breadcrumb","itemListElement":[{"@type":"ListItem","position":1,"name":"Home","item":"https:\/\/www.editionhotels.com\/"},{"@type":"ListItem","position":2,"name":"Rome","item":"https:\/\/www.editionhotels.com\/es\/rome\/"},{"@type":"ListItem","position":3,"name":"Servicios y comodidades"}]},{"@type":"WebSite","@id":"https:\/\/www.editionhotels.com\/#website","url":"https:\/\/www.editionhotels.com\/","name":"EDITION Hotels","description":"A Unique Collection of Luxury Boutique Hotels","publisher":{"@id":"https:\/\/www.editionhotels.com\/#organization"},"potentialAction":[{"@type":"SearchAction","target":{"@type":"EntryPoint","urlTemplate":"https:\/\/www.editionhotels.com\/?s={search_term_string}"},"query-input":{"@type":"PropertyValueSpecification","valueRequired":true,"valueName":"search_term_string"}}],"inLanguage":"es-ee"},{"@type":"Organization","@id":"https:\/\/www.editionhotels.com\/#organization","name":"EDITION Hotels","url":"https:\/\/www.editionhotels.com\/","logo":{"@type":"ImageObject","inLanguage":"es-ee","@id":"https:\/\/www.editionhotels.com\/#\/schema\/logo\/image\/","url":"https:\/\/www.editionhotels.com\/wp-content\/uploads\/2016\/09\/edition-text-logo-black.png","contentUrl":"https:\/\/www.editionhotels.com\/wp-content\/uploads\/2016\/09\/edition-text-logo-black.png","width":1000,"height":185,"caption":"EDITION Hotels"},"image":{"@id":"https:\/\/www.editionhotels.com\/#\/schema\/logo\/image\/"},"sameAs":["https:\/\/www.facebook.com\/EDITIONHotels"],"description":"An unexpected and refreshing collection of individualized, customized, one-of-kind hotels that redefines the codes of traditional luxury.","parentOrganization":{"@type":"Organization","name":"Marriott International","url":"https:\/\/www.marriott.com\/default.mi"}}]}},"_links":{"self":[{"href":"https:\/\/www.editionhotels.com\/es\/wp-json\/wp\/v2\/pages\/873690","targetHints":{"allow":["GET"]}}],"collection":[{"href":"https:\/\/www.editionhotels.com\/es\/wp-json\/wp\/v2\/pages"}],"about":[{"href":"https:\/\/www.editionhotels.com\/es\/wp-json\/wp\/v2\/types\/page"}],"author":[{"embeddable":true,"href":"https:\/\/www.editionhotels.com\/es\/wp-json\/wp\/v2\/users\/21"}],"replies":[{"embeddable":true,"href":"https:\/\/www.editionhotels.com\/es\/wp-json\/wp\/v2\/comments?post=873690"}],"version-history":[{"count":0,"href":"https:\/\/www.editionhotels.com\/es\/wp-json\/wp\/v2\/pages\/873690\/revisions"}],"up":[{"embeddable":true,"href":"https:\/\/www.editionhotels.com\/es\/wp-json\/wp\/v2\/pages\/22020"}],"wp:featuredmedia":[{"embeddable":true,"href":"https:\/\/www.editionhotels.com\/es\/wp-json\/wp\/v2\/media\/865714"}],"wp:attachment":[{"href":"https:\/\/www.editionhotels.com\/es\/wp-json\/wp\/v2\/media?parent=873690"}],"curies":[{"name":"wp","href":"https:\/\/api.w.org\/{rel}","templated":true}]}}