{"id":873697,"date":"2024-06-04T21:20:09","date_gmt":"2024-06-04T21:20:09","guid":{"rendered":"https:\/\/www.editionhotels.com\/rome\/getting-here-2\/desde-el-aeropuerto-de-roma-ciampino\/"},"modified":"2024-06-04T21:23:52","modified_gmt":"2024-06-04T21:23:52","slug":"from-rome-ciampino-airport","status":"publish","type":"page","link":"https:\/\/www.editionhotels.com\/es\/rome\/getting-here\/from-rome-ciampino-airport\/","title":{"rendered":"Desde el aeropuerto de Roma-Ciampino"},"content":{"rendered":"<h2>TRASLADO PRIVADO<\/h2>\n<p class=\"p1\">Un autom\u00f3vil privado desde y hacia el aeropuerto de Roma-Ciampino (17 kil\u00f3metros) tardar\u00e1 aproximadamente 45 minutos dependiendo del tr\u00e1fico. El traslado se puede organizar enviando un correo electr\u00f3nico al concierge del hotel en <a href=\"mailto:concierge.rome@editionhotels.com\">concierge.rome@editionhotels.com.<\/a><\/p>\n<p>&nbsp;<\/p>\n<h2>TAXI<\/h2>\n<p>Taxis en el aeropuerto disponibles por orden de llegada. Esto tendr\u00e1 una tarifa fija de 31 EUR por trayecto y tardar\u00e1 aproximadamente 45 minutos dependiendo del tr\u00e1fico. Las propinas y los peajes pueden ser adicionales.<\/p>\n<p>&nbsp;<\/p>\n<h2>UBER<\/h2>\n<p>El servicio Uber est\u00e1 disponible en Roma, la tarifa depender\u00e1 del tipo de autom\u00f3vil. El trayecto tardar\u00e1 aproximadamente 45 minutos dependiendo del tr\u00e1fico. Las propinas son adicionales.<\/p>\n<p>&nbsp;<\/p>\n<h2>INSTRUCCIONES DE LLEGADA EN AUTOM\u00d3VIL:<\/h2>\n<p class=\"p1\">Este recorrido durar\u00e1 aproximadamente 45 minutos. Salga del aeropuerto de Ciampino y siga la carretera hacia Piazza Francesco Baracca. En la glorieta tome la primera salida hacia Via Appia Nuova\/SS7 en direcci\u00f3n a Roma Centro durante casi 10 km y luego gire a la izquierda en Via Appia Nuova. En la glorieta, tome la salida 4 todav\u00eda en Via Appia Nuova. Contin\u00fae por Piazzale Appio y Piazza San Giovanni in Laterano. Gire a la derecha y tome Via Emanuele Filiberto. Gire ligeramente a la izquierda en Piazza Vittorio Emanuele II y luego gire a la derecha en Piazza Vittorio Emanuele II. Gire a la izquierda en Via Carlo Alberto, luego llegue a Piazza Santa Maria Maggiore y gire a la izquierda en Via dell&#8217;Esquilino. Contin\u00fae por Piazza Esquilino y contin\u00fae en l\u00ednea recta hacia Via Torino. En la glorieta, tome la salida 3 hacia Via Venti Settembre y gire a la derecha en Salita di San Nicola da Tolentino. Gire a la derecha en Via Barberini y luego ligeramente a la izquierda para llegar a Via Leonida Bissolati. En el siguiente sem\u00e1foro, gire a la izquierda en Via di San Basilio. El destino est\u00e1 a la izquierda a la vuelta de la esquina con Salita di San Nicola da Tolentino.<\/p>\n<p>&nbsp;<\/p>\n<h2>INFORMACI\u00d3N SOBRE EL ESTACIONAMIENTO EN EL HOTEL<\/h2>\n<p class=\"p1\">El servicio de personal para estacionar est\u00e1 disponible por una tarifa de 50 EUR (impuestos incluidos) por noche. Tiempo de espera de 30 minutos desde el momento en que se solicita la devoluci\u00f3n del autom\u00f3vil.<\/p>\n","protected":false},"excerpt":{"rendered":"<p>TRASLADO PRIVADO Un autom\u00f3vil privado desde y hacia el aeropuerto de Roma-Ciampino (17 kil\u00f3metros) tardar\u00e1 aproximadamente 45 minutos dependiendo del tr\u00e1fico. El traslado se puede organizar enviando un correo electr\u00f3nico [&hellip;]<\/p>\n","protected":false},"author":37,"featured_media":0,"parent":868109,"menu_order":237,"comment_status":"closed","ping_status":"closed","template":"","meta":{"_acf_changed":false,"footnotes":""},"class_list":["post-873697","page","type-page","status-publish","hentry"],"acf":[],"yoast_head":"<!-- This site is optimized with the Yoast SEO plugin v27.0 - https:\/\/yoast.com\/product\/yoast-seo-wordpress\/ -->\n<title>Desde el aeropuerto de Roma-Ciampino | EDITION Hotels<\/title>\n<meta name=\"robots\" content=\"index, follow, max-snippet:-1, max-image-preview:large, max-video-preview:-1\" \/>\n<link rel=\"canonical\" href=\"https:\/\/www.editionhotels.com\/es\/roma\/c\u00f3mo-llegar\/desde-el-aeropuerto-de-roma-ciampino\/\" \/>\n<meta property=\"og:locale\" content=\"es_ES\" \/>\n<meta property=\"og:type\" content=\"article\" \/>\n<meta property=\"og:title\" content=\"Desde el aeropuerto de Roma-Ciampino | EDITION Hotels\" \/>\n<meta property=\"og:description\" content=\"TRASLADO PRIVADO Un autom\u00f3vil privado desde y hacia el aeropuerto de Roma-Ciampino (17 kil\u00f3metros) tardar\u00e1 aproximadamente 45 minutos dependiendo del tr\u00e1fico. El traslado se puede organizar enviando un correo electr\u00f3nico [&hellip;]\" \/>\n<meta property=\"og:url\" content=\"https:\/\/www.editionhotels.com\/es\/roma\/c\u00f3mo-llegar\/desde-el-aeropuerto-de-roma-ciampino\/\" \/>\n<meta property=\"og:site_name\" content=\"EDITION Hotels\" \/>\n<meta property=\"article:publisher\" content=\"https:\/\/www.facebook.com\/EDITIONHotels\" \/>\n<meta property=\"article:modified_time\" content=\"2024-06-04T21:23:52+00:00\" \/>\n<meta name=\"twitter:card\" content=\"summary_large_image\" \/>\n<meta name=\"twitter:label1\" content=\"Est. reading time\" \/>\n\t<meta name=\"twitter:data1\" content=\"2 minutes\" \/>\n<script type=\"application\/ld+json\" class=\"yoast-schema-graph\">{\"@context\":\"https:\/\/schema.org\",\"@graph\":[{\"@type\":\"WebPage\",\"@id\":\"https:\/\/www.editionhotels.com\/es\/roma\/c\u00f3mo-llegar\/desde-el-aeropuerto-de-roma-ciampino\/\",\"url\":\"https:\/\/www.editionhotels.com\/es\/roma\/c\u00f3mo-llegar\/desde-el-aeropuerto-de-roma-ciampino\/\",\"name\":\"Desde el aeropuerto de Roma-Ciampino | EDITION Hotels\",\"isPartOf\":{\"@id\":\"https:\/\/www.editionhotels.com\/#website\"},\"datePublished\":\"2024-06-04T21:20:09+00:00\",\"dateModified\":\"2024-06-04T21:23:52+00:00\",\"breadcrumb\":{\"@id\":\"https:\/\/www.editionhotels.com\/es\/roma\/c\u00f3mo-llegar\/desde-el-aeropuerto-de-roma-ciampino\/#breadcrumb\"},\"inLanguage\":\"es-ee\",\"potentialAction\":[{\"@type\":\"ReadAction\",\"target\":[\"https:\/\/www.editionhotels.com\/es\/roma\/c\u00f3mo-llegar\/desde-el-aeropuerto-de-roma-ciampino\/\"]}]},{\"@type\":\"BreadcrumbList\",\"@id\":\"https:\/\/www.editionhotels.com\/es\/roma\/c\u00f3mo-llegar\/desde-el-aeropuerto-de-roma-ciampino\/#breadcrumb\",\"itemListElement\":[{\"@type\":\"ListItem\",\"position\":1,\"name\":\"Home\",\"item\":\"https:\/\/www.editionhotels.com\/\"},{\"@type\":\"ListItem\",\"position\":2,\"name\":\"Rome\",\"item\":\"https:\/\/www.editionhotels.com\/es\/rome\/\"},{\"@type\":\"ListItem\",\"position\":3,\"name\":\"C\u00f3mo llegar al hotel\",\"item\":\"https:\/\/www.editionhotels.com\/es\/rome\/getting-here\/\"},{\"@type\":\"ListItem\",\"position\":4,\"name\":\"Desde el aeropuerto de Roma-Ciampino\"}]},{\"@type\":\"WebSite\",\"@id\":\"https:\/\/www.editionhotels.com\/#website\",\"url\":\"https:\/\/www.editionhotels.com\/\",\"name\":\"EDITION Hotels\",\"description\":\"A Unique Collection of Luxury Boutique Hotels\",\"publisher\":{\"@id\":\"https:\/\/www.editionhotels.com\/#organization\"},\"potentialAction\":[{\"@type\":\"SearchAction\",\"target\":{\"@type\":\"EntryPoint\",\"urlTemplate\":\"https:\/\/www.editionhotels.com\/?s={search_term_string}\"},\"query-input\":{\"@type\":\"PropertyValueSpecification\",\"valueRequired\":true,\"valueName\":\"search_term_string\"}}],\"inLanguage\":\"es-ee\"},{\"@type\":\"Organization\",\"@id\":\"https:\/\/www.editionhotels.com\/#organization\",\"name\":\"EDITION Hotels\",\"url\":\"https:\/\/www.editionhotels.com\/\",\"logo\":{\"@type\":\"ImageObject\",\"inLanguage\":\"es-ee\",\"@id\":\"https:\/\/www.editionhotels.com\/#\/schema\/logo\/image\/\",\"url\":\"https:\/\/www.editionhotels.com\/wp-content\/uploads\/2016\/09\/edition-text-logo-black.png\",\"contentUrl\":\"https:\/\/www.editionhotels.com\/wp-content\/uploads\/2016\/09\/edition-text-logo-black.png\",\"width\":1000,\"height\":185,\"caption\":\"EDITION Hotels\"},\"image\":{\"@id\":\"https:\/\/www.editionhotels.com\/#\/schema\/logo\/image\/\"},\"sameAs\":[\"https:\/\/www.facebook.com\/EDITIONHotels\"],\"description\":\"An unexpected and refreshing collection of individualized, customized, one-of-kind hotels that redefines the codes of traditional luxury.\",\"parentOrganization\":{\"@type\":\"Organization\",\"name\":\"Marriott International\",\"url\":\"https:\/\/www.marriott.com\/default.mi\"}}]}<\/script>\n<!-- \/ Yoast SEO plugin. -->","yoast_head_json":{"title":"Desde el aeropuerto de Roma-Ciampino | EDITION Hotels","robots":{"index":"index","follow":"follow","max-snippet":"max-snippet:-1","max-image-preview":"max-image-preview:large","max-video-preview":"max-video-preview:-1"},"canonical":"https:\/\/www.editionhotels.com\/es\/roma\/c\u00f3mo-llegar\/desde-el-aeropuerto-de-roma-ciampino\/","og_locale":"es_ES","og_type":"article","og_title":"Desde el aeropuerto de Roma-Ciampino | EDITION Hotels","og_description":"TRASLADO PRIVADO Un autom\u00f3vil privado desde y hacia el aeropuerto de Roma-Ciampino (17 kil\u00f3metros) tardar\u00e1 aproximadamente 45 minutos dependiendo del tr\u00e1fico. El traslado se puede organizar enviando un correo electr\u00f3nico [&hellip;]","og_url":"https:\/\/www.editionhotels.com\/es\/roma\/c\u00f3mo-llegar\/desde-el-aeropuerto-de-roma-ciampino\/","og_site_name":"EDITION Hotels","article_publisher":"https:\/\/www.facebook.com\/EDITIONHotels","article_modified_time":"2024-06-04T21:23:52+00:00","twitter_card":"summary_large_image","twitter_misc":{"Est. reading time":"2 minutes"},"schema":{"@context":"https:\/\/schema.org","@graph":[{"@type":"WebPage","@id":"https:\/\/www.editionhotels.com\/es\/roma\/c\u00f3mo-llegar\/desde-el-aeropuerto-de-roma-ciampino\/","url":"https:\/\/www.editionhotels.com\/es\/roma\/c\u00f3mo-llegar\/desde-el-aeropuerto-de-roma-ciampino\/","name":"Desde el aeropuerto de Roma-Ciampino | EDITION Hotels","isPartOf":{"@id":"https:\/\/www.editionhotels.com\/#website"},"datePublished":"2024-06-04T21:20:09+00:00","dateModified":"2024-06-04T21:23:52+00:00","breadcrumb":{"@id":"https:\/\/www.editionhotels.com\/es\/roma\/c\u00f3mo-llegar\/desde-el-aeropuerto-de-roma-ciampino\/#breadcrumb"},"inLanguage":"es-ee","potentialAction":[{"@type":"ReadAction","target":["https:\/\/www.editionhotels.com\/es\/roma\/c\u00f3mo-llegar\/desde-el-aeropuerto-de-roma-ciampino\/"]}]},{"@type":"BreadcrumbList","@id":"https:\/\/www.editionhotels.com\/es\/roma\/c\u00f3mo-llegar\/desde-el-aeropuerto-de-roma-ciampino\/#breadcrumb","itemListElement":[{"@type":"ListItem","position":1,"name":"Home","item":"https:\/\/www.editionhotels.com\/"},{"@type":"ListItem","position":2,"name":"Rome","item":"https:\/\/www.editionhotels.com\/es\/rome\/"},{"@type":"ListItem","position":3,"name":"C\u00f3mo llegar al hotel","item":"https:\/\/www.editionhotels.com\/es\/rome\/getting-here\/"},{"@type":"ListItem","position":4,"name":"Desde el aeropuerto de Roma-Ciampino"}]},{"@type":"WebSite","@id":"https:\/\/www.editionhotels.com\/#website","url":"https:\/\/www.editionhotels.com\/","name":"EDITION Hotels","description":"A Unique Collection of Luxury Boutique Hotels","publisher":{"@id":"https:\/\/www.editionhotels.com\/#organization"},"potentialAction":[{"@type":"SearchAction","target":{"@type":"EntryPoint","urlTemplate":"https:\/\/www.editionhotels.com\/?s={search_term_string}"},"query-input":{"@type":"PropertyValueSpecification","valueRequired":true,"valueName":"search_term_string"}}],"inLanguage":"es-ee"},{"@type":"Organization","@id":"https:\/\/www.editionhotels.com\/#organization","name":"EDITION Hotels","url":"https:\/\/www.editionhotels.com\/","logo":{"@type":"ImageObject","inLanguage":"es-ee","@id":"https:\/\/www.editionhotels.com\/#\/schema\/logo\/image\/","url":"https:\/\/www.editionhotels.com\/wp-content\/uploads\/2016\/09\/edition-text-logo-black.png","contentUrl":"https:\/\/www.editionhotels.com\/wp-content\/uploads\/2016\/09\/edition-text-logo-black.png","width":1000,"height":185,"caption":"EDITION Hotels"},"image":{"@id":"https:\/\/www.editionhotels.com\/#\/schema\/logo\/image\/"},"sameAs":["https:\/\/www.facebook.com\/EDITIONHotels"],"description":"An unexpected and refreshing collection of individualized, customized, one-of-kind hotels that redefines the codes of traditional luxury.","parentOrganization":{"@type":"Organization","name":"Marriott International","url":"https:\/\/www.marriott.com\/default.mi"}}]}},"_links":{"self":[{"href":"https:\/\/www.editionhotels.com\/es\/wp-json\/wp\/v2\/pages\/873697","targetHints":{"allow":["GET"]}}],"collection":[{"href":"https:\/\/www.editionhotels.com\/es\/wp-json\/wp\/v2\/pages"}],"about":[{"href":"https:\/\/www.editionhotels.com\/es\/wp-json\/wp\/v2\/types\/page"}],"author":[{"embeddable":true,"href":"https:\/\/www.editionhotels.com\/es\/wp-json\/wp\/v2\/users\/37"}],"replies":[{"embeddable":true,"href":"https:\/\/www.editionhotels.com\/es\/wp-json\/wp\/v2\/comments?post=873697"}],"version-history":[{"count":0,"href":"https:\/\/www.editionhotels.com\/es\/wp-json\/wp\/v2\/pages\/873697\/revisions"}],"up":[{"embeddable":true,"href":"https:\/\/www.editionhotels.com\/es\/wp-json\/wp\/v2\/pages\/868109"}],"wp:attachment":[{"href":"https:\/\/www.editionhotels.com\/es\/wp-json\/wp\/v2\/media?parent=873697"}],"curies":[{"name":"wp","href":"https:\/\/api.w.org\/{rel}","templated":true}]}}