{"id":855575,"date":"2023-02-22T14:24:49","date_gmt":"2023-02-22T14:24:49","guid":{"rendered":"https:\/\/www.editionhotels.com\/%e3%83%9f%e3%83%a9%e3%82%b9%e7%a9%ba%e6%b8%af%e3%81%8b%e3%82%89\/"},"modified":"2023-02-22T14:24:49","modified_gmt":"2023-02-22T14:24:49","slug":"from-milas-airport","status":"publish","type":"page","link":"https:\/\/www.editionhotels.com\/ja-JP\/bodrum\/getting-here-12\/from-milas-airport\/","title":{"rendered":"\u30df\u30e9\u30b9\u7a7a\u6e2f\u304b\u3089"},"content":{"rendered":"<h2><strong>\u30df\u30e9\u30b9\u7a7a\u6e2f\u304b\u3089<\/strong><\/h2>\n<p><em>\u5c02\u7528\u8eca\uff1a<\/em><\/p>\n<p>\u6d17\u7df4\u3055\u308c\u305f\u9001\u8fce\u30b5\u30fc\u30d3\u30b9\u3092\u3054\u5229\u7528\u3044\u305f\u3060\u3051\u307e\u3059\u3002\u30dc\u30c9\u30eb\u30e0\/\u30df\u30e9\u30b9\u7a7a\u6e2f (BJV) \u767a\u7740\u306e\u5c02\u7528\u8eca\u306e\u6599\u91d1\u306f\u3001\u30e1\u30eb\u30bb\u30c7\u30b9\u30d9\u30f3\u30c4Vito\u304c4\u540d\u69d8\u307e\u3067\u7247\u9053150\u30e6\u30fc\u30ed + %18VAT (\u4ed8\u52a0\u4fa1\u5024\u7a0e)\u3001BMW IX\u304c2\u540d\u69d8\u307e\u3067\u7247\u9053180\u30e6\u30fc\u30ed + %18VAT\u3001\u30e1\u30eb\u30bb\u30c7\u30b9\u30d9\u30f3\u30c4 \u30b9\u30d7\u30ea\u30f3\u30bf\u30fc\u304c8\u540d\u69d8\u307e\u3067\u7247\u9053185\u30e6\u30fc\u30ed + %18VAT\u3002\u79fb\u52d5\u6642\u9593\u306f\u7d0445\u5206\u3067\u3059\u3002\u5c02\u7528\u8eca\u306b\u3088\u308b\u9001\u8fce\u306f\u3001\u3054\u5230\u7740\u30fb\u3054\u51fa\u767a\u306e\u524d\u306b\u30db\u30c6\u30eb\u306e\u30b3\u30f3\u30b7\u30a7\u30eb\u30b8\u30e5+90 252 311 3131\u307e\u3067\u304a\u96fb\u8a71\u3044\u305f\u3060\u3051\u308c\u3070\u304a\u624b\u914d\u3092\u627f\u308a\u307e\u3059\u3002<\/p>\n<p><em>\u30bf\u30af\u30b7\u30fc: <\/em><\/p>\n<p>\u30bf\u30af\u30b7\u30fc\u306f\u7a7a\u6e2f\u306e\u30bf\u30af\u30b7\u30fc\u4e57\u308a\u5834\u304b\u3089\u3054\u5229\u7528\u3044\u305f\u3060\u3051\u307e\u3059\u3002\u6599\u91d1\u306f\u7247\u9053\u7d0430\u30e6\u30fc\u30ed\u3001\u6240\u8981\u6642\u9593\u306f\u7d0445\u5206\u3067\u3059\u3002\u30c1\u30c3\u30d7\u3084\u901a\u884c\u6599\u304c\u5225\u9014\u304b\u304b\u308b\u5834\u5408\u304c\u3042\u308a\u307e\u3059\u3002<\/p>\n<p><em>\u304a\u8eca\u3067\u304a\u8d8a\u3057\u306e\u5834\u5408\uff1a<\/em><\/p>\n<p>\u30df\u30e9\u30b9 \u30dc\u30c9\u30eb\u30e0\u7a7a\u6e2f\u304b\u3089Akyol Mahallesi\u306eMu\u011fla Bodrum Yolu \/ D330\u306b\u9032\u307f\u307e\u3059\u3002\u5165\u53e3\u306b\u5411\u304b\u3063\u3066\u5317\u3078\u9032\u307f\u307e\u3059\u3002\u30ed\u30fc\u30bf\u30ea\u30fc\u304b\u30894\u756a\u76ee\u306e\u74b0\u72b6\u4ea4\u5dee\u70b9\u3067Milas Bodrum Havaalan\u0131 \u00c7\u0131k\u0131\u015f\u0131\u306b\u5411\u304b\u3044\u307e\u3059\u3002\u53f3\u5074\u3092\u9032\u307f\u3001Mu\u011fla Bodrum Yolu \/ D330\u306b\u51fa\u307e\u3059\u3002R\u0131za Anter Caddesi\u307e\u3067\u9032\u307f\u3001Mugla Bodrum Yolu \/ D330\u306b\u5165\u308a\u307e\u3059\u3002Mugla Bodrum Yolu \/ D330\u3092\u9032\u307f\u3001R\u0131za Anter Caddesi\u51fa\u53e3\u3092\u51fa\u3066\u304f\u3060\u3055\u3044\u3002In\u00f6n\u00fc Caddesi\u3092\u9032\u307f\u3001\u53f3\u6298\u3057\u3066Frank Azma\u011f\u0131 Caddesi\u306b\u5165\u308a\u307e\u3059\u3002\u5de6\u6298\u3057\u3066Beykoz Caddesi\u306b\u5165\u308a\u3001\u305d\u306e\u307e\u307e\u9053\u306a\u308a\u306b\u9032\u307f\u307e\u3059\u3002\u53f3\u6298\u3057\u3066Balyek Caddesi\u306b\u5165\u308a\u307e\u3059\u3002\u30db\u30c6\u30eb\u306f\u53f3\u624b\u306b\u3054\u3056\u3044\u307e\u3059\u3002<\/p>\n<p><em>\u99d0\u8eca\u5834\uff1a<\/em><\/p>\n<p>\u5f53\u30db\u30c6\u30eb\u306e\u99d0\u8eca\u5834\u306f\u7121\u6599\u3067\u3059\u3002<\/p>\n","protected":false},"excerpt":{"rendered":"<p>\u30df\u30e9\u30b9\u7a7a\u6e2f\u304b\u3089 \u5c02\u7528\u8eca\uff1a \u6d17\u7df4\u3055\u308c\u305f\u9001\u8fce\u30b5\u30fc\u30d3\u30b9\u3092\u3054\u5229\u7528\u3044\u305f\u3060\u3051\u307e\u3059\u3002\u30dc\u30c9\u30eb\u30e0\/\u30df\u30e9\u30b9\u7a7a\u6e2f (BJV) \u767a\u7740\u306e\u5c02\u7528\u8eca\u306e\u6599\u91d1\u306f\u3001\u30e1\u30eb\u30bb\u30c7\u30b9\u30d9\u30f3\u30c4Vito\u304c4\u540d\u69d8\u307e\u3067\u7247\u9053150\u30e6\u30fc\u30ed + %18VAT (\u4ed8\u52a0\u4fa1\u5024\u7a0e)\u3001BMW IX\u304c2\u540d\u69d8\u307e\u3067\u7247\u9053180\u30e6\u30fc\u30ed + %18VAT\u3001\u30e1\u30eb\u30bb\u30c7\u30b9\u30d9\u30f3\u30c4 \u30b9\u30d7\u30ea\u30f3\u30bf\u30fc\u304c8\u540d\u69d8\u307e\u3067\u7247\u9053185\u30e6\u30fc\u30ed + %18VAT\u3002\u79fb\u52d5\u6642\u9593\u306f\u7d0445\u5206\u3067\u3059\u3002\u5c02\u7528\u8eca\u306b\u3088\u308b\u9001\u8fce\u306f\u3001\u3054\u5230\u7740\u30fb\u3054\u51fa\u767a\u306e\u524d\u306b\u30db\u30c6\u30eb\u306e\u30b3\u30f3\u30b7\u30a7\u30eb\u30b8\u30e5+90 252 311 3131\u307e\u3067\u304a\u96fb\u8a71\u3044\u305f\u3060\u3051\u308c\u3070\u304a\u624b\u914d\u3092\u627f\u308a\u307e\u3059\u3002 \u30bf\u30af\u30b7\u30fc: \u30bf\u30af\u30b7\u30fc\u306f\u7a7a\u6e2f\u306e\u30bf\u30af\u30b7\u30fc\u4e57\u308a\u5834\u304b\u3089\u3054\u5229\u7528\u3044\u305f\u3060\u3051\u307e\u3059\u3002\u6599\u91d1\u306f\u7247\u9053\u7d0430\u30e6\u30fc\u30ed\u3001\u6240\u8981\u6642\u9593\u306f\u7d0445\u5206\u3067\u3059\u3002\u30c1\u30c3\u30d7\u3084\u901a\u884c\u6599\u304c\u5225\u9014\u304b\u304b\u308b\u5834\u5408\u304c\u3042\u308a\u307e\u3059\u3002 \u304a\u8eca\u3067\u304a\u8d8a\u3057\u306e\u5834\u5408\uff1a \u30df\u30e9\u30b9 \u30dc\u30c9\u30eb\u30e0\u7a7a\u6e2f\u304b\u3089Akyol Mahallesi\u306eMu\u011fla Bodrum Yolu \/ D330\u306b\u9032\u307f\u307e\u3059\u3002\u5165\u53e3\u306b\u5411\u304b\u3063\u3066\u5317\u3078\u9032\u307f\u307e\u3059\u3002\u30ed\u30fc\u30bf\u30ea\u30fc\u304b\u30894\u756a\u76ee\u306e\u74b0\u72b6\u4ea4\u5dee\u70b9\u3067Milas Bodrum Havaalan\u0131 \u00c7\u0131k\u0131\u015f\u0131\u306b\u5411\u304b\u3044\u307e\u3059\u3002\u53f3\u5074\u3092\u9032\u307f\u3001Mu\u011fla [&hellip;]<\/p>\n","protected":false},"author":45,"featured_media":0,"parent":856754,"menu_order":515,"comment_status":"closed","ping_status":"closed","template":"","meta":{"_acf_changed":false,"footnotes":""},"class_list":["post-855575","page","type-page","status-publish","hentry"],"acf":[],"yoast_head":"<!-- This site is optimized with the Yoast SEO plugin v27.0 - https:\/\/yoast.com\/product\/yoast-seo-wordpress\/ -->\n<title>\u30df\u30e9\u30b9\u7a7a\u6e2f\u304b\u3089 | EDITION Hotels<\/title>\n<meta name=\"robots\" content=\"index, follow, max-snippet:-1, max-image-preview:large, max-video-preview:-1\" \/>\n<link rel=\"canonical\" href=\"https:\/\/www.editionhotels.com\/\u30df\u30e9\u30b9\u7a7a\u6e2f\u304b\u3089\/\" \/>\n<meta property=\"og:locale\" content=\"ja_JP\" \/>\n<meta property=\"og:type\" content=\"article\" \/>\n<meta property=\"og:title\" content=\"\u30df\u30e9\u30b9\u7a7a\u6e2f\u304b\u3089 | EDITION Hotels\" \/>\n<meta property=\"og:description\" content=\"\u30df\u30e9\u30b9\u7a7a\u6e2f\u304b\u3089 \u5c02\u7528\u8eca\uff1a \u6d17\u7df4\u3055\u308c\u305f\u9001\u8fce\u30b5\u30fc\u30d3\u30b9\u3092\u3054\u5229\u7528\u3044\u305f\u3060\u3051\u307e\u3059\u3002\u30dc\u30c9\u30eb\u30e0\/\u30df\u30e9\u30b9\u7a7a\u6e2f (BJV) \u767a\u7740\u306e\u5c02\u7528\u8eca\u306e\u6599\u91d1\u306f\u3001\u30e1\u30eb\u30bb\u30c7\u30b9\u30d9\u30f3\u30c4Vito\u304c4\u540d\u69d8\u307e\u3067\u7247\u9053150\u30e6\u30fc\u30ed + %18VAT (\u4ed8\u52a0\u4fa1\u5024\u7a0e)\u3001BMW IX\u304c2\u540d\u69d8\u307e\u3067\u7247\u9053180\u30e6\u30fc\u30ed + %18VAT\u3001\u30e1\u30eb\u30bb\u30c7\u30b9\u30d9\u30f3\u30c4 \u30b9\u30d7\u30ea\u30f3\u30bf\u30fc\u304c8\u540d\u69d8\u307e\u3067\u7247\u9053185\u30e6\u30fc\u30ed + %18VAT\u3002\u79fb\u52d5\u6642\u9593\u306f\u7d0445\u5206\u3067\u3059\u3002\u5c02\u7528\u8eca\u306b\u3088\u308b\u9001\u8fce\u306f\u3001\u3054\u5230\u7740\u30fb\u3054\u51fa\u767a\u306e\u524d\u306b\u30db\u30c6\u30eb\u306e\u30b3\u30f3\u30b7\u30a7\u30eb\u30b8\u30e5+90 252 311 3131\u307e\u3067\u304a\u96fb\u8a71\u3044\u305f\u3060\u3051\u308c\u3070\u304a\u624b\u914d\u3092\u627f\u308a\u307e\u3059\u3002 \u30bf\u30af\u30b7\u30fc: \u30bf\u30af\u30b7\u30fc\u306f\u7a7a\u6e2f\u306e\u30bf\u30af\u30b7\u30fc\u4e57\u308a\u5834\u304b\u3089\u3054\u5229\u7528\u3044\u305f\u3060\u3051\u307e\u3059\u3002\u6599\u91d1\u306f\u7247\u9053\u7d0430\u30e6\u30fc\u30ed\u3001\u6240\u8981\u6642\u9593\u306f\u7d0445\u5206\u3067\u3059\u3002\u30c1\u30c3\u30d7\u3084\u901a\u884c\u6599\u304c\u5225\u9014\u304b\u304b\u308b\u5834\u5408\u304c\u3042\u308a\u307e\u3059\u3002 \u304a\u8eca\u3067\u304a\u8d8a\u3057\u306e\u5834\u5408\uff1a \u30df\u30e9\u30b9 \u30dc\u30c9\u30eb\u30e0\u7a7a\u6e2f\u304b\u3089Akyol Mahallesi\u306eMu\u011fla Bodrum Yolu \/ D330\u306b\u9032\u307f\u307e\u3059\u3002\u5165\u53e3\u306b\u5411\u304b\u3063\u3066\u5317\u3078\u9032\u307f\u307e\u3059\u3002\u30ed\u30fc\u30bf\u30ea\u30fc\u304b\u30894\u756a\u76ee\u306e\u74b0\u72b6\u4ea4\u5dee\u70b9\u3067Milas Bodrum Havaalan\u0131 \u00c7\u0131k\u0131\u015f\u0131\u306b\u5411\u304b\u3044\u307e\u3059\u3002\u53f3\u5074\u3092\u9032\u307f\u3001Mu\u011fla [&hellip;]\" \/>\n<meta property=\"og:url\" content=\"https:\/\/www.editionhotels.com\/\u30df\u30e9\u30b9\u7a7a\u6e2f\u304b\u3089\/\" \/>\n<meta property=\"og:site_name\" content=\"EDITION Hotels\" \/>\n<meta property=\"article:publisher\" content=\"https:\/\/www.facebook.com\/EDITIONHotels\" \/>\n<meta name=\"twitter:card\" content=\"summary_large_image\" \/>\n<script type=\"application\/ld+json\" class=\"yoast-schema-graph\">{\"@context\":\"https:\/\/schema.org\",\"@graph\":[{\"@type\":\"WebPage\",\"@id\":\"https:\/\/www.editionhotels.com\/%e3%83%9f%e3%83%a9%e3%82%b9%e7%a9%ba%e6%b8%af%e3%81%8b%e3%82%89\/\",\"url\":\"https:\/\/www.editionhotels.com\/%e3%83%9f%e3%83%a9%e3%82%b9%e7%a9%ba%e6%b8%af%e3%81%8b%e3%82%89\/\",\"name\":\"\u30df\u30e9\u30b9\u7a7a\u6e2f\u304b\u3089 | EDITION Hotels\",\"isPartOf\":{\"@id\":\"https:\/\/www.editionhotels.com\/#website\"},\"datePublished\":\"2023-02-22T14:24:49+00:00\",\"breadcrumb\":{\"@id\":\"https:\/\/www.editionhotels.com\/%e3%83%9f%e3%83%a9%e3%82%b9%e7%a9%ba%e6%b8%af%e3%81%8b%e3%82%89\/#breadcrumb\"},\"inLanguage\":\"ja-JP\",\"potentialAction\":[{\"@type\":\"ReadAction\",\"target\":[\"https:\/\/www.editionhotels.com\/%e3%83%9f%e3%83%a9%e3%82%b9%e7%a9%ba%e6%b8%af%e3%81%8b%e3%82%89\/\"]}]},{\"@type\":\"BreadcrumbList\",\"@id\":\"https:\/\/www.editionhotels.com\/%e3%83%9f%e3%83%a9%e3%82%b9%e7%a9%ba%e6%b8%af%e3%81%8b%e3%82%89\/#breadcrumb\",\"itemListElement\":[{\"@type\":\"ListItem\",\"position\":1,\"name\":\"Home\",\"item\":\"https:\/\/www.editionhotels.com\/\"},{\"@type\":\"ListItem\",\"position\":2,\"name\":\"\u30dc\u30c9\u30eb\u30e0\",\"item\":\"https:\/\/www.editionhotels.com\/ja-JP\/bodrum\/\"},{\"@type\":\"ListItem\",\"position\":3,\"name\":\"\u30a2\u30af\u30bb\u30b9\",\"item\":\"https:\/\/www.editionhotels.com\/ja-JP\/bodrum\/getting-here-12\/\"},{\"@type\":\"ListItem\",\"position\":4,\"name\":\"\u30df\u30e9\u30b9\u7a7a\u6e2f\u304b\u3089\"}]},{\"@type\":\"WebSite\",\"@id\":\"https:\/\/www.editionhotels.com\/#website\",\"url\":\"https:\/\/www.editionhotels.com\/\",\"name\":\"EDITION Hotels\",\"description\":\"A Unique Collection of Luxury Boutique Hotels\",\"publisher\":{\"@id\":\"https:\/\/www.editionhotels.com\/#organization\"},\"potentialAction\":[{\"@type\":\"SearchAction\",\"target\":{\"@type\":\"EntryPoint\",\"urlTemplate\":\"https:\/\/www.editionhotels.com\/?s={search_term_string}\"},\"query-input\":{\"@type\":\"PropertyValueSpecification\",\"valueRequired\":true,\"valueName\":\"search_term_string\"}}],\"inLanguage\":\"ja-JP\"},{\"@type\":\"Organization\",\"@id\":\"https:\/\/www.editionhotels.com\/#organization\",\"name\":\"EDITION Hotels\",\"url\":\"https:\/\/www.editionhotels.com\/\",\"logo\":{\"@type\":\"ImageObject\",\"inLanguage\":\"ja-JP\",\"@id\":\"https:\/\/www.editionhotels.com\/#\/schema\/logo\/image\/\",\"url\":\"https:\/\/www.editionhotels.com\/wp-content\/uploads\/2016\/09\/edition-text-logo-black.png\",\"contentUrl\":\"https:\/\/www.editionhotels.com\/wp-content\/uploads\/2016\/09\/edition-text-logo-black.png\",\"width\":1000,\"height\":185,\"caption\":\"EDITION Hotels\"},\"image\":{\"@id\":\"https:\/\/www.editionhotels.com\/#\/schema\/logo\/image\/\"},\"sameAs\":[\"https:\/\/www.facebook.com\/EDITIONHotels\"],\"description\":\"An unexpected and refreshing collection of individualized, customized, one-of-kind hotels that redefines the codes of traditional luxury.\",\"parentOrganization\":{\"@type\":\"Organization\",\"name\":\"Marriott International\",\"url\":\"https:\/\/www.marriott.com\/default.mi\"}}]}<\/script>\n<!-- \/ Yoast SEO plugin. -->","yoast_head_json":{"title":"\u30df\u30e9\u30b9\u7a7a\u6e2f\u304b\u3089 | EDITION Hotels","robots":{"index":"index","follow":"follow","max-snippet":"max-snippet:-1","max-image-preview":"max-image-preview:large","max-video-preview":"max-video-preview:-1"},"canonical":"https:\/\/www.editionhotels.com\/\u30df\u30e9\u30b9\u7a7a\u6e2f\u304b\u3089\/","og_locale":"ja_JP","og_type":"article","og_title":"\u30df\u30e9\u30b9\u7a7a\u6e2f\u304b\u3089 | EDITION Hotels","og_description":"\u30df\u30e9\u30b9\u7a7a\u6e2f\u304b\u3089 \u5c02\u7528\u8eca\uff1a \u6d17\u7df4\u3055\u308c\u305f\u9001\u8fce\u30b5\u30fc\u30d3\u30b9\u3092\u3054\u5229\u7528\u3044\u305f\u3060\u3051\u307e\u3059\u3002\u30dc\u30c9\u30eb\u30e0\/\u30df\u30e9\u30b9\u7a7a\u6e2f (BJV) \u767a\u7740\u306e\u5c02\u7528\u8eca\u306e\u6599\u91d1\u306f\u3001\u30e1\u30eb\u30bb\u30c7\u30b9\u30d9\u30f3\u30c4Vito\u304c4\u540d\u69d8\u307e\u3067\u7247\u9053150\u30e6\u30fc\u30ed + %18VAT (\u4ed8\u52a0\u4fa1\u5024\u7a0e)\u3001BMW IX\u304c2\u540d\u69d8\u307e\u3067\u7247\u9053180\u30e6\u30fc\u30ed + %18VAT\u3001\u30e1\u30eb\u30bb\u30c7\u30b9\u30d9\u30f3\u30c4 \u30b9\u30d7\u30ea\u30f3\u30bf\u30fc\u304c8\u540d\u69d8\u307e\u3067\u7247\u9053185\u30e6\u30fc\u30ed + %18VAT\u3002\u79fb\u52d5\u6642\u9593\u306f\u7d0445\u5206\u3067\u3059\u3002\u5c02\u7528\u8eca\u306b\u3088\u308b\u9001\u8fce\u306f\u3001\u3054\u5230\u7740\u30fb\u3054\u51fa\u767a\u306e\u524d\u306b\u30db\u30c6\u30eb\u306e\u30b3\u30f3\u30b7\u30a7\u30eb\u30b8\u30e5+90 252 311 3131\u307e\u3067\u304a\u96fb\u8a71\u3044\u305f\u3060\u3051\u308c\u3070\u304a\u624b\u914d\u3092\u627f\u308a\u307e\u3059\u3002 \u30bf\u30af\u30b7\u30fc: \u30bf\u30af\u30b7\u30fc\u306f\u7a7a\u6e2f\u306e\u30bf\u30af\u30b7\u30fc\u4e57\u308a\u5834\u304b\u3089\u3054\u5229\u7528\u3044\u305f\u3060\u3051\u307e\u3059\u3002\u6599\u91d1\u306f\u7247\u9053\u7d0430\u30e6\u30fc\u30ed\u3001\u6240\u8981\u6642\u9593\u306f\u7d0445\u5206\u3067\u3059\u3002\u30c1\u30c3\u30d7\u3084\u901a\u884c\u6599\u304c\u5225\u9014\u304b\u304b\u308b\u5834\u5408\u304c\u3042\u308a\u307e\u3059\u3002 \u304a\u8eca\u3067\u304a\u8d8a\u3057\u306e\u5834\u5408\uff1a \u30df\u30e9\u30b9 \u30dc\u30c9\u30eb\u30e0\u7a7a\u6e2f\u304b\u3089Akyol Mahallesi\u306eMu\u011fla Bodrum Yolu \/ D330\u306b\u9032\u307f\u307e\u3059\u3002\u5165\u53e3\u306b\u5411\u304b\u3063\u3066\u5317\u3078\u9032\u307f\u307e\u3059\u3002\u30ed\u30fc\u30bf\u30ea\u30fc\u304b\u30894\u756a\u76ee\u306e\u74b0\u72b6\u4ea4\u5dee\u70b9\u3067Milas Bodrum Havaalan\u0131 \u00c7\u0131k\u0131\u015f\u0131\u306b\u5411\u304b\u3044\u307e\u3059\u3002\u53f3\u5074\u3092\u9032\u307f\u3001Mu\u011fla [&hellip;]","og_url":"https:\/\/www.editionhotels.com\/\u30df\u30e9\u30b9\u7a7a\u6e2f\u304b\u3089\/","og_site_name":"EDITION Hotels","article_publisher":"https:\/\/www.facebook.com\/EDITIONHotels","twitter_card":"summary_large_image","schema":{"@context":"https:\/\/schema.org","@graph":[{"@type":"WebPage","@id":"https:\/\/www.editionhotels.com\/%e3%83%9f%e3%83%a9%e3%82%b9%e7%a9%ba%e6%b8%af%e3%81%8b%e3%82%89\/","url":"https:\/\/www.editionhotels.com\/%e3%83%9f%e3%83%a9%e3%82%b9%e7%a9%ba%e6%b8%af%e3%81%8b%e3%82%89\/","name":"\u30df\u30e9\u30b9\u7a7a\u6e2f\u304b\u3089 | EDITION Hotels","isPartOf":{"@id":"https:\/\/www.editionhotels.com\/#website"},"datePublished":"2023-02-22T14:24:49+00:00","breadcrumb":{"@id":"https:\/\/www.editionhotels.com\/%e3%83%9f%e3%83%a9%e3%82%b9%e7%a9%ba%e6%b8%af%e3%81%8b%e3%82%89\/#breadcrumb"},"inLanguage":"ja-JP","potentialAction":[{"@type":"ReadAction","target":["https:\/\/www.editionhotels.com\/%e3%83%9f%e3%83%a9%e3%82%b9%e7%a9%ba%e6%b8%af%e3%81%8b%e3%82%89\/"]}]},{"@type":"BreadcrumbList","@id":"https:\/\/www.editionhotels.com\/%e3%83%9f%e3%83%a9%e3%82%b9%e7%a9%ba%e6%b8%af%e3%81%8b%e3%82%89\/#breadcrumb","itemListElement":[{"@type":"ListItem","position":1,"name":"Home","item":"https:\/\/www.editionhotels.com\/"},{"@type":"ListItem","position":2,"name":"\u30dc\u30c9\u30eb\u30e0","item":"https:\/\/www.editionhotels.com\/ja-JP\/bodrum\/"},{"@type":"ListItem","position":3,"name":"\u30a2\u30af\u30bb\u30b9","item":"https:\/\/www.editionhotels.com\/ja-JP\/bodrum\/getting-here-12\/"},{"@type":"ListItem","position":4,"name":"\u30df\u30e9\u30b9\u7a7a\u6e2f\u304b\u3089"}]},{"@type":"WebSite","@id":"https:\/\/www.editionhotels.com\/#website","url":"https:\/\/www.editionhotels.com\/","name":"EDITION Hotels","description":"A Unique Collection of Luxury Boutique Hotels","publisher":{"@id":"https:\/\/www.editionhotels.com\/#organization"},"potentialAction":[{"@type":"SearchAction","target":{"@type":"EntryPoint","urlTemplate":"https:\/\/www.editionhotels.com\/?s={search_term_string}"},"query-input":{"@type":"PropertyValueSpecification","valueRequired":true,"valueName":"search_term_string"}}],"inLanguage":"ja-JP"},{"@type":"Organization","@id":"https:\/\/www.editionhotels.com\/#organization","name":"EDITION Hotels","url":"https:\/\/www.editionhotels.com\/","logo":{"@type":"ImageObject","inLanguage":"ja-JP","@id":"https:\/\/www.editionhotels.com\/#\/schema\/logo\/image\/","url":"https:\/\/www.editionhotels.com\/wp-content\/uploads\/2016\/09\/edition-text-logo-black.png","contentUrl":"https:\/\/www.editionhotels.com\/wp-content\/uploads\/2016\/09\/edition-text-logo-black.png","width":1000,"height":185,"caption":"EDITION Hotels"},"image":{"@id":"https:\/\/www.editionhotels.com\/#\/schema\/logo\/image\/"},"sameAs":["https:\/\/www.facebook.com\/EDITIONHotels"],"description":"An unexpected and refreshing collection of individualized, customized, one-of-kind hotels that redefines the codes of traditional luxury.","parentOrganization":{"@type":"Organization","name":"Marriott International","url":"https:\/\/www.marriott.com\/default.mi"}}]}},"_links":{"self":[{"href":"https:\/\/www.editionhotels.com\/ja-JP\/wp-json\/wp\/v2\/pages\/855575","targetHints":{"allow":["GET"]}}],"collection":[{"href":"https:\/\/www.editionhotels.com\/ja-JP\/wp-json\/wp\/v2\/pages"}],"about":[{"href":"https:\/\/www.editionhotels.com\/ja-JP\/wp-json\/wp\/v2\/types\/page"}],"author":[{"embeddable":true,"href":"https:\/\/www.editionhotels.com\/ja-JP\/wp-json\/wp\/v2\/users\/45"}],"replies":[{"embeddable":true,"href":"https:\/\/www.editionhotels.com\/ja-JP\/wp-json\/wp\/v2\/comments?post=855575"}],"version-history":[{"count":0,"href":"https:\/\/www.editionhotels.com\/ja-JP\/wp-json\/wp\/v2\/pages\/855575\/revisions"}],"up":[{"embeddable":true,"href":"https:\/\/www.editionhotels.com\/ja-JP\/wp-json\/wp\/v2\/pages\/856754"}],"wp:attachment":[{"href":"https:\/\/www.editionhotels.com\/ja-JP\/wp-json\/wp\/v2\/media?parent=855575"}],"curies":[{"name":"wp","href":"https:\/\/api.w.org\/{rel}","templated":true}]}}